{"id":1588,"date":"2024-09-25T16:23:37","date_gmt":"2024-09-25T15:23:37","guid":{"rendered":"https:\/\/www.art-natur.ch\/product\/inlei-lotion-fix-2-6-pieces-sachet-15-ml\/"},"modified":"2024-10-18T17:05:56","modified_gmt":"2024-10-18T15:05:56","slug":"inlei-lotion-fix-2-6-pieces-sachet-15-ml","status":"publish","type":"product","link":"https:\/\/www.art-natur.ch\/fr\/produit\/inlei-lotion-fix-2-6-pieces-sachet-15-ml\/","title":{"rendered":"InLei Lotion FIX 2 6 pi\u00e8ces sachet 1,5 ml"},"content":{"rendered":"<p>In Lei\u00ae FIX 2 assure une ondulation stable des cils. La lotion fixatrice est \u00e9galement<\/p>\n<p>appliqu\u00e9 \u00e0 la zone de la cuticule. Ici, il agit efficacement sur le<br \/>\nles fibres de k\u00e9ratine du cheveu et donne aux cils naturels l&rsquo;aspect souhait\u00e9.<br \/>\nla boucle souhait\u00e9e.<br \/>\nGr\u00e2ce \u00e0 sa consistance cr\u00e9meuse, il peut \u00eatre plac\u00e9 exactement l\u00e0 o\u00f9 il est n\u00e9cessaire &#8211; avec parcimonie et pr\u00e9cision.<br \/>\nl\u00e0 o\u00f9 elle est n\u00e9cessaire &#8211; avec parcimonie et pr\u00e9cision. Cela permet de perfectionner l&rsquo;application.<br \/>\nFIX 2 pr\u00e9pare \u00e9galement le cheveu pour un traitement ult\u00e9rieur avec le syst\u00e8me innovateur<br \/>\nIn Lei\u00ae Lash Filler. Il est recommand\u00e9 d&rsquo;utiliser FIX 2 uniquement en conjonction avec FORM 1 pour<br \/>\npour obtenir les r\u00e9sultats garantis.<\/p>\n<p>Contenu : 6 sachets de 1,5 m<\/p>\n<p>NOUS RECOMMANDONS VIVEMENT DE SUIVRE UN COURS PROFESSIONNEL SUR L&rsquo;APPLICATION DE LA GAMME DE PRODUITS IN LEI\u00ae POUR EN TIRER LE MEILLEUR PARTI.<\/p>\n<p>Ingr\u00e9dients:<\/p>\n<p>Eau<br \/>\nAlcool c\u00e9t\u00e9arylique<br \/>\nAlcool laurique<br \/>\nPeroxyde d&rsquo;hydrog\u00e8ne<br \/>\nCeteareth-20<br \/>\nC\u00e9t\u00e9areth-30<br \/>\nAcide \u00e9tidronique<\/p>\n","protected":false},"excerpt":{"rendered":"<p>In Lei\u00ae FIX 2 assure une ondulation stable des cils. La lotion fixatrice est \u00e9galement appliqu\u00e9 \u00e0 la zone de la cuticule. Ici, il agit efficacement sur le les fibres de k\u00e9ratine du cheveu et donne aux cils naturels l&rsquo;aspect souhait\u00e9. la boucle souhait\u00e9e. Gr\u00e2ce \u00e0 sa consistance cr\u00e9meuse, il peut \u00eatre plac\u00e9 exactement l\u00e0 [&hellip;]<\/p>\n","protected":false},"featured_media":11400,"template":"","meta":{"_acf_changed":false,"inline_featured_image":false},"product_cat":[150,172],"product_tag":[],"class_list":{"0":"post-1588","1":"product","2":"type-product","3":"status-publish","4":"has-post-thumbnail","6":"product_brand-in-lei","7":"product_cat-rehaussement-des-cils","8":"product_cat-produits-pour-rehaussement-des-cils","10":"first","11":"outofstock","12":"shipping-taxable","13":"purchasable","14":"product-type-simple"},"acf":[],"yoast_head":"<!-- This site is optimized with the Yoast SEO plugin v26.6 - https:\/\/yoast.com\/wordpress\/plugins\/seo\/ -->\n<title>InLei Lotion FIX 2 6 pi\u00e8ces sachet 1,5 ml - LASHES&amp;BROWS by Nataliya Reinhard<\/title>\n<meta name=\"description\" content=\"In Lei\u00ae FIX 2 assure une ondulation stable des cils, agissant sur les fibres de k\u00e9ratine pour un r\u00e9sultat durable. \u00c0 utiliser avec FORM 1 pour un effet optimal.\" \/>\n<meta name=\"robots\" content=\"index, follow, max-snippet:-1, max-image-preview:large, max-video-preview:-1\" \/>\n<link rel=\"canonical\" href=\"https:\/\/www.art-natur.ch\/fr\/produit\/inlei-lotion-fix-2-6-pieces-sachet-15-ml\/\" \/>\n<meta property=\"og:locale\" content=\"fr_FR\" \/>\n<meta property=\"og:type\" content=\"article\" \/>\n<meta property=\"og:title\" content=\"InLei Lotion FIX 2 6 pi\u00e8ces sachet 1,5 ml - LASHES&amp;BROWS by Nataliya Reinhard\" \/>\n<meta property=\"og:description\" content=\"In Lei\u00ae FIX 2 assure une ondulation stable des cils, agissant sur les fibres de k\u00e9ratine pour un r\u00e9sultat durable. \u00c0 utiliser avec FORM 1 pour un effet optimal.\" \/>\n<meta property=\"og:url\" content=\"https:\/\/www.art-natur.ch\/fr\/produit\/inlei-lotion-fix-2-6-pieces-sachet-15-ml\/\" \/>\n<meta property=\"og:site_name\" content=\"LASHES&amp;BROWS by Nataliya Reinhard\" \/>\n<meta property=\"article:modified_time\" content=\"2024-10-18T15:05:56+00:00\" \/>\n<meta property=\"og:image\" content=\"https:\/\/www.art-natur.ch\/wp-content\/uploads\/2024\/09\/2488029018-Photoroom.png\" \/>\n\t<meta property=\"og:image:width\" content=\"1080\" \/>\n\t<meta property=\"og:image:height\" content=\"1080\" \/>\n\t<meta property=\"og:image:type\" content=\"image\/png\" \/>\n<meta name=\"twitter:card\" content=\"summary_large_image\" \/>\n<meta name=\"twitter:label1\" content=\"Dur\u00e9e de lecture estim\u00e9e\" \/>\n\t<meta name=\"twitter:data1\" content=\"1 minute\" \/>\n<script type=\"application\/ld+json\" class=\"yoast-schema-graph\">{\"@context\":\"https:\/\/schema.org\",\"@graph\":[{\"@type\":\"WebPage\",\"@id\":\"https:\/\/www.art-natur.ch\/fr\/produit\/inlei-lotion-fix-2-6-pieces-sachet-15-ml\/\",\"url\":\"https:\/\/www.art-natur.ch\/fr\/produit\/inlei-lotion-fix-2-6-pieces-sachet-15-ml\/\",\"name\":\"InLei Lotion FIX 2 6 pi\u00e8ces sachet 1,5 ml - LASHES&amp;BROWS by Nataliya Reinhard\",\"isPartOf\":{\"@id\":\"https:\/\/www.art-natur.ch\/fr\/#website\"},\"primaryImageOfPage\":{\"@id\":\"https:\/\/www.art-natur.ch\/fr\/produit\/inlei-lotion-fix-2-6-pieces-sachet-15-ml\/#primaryimage\"},\"image\":{\"@id\":\"https:\/\/www.art-natur.ch\/fr\/produit\/inlei-lotion-fix-2-6-pieces-sachet-15-ml\/#primaryimage\"},\"thumbnailUrl\":\"https:\/\/www.art-natur.ch\/wp-content\/uploads\/2024\/09\/In-Lei-FIX-2-MONODOSE-FISSAGGIO-PER-CIGLIA-6-1-5-ML-1_6bd1cf79-f2c2-408a-9b01-e8e8665bec2d1.png\",\"datePublished\":\"2024-09-25T15:23:37+00:00\",\"dateModified\":\"2024-10-18T15:05:56+00:00\",\"description\":\"In Lei\u00ae FIX 2 assure une ondulation stable des cils, agissant sur les fibres de k\u00e9ratine pour un r\u00e9sultat durable. \u00c0 utiliser avec FORM 1 pour un effet optimal.\",\"breadcrumb\":{\"@id\":\"https:\/\/www.art-natur.ch\/fr\/produit\/inlei-lotion-fix-2-6-pieces-sachet-15-ml\/#breadcrumb\"},\"inLanguage\":\"fr-FR\",\"potentialAction\":[{\"@type\":\"ReadAction\",\"target\":[\"https:\/\/www.art-natur.ch\/fr\/produit\/inlei-lotion-fix-2-6-pieces-sachet-15-ml\/\"]}]},{\"@type\":\"ImageObject\",\"inLanguage\":\"fr-FR\",\"@id\":\"https:\/\/www.art-natur.ch\/fr\/produit\/inlei-lotion-fix-2-6-pieces-sachet-15-ml\/#primaryimage\",\"url\":\"https:\/\/www.art-natur.ch\/wp-content\/uploads\/2024\/09\/In-Lei-FIX-2-MONODOSE-FISSAGGIO-PER-CIGLIA-6-1-5-ML-1_6bd1cf79-f2c2-408a-9b01-e8e8665bec2d1.png\",\"contentUrl\":\"https:\/\/www.art-natur.ch\/wp-content\/uploads\/2024\/09\/In-Lei-FIX-2-MONODOSE-FISSAGGIO-PER-CIGLIA-6-1-5-ML-1_6bd1cf79-f2c2-408a-9b01-e8e8665bec2d1.png\",\"width\":1800,\"height\":2400},{\"@type\":\"BreadcrumbList\",\"@id\":\"https:\/\/www.art-natur.ch\/fr\/produit\/inlei-lotion-fix-2-6-pieces-sachet-15-ml\/#breadcrumb\",\"itemListElement\":[{\"@type\":\"ListItem\",\"position\":1,\"name\":\"Home\",\"item\":\"https:\/\/www.art-natur.ch\/fr\/\"},{\"@type\":\"ListItem\",\"position\":2,\"name\":\"Boutique\",\"item\":\"https:\/\/www.art-natur.ch\/shop\/\"},{\"@type\":\"ListItem\",\"position\":3,\"name\":\"InLei Lotion FIX 2 6 pi\u00e8ces sachet 1,5 ml\"}]},{\"@type\":\"WebSite\",\"@id\":\"https:\/\/www.art-natur.ch\/fr\/#website\",\"url\":\"https:\/\/www.art-natur.ch\/fr\/\",\"name\":\"LASHES&amp;BROWS by Nataliya Reinhard\",\"description\":\"High-quality lash and brow services with attention to every detail\",\"potentialAction\":[{\"@type\":\"SearchAction\",\"target\":{\"@type\":\"EntryPoint\",\"urlTemplate\":\"https:\/\/www.art-natur.ch\/fr\/?s={search_term_string}\"},\"query-input\":{\"@type\":\"PropertyValueSpecification\",\"valueRequired\":true,\"valueName\":\"search_term_string\"}}],\"inLanguage\":\"fr-FR\"}]}<\/script>\n<!-- \/ Yoast SEO plugin. -->","yoast_head_json":{"title":"InLei Lotion FIX 2 6 pi\u00e8ces sachet 1,5 ml - LASHES&amp;BROWS by Nataliya Reinhard","description":"In Lei\u00ae FIX 2 assure une ondulation stable des cils, agissant sur les fibres de k\u00e9ratine pour un r\u00e9sultat durable. \u00c0 utiliser avec FORM 1 pour un effet optimal.","robots":{"index":"index","follow":"follow","max-snippet":"max-snippet:-1","max-image-preview":"max-image-preview:large","max-video-preview":"max-video-preview:-1"},"canonical":"https:\/\/www.art-natur.ch\/fr\/produit\/inlei-lotion-fix-2-6-pieces-sachet-15-ml\/","og_locale":"fr_FR","og_type":"article","og_title":"InLei Lotion FIX 2 6 pi\u00e8ces sachet 1,5 ml - LASHES&amp;BROWS by Nataliya Reinhard","og_description":"In Lei\u00ae FIX 2 assure une ondulation stable des cils, agissant sur les fibres de k\u00e9ratine pour un r\u00e9sultat durable. \u00c0 utiliser avec FORM 1 pour un effet optimal.","og_url":"https:\/\/www.art-natur.ch\/fr\/produit\/inlei-lotion-fix-2-6-pieces-sachet-15-ml\/","og_site_name":"LASHES&amp;BROWS by Nataliya Reinhard","article_modified_time":"2024-10-18T15:05:56+00:00","og_image":[{"width":1080,"height":1080,"url":"https:\/\/www.art-natur.ch\/wp-content\/uploads\/2024\/09\/2488029018-Photoroom.png","type":"image\/png"}],"twitter_card":"summary_large_image","twitter_misc":{"Dur\u00e9e de lecture estim\u00e9e":"1 minute"},"schema":{"@context":"https:\/\/schema.org","@graph":[{"@type":"WebPage","@id":"https:\/\/www.art-natur.ch\/fr\/produit\/inlei-lotion-fix-2-6-pieces-sachet-15-ml\/","url":"https:\/\/www.art-natur.ch\/fr\/produit\/inlei-lotion-fix-2-6-pieces-sachet-15-ml\/","name":"InLei Lotion FIX 2 6 pi\u00e8ces sachet 1,5 ml - LASHES&amp;BROWS by Nataliya Reinhard","isPartOf":{"@id":"https:\/\/www.art-natur.ch\/fr\/#website"},"primaryImageOfPage":{"@id":"https:\/\/www.art-natur.ch\/fr\/produit\/inlei-lotion-fix-2-6-pieces-sachet-15-ml\/#primaryimage"},"image":{"@id":"https:\/\/www.art-natur.ch\/fr\/produit\/inlei-lotion-fix-2-6-pieces-sachet-15-ml\/#primaryimage"},"thumbnailUrl":"https:\/\/www.art-natur.ch\/wp-content\/uploads\/2024\/09\/In-Lei-FIX-2-MONODOSE-FISSAGGIO-PER-CIGLIA-6-1-5-ML-1_6bd1cf79-f2c2-408a-9b01-e8e8665bec2d1.png","datePublished":"2024-09-25T15:23:37+00:00","dateModified":"2024-10-18T15:05:56+00:00","description":"In Lei\u00ae FIX 2 assure une ondulation stable des cils, agissant sur les fibres de k\u00e9ratine pour un r\u00e9sultat durable. \u00c0 utiliser avec FORM 1 pour un effet optimal.","breadcrumb":{"@id":"https:\/\/www.art-natur.ch\/fr\/produit\/inlei-lotion-fix-2-6-pieces-sachet-15-ml\/#breadcrumb"},"inLanguage":"fr-FR","potentialAction":[{"@type":"ReadAction","target":["https:\/\/www.art-natur.ch\/fr\/produit\/inlei-lotion-fix-2-6-pieces-sachet-15-ml\/"]}]},{"@type":"ImageObject","inLanguage":"fr-FR","@id":"https:\/\/www.art-natur.ch\/fr\/produit\/inlei-lotion-fix-2-6-pieces-sachet-15-ml\/#primaryimage","url":"https:\/\/www.art-natur.ch\/wp-content\/uploads\/2024\/09\/In-Lei-FIX-2-MONODOSE-FISSAGGIO-PER-CIGLIA-6-1-5-ML-1_6bd1cf79-f2c2-408a-9b01-e8e8665bec2d1.png","contentUrl":"https:\/\/www.art-natur.ch\/wp-content\/uploads\/2024\/09\/In-Lei-FIX-2-MONODOSE-FISSAGGIO-PER-CIGLIA-6-1-5-ML-1_6bd1cf79-f2c2-408a-9b01-e8e8665bec2d1.png","width":1800,"height":2400},{"@type":"BreadcrumbList","@id":"https:\/\/www.art-natur.ch\/fr\/produit\/inlei-lotion-fix-2-6-pieces-sachet-15-ml\/#breadcrumb","itemListElement":[{"@type":"ListItem","position":1,"name":"Home","item":"https:\/\/www.art-natur.ch\/fr\/"},{"@type":"ListItem","position":2,"name":"Boutique","item":"https:\/\/www.art-natur.ch\/shop\/"},{"@type":"ListItem","position":3,"name":"InLei Lotion FIX 2 6 pi\u00e8ces sachet 1,5 ml"}]},{"@type":"WebSite","@id":"https:\/\/www.art-natur.ch\/fr\/#website","url":"https:\/\/www.art-natur.ch\/fr\/","name":"LASHES&amp;BROWS by Nataliya Reinhard","description":"High-quality lash and brow services with attention to every detail","potentialAction":[{"@type":"SearchAction","target":{"@type":"EntryPoint","urlTemplate":"https:\/\/www.art-natur.ch\/fr\/?s={search_term_string}"},"query-input":{"@type":"PropertyValueSpecification","valueRequired":true,"valueName":"search_term_string"}}],"inLanguage":"fr-FR"}]}},"_links":{"self":[{"href":"https:\/\/www.art-natur.ch\/fr\/wp-json\/wp\/v2\/product\/1588","targetHints":{"allow":["GET"]}}],"collection":[{"href":"https:\/\/www.art-natur.ch\/fr\/wp-json\/wp\/v2\/product"}],"about":[{"href":"https:\/\/www.art-natur.ch\/fr\/wp-json\/wp\/v2\/types\/product"}],"wp:featuredmedia":[{"embeddable":true,"href":"https:\/\/www.art-natur.ch\/fr\/wp-json\/wp\/v2\/media\/11400"}],"wp:attachment":[{"href":"https:\/\/www.art-natur.ch\/fr\/wp-json\/wp\/v2\/media?parent=1588"}],"wp:term":[{"taxonomy":"product_cat","embeddable":true,"href":"https:\/\/www.art-natur.ch\/fr\/wp-json\/wp\/v2\/product_cat?post=1588"},{"taxonomy":"product_tag","embeddable":true,"href":"https:\/\/www.art-natur.ch\/fr\/wp-json\/wp\/v2\/product_tag?post=1588"}],"curies":[{"name":"wp","href":"https:\/\/api.w.org\/{rel}","templated":true}]}}