{"id":1595,"date":"2024-09-25T16:30:44","date_gmt":"2024-09-25T15:30:44","guid":{"rendered":"https:\/\/www.art-natur.ch\/product\/inlei-lotion-form-1-en-flacons-4ml\/"},"modified":"2025-01-18T21:28:19","modified_gmt":"2025-01-18T20:28:19","slug":"inlei-lotion-form-1-en-flacons-4ml","status":"publish","type":"product","link":"https:\/\/www.art-natur.ch\/fr\/produit\/inlei-lotion-form-1-en-flacons-4ml\/","title":{"rendered":"InLei Lotion FORM 1 en flacons 4ml"},"content":{"rendered":"<p>In Lei\u00ae FORM 1 a une formule tr\u00e8s efficace qui p\u00e9n\u00e8tre en douceur et en toute s\u00e9curit\u00e9 dans la structure capillaire des cils et les pr\u00e9pare ainsi de mani\u00e8re optimale au lifting des cils. Ceci est assur\u00e9 par la valeur pH neutre de ce produit et sa formule s\u00e9lectionn\u00e9e. Il n&rsquo;attaque pas la structure du cheveu, mais adoucit doucement les cils sans les agresser.<br \/>\nL&rsquo;application est facile : la couleur blanche pure de FORM 1 et la consistance sp\u00e9cialement con\u00e7ue de la lotion garantissent une application pr\u00e9cise et facile. Ce n&rsquo;est qu&rsquo;en association avec les autres produits soigneusement coordonn\u00e9s de la gamme In Lei\u00ae que FORM 1 d\u00e9ploie toute son efficacit\u00e9. De cette mani\u00e8re, vous obtenez de mani\u00e8re fiable les r\u00e9sultats de traitement souhait\u00e9s.<br \/>\nPar cons\u00e9quent, ne l&rsquo;utilisez qu&rsquo;en combinaison avec l&rsquo;agent de fixation In Lei\u00ae FIX 2.<br \/>\nContenu : 4 ml (jusqu&rsquo;\u00e0 35 traitements)<\/p>\n<p>&nbsp;<\/p>\n<p>NOUS RECOMMANDONS VIVEMENT DE SUIVRE UN COURS PROFESSIONNEL SUR L&rsquo;APPLICATION DES PRODUITS DE LA LIGNE IN LEI\u00ae POUR EN TIRER LE MEILLEUR PARTI.<br \/>\nIngr\u00e9dients :<\/p>\n<p>Eau<br \/>\nThioglycolate d&rsquo;ammonium<br \/>\nAlcool c\u00e9t\u00e9arylique<br \/>\nAlcool laurique<br \/>\nCeteareth-20<br \/>\nC\u00e9t\u00e9areth-30<br \/>\nAmmoniac<br \/>\nParfum (Fragrance)<br \/>\nEdta t\u00e9trasodique<\/p>\n","protected":false},"excerpt":{"rendered":"<p>In Lei\u00ae FORM 1 a une formule tr\u00e8s efficace qui p\u00e9n\u00e8tre en douceur et en toute s\u00e9curit\u00e9 dans la structure capillaire des cils et les pr\u00e9pare ainsi de mani\u00e8re optimale au lifting des cils. Ceci est assur\u00e9 par la valeur pH neutre de ce produit et sa formule s\u00e9lectionn\u00e9e. Il n&rsquo;attaque pas la structure du [&hellip;]<\/p>\n","protected":false},"featured_media":7957,"template":"","meta":{"_acf_changed":false,"inline_featured_image":false},"product_cat":[150,172],"product_tag":[],"class_list":{"0":"post-1595","1":"product","2":"type-product","3":"status-publish","4":"has-post-thumbnail","6":"product_brand-in-lei","7":"product_cat-rehaussement-des-cils","8":"product_cat-produits-pour-rehaussement-des-cils","10":"first","11":"outofstock","12":"shipping-taxable","13":"purchasable","14":"product-type-simple"},"acf":[],"yoast_head":"<!-- This site is optimized with the Yoast SEO plugin v26.6 - https:\/\/yoast.com\/wordpress\/plugins\/seo\/ -->\n<title>InLei Lotion FORM 1 en flacons 4ml - LASHES&amp;BROWS by Nataliya Reinhard<\/title>\n<meta name=\"description\" content=\"In Lei\u00ae FORM 1 pr\u00e9pare d\u00e9licatement les cils pour le lifting. Il a un pH neutre et est utilis\u00e9 uniquement avec FIX 2.\" \/>\n<meta name=\"robots\" content=\"index, follow, max-snippet:-1, max-image-preview:large, max-video-preview:-1\" \/>\n<link rel=\"canonical\" href=\"https:\/\/www.art-natur.ch\/fr\/produit\/inlei-lotion-form-1-en-flacons-4ml\/\" \/>\n<meta property=\"og:locale\" content=\"fr_FR\" \/>\n<meta property=\"og:type\" content=\"article\" \/>\n<meta property=\"og:title\" content=\"InLei Lotion FORM 1 en flacons 4ml - LASHES&amp;BROWS by Nataliya Reinhard\" \/>\n<meta property=\"og:description\" content=\"In Lei\u00ae FORM 1 pr\u00e9pare d\u00e9licatement les cils pour le lifting. Il a un pH neutre et est utilis\u00e9 uniquement avec FIX 2.\" \/>\n<meta property=\"og:url\" content=\"https:\/\/www.art-natur.ch\/fr\/produit\/inlei-lotion-form-1-en-flacons-4ml\/\" \/>\n<meta property=\"og:site_name\" content=\"LASHES&amp;BROWS by Nataliya Reinhard\" \/>\n<meta property=\"article:modified_time\" content=\"2025-01-18T20:28:19+00:00\" \/>\n<meta property=\"og:image\" content=\"https:\/\/www.art-natur.ch\/wp-content\/uploads\/2024\/09\/2511617818-Photoroom.png\" \/>\n\t<meta property=\"og:image:width\" content=\"720\" \/>\n\t<meta property=\"og:image:height\" content=\"720\" \/>\n\t<meta property=\"og:image:type\" content=\"image\/png\" \/>\n<meta name=\"twitter:card\" content=\"summary_large_image\" \/>\n<meta name=\"twitter:label1\" content=\"Dur\u00e9e de lecture estim\u00e9e\" \/>\n\t<meta name=\"twitter:data1\" content=\"1 minute\" \/>\n<script type=\"application\/ld+json\" class=\"yoast-schema-graph\">{\"@context\":\"https:\/\/schema.org\",\"@graph\":[{\"@type\":\"WebPage\",\"@id\":\"https:\/\/www.art-natur.ch\/fr\/produit\/inlei-lotion-form-1-en-flacons-4ml\/\",\"url\":\"https:\/\/www.art-natur.ch\/fr\/produit\/inlei-lotion-form-1-en-flacons-4ml\/\",\"name\":\"InLei Lotion FORM 1 en flacons 4ml - LASHES&amp;BROWS by Nataliya Reinhard\",\"isPartOf\":{\"@id\":\"https:\/\/www.art-natur.ch\/fr\/#website\"},\"primaryImageOfPage\":{\"@id\":\"https:\/\/www.art-natur.ch\/fr\/produit\/inlei-lotion-form-1-en-flacons-4ml\/#primaryimage\"},\"image\":{\"@id\":\"https:\/\/www.art-natur.ch\/fr\/produit\/inlei-lotion-form-1-en-flacons-4ml\/#primaryimage\"},\"thumbnailUrl\":\"https:\/\/www.art-natur.ch\/wp-content\/uploads\/2024\/09\/2511617818-Photoroom.png\",\"datePublished\":\"2024-09-25T15:30:44+00:00\",\"dateModified\":\"2025-01-18T20:28:19+00:00\",\"description\":\"In Lei\u00ae FORM 1 pr\u00e9pare d\u00e9licatement les cils pour le lifting. Il a un pH neutre et est utilis\u00e9 uniquement avec FIX 2.\",\"breadcrumb\":{\"@id\":\"https:\/\/www.art-natur.ch\/fr\/produit\/inlei-lotion-form-1-en-flacons-4ml\/#breadcrumb\"},\"inLanguage\":\"fr-FR\",\"potentialAction\":[{\"@type\":\"ReadAction\",\"target\":[\"https:\/\/www.art-natur.ch\/fr\/produit\/inlei-lotion-form-1-en-flacons-4ml\/\"]}]},{\"@type\":\"ImageObject\",\"inLanguage\":\"fr-FR\",\"@id\":\"https:\/\/www.art-natur.ch\/fr\/produit\/inlei-lotion-form-1-en-flacons-4ml\/#primaryimage\",\"url\":\"https:\/\/www.art-natur.ch\/wp-content\/uploads\/2024\/09\/2511617818-Photoroom.png\",\"contentUrl\":\"https:\/\/www.art-natur.ch\/wp-content\/uploads\/2024\/09\/2511617818-Photoroom.png\",\"width\":720,\"height\":720},{\"@type\":\"BreadcrumbList\",\"@id\":\"https:\/\/www.art-natur.ch\/fr\/produit\/inlei-lotion-form-1-en-flacons-4ml\/#breadcrumb\",\"itemListElement\":[{\"@type\":\"ListItem\",\"position\":1,\"name\":\"Home\",\"item\":\"https:\/\/www.art-natur.ch\/fr\/\"},{\"@type\":\"ListItem\",\"position\":2,\"name\":\"Boutique\",\"item\":\"https:\/\/www.art-natur.ch\/shop\/\"},{\"@type\":\"ListItem\",\"position\":3,\"name\":\"InLei Lotion FORM 1 en flacons 4ml\"}]},{\"@type\":\"WebSite\",\"@id\":\"https:\/\/www.art-natur.ch\/fr\/#website\",\"url\":\"https:\/\/www.art-natur.ch\/fr\/\",\"name\":\"LASHES&amp;BROWS by Nataliya Reinhard\",\"description\":\"High-quality lash and brow services with attention to every detail\",\"potentialAction\":[{\"@type\":\"SearchAction\",\"target\":{\"@type\":\"EntryPoint\",\"urlTemplate\":\"https:\/\/www.art-natur.ch\/fr\/?s={search_term_string}\"},\"query-input\":{\"@type\":\"PropertyValueSpecification\",\"valueRequired\":true,\"valueName\":\"search_term_string\"}}],\"inLanguage\":\"fr-FR\"}]}<\/script>\n<!-- \/ Yoast SEO plugin. -->","yoast_head_json":{"title":"InLei Lotion FORM 1 en flacons 4ml - LASHES&amp;BROWS by Nataliya Reinhard","description":"In Lei\u00ae FORM 1 pr\u00e9pare d\u00e9licatement les cils pour le lifting. Il a un pH neutre et est utilis\u00e9 uniquement avec FIX 2.","robots":{"index":"index","follow":"follow","max-snippet":"max-snippet:-1","max-image-preview":"max-image-preview:large","max-video-preview":"max-video-preview:-1"},"canonical":"https:\/\/www.art-natur.ch\/fr\/produit\/inlei-lotion-form-1-en-flacons-4ml\/","og_locale":"fr_FR","og_type":"article","og_title":"InLei Lotion FORM 1 en flacons 4ml - LASHES&amp;BROWS by Nataliya Reinhard","og_description":"In Lei\u00ae FORM 1 pr\u00e9pare d\u00e9licatement les cils pour le lifting. Il a un pH neutre et est utilis\u00e9 uniquement avec FIX 2.","og_url":"https:\/\/www.art-natur.ch\/fr\/produit\/inlei-lotion-form-1-en-flacons-4ml\/","og_site_name":"LASHES&amp;BROWS by Nataliya Reinhard","article_modified_time":"2025-01-18T20:28:19+00:00","og_image":[{"width":720,"height":720,"url":"https:\/\/www.art-natur.ch\/wp-content\/uploads\/2024\/09\/2511617818-Photoroom.png","type":"image\/png"}],"twitter_card":"summary_large_image","twitter_misc":{"Dur\u00e9e de lecture estim\u00e9e":"1 minute"},"schema":{"@context":"https:\/\/schema.org","@graph":[{"@type":"WebPage","@id":"https:\/\/www.art-natur.ch\/fr\/produit\/inlei-lotion-form-1-en-flacons-4ml\/","url":"https:\/\/www.art-natur.ch\/fr\/produit\/inlei-lotion-form-1-en-flacons-4ml\/","name":"InLei Lotion FORM 1 en flacons 4ml - LASHES&amp;BROWS by Nataliya Reinhard","isPartOf":{"@id":"https:\/\/www.art-natur.ch\/fr\/#website"},"primaryImageOfPage":{"@id":"https:\/\/www.art-natur.ch\/fr\/produit\/inlei-lotion-form-1-en-flacons-4ml\/#primaryimage"},"image":{"@id":"https:\/\/www.art-natur.ch\/fr\/produit\/inlei-lotion-form-1-en-flacons-4ml\/#primaryimage"},"thumbnailUrl":"https:\/\/www.art-natur.ch\/wp-content\/uploads\/2024\/09\/2511617818-Photoroom.png","datePublished":"2024-09-25T15:30:44+00:00","dateModified":"2025-01-18T20:28:19+00:00","description":"In Lei\u00ae FORM 1 pr\u00e9pare d\u00e9licatement les cils pour le lifting. Il a un pH neutre et est utilis\u00e9 uniquement avec FIX 2.","breadcrumb":{"@id":"https:\/\/www.art-natur.ch\/fr\/produit\/inlei-lotion-form-1-en-flacons-4ml\/#breadcrumb"},"inLanguage":"fr-FR","potentialAction":[{"@type":"ReadAction","target":["https:\/\/www.art-natur.ch\/fr\/produit\/inlei-lotion-form-1-en-flacons-4ml\/"]}]},{"@type":"ImageObject","inLanguage":"fr-FR","@id":"https:\/\/www.art-natur.ch\/fr\/produit\/inlei-lotion-form-1-en-flacons-4ml\/#primaryimage","url":"https:\/\/www.art-natur.ch\/wp-content\/uploads\/2024\/09\/2511617818-Photoroom.png","contentUrl":"https:\/\/www.art-natur.ch\/wp-content\/uploads\/2024\/09\/2511617818-Photoroom.png","width":720,"height":720},{"@type":"BreadcrumbList","@id":"https:\/\/www.art-natur.ch\/fr\/produit\/inlei-lotion-form-1-en-flacons-4ml\/#breadcrumb","itemListElement":[{"@type":"ListItem","position":1,"name":"Home","item":"https:\/\/www.art-natur.ch\/fr\/"},{"@type":"ListItem","position":2,"name":"Boutique","item":"https:\/\/www.art-natur.ch\/shop\/"},{"@type":"ListItem","position":3,"name":"InLei Lotion FORM 1 en flacons 4ml"}]},{"@type":"WebSite","@id":"https:\/\/www.art-natur.ch\/fr\/#website","url":"https:\/\/www.art-natur.ch\/fr\/","name":"LASHES&amp;BROWS by Nataliya Reinhard","description":"High-quality lash and brow services with attention to every detail","potentialAction":[{"@type":"SearchAction","target":{"@type":"EntryPoint","urlTemplate":"https:\/\/www.art-natur.ch\/fr\/?s={search_term_string}"},"query-input":{"@type":"PropertyValueSpecification","valueRequired":true,"valueName":"search_term_string"}}],"inLanguage":"fr-FR"}]}},"_links":{"self":[{"href":"https:\/\/www.art-natur.ch\/fr\/wp-json\/wp\/v2\/product\/1595","targetHints":{"allow":["GET"]}}],"collection":[{"href":"https:\/\/www.art-natur.ch\/fr\/wp-json\/wp\/v2\/product"}],"about":[{"href":"https:\/\/www.art-natur.ch\/fr\/wp-json\/wp\/v2\/types\/product"}],"wp:featuredmedia":[{"embeddable":true,"href":"https:\/\/www.art-natur.ch\/fr\/wp-json\/wp\/v2\/media\/7957"}],"wp:attachment":[{"href":"https:\/\/www.art-natur.ch\/fr\/wp-json\/wp\/v2\/media?parent=1595"}],"wp:term":[{"taxonomy":"product_cat","embeddable":true,"href":"https:\/\/www.art-natur.ch\/fr\/wp-json\/wp\/v2\/product_cat?post=1595"},{"taxonomy":"product_tag","embeddable":true,"href":"https:\/\/www.art-natur.ch\/fr\/wp-json\/wp\/v2\/product_tag?post=1595"}],"curies":[{"name":"wp","href":"https:\/\/api.w.org\/{rel}","templated":true}]}}