{"id":1602,"date":"2024-09-25T16:35:41","date_gmt":"2024-09-25T15:35:41","guid":{"rendered":"https:\/\/www.art-natur.ch\/product\/inlei-lotion-forme-1-6-pieces-sachet-15-ml\/"},"modified":"2024-10-18T17:13:27","modified_gmt":"2024-10-18T15:13:27","slug":"inlei-lotion-forme-1-6-pieces-sachet-15-ml","status":"publish","type":"product","link":"https:\/\/www.art-natur.ch\/fr\/produit\/inlei-lotion-forme-1-6-pieces-sachet-15-ml\/","title":{"rendered":"\u200bInLei Lotion FORME 1 6 pi\u00e8ces sachet 1,5 ml"},"content":{"rendered":"<p>La formule tr\u00e8s efficace de Perm in your \u00ae \u00ab\u00a0Form 1\u00a0\u00bb agit de mani\u00e8re s\u00fbre et d\u00e9licate sur les cils de votre cliente. Le pH alcalin de ce produit permet d&rsquo;ouvrir les \u00e9cailles du cheveu de mani\u00e8re rapide et raffin\u00e9e sans l&rsquo;ab\u00eemer. Pr\u00e9pare les cils pour le fixateur suivant Form 2 substance. In Lei \u00ae \u00ab\u00a0Form 1\u00a0\u00bb est enti\u00e8rement d\u00e9velopp\u00e9 et produit en Italie. Se d\u00e9veloppe \u00e0 partir de la haute qualit\u00e9 des mati\u00e8res premi\u00e8res utilis\u00e9es. Cet agent est con\u00e7u pour fonctionner en tandem parfait avec le processus de remplissage des cils, garantissant ainsi des r\u00e9sultats fiables et bien \u00e9tablis !<\/p>\n<p>Application:<\/p>\n<p>Nettoyez d&rsquo;abord les cils.<br \/>\n\u00c0 l&rsquo;aide d&rsquo;une petite brosse, appliquez une fine couche de produit sur les cils (pr\u00e9alablement plac\u00e9s sur le tampon en silicone).<br \/>\nlaisser agir le produit aussi longtemps que n\u00e9cessaire, en fonction de l&rsquo;\u00e9paisseur du poil (6\/12 min. si les cils sont tr\u00e8s \u00e9pais, le temps de pose peut \u00e9galement \u00eatre augment\u00e9).<\/p><\/div>\n<p>retirez le produit \u00e0 l&rsquo;aide d&rsquo;un coton-tige propre et sec. Les cils sont ainsi pr\u00e9par\u00e9s pour l&rsquo;\u00e9tape suivante du Fix 2.<\/p>\n<p>100% Made in Italy<br \/>\nTest\u00e9 cliniquement.<br \/>\nA n&rsquo;utiliser qu&rsquo;avec le produit correspondant \u00ae \u00ab\u00a0Fix 2\u00a0\u00bb, \u00ab\u00a0Filler 3\u00a0\u00bb, couleur et r\u00e9v\u00e9lateur 1,5%.<br \/>\nContenu : 6 x 1,5 ml<br \/>\nNOUS RECOMMANDONS VIVEMENT DE SUIVRE UN COURS PROFESSIONNEL SUR L&rsquo;UTILISATION DES PRODUITS DE LA LIGNE IN LEI\u00ae POUR EN TIRER LE MEILLEUR PARTI.<\n\nIngr\u00e9dients:\nEau\nThioglycolate d'ammonium\nAlcool c\u00e9t\u00e9arylique\nAlcool laurique\nCeteareth-20\nC\u00e9t\u00e9areth-30\nAmmoniac\nParfum (Fragrance)\nEdta t\u00e9trasodique\n<\/p>\n","protected":false},"excerpt":{"rendered":"<p>La formule tr\u00e8s efficace de Perm in your \u00ae \u00ab\u00a0Form 1\u00a0\u00bb agit de mani\u00e8re s\u00fbre et d\u00e9licate sur les cils de votre cliente. Le pH alcalin de ce produit permet d&rsquo;ouvrir les \u00e9cailles du cheveu de mani\u00e8re rapide et raffin\u00e9e sans l&rsquo;ab\u00eemer. Pr\u00e9pare les cils pour le fixateur suivant Form 2 substance. In Lei \u00ae [&hellip;]<\/p>\n","protected":false},"featured_media":11396,"template":"","meta":{"_acf_changed":false,"inline_featured_image":false},"product_cat":[150,172],"product_tag":[],"class_list":{"0":"post-1602","1":"product","2":"type-product","3":"status-publish","4":"has-post-thumbnail","6":"product_brand-in-lei","7":"product_cat-rehaussement-des-cils","8":"product_cat-produits-pour-rehaussement-des-cils","10":"first","11":"outofstock","12":"shipping-taxable","13":"purchasable","14":"product-type-simple"},"acf":[],"yoast_head":"<!-- This site is optimized with the Yoast SEO plugin v26.6 - https:\/\/yoast.com\/wordpress\/plugins\/seo\/ -->\n<title>\u200bInLei Lotion FORME 1 6 pi\u00e8ces sachet 1,5 ml - LASHES&amp;BROWS by Nataliya Reinhard<\/title>\n<meta name=\"description\" content=\"In Lei\u00ae FORM 1 pr\u00e9pare en douceur les cils pour le lifting. Son pH alcalin ouvre les \u00e9cailles sans ab\u00eemer. \u00c0 utiliser uniquement avec FIX 2. Contenu : 6 x 1,5 ml.\" \/>\n<meta name=\"robots\" content=\"index, follow, max-snippet:-1, max-image-preview:large, max-video-preview:-1\" \/>\n<link rel=\"canonical\" href=\"https:\/\/www.art-natur.ch\/fr\/produit\/inlei-lotion-forme-1-6-pieces-sachet-15-ml\/\" \/>\n<meta property=\"og:locale\" content=\"fr_FR\" \/>\n<meta property=\"og:type\" content=\"article\" \/>\n<meta property=\"og:title\" content=\"\u200bInLei Lotion FORME 1 6 pi\u00e8ces sachet 1,5 ml - LASHES&amp;BROWS by Nataliya Reinhard\" \/>\n<meta property=\"og:description\" content=\"In Lei\u00ae FORM 1 pr\u00e9pare en douceur les cils pour le lifting. Son pH alcalin ouvre les \u00e9cailles sans ab\u00eemer. \u00c0 utiliser uniquement avec FIX 2. Contenu : 6 x 1,5 ml.\" \/>\n<meta property=\"og:url\" content=\"https:\/\/www.art-natur.ch\/fr\/produit\/inlei-lotion-forme-1-6-pieces-sachet-15-ml\/\" \/>\n<meta property=\"og:site_name\" content=\"LASHES&amp;BROWS by Nataliya Reinhard\" \/>\n<meta property=\"article:modified_time\" content=\"2024-10-18T15:13:27+00:00\" \/>\n<meta property=\"og:image\" content=\"https:\/\/www.art-natur.ch\/wp-content\/uploads\/2024\/09\/2488004846-Photoroom.png\" \/>\n\t<meta property=\"og:image:width\" content=\"1080\" \/>\n\t<meta property=\"og:image:height\" content=\"1080\" \/>\n\t<meta property=\"og:image:type\" content=\"image\/png\" \/>\n<meta name=\"twitter:card\" content=\"summary_large_image\" \/>\n<meta name=\"twitter:label1\" content=\"Dur\u00e9e de lecture estim\u00e9e\" \/>\n\t<meta name=\"twitter:data1\" content=\"2 minutes\" \/>\n<script type=\"application\/ld+json\" class=\"yoast-schema-graph\">{\"@context\":\"https:\/\/schema.org\",\"@graph\":[{\"@type\":\"WebPage\",\"@id\":\"https:\/\/www.art-natur.ch\/fr\/produit\/inlei-lotion-forme-1-6-pieces-sachet-15-ml\/\",\"url\":\"https:\/\/www.art-natur.ch\/fr\/produit\/inlei-lotion-forme-1-6-pieces-sachet-15-ml\/\",\"name\":\"\u200bInLei Lotion FORME 1 6 pi\u00e8ces sachet 1,5 ml - LASHES&amp;BROWS by Nataliya Reinhard\",\"isPartOf\":{\"@id\":\"https:\/\/www.art-natur.ch\/fr\/#website\"},\"primaryImageOfPage\":{\"@id\":\"https:\/\/www.art-natur.ch\/fr\/produit\/inlei-lotion-forme-1-6-pieces-sachet-15-ml\/#primaryimage\"},\"image\":{\"@id\":\"https:\/\/www.art-natur.ch\/fr\/produit\/inlei-lotion-forme-1-6-pieces-sachet-15-ml\/#primaryimage\"},\"thumbnailUrl\":\"https:\/\/www.art-natur.ch\/wp-content\/uploads\/2024\/09\/In-Lei-FORM-1-MONODOSE-PERMANENTE-PER-CIGLIA-6-1-5-ML-1_eebca33e-f7f7-4e01-8426-41a1a917eb531.png\",\"datePublished\":\"2024-09-25T15:35:41+00:00\",\"dateModified\":\"2024-10-18T15:13:27+00:00\",\"description\":\"In Lei\u00ae FORM 1 pr\u00e9pare en douceur les cils pour le lifting. Son pH alcalin ouvre les \u00e9cailles sans ab\u00eemer. \u00c0 utiliser uniquement avec FIX 2. Contenu : 6 x 1,5 ml.\",\"breadcrumb\":{\"@id\":\"https:\/\/www.art-natur.ch\/fr\/produit\/inlei-lotion-forme-1-6-pieces-sachet-15-ml\/#breadcrumb\"},\"inLanguage\":\"fr-FR\",\"potentialAction\":[{\"@type\":\"ReadAction\",\"target\":[\"https:\/\/www.art-natur.ch\/fr\/produit\/inlei-lotion-forme-1-6-pieces-sachet-15-ml\/\"]}]},{\"@type\":\"ImageObject\",\"inLanguage\":\"fr-FR\",\"@id\":\"https:\/\/www.art-natur.ch\/fr\/produit\/inlei-lotion-forme-1-6-pieces-sachet-15-ml\/#primaryimage\",\"url\":\"https:\/\/www.art-natur.ch\/wp-content\/uploads\/2024\/09\/In-Lei-FORM-1-MONODOSE-PERMANENTE-PER-CIGLIA-6-1-5-ML-1_eebca33e-f7f7-4e01-8426-41a1a917eb531.png\",\"contentUrl\":\"https:\/\/www.art-natur.ch\/wp-content\/uploads\/2024\/09\/In-Lei-FORM-1-MONODOSE-PERMANENTE-PER-CIGLIA-6-1-5-ML-1_eebca33e-f7f7-4e01-8426-41a1a917eb531.png\",\"width\":1800,\"height\":2400},{\"@type\":\"BreadcrumbList\",\"@id\":\"https:\/\/www.art-natur.ch\/fr\/produit\/inlei-lotion-forme-1-6-pieces-sachet-15-ml\/#breadcrumb\",\"itemListElement\":[{\"@type\":\"ListItem\",\"position\":1,\"name\":\"Home\",\"item\":\"https:\/\/www.art-natur.ch\/fr\/\"},{\"@type\":\"ListItem\",\"position\":2,\"name\":\"Boutique\",\"item\":\"https:\/\/www.art-natur.ch\/shop\/\"},{\"@type\":\"ListItem\",\"position\":3,\"name\":\"\u200bInLei Lotion FORME 1 6 pi\u00e8ces sachet 1,5 ml\"}]},{\"@type\":\"WebSite\",\"@id\":\"https:\/\/www.art-natur.ch\/fr\/#website\",\"url\":\"https:\/\/www.art-natur.ch\/fr\/\",\"name\":\"LASHES&amp;BROWS by Nataliya Reinhard\",\"description\":\"High-quality lash and brow services with attention to every detail\",\"potentialAction\":[{\"@type\":\"SearchAction\",\"target\":{\"@type\":\"EntryPoint\",\"urlTemplate\":\"https:\/\/www.art-natur.ch\/fr\/?s={search_term_string}\"},\"query-input\":{\"@type\":\"PropertyValueSpecification\",\"valueRequired\":true,\"valueName\":\"search_term_string\"}}],\"inLanguage\":\"fr-FR\"}]}<\/script>\n<!-- \/ Yoast SEO plugin. -->","yoast_head_json":{"title":"\u200bInLei Lotion FORME 1 6 pi\u00e8ces sachet 1,5 ml - LASHES&amp;BROWS by Nataliya Reinhard","description":"In Lei\u00ae FORM 1 pr\u00e9pare en douceur les cils pour le lifting. Son pH alcalin ouvre les \u00e9cailles sans ab\u00eemer. \u00c0 utiliser uniquement avec FIX 2. Contenu : 6 x 1,5 ml.","robots":{"index":"index","follow":"follow","max-snippet":"max-snippet:-1","max-image-preview":"max-image-preview:large","max-video-preview":"max-video-preview:-1"},"canonical":"https:\/\/www.art-natur.ch\/fr\/produit\/inlei-lotion-forme-1-6-pieces-sachet-15-ml\/","og_locale":"fr_FR","og_type":"article","og_title":"\u200bInLei Lotion FORME 1 6 pi\u00e8ces sachet 1,5 ml - LASHES&amp;BROWS by Nataliya Reinhard","og_description":"In Lei\u00ae FORM 1 pr\u00e9pare en douceur les cils pour le lifting. Son pH alcalin ouvre les \u00e9cailles sans ab\u00eemer. \u00c0 utiliser uniquement avec FIX 2. Contenu : 6 x 1,5 ml.","og_url":"https:\/\/www.art-natur.ch\/fr\/produit\/inlei-lotion-forme-1-6-pieces-sachet-15-ml\/","og_site_name":"LASHES&amp;BROWS by Nataliya Reinhard","article_modified_time":"2024-10-18T15:13:27+00:00","og_image":[{"width":1080,"height":1080,"url":"https:\/\/www.art-natur.ch\/wp-content\/uploads\/2024\/09\/2488004846-Photoroom.png","type":"image\/png"}],"twitter_card":"summary_large_image","twitter_misc":{"Dur\u00e9e de lecture estim\u00e9e":"2 minutes"},"schema":{"@context":"https:\/\/schema.org","@graph":[{"@type":"WebPage","@id":"https:\/\/www.art-natur.ch\/fr\/produit\/inlei-lotion-forme-1-6-pieces-sachet-15-ml\/","url":"https:\/\/www.art-natur.ch\/fr\/produit\/inlei-lotion-forme-1-6-pieces-sachet-15-ml\/","name":"\u200bInLei Lotion FORME 1 6 pi\u00e8ces sachet 1,5 ml - LASHES&amp;BROWS by Nataliya Reinhard","isPartOf":{"@id":"https:\/\/www.art-natur.ch\/fr\/#website"},"primaryImageOfPage":{"@id":"https:\/\/www.art-natur.ch\/fr\/produit\/inlei-lotion-forme-1-6-pieces-sachet-15-ml\/#primaryimage"},"image":{"@id":"https:\/\/www.art-natur.ch\/fr\/produit\/inlei-lotion-forme-1-6-pieces-sachet-15-ml\/#primaryimage"},"thumbnailUrl":"https:\/\/www.art-natur.ch\/wp-content\/uploads\/2024\/09\/In-Lei-FORM-1-MONODOSE-PERMANENTE-PER-CIGLIA-6-1-5-ML-1_eebca33e-f7f7-4e01-8426-41a1a917eb531.png","datePublished":"2024-09-25T15:35:41+00:00","dateModified":"2024-10-18T15:13:27+00:00","description":"In Lei\u00ae FORM 1 pr\u00e9pare en douceur les cils pour le lifting. Son pH alcalin ouvre les \u00e9cailles sans ab\u00eemer. \u00c0 utiliser uniquement avec FIX 2. Contenu : 6 x 1,5 ml.","breadcrumb":{"@id":"https:\/\/www.art-natur.ch\/fr\/produit\/inlei-lotion-forme-1-6-pieces-sachet-15-ml\/#breadcrumb"},"inLanguage":"fr-FR","potentialAction":[{"@type":"ReadAction","target":["https:\/\/www.art-natur.ch\/fr\/produit\/inlei-lotion-forme-1-6-pieces-sachet-15-ml\/"]}]},{"@type":"ImageObject","inLanguage":"fr-FR","@id":"https:\/\/www.art-natur.ch\/fr\/produit\/inlei-lotion-forme-1-6-pieces-sachet-15-ml\/#primaryimage","url":"https:\/\/www.art-natur.ch\/wp-content\/uploads\/2024\/09\/In-Lei-FORM-1-MONODOSE-PERMANENTE-PER-CIGLIA-6-1-5-ML-1_eebca33e-f7f7-4e01-8426-41a1a917eb531.png","contentUrl":"https:\/\/www.art-natur.ch\/wp-content\/uploads\/2024\/09\/In-Lei-FORM-1-MONODOSE-PERMANENTE-PER-CIGLIA-6-1-5-ML-1_eebca33e-f7f7-4e01-8426-41a1a917eb531.png","width":1800,"height":2400},{"@type":"BreadcrumbList","@id":"https:\/\/www.art-natur.ch\/fr\/produit\/inlei-lotion-forme-1-6-pieces-sachet-15-ml\/#breadcrumb","itemListElement":[{"@type":"ListItem","position":1,"name":"Home","item":"https:\/\/www.art-natur.ch\/fr\/"},{"@type":"ListItem","position":2,"name":"Boutique","item":"https:\/\/www.art-natur.ch\/shop\/"},{"@type":"ListItem","position":3,"name":"\u200bInLei Lotion FORME 1 6 pi\u00e8ces sachet 1,5 ml"}]},{"@type":"WebSite","@id":"https:\/\/www.art-natur.ch\/fr\/#website","url":"https:\/\/www.art-natur.ch\/fr\/","name":"LASHES&amp;BROWS by Nataliya Reinhard","description":"High-quality lash and brow services with attention to every detail","potentialAction":[{"@type":"SearchAction","target":{"@type":"EntryPoint","urlTemplate":"https:\/\/www.art-natur.ch\/fr\/?s={search_term_string}"},"query-input":{"@type":"PropertyValueSpecification","valueRequired":true,"valueName":"search_term_string"}}],"inLanguage":"fr-FR"}]}},"_links":{"self":[{"href":"https:\/\/www.art-natur.ch\/fr\/wp-json\/wp\/v2\/product\/1602","targetHints":{"allow":["GET"]}}],"collection":[{"href":"https:\/\/www.art-natur.ch\/fr\/wp-json\/wp\/v2\/product"}],"about":[{"href":"https:\/\/www.art-natur.ch\/fr\/wp-json\/wp\/v2\/types\/product"}],"wp:featuredmedia":[{"embeddable":true,"href":"https:\/\/www.art-natur.ch\/fr\/wp-json\/wp\/v2\/media\/11396"}],"wp:attachment":[{"href":"https:\/\/www.art-natur.ch\/fr\/wp-json\/wp\/v2\/media?parent=1602"}],"wp:term":[{"taxonomy":"product_cat","embeddable":true,"href":"https:\/\/www.art-natur.ch\/fr\/wp-json\/wp\/v2\/product_cat?post=1602"},{"taxonomy":"product_tag","embeddable":true,"href":"https:\/\/www.art-natur.ch\/fr\/wp-json\/wp\/v2\/product_tag?post=1602"}],"curies":[{"name":"wp","href":"https:\/\/api.w.org\/{rel}","templated":true}]}}