{"id":1630,"date":"2024-09-25T16:42:44","date_gmt":"2024-09-25T14:42:44","guid":{"rendered":"https:\/\/www.art-natur.ch\/product\/inlei-mascara-pour-extensions-de-cils\/"},"modified":"2025-01-18T21:30:16","modified_gmt":"2025-01-18T20:30:16","slug":"inlei-mascara-pour-extensions-de-cils","status":"publish","type":"product","link":"https:\/\/www.art-natur.ch\/fr\/produit\/inlei-mascara-pour-extensions-de-cils\/","title":{"rendered":"InLei\u00ae Mascara pour extensions de cils"},"content":{"rendered":"<p>Pour des cils forts, pleins et parfaitement s\u00e9par\u00e9s &#8211; InLei\u00ae Mascara Frida avec le syst\u00e8me innovant Keratix \u2122-. La formule sp\u00e9ciale est particuli\u00e8rement facile \u00e0 appliquer et donne un volume de cils courbes de la racine aux pointes. InLei\u00ae Mascara Frida est plus facile \u00e0 enlever et plus compatible avec les traitements populaires d&rsquo;extension de cils et de lifting des cils.<\/p>\n<p>&#8211; Le syst\u00e8me Keratix \u2122 augmente la r\u00e9sistance et l&rsquo;\u00e9lasticit\u00e9 des cils naturels<\/p>\n<p>&#8211; les peptides et les acides amin\u00e9s contenus apportent la protection n\u00e9cessaire aux cheveux des cils sains ou ab\u00eem\u00e9s<\/p>\n<p>&#8211; Il n&rsquo;est pas n\u00e9cessaire de frotter ! Se rince facilement \u00e0 l&rsquo;eau chaude ou \u00e0 l&rsquo;aide du shampooing pour cils InLei\u00ae Mousse.<\/p>\n<p>&#8211; \u00c9quip\u00e9e d&rsquo;un pinceau de pr\u00e9cision et de d\u00e9finition.<\/p>\n<p>Nous vous pr\u00e9sentons la nouvelle brosse !<\/p>\n<p>Nous avons trouv\u00e9 une brosse capable de pr\u00e9lever le produit plus efficacement et de le r\u00e9partir encore mieux sur chaque cheveu gr\u00e2ce \u00e0 la technologie des fibres \u00ab\u00a0l\u00e9g\u00e8rement incontr\u00f4l\u00e9es\u00a0\u00bb. Le design de l&rsquo;applicateur vous permet d&rsquo;enduire compl\u00e8tement les cils pour un effet plus volumineux avec un maximum de confort pour l&rsquo;\u0153il.<\/p>\n<p>&#8211; Forme de sablier qui suit la forme de l&rsquo;\u0153il pour faciliter l&rsquo;application et obtenir un meilleur effet de rev\u00eatement.<\/p>\n<p>&#8211; Design ergonomique sp\u00e9cialement con\u00e7u pour garantir un effet de peigne confortable.<\/p>\n<p>&#8211; Pointe arrondie qui pousse les cils vers le haut et garantit un effet d&rsquo;allongement<\/p>\n<p>&#8211; Partie centrale concave pour charger la formule du mascara<\/p>\n<p>&#8211; Fibre ondul\u00e9e courte dans la partie centrale de la brosse. Elle acc\u00e9l\u00e8re l&rsquo;effet de rev\u00eatement.<\/p>\n<p>100% made in Italy<\/p>\n<p>Contenu : 8ml<\/p>\n","protected":false},"excerpt":{"rendered":"<p>Pour des cils forts, pleins et parfaitement s\u00e9par\u00e9s &#8211; InLei\u00ae Mascara Frida avec le syst\u00e8me innovant Keratix \u2122-. La formule sp\u00e9ciale est particuli\u00e8rement facile \u00e0 appliquer et donne un volume de cils courbes de la racine aux pointes. InLei\u00ae Mascara Frida est plus facile \u00e0 enlever et plus compatible avec les traitements populaires d&rsquo;extension de [&hellip;]<\/p>\n","protected":false},"featured_media":7933,"template":"","meta":{"_acf_changed":false,"inline_featured_image":false},"product_cat":[116,117],"product_tag":[],"class_list":{"0":"post-1630","1":"product","2":"type-product","3":"status-publish","4":"has-post-thumbnail","6":"product_brand-in-lei","7":"product_cat-extension-de-cils","8":"product_cat-postcure","10":"first","11":"onbackorder","12":"shipping-taxable","13":"purchasable","14":"product-type-simple"},"acf":[],"yoast_head":"<!-- This site is optimized with the Yoast SEO plugin v26.6 - https:\/\/yoast.com\/wordpress\/plugins\/seo\/ -->\n<title>InLei\u00ae Mascara pour extensions de cils - LASHES&amp;BROWS by Nataliya Reinhard<\/title>\n<meta name=\"description\" content=\"Mascara InLei\u00ae Frida pour des cils forts et volumineux avec le syst\u00e8me Keratix\u2122. Facile \u00e0 enlever et 100% fabriqu\u00e9 en Italie. Contenu : 8 ml.\" \/>\n<meta name=\"robots\" content=\"index, follow, max-snippet:-1, max-image-preview:large, max-video-preview:-1\" \/>\n<link rel=\"canonical\" href=\"https:\/\/www.art-natur.ch\/fr\/produit\/inlei-mascara-pour-extensions-de-cils\/\" \/>\n<meta property=\"og:locale\" content=\"fr_FR\" \/>\n<meta property=\"og:type\" content=\"article\" \/>\n<meta property=\"og:title\" content=\"InLei\u00ae Mascara pour extensions de cils - LASHES&amp;BROWS by Nataliya Reinhard\" \/>\n<meta property=\"og:description\" content=\"Mascara InLei\u00ae Frida pour des cils forts et volumineux avec le syst\u00e8me Keratix\u2122. Facile \u00e0 enlever et 100% fabriqu\u00e9 en Italie. Contenu : 8 ml.\" \/>\n<meta property=\"og:url\" content=\"https:\/\/www.art-natur.ch\/fr\/produit\/inlei-mascara-pour-extensions-de-cils\/\" \/>\n<meta property=\"og:site_name\" content=\"LASHES&amp;BROWS by Nataliya Reinhard\" \/>\n<meta property=\"article:modified_time\" content=\"2025-01-18T20:30:16+00:00\" \/>\n<meta property=\"og:image\" content=\"https:\/\/www.art-natur.ch\/wp-content\/uploads\/2024\/09\/2821096273-Photoroom.png\" \/>\n\t<meta property=\"og:image:width\" content=\"669\" \/>\n\t<meta property=\"og:image:height\" content=\"801\" \/>\n\t<meta property=\"og:image:type\" content=\"image\/png\" \/>\n<meta name=\"twitter:card\" content=\"summary_large_image\" \/>\n<meta name=\"twitter:label1\" content=\"Dur\u00e9e de lecture estim\u00e9e\" \/>\n\t<meta name=\"twitter:data1\" content=\"1 minute\" \/>\n<script type=\"application\/ld+json\" class=\"yoast-schema-graph\">{\"@context\":\"https:\/\/schema.org\",\"@graph\":[{\"@type\":\"WebPage\",\"@id\":\"https:\/\/www.art-natur.ch\/fr\/produit\/inlei-mascara-pour-extensions-de-cils\/\",\"url\":\"https:\/\/www.art-natur.ch\/fr\/produit\/inlei-mascara-pour-extensions-de-cils\/\",\"name\":\"InLei\u00ae Mascara pour extensions de cils - LASHES&amp;BROWS by Nataliya Reinhard\",\"isPartOf\":{\"@id\":\"https:\/\/www.art-natur.ch\/fr\/#website\"},\"primaryImageOfPage\":{\"@id\":\"https:\/\/www.art-natur.ch\/fr\/produit\/inlei-mascara-pour-extensions-de-cils\/#primaryimage\"},\"image\":{\"@id\":\"https:\/\/www.art-natur.ch\/fr\/produit\/inlei-mascara-pour-extensions-de-cils\/#primaryimage\"},\"thumbnailUrl\":\"https:\/\/www.art-natur.ch\/wp-content\/uploads\/2024\/09\/2821096273-Photoroom.png\",\"datePublished\":\"2024-09-25T14:42:44+00:00\",\"dateModified\":\"2025-01-18T20:30:16+00:00\",\"description\":\"Mascara InLei\u00ae Frida pour des cils forts et volumineux avec le syst\u00e8me Keratix\u2122. Facile \u00e0 enlever et 100% fabriqu\u00e9 en Italie. Contenu : 8 ml.\",\"breadcrumb\":{\"@id\":\"https:\/\/www.art-natur.ch\/fr\/produit\/inlei-mascara-pour-extensions-de-cils\/#breadcrumb\"},\"inLanguage\":\"fr-FR\",\"potentialAction\":[{\"@type\":\"ReadAction\",\"target\":[\"https:\/\/www.art-natur.ch\/fr\/produit\/inlei-mascara-pour-extensions-de-cils\/\"]}]},{\"@type\":\"ImageObject\",\"inLanguage\":\"fr-FR\",\"@id\":\"https:\/\/www.art-natur.ch\/fr\/produit\/inlei-mascara-pour-extensions-de-cils\/#primaryimage\",\"url\":\"https:\/\/www.art-natur.ch\/wp-content\/uploads\/2024\/09\/2821096273-Photoroom.png\",\"contentUrl\":\"https:\/\/www.art-natur.ch\/wp-content\/uploads\/2024\/09\/2821096273-Photoroom.png\",\"width\":669,\"height\":801},{\"@type\":\"BreadcrumbList\",\"@id\":\"https:\/\/www.art-natur.ch\/fr\/produit\/inlei-mascara-pour-extensions-de-cils\/#breadcrumb\",\"itemListElement\":[{\"@type\":\"ListItem\",\"position\":1,\"name\":\"Home\",\"item\":\"https:\/\/www.art-natur.ch\/fr\/\"},{\"@type\":\"ListItem\",\"position\":2,\"name\":\"Boutique\",\"item\":\"https:\/\/www.art-natur.ch\/shop\/\"},{\"@type\":\"ListItem\",\"position\":3,\"name\":\"InLei\u00ae Mascara pour extensions de cils\"}]},{\"@type\":\"WebSite\",\"@id\":\"https:\/\/www.art-natur.ch\/fr\/#website\",\"url\":\"https:\/\/www.art-natur.ch\/fr\/\",\"name\":\"LASHES&amp;BROWS by Nataliya Reinhard\",\"description\":\"High-quality lash and brow services with attention to every detail\",\"potentialAction\":[{\"@type\":\"SearchAction\",\"target\":{\"@type\":\"EntryPoint\",\"urlTemplate\":\"https:\/\/www.art-natur.ch\/fr\/?s={search_term_string}\"},\"query-input\":{\"@type\":\"PropertyValueSpecification\",\"valueRequired\":true,\"valueName\":\"search_term_string\"}}],\"inLanguage\":\"fr-FR\"}]}<\/script>\n<!-- \/ Yoast SEO plugin. -->","yoast_head_json":{"title":"InLei\u00ae Mascara pour extensions de cils - LASHES&amp;BROWS by Nataliya Reinhard","description":"Mascara InLei\u00ae Frida pour des cils forts et volumineux avec le syst\u00e8me Keratix\u2122. Facile \u00e0 enlever et 100% fabriqu\u00e9 en Italie. Contenu : 8 ml.","robots":{"index":"index","follow":"follow","max-snippet":"max-snippet:-1","max-image-preview":"max-image-preview:large","max-video-preview":"max-video-preview:-1"},"canonical":"https:\/\/www.art-natur.ch\/fr\/produit\/inlei-mascara-pour-extensions-de-cils\/","og_locale":"fr_FR","og_type":"article","og_title":"InLei\u00ae Mascara pour extensions de cils - LASHES&amp;BROWS by Nataliya Reinhard","og_description":"Mascara InLei\u00ae Frida pour des cils forts et volumineux avec le syst\u00e8me Keratix\u2122. Facile \u00e0 enlever et 100% fabriqu\u00e9 en Italie. Contenu : 8 ml.","og_url":"https:\/\/www.art-natur.ch\/fr\/produit\/inlei-mascara-pour-extensions-de-cils\/","og_site_name":"LASHES&amp;BROWS by Nataliya Reinhard","article_modified_time":"2025-01-18T20:30:16+00:00","og_image":[{"width":669,"height":801,"url":"https:\/\/www.art-natur.ch\/wp-content\/uploads\/2024\/09\/2821096273-Photoroom.png","type":"image\/png"}],"twitter_card":"summary_large_image","twitter_misc":{"Dur\u00e9e de lecture estim\u00e9e":"1 minute"},"schema":{"@context":"https:\/\/schema.org","@graph":[{"@type":"WebPage","@id":"https:\/\/www.art-natur.ch\/fr\/produit\/inlei-mascara-pour-extensions-de-cils\/","url":"https:\/\/www.art-natur.ch\/fr\/produit\/inlei-mascara-pour-extensions-de-cils\/","name":"InLei\u00ae Mascara pour extensions de cils - LASHES&amp;BROWS by Nataliya Reinhard","isPartOf":{"@id":"https:\/\/www.art-natur.ch\/fr\/#website"},"primaryImageOfPage":{"@id":"https:\/\/www.art-natur.ch\/fr\/produit\/inlei-mascara-pour-extensions-de-cils\/#primaryimage"},"image":{"@id":"https:\/\/www.art-natur.ch\/fr\/produit\/inlei-mascara-pour-extensions-de-cils\/#primaryimage"},"thumbnailUrl":"https:\/\/www.art-natur.ch\/wp-content\/uploads\/2024\/09\/2821096273-Photoroom.png","datePublished":"2024-09-25T14:42:44+00:00","dateModified":"2025-01-18T20:30:16+00:00","description":"Mascara InLei\u00ae Frida pour des cils forts et volumineux avec le syst\u00e8me Keratix\u2122. Facile \u00e0 enlever et 100% fabriqu\u00e9 en Italie. Contenu : 8 ml.","breadcrumb":{"@id":"https:\/\/www.art-natur.ch\/fr\/produit\/inlei-mascara-pour-extensions-de-cils\/#breadcrumb"},"inLanguage":"fr-FR","potentialAction":[{"@type":"ReadAction","target":["https:\/\/www.art-natur.ch\/fr\/produit\/inlei-mascara-pour-extensions-de-cils\/"]}]},{"@type":"ImageObject","inLanguage":"fr-FR","@id":"https:\/\/www.art-natur.ch\/fr\/produit\/inlei-mascara-pour-extensions-de-cils\/#primaryimage","url":"https:\/\/www.art-natur.ch\/wp-content\/uploads\/2024\/09\/2821096273-Photoroom.png","contentUrl":"https:\/\/www.art-natur.ch\/wp-content\/uploads\/2024\/09\/2821096273-Photoroom.png","width":669,"height":801},{"@type":"BreadcrumbList","@id":"https:\/\/www.art-natur.ch\/fr\/produit\/inlei-mascara-pour-extensions-de-cils\/#breadcrumb","itemListElement":[{"@type":"ListItem","position":1,"name":"Home","item":"https:\/\/www.art-natur.ch\/fr\/"},{"@type":"ListItem","position":2,"name":"Boutique","item":"https:\/\/www.art-natur.ch\/shop\/"},{"@type":"ListItem","position":3,"name":"InLei\u00ae Mascara pour extensions de cils"}]},{"@type":"WebSite","@id":"https:\/\/www.art-natur.ch\/fr\/#website","url":"https:\/\/www.art-natur.ch\/fr\/","name":"LASHES&amp;BROWS by Nataliya Reinhard","description":"High-quality lash and brow services with attention to every detail","potentialAction":[{"@type":"SearchAction","target":{"@type":"EntryPoint","urlTemplate":"https:\/\/www.art-natur.ch\/fr\/?s={search_term_string}"},"query-input":{"@type":"PropertyValueSpecification","valueRequired":true,"valueName":"search_term_string"}}],"inLanguage":"fr-FR"}]}},"_links":{"self":[{"href":"https:\/\/www.art-natur.ch\/fr\/wp-json\/wp\/v2\/product\/1630","targetHints":{"allow":["GET"]}}],"collection":[{"href":"https:\/\/www.art-natur.ch\/fr\/wp-json\/wp\/v2\/product"}],"about":[{"href":"https:\/\/www.art-natur.ch\/fr\/wp-json\/wp\/v2\/types\/product"}],"wp:featuredmedia":[{"embeddable":true,"href":"https:\/\/www.art-natur.ch\/fr\/wp-json\/wp\/v2\/media\/7933"}],"wp:attachment":[{"href":"https:\/\/www.art-natur.ch\/fr\/wp-json\/wp\/v2\/media?parent=1630"}],"wp:term":[{"taxonomy":"product_cat","embeddable":true,"href":"https:\/\/www.art-natur.ch\/fr\/wp-json\/wp\/v2\/product_cat?post=1630"},{"taxonomy":"product_tag","embeddable":true,"href":"https:\/\/www.art-natur.ch\/fr\/wp-json\/wp\/v2\/product_tag?post=1630"}],"curies":[{"name":"wp","href":"https:\/\/api.w.org\/{rel}","templated":true}]}}