{"id":1637,"date":"2024-09-25T16:51:48","date_gmt":"2024-09-25T14:51:48","guid":{"rendered":"https:\/\/www.art-natur.ch\/product\/inlei-miami-creme-pour-le-contour-des-yeux-a-effet-liftant\/"},"modified":"2024-10-13T22:31:36","modified_gmt":"2024-10-13T20:31:36","slug":"inlei-miami-creme-pour-le-contour-des-yeux-a-effet-liftant","status":"publish","type":"product","link":"https:\/\/www.art-natur.ch\/fr\/produit\/inlei-miami-creme-pour-le-contour-des-yeux-a-effet-liftant\/","title":{"rendered":"InLei \u00ab\u00a0MiAmi\u00a0\u00bb Cr\u00e8me pour le contour des yeux \u00e0 effet liftant"},"content":{"rendered":"<p>&#8230; un luxe quotidien pour la beaut\u00e9<\/p>\n<p>La cr\u00e8me sp\u00e9ciale pour le contour des yeux InLei\u00ae MiAmi est un must-have &#8211; en studio comme \u00e0 la maison.<\/p>\n<p>&#8230; apr\u00e8s le lifting des cils<\/p>\n<p>La cr\u00e8me pour les yeux, nourrissante et raffermissante, a \u00e9t\u00e9 con\u00e7ue comme une conclusion importante de la proc\u00e9dure InLei\u00ae Lash Filler &#8211; comme la cerise sur le g\u00e2teau, pour ainsi dire, apr\u00e8s un traitement parfait. La cr\u00e8me contour des yeux InLei\u00ae MiAmi rafra\u00eechit et d\u00e9tend la zone d\u00e9licate du contour des yeux lorsqu&rsquo;elle est sollicit\u00e9e par le lifting des cils. De plus, les ingr\u00e9dients de tous les produits inLei\u00ae sont pr\u00e9cis\u00e9ment coordonn\u00e9s et se compl\u00e8tent les uns les autres &#8211; afin que les stylistes des cils obtiennent les meilleurs r\u00e9sultats.<\/p>\n<p>La cr\u00e8me contour des yeux InLei\u00ae MiAmi est rapidement absorb\u00e9e, non grasse et particuli\u00e8rement agr\u00e9able sur la peau. De pr\u00e9cieux peptides apaisent, soignent et lissent le contour des yeux. Gr\u00e2ce \u00e0 sa composition particuli\u00e8rement douce, la cr\u00e8me contour des yeux InLei\u00ae MiAmi est id\u00e9ale pour tous les types de peau, m\u00eame les plus sensibles. Des tests de laboratoire l&rsquo;ont confirm\u00e9.<\/p>\n<p>&#8230; un luxe quotidien pour la beaut\u00e9<\/p>\n<p>La cr\u00e8me contour des yeux InLei\u00ae MiAmi peut faire beaucoup plus ! Sa formule riche et cr\u00e9meuse garantit un effet lifting profond. La peau d\u00e9licate du contour des yeux para\u00eet plus lisse et plus ferme et reste jeune plus longtemps. Des tests en laboratoire ont prouv\u00e9 l&rsquo;effet reconstructeur : La profondeur des rides diminue de plus en plus avec une utilisation r\u00e9guli\u00e8re. Que vous soyez jeune ou vieux, la cr\u00e8me contour des yeux InLei\u00ae MiAmi s&rsquo;utilise de pr\u00e9f\u00e9rence quotidiennement. Pour une apparence jeune et radieuse. Une vraie recommandation pour les stylistes de cils et leurs clients.<\/p>\n<p>Application<\/p>\n<p>Matin et soir, massez d\u00e9licatement la peau nettoy\u00e9e par des mouvements circulaires jusqu&rsquo;\u00e0 absorption compl\u00e8te de la cr\u00e8me. La cr\u00e8me pour le contour des yeux InLei\u00ae MiAmi atteint son efficacit\u00e9 maximale lors d&rsquo;une utilisation quotidienne.<\/p>\n<p>L&rsquo;effet est convaincant<\/p>\n<p>Apr\u00e8s seulement 28 jours d&rsquo;utilisation quotidienne, la cr\u00e8me contour des yeux InLei\u00ae MiAmi a obtenu des r\u00e9sultats extraordinaires. La profondeur des rides a \u00e9t\u00e9 consid\u00e9rablement r\u00e9duite, les ridules visiblement liss\u00e9es.peut faire beaucoup plus ! Sa formule riche et cr\u00e9meuse garantit un effet lifting profond. La peau d\u00e9licate du contour des yeux para\u00eet plus lisse et plus ferme et reste jeune plus longtemps. Des tests en laboratoire ont prouv\u00e9 l&rsquo;effet reconstructeur : La profondeur des rides diminue de plus en plus avec une utilisation r\u00e9guli\u00e8re. Que vous soyez jeune ou vieux, la cr\u00e8me contour des yeux InLei\u00ae MiAmi s&rsquo;utilise de pr\u00e9f\u00e9rence quotidiennement. Pour une apparence jeune et radieuse. Une vraie recommandation pour les stylistes de cils et leurs clients.<\/p>\n<p>&nbsp;<\/p>\n<p>100% Made in Italy<br \/>\nUn soin pour vos clients apr\u00e8s le traitement Lash Filler.<br \/>\nTest\u00e9 dermatologiquement<br \/>\nEfficacit\u00e9 anti-rides test\u00e9e en laboratoire<br \/>\nConvient \u00e0 tous les types de peau<br \/>\nContenu : 15 ml<\/p>\n","protected":false},"excerpt":{"rendered":"<p>&#8230; un luxe quotidien pour la beaut\u00e9 La cr\u00e8me sp\u00e9ciale pour le contour des yeux InLei\u00ae MiAmi est un must-have &#8211; en studio comme \u00e0 la maison. &#8230; apr\u00e8s le lifting des cils La cr\u00e8me pour les yeux, nourrissante et raffermissante, a \u00e9t\u00e9 con\u00e7ue comme une conclusion importante de la proc\u00e9dure InLei\u00ae Lash Filler &#8211; [&hellip;]<\/p>\n","protected":false},"featured_media":7921,"template":"","meta":{"_acf_changed":false,"inline_featured_image":false},"product_cat":[116,117],"product_tag":[],"class_list":{"0":"post-1637","1":"product","2":"type-product","3":"status-publish","4":"has-post-thumbnail","6":"product_brand-in-lei","7":"product_cat-extension-de-cils","8":"product_cat-postcure","10":"first","11":"onbackorder","12":"shipping-taxable","13":"purchasable","14":"product-type-simple"},"acf":[],"yoast_head":"<!-- This site is optimized with the Yoast SEO plugin v26.6 - https:\/\/yoast.com\/wordpress\/plugins\/seo\/ -->\n<title>InLei &quot;MiAmi&quot; Cr\u00e8me pour le contour des yeux \u00e0 effet liftant - LASHES&amp;BROWS by Nataliya Reinhard<\/title>\n<meta name=\"description\" content=\"InLei\u00ae MiAmi est un luxe quotidien pour la beaut\u00e9. Cette cr\u00e8me pour le contour des yeux nourrit, raffermit et relaxe apr\u00e8s le lifting des cils. 100% Made in Italy.\" \/>\n<meta name=\"robots\" content=\"index, follow, max-snippet:-1, max-image-preview:large, max-video-preview:-1\" \/>\n<link rel=\"canonical\" href=\"https:\/\/www.art-natur.ch\/fr\/produit\/inlei-miami-creme-pour-le-contour-des-yeux-a-effet-liftant\/\" \/>\n<meta property=\"og:locale\" content=\"fr_FR\" \/>\n<meta property=\"og:type\" content=\"article\" \/>\n<meta property=\"og:title\" content=\"InLei &quot;MiAmi&quot; Cr\u00e8me pour le contour des yeux \u00e0 effet liftant - LASHES&amp;BROWS by Nataliya Reinhard\" \/>\n<meta property=\"og:description\" content=\"InLei\u00ae MiAmi est un luxe quotidien pour la beaut\u00e9. Cette cr\u00e8me pour le contour des yeux nourrit, raffermit et relaxe apr\u00e8s le lifting des cils. 100% Made in Italy.\" \/>\n<meta property=\"og:url\" content=\"https:\/\/www.art-natur.ch\/fr\/produit\/inlei-miami-creme-pour-le-contour-des-yeux-a-effet-liftant\/\" \/>\n<meta property=\"og:site_name\" content=\"LASHES&amp;BROWS by Nataliya Reinhard\" \/>\n<meta property=\"article:modified_time\" content=\"2024-10-13T20:31:36+00:00\" \/>\n<meta property=\"og:image\" content=\"https:\/\/www.art-natur.ch\/wp-content\/uploads\/2024\/09\/2519350758-Photoroom.png\" \/>\n\t<meta property=\"og:image:width\" content=\"600\" \/>\n\t<meta property=\"og:image:height\" content=\"800\" \/>\n\t<meta property=\"og:image:type\" content=\"image\/png\" \/>\n<meta name=\"twitter:card\" content=\"summary_large_image\" \/>\n<meta name=\"twitter:label1\" content=\"Dur\u00e9e de lecture estim\u00e9e\" \/>\n\t<meta name=\"twitter:data1\" content=\"3 minutes\" \/>\n<script type=\"application\/ld+json\" class=\"yoast-schema-graph\">{\"@context\":\"https:\/\/schema.org\",\"@graph\":[{\"@type\":\"WebPage\",\"@id\":\"https:\/\/www.art-natur.ch\/fr\/produit\/inlei-miami-creme-pour-le-contour-des-yeux-a-effet-liftant\/\",\"url\":\"https:\/\/www.art-natur.ch\/fr\/produit\/inlei-miami-creme-pour-le-contour-des-yeux-a-effet-liftant\/\",\"name\":\"InLei \\\"MiAmi\\\" Cr\u00e8me pour le contour des yeux \u00e0 effet liftant - LASHES&amp;BROWS by Nataliya Reinhard\",\"isPartOf\":{\"@id\":\"https:\/\/www.art-natur.ch\/fr\/#website\"},\"primaryImageOfPage\":{\"@id\":\"https:\/\/www.art-natur.ch\/fr\/produit\/inlei-miami-creme-pour-le-contour-des-yeux-a-effet-liftant\/#primaryimage\"},\"image\":{\"@id\":\"https:\/\/www.art-natur.ch\/fr\/produit\/inlei-miami-creme-pour-le-contour-des-yeux-a-effet-liftant\/#primaryimage\"},\"thumbnailUrl\":\"https:\/\/www.art-natur.ch\/wp-content\/uploads\/2024\/09\/2519350758-Photoroom.png\",\"datePublished\":\"2024-09-25T14:51:48+00:00\",\"dateModified\":\"2024-10-13T20:31:36+00:00\",\"description\":\"InLei\u00ae MiAmi est un luxe quotidien pour la beaut\u00e9. Cette cr\u00e8me pour le contour des yeux nourrit, raffermit et relaxe apr\u00e8s le lifting des cils. 100% Made in Italy.\",\"breadcrumb\":{\"@id\":\"https:\/\/www.art-natur.ch\/fr\/produit\/inlei-miami-creme-pour-le-contour-des-yeux-a-effet-liftant\/#breadcrumb\"},\"inLanguage\":\"fr-FR\",\"potentialAction\":[{\"@type\":\"ReadAction\",\"target\":[\"https:\/\/www.art-natur.ch\/fr\/produit\/inlei-miami-creme-pour-le-contour-des-yeux-a-effet-liftant\/\"]}]},{\"@type\":\"ImageObject\",\"inLanguage\":\"fr-FR\",\"@id\":\"https:\/\/www.art-natur.ch\/fr\/produit\/inlei-miami-creme-pour-le-contour-des-yeux-a-effet-liftant\/#primaryimage\",\"url\":\"https:\/\/www.art-natur.ch\/wp-content\/uploads\/2024\/09\/2519350758-Photoroom.png\",\"contentUrl\":\"https:\/\/www.art-natur.ch\/wp-content\/uploads\/2024\/09\/2519350758-Photoroom.png\",\"width\":600,\"height\":800},{\"@type\":\"BreadcrumbList\",\"@id\":\"https:\/\/www.art-natur.ch\/fr\/produit\/inlei-miami-creme-pour-le-contour-des-yeux-a-effet-liftant\/#breadcrumb\",\"itemListElement\":[{\"@type\":\"ListItem\",\"position\":1,\"name\":\"Home\",\"item\":\"https:\/\/www.art-natur.ch\/fr\/\"},{\"@type\":\"ListItem\",\"position\":2,\"name\":\"Boutique\",\"item\":\"https:\/\/www.art-natur.ch\/shop\/\"},{\"@type\":\"ListItem\",\"position\":3,\"name\":\"InLei &#8222;MiAmi&#8220; Cr\u00e8me pour le contour des yeux \u00e0 effet liftant\"}]},{\"@type\":\"WebSite\",\"@id\":\"https:\/\/www.art-natur.ch\/fr\/#website\",\"url\":\"https:\/\/www.art-natur.ch\/fr\/\",\"name\":\"LASHES&amp;BROWS by Nataliya Reinhard\",\"description\":\"High-quality lash and brow services with attention to every detail\",\"potentialAction\":[{\"@type\":\"SearchAction\",\"target\":{\"@type\":\"EntryPoint\",\"urlTemplate\":\"https:\/\/www.art-natur.ch\/fr\/?s={search_term_string}\"},\"query-input\":{\"@type\":\"PropertyValueSpecification\",\"valueRequired\":true,\"valueName\":\"search_term_string\"}}],\"inLanguage\":\"fr-FR\"}]}<\/script>\n<!-- \/ Yoast SEO plugin. -->","yoast_head_json":{"title":"InLei \"MiAmi\" Cr\u00e8me pour le contour des yeux \u00e0 effet liftant - LASHES&amp;BROWS by Nataliya Reinhard","description":"InLei\u00ae MiAmi est un luxe quotidien pour la beaut\u00e9. Cette cr\u00e8me pour le contour des yeux nourrit, raffermit et relaxe apr\u00e8s le lifting des cils. 100% Made in Italy.","robots":{"index":"index","follow":"follow","max-snippet":"max-snippet:-1","max-image-preview":"max-image-preview:large","max-video-preview":"max-video-preview:-1"},"canonical":"https:\/\/www.art-natur.ch\/fr\/produit\/inlei-miami-creme-pour-le-contour-des-yeux-a-effet-liftant\/","og_locale":"fr_FR","og_type":"article","og_title":"InLei \"MiAmi\" Cr\u00e8me pour le contour des yeux \u00e0 effet liftant - LASHES&amp;BROWS by Nataliya Reinhard","og_description":"InLei\u00ae MiAmi est un luxe quotidien pour la beaut\u00e9. Cette cr\u00e8me pour le contour des yeux nourrit, raffermit et relaxe apr\u00e8s le lifting des cils. 100% Made in Italy.","og_url":"https:\/\/www.art-natur.ch\/fr\/produit\/inlei-miami-creme-pour-le-contour-des-yeux-a-effet-liftant\/","og_site_name":"LASHES&amp;BROWS by Nataliya Reinhard","article_modified_time":"2024-10-13T20:31:36+00:00","og_image":[{"width":600,"height":800,"url":"https:\/\/www.art-natur.ch\/wp-content\/uploads\/2024\/09\/2519350758-Photoroom.png","type":"image\/png"}],"twitter_card":"summary_large_image","twitter_misc":{"Dur\u00e9e de lecture estim\u00e9e":"3 minutes"},"schema":{"@context":"https:\/\/schema.org","@graph":[{"@type":"WebPage","@id":"https:\/\/www.art-natur.ch\/fr\/produit\/inlei-miami-creme-pour-le-contour-des-yeux-a-effet-liftant\/","url":"https:\/\/www.art-natur.ch\/fr\/produit\/inlei-miami-creme-pour-le-contour-des-yeux-a-effet-liftant\/","name":"InLei \"MiAmi\" Cr\u00e8me pour le contour des yeux \u00e0 effet liftant - LASHES&amp;BROWS by Nataliya Reinhard","isPartOf":{"@id":"https:\/\/www.art-natur.ch\/fr\/#website"},"primaryImageOfPage":{"@id":"https:\/\/www.art-natur.ch\/fr\/produit\/inlei-miami-creme-pour-le-contour-des-yeux-a-effet-liftant\/#primaryimage"},"image":{"@id":"https:\/\/www.art-natur.ch\/fr\/produit\/inlei-miami-creme-pour-le-contour-des-yeux-a-effet-liftant\/#primaryimage"},"thumbnailUrl":"https:\/\/www.art-natur.ch\/wp-content\/uploads\/2024\/09\/2519350758-Photoroom.png","datePublished":"2024-09-25T14:51:48+00:00","dateModified":"2024-10-13T20:31:36+00:00","description":"InLei\u00ae MiAmi est un luxe quotidien pour la beaut\u00e9. Cette cr\u00e8me pour le contour des yeux nourrit, raffermit et relaxe apr\u00e8s le lifting des cils. 100% Made in Italy.","breadcrumb":{"@id":"https:\/\/www.art-natur.ch\/fr\/produit\/inlei-miami-creme-pour-le-contour-des-yeux-a-effet-liftant\/#breadcrumb"},"inLanguage":"fr-FR","potentialAction":[{"@type":"ReadAction","target":["https:\/\/www.art-natur.ch\/fr\/produit\/inlei-miami-creme-pour-le-contour-des-yeux-a-effet-liftant\/"]}]},{"@type":"ImageObject","inLanguage":"fr-FR","@id":"https:\/\/www.art-natur.ch\/fr\/produit\/inlei-miami-creme-pour-le-contour-des-yeux-a-effet-liftant\/#primaryimage","url":"https:\/\/www.art-natur.ch\/wp-content\/uploads\/2024\/09\/2519350758-Photoroom.png","contentUrl":"https:\/\/www.art-natur.ch\/wp-content\/uploads\/2024\/09\/2519350758-Photoroom.png","width":600,"height":800},{"@type":"BreadcrumbList","@id":"https:\/\/www.art-natur.ch\/fr\/produit\/inlei-miami-creme-pour-le-contour-des-yeux-a-effet-liftant\/#breadcrumb","itemListElement":[{"@type":"ListItem","position":1,"name":"Home","item":"https:\/\/www.art-natur.ch\/fr\/"},{"@type":"ListItem","position":2,"name":"Boutique","item":"https:\/\/www.art-natur.ch\/shop\/"},{"@type":"ListItem","position":3,"name":"InLei &#8222;MiAmi&#8220; Cr\u00e8me pour le contour des yeux \u00e0 effet liftant"}]},{"@type":"WebSite","@id":"https:\/\/www.art-natur.ch\/fr\/#website","url":"https:\/\/www.art-natur.ch\/fr\/","name":"LASHES&amp;BROWS by Nataliya Reinhard","description":"High-quality lash and brow services with attention to every detail","potentialAction":[{"@type":"SearchAction","target":{"@type":"EntryPoint","urlTemplate":"https:\/\/www.art-natur.ch\/fr\/?s={search_term_string}"},"query-input":{"@type":"PropertyValueSpecification","valueRequired":true,"valueName":"search_term_string"}}],"inLanguage":"fr-FR"}]}},"_links":{"self":[{"href":"https:\/\/www.art-natur.ch\/fr\/wp-json\/wp\/v2\/product\/1637","targetHints":{"allow":["GET"]}}],"collection":[{"href":"https:\/\/www.art-natur.ch\/fr\/wp-json\/wp\/v2\/product"}],"about":[{"href":"https:\/\/www.art-natur.ch\/fr\/wp-json\/wp\/v2\/types\/product"}],"wp:featuredmedia":[{"embeddable":true,"href":"https:\/\/www.art-natur.ch\/fr\/wp-json\/wp\/v2\/media\/7921"}],"wp:attachment":[{"href":"https:\/\/www.art-natur.ch\/fr\/wp-json\/wp\/v2\/media?parent=1637"}],"wp:term":[{"taxonomy":"product_cat","embeddable":true,"href":"https:\/\/www.art-natur.ch\/fr\/wp-json\/wp\/v2\/product_cat?post=1637"},{"taxonomy":"product_tag","embeddable":true,"href":"https:\/\/www.art-natur.ch\/fr\/wp-json\/wp\/v2\/product_tag?post=1637"}],"curies":[{"name":"wp","href":"https:\/\/api.w.org\/{rel}","templated":true}]}}