{"id":1664,"date":"2024-09-25T16:58:14","date_gmt":"2024-09-25T14:58:14","guid":{"rendered":"https:\/\/www.art-natur.ch\/product\/in-lei-mini-kit-brow-bomber\/"},"modified":"2024-10-13T22:30:13","modified_gmt":"2024-10-13T20:30:13","slug":"in-lei-mini-kit-brow-bomber","status":"publish","type":"product","link":"https:\/\/www.art-natur.ch\/fr\/produit\/in-lei-mini-kit-brow-bomber\/","title":{"rendered":"In Lei\u00ae Mini Kit Brow Bomber"},"content":{"rendered":"<p>Si vous avez d\u00e9j\u00e0 suivi des cours professionnels de lifting des sourcils et que vous utilisez des produits dont vous n&rsquo;\u00eates plus satisfait, le kit d&rsquo;essai Brow Lifting \u00ab\u00a0BrwoBomber\u00a0\u00bb vous permet de tester l&rsquo;incroyable efficacit\u00e9 de ces produits \u00e0 moindre co\u00fbt.<\/p>\n<p>InLei\u00ae BROW BOMBER est une toute nouvelle m\u00e9thode de traitement pour des sourcils parfaitement form\u00e9s. Gr\u00e2ce \u00e0 la gamme de produits InLei\u00ae de haute qualit\u00e9, les poils des sourcils sont d&rsquo;abord pr\u00e9par\u00e9s sp\u00e9cifiquement pour le traitement en trois \u00e9tapes, puis model\u00e9s et align\u00e9s de mani\u00e8re uniforme et teint\u00e9s si d\u00e9sir\u00e9.<\/p>\n<p>Contenu :<\/p>\n<p>1 x Fiche d&rsquo;information sur le Brow Lifting Set avec un code QR pour les instructions.<\/p>\n<p>1 x Test In Lei\u00ae BROW LIFT 1 1,5 ml<\/p>\n<p>1 x Test In Lei\u00ae BROW LOCK 2 1,5 ml<\/p>\n<p>1 x Testeur In Lei\u00ae BROW BOMBER 3 1,5 ml<\/p>\n","protected":false},"excerpt":{"rendered":"<p>Si vous avez d\u00e9j\u00e0 suivi des cours professionnels de lifting des sourcils et que vous utilisez des produits dont vous n&rsquo;\u00eates plus satisfait, le kit d&rsquo;essai Brow Lifting \u00ab\u00a0BrwoBomber\u00a0\u00bb vous permet de tester l&rsquo;incroyable efficacit\u00e9 de ces produits \u00e0 moindre co\u00fbt. InLei\u00ae BROW BOMBER est une toute nouvelle m\u00e9thode de traitement pour des sourcils parfaitement [&hellip;]<\/p>\n","protected":false},"featured_media":7913,"template":"","meta":{"_acf_changed":false,"inline_featured_image":false},"product_cat":[129,139],"product_tag":[],"class_list":{"0":"post-1664","1":"product","2":"type-product","3":"status-publish","4":"has-post-thumbnail","6":"product_brand-in-lei","7":"product_cat-stylisation-a-long-terme-des-sourcils","8":"product_cat-produits-pour-rehaussement-des-soursils","10":"first","11":"onbackorder","12":"shipping-taxable","13":"purchasable","14":"product-type-simple"},"acf":[],"yoast_head":"<!-- This site is optimized with the Yoast SEO plugin v26.6 - https:\/\/yoast.com\/wordpress\/plugins\/seo\/ -->\n<title>In Lei\u00ae Mini Kit Brow Bomber - LASHES&amp;BROWS by Nataliya Reinhard<\/title>\n<meta name=\"description\" content=\"Testez l&#039;efficacit\u00e9 d&#039;InLei\u00ae BROW BOMBER avec le kit d&#039;essai ! Comprend une fiche d&#039;information et 3 \u00e9chantillons (1,5 ml chacun) pour des sourcils parfaits.\" \/>\n<meta name=\"robots\" content=\"index, follow, max-snippet:-1, max-image-preview:large, max-video-preview:-1\" \/>\n<link rel=\"canonical\" href=\"https:\/\/www.art-natur.ch\/fr\/produit\/in-lei-mini-kit-brow-bomber\/\" \/>\n<meta property=\"og:locale\" content=\"fr_FR\" \/>\n<meta property=\"og:type\" content=\"article\" \/>\n<meta property=\"og:title\" content=\"In Lei\u00ae Mini Kit Brow Bomber - LASHES&amp;BROWS by Nataliya Reinhard\" \/>\n<meta property=\"og:description\" content=\"Testez l&#039;efficacit\u00e9 d&#039;InLei\u00ae BROW BOMBER avec le kit d&#039;essai ! Comprend une fiche d&#039;information et 3 \u00e9chantillons (1,5 ml chacun) pour des sourcils parfaits.\" \/>\n<meta property=\"og:url\" content=\"https:\/\/www.art-natur.ch\/fr\/produit\/in-lei-mini-kit-brow-bomber\/\" \/>\n<meta property=\"og:site_name\" content=\"LASHES&amp;BROWS by Nataliya Reinhard\" \/>\n<meta property=\"article:modified_time\" content=\"2024-10-13T20:30:13+00:00\" \/>\n<meta property=\"og:image\" content=\"https:\/\/www.art-natur.ch\/wp-content\/uploads\/2024\/09\/2650752249-Photoroom.png\" \/>\n\t<meta property=\"og:image:width\" content=\"669\" \/>\n\t<meta property=\"og:image:height\" content=\"801\" \/>\n\t<meta property=\"og:image:type\" content=\"image\/png\" \/>\n<meta name=\"twitter:card\" content=\"summary_large_image\" \/>\n<meta name=\"twitter:label1\" content=\"Dur\u00e9e de lecture estim\u00e9e\" \/>\n\t<meta name=\"twitter:data1\" content=\"1 minute\" \/>\n<script type=\"application\/ld+json\" class=\"yoast-schema-graph\">{\"@context\":\"https:\/\/schema.org\",\"@graph\":[{\"@type\":\"WebPage\",\"@id\":\"https:\/\/www.art-natur.ch\/fr\/produit\/in-lei-mini-kit-brow-bomber\/\",\"url\":\"https:\/\/www.art-natur.ch\/fr\/produit\/in-lei-mini-kit-brow-bomber\/\",\"name\":\"In Lei\u00ae Mini Kit Brow Bomber - LASHES&amp;BROWS by Nataliya Reinhard\",\"isPartOf\":{\"@id\":\"https:\/\/www.art-natur.ch\/fr\/#website\"},\"primaryImageOfPage\":{\"@id\":\"https:\/\/www.art-natur.ch\/fr\/produit\/in-lei-mini-kit-brow-bomber\/#primaryimage\"},\"image\":{\"@id\":\"https:\/\/www.art-natur.ch\/fr\/produit\/in-lei-mini-kit-brow-bomber\/#primaryimage\"},\"thumbnailUrl\":\"https:\/\/www.art-natur.ch\/wp-content\/uploads\/2024\/09\/2650752249-Photoroom.png\",\"datePublished\":\"2024-09-25T14:58:14+00:00\",\"dateModified\":\"2024-10-13T20:30:13+00:00\",\"description\":\"Testez l'efficacit\u00e9 d'InLei\u00ae BROW BOMBER avec le kit d'essai ! Comprend une fiche d'information et 3 \u00e9chantillons (1,5 ml chacun) pour des sourcils parfaits.\",\"breadcrumb\":{\"@id\":\"https:\/\/www.art-natur.ch\/fr\/produit\/in-lei-mini-kit-brow-bomber\/#breadcrumb\"},\"inLanguage\":\"fr-FR\",\"potentialAction\":[{\"@type\":\"ReadAction\",\"target\":[\"https:\/\/www.art-natur.ch\/fr\/produit\/in-lei-mini-kit-brow-bomber\/\"]}]},{\"@type\":\"ImageObject\",\"inLanguage\":\"fr-FR\",\"@id\":\"https:\/\/www.art-natur.ch\/fr\/produit\/in-lei-mini-kit-brow-bomber\/#primaryimage\",\"url\":\"https:\/\/www.art-natur.ch\/wp-content\/uploads\/2024\/09\/2650752249-Photoroom.png\",\"contentUrl\":\"https:\/\/www.art-natur.ch\/wp-content\/uploads\/2024\/09\/2650752249-Photoroom.png\",\"width\":669,\"height\":801},{\"@type\":\"BreadcrumbList\",\"@id\":\"https:\/\/www.art-natur.ch\/fr\/produit\/in-lei-mini-kit-brow-bomber\/#breadcrumb\",\"itemListElement\":[{\"@type\":\"ListItem\",\"position\":1,\"name\":\"Home\",\"item\":\"https:\/\/www.art-natur.ch\/fr\/\"},{\"@type\":\"ListItem\",\"position\":2,\"name\":\"Boutique\",\"item\":\"https:\/\/www.art-natur.ch\/shop\/\"},{\"@type\":\"ListItem\",\"position\":3,\"name\":\"In Lei\u00ae Mini Kit Brow Bomber\"}]},{\"@type\":\"WebSite\",\"@id\":\"https:\/\/www.art-natur.ch\/fr\/#website\",\"url\":\"https:\/\/www.art-natur.ch\/fr\/\",\"name\":\"LASHES&amp;BROWS by Nataliya Reinhard\",\"description\":\"High-quality lash and brow services with attention to every detail\",\"potentialAction\":[{\"@type\":\"SearchAction\",\"target\":{\"@type\":\"EntryPoint\",\"urlTemplate\":\"https:\/\/www.art-natur.ch\/fr\/?s={search_term_string}\"},\"query-input\":{\"@type\":\"PropertyValueSpecification\",\"valueRequired\":true,\"valueName\":\"search_term_string\"}}],\"inLanguage\":\"fr-FR\"}]}<\/script>\n<!-- \/ Yoast SEO plugin. -->","yoast_head_json":{"title":"In Lei\u00ae Mini Kit Brow Bomber - LASHES&amp;BROWS by Nataliya Reinhard","description":"Testez l'efficacit\u00e9 d'InLei\u00ae BROW BOMBER avec le kit d'essai ! Comprend une fiche d'information et 3 \u00e9chantillons (1,5 ml chacun) pour des sourcils parfaits.","robots":{"index":"index","follow":"follow","max-snippet":"max-snippet:-1","max-image-preview":"max-image-preview:large","max-video-preview":"max-video-preview:-1"},"canonical":"https:\/\/www.art-natur.ch\/fr\/produit\/in-lei-mini-kit-brow-bomber\/","og_locale":"fr_FR","og_type":"article","og_title":"In Lei\u00ae Mini Kit Brow Bomber - LASHES&amp;BROWS by Nataliya Reinhard","og_description":"Testez l'efficacit\u00e9 d'InLei\u00ae BROW BOMBER avec le kit d'essai ! Comprend une fiche d'information et 3 \u00e9chantillons (1,5 ml chacun) pour des sourcils parfaits.","og_url":"https:\/\/www.art-natur.ch\/fr\/produit\/in-lei-mini-kit-brow-bomber\/","og_site_name":"LASHES&amp;BROWS by Nataliya Reinhard","article_modified_time":"2024-10-13T20:30:13+00:00","og_image":[{"width":669,"height":801,"url":"https:\/\/www.art-natur.ch\/wp-content\/uploads\/2024\/09\/2650752249-Photoroom.png","type":"image\/png"}],"twitter_card":"summary_large_image","twitter_misc":{"Dur\u00e9e de lecture estim\u00e9e":"1 minute"},"schema":{"@context":"https:\/\/schema.org","@graph":[{"@type":"WebPage","@id":"https:\/\/www.art-natur.ch\/fr\/produit\/in-lei-mini-kit-brow-bomber\/","url":"https:\/\/www.art-natur.ch\/fr\/produit\/in-lei-mini-kit-brow-bomber\/","name":"In Lei\u00ae Mini Kit Brow Bomber - LASHES&amp;BROWS by Nataliya Reinhard","isPartOf":{"@id":"https:\/\/www.art-natur.ch\/fr\/#website"},"primaryImageOfPage":{"@id":"https:\/\/www.art-natur.ch\/fr\/produit\/in-lei-mini-kit-brow-bomber\/#primaryimage"},"image":{"@id":"https:\/\/www.art-natur.ch\/fr\/produit\/in-lei-mini-kit-brow-bomber\/#primaryimage"},"thumbnailUrl":"https:\/\/www.art-natur.ch\/wp-content\/uploads\/2024\/09\/2650752249-Photoroom.png","datePublished":"2024-09-25T14:58:14+00:00","dateModified":"2024-10-13T20:30:13+00:00","description":"Testez l'efficacit\u00e9 d'InLei\u00ae BROW BOMBER avec le kit d'essai ! Comprend une fiche d'information et 3 \u00e9chantillons (1,5 ml chacun) pour des sourcils parfaits.","breadcrumb":{"@id":"https:\/\/www.art-natur.ch\/fr\/produit\/in-lei-mini-kit-brow-bomber\/#breadcrumb"},"inLanguage":"fr-FR","potentialAction":[{"@type":"ReadAction","target":["https:\/\/www.art-natur.ch\/fr\/produit\/in-lei-mini-kit-brow-bomber\/"]}]},{"@type":"ImageObject","inLanguage":"fr-FR","@id":"https:\/\/www.art-natur.ch\/fr\/produit\/in-lei-mini-kit-brow-bomber\/#primaryimage","url":"https:\/\/www.art-natur.ch\/wp-content\/uploads\/2024\/09\/2650752249-Photoroom.png","contentUrl":"https:\/\/www.art-natur.ch\/wp-content\/uploads\/2024\/09\/2650752249-Photoroom.png","width":669,"height":801},{"@type":"BreadcrumbList","@id":"https:\/\/www.art-natur.ch\/fr\/produit\/in-lei-mini-kit-brow-bomber\/#breadcrumb","itemListElement":[{"@type":"ListItem","position":1,"name":"Home","item":"https:\/\/www.art-natur.ch\/fr\/"},{"@type":"ListItem","position":2,"name":"Boutique","item":"https:\/\/www.art-natur.ch\/shop\/"},{"@type":"ListItem","position":3,"name":"In Lei\u00ae Mini Kit Brow Bomber"}]},{"@type":"WebSite","@id":"https:\/\/www.art-natur.ch\/fr\/#website","url":"https:\/\/www.art-natur.ch\/fr\/","name":"LASHES&amp;BROWS by Nataliya Reinhard","description":"High-quality lash and brow services with attention to every detail","potentialAction":[{"@type":"SearchAction","target":{"@type":"EntryPoint","urlTemplate":"https:\/\/www.art-natur.ch\/fr\/?s={search_term_string}"},"query-input":{"@type":"PropertyValueSpecification","valueRequired":true,"valueName":"search_term_string"}}],"inLanguage":"fr-FR"}]}},"_links":{"self":[{"href":"https:\/\/www.art-natur.ch\/fr\/wp-json\/wp\/v2\/product\/1664","targetHints":{"allow":["GET"]}}],"collection":[{"href":"https:\/\/www.art-natur.ch\/fr\/wp-json\/wp\/v2\/product"}],"about":[{"href":"https:\/\/www.art-natur.ch\/fr\/wp-json\/wp\/v2\/types\/product"}],"wp:featuredmedia":[{"embeddable":true,"href":"https:\/\/www.art-natur.ch\/fr\/wp-json\/wp\/v2\/media\/7913"}],"wp:attachment":[{"href":"https:\/\/www.art-natur.ch\/fr\/wp-json\/wp\/v2\/media?parent=1664"}],"wp:term":[{"taxonomy":"product_cat","embeddable":true,"href":"https:\/\/www.art-natur.ch\/fr\/wp-json\/wp\/v2\/product_cat?post=1664"},{"taxonomy":"product_tag","embeddable":true,"href":"https:\/\/www.art-natur.ch\/fr\/wp-json\/wp\/v2\/product_tag?post=1664"}],"curies":[{"name":"wp","href":"https:\/\/api.w.org\/{rel}","templated":true}]}}