{"id":1696,"date":"2024-09-25T17:11:25","date_gmt":"2024-09-25T16:11:25","guid":{"rendered":"https:\/\/www.art-natur.ch\/product\/in-lei-mini-kit-lash-filler\/"},"modified":"2024-10-13T22:28:15","modified_gmt":"2024-10-13T20:28:15","slug":"in-lei-mini-kit-lash-filler","status":"publish","type":"product","link":"https:\/\/www.art-natur.ch\/fr\/produit\/in-lei-mini-kit-lash-filler\/","title":{"rendered":"In Lei\u00ae Mini Kit LASH FILLER"},"content":{"rendered":"<p>Si vous avez d\u00e9j\u00e0 suivi des cours professionnels de rehaussement des cils et que vous utilisez des produits dont vous n&rsquo;\u00eates plus satisfait, le Mini Kit Lash Filler vous permet de tester l&rsquo;incroyable efficacit\u00e9 de ces produits \u00e0 moindre co\u00fbt. Faites confiance \u00e0 la seule technologie au monde qui garantit l&rsquo;\u00e9paississement, le rehaussement et la structure saine des cils et des sourcils.<\/p>\n<p>Notre kit de test comprend :<\/p>\n<p>1 x Fiche d&rsquo;information sur le Brow Lifting Set avec un code QR pour les instructions.<\/p>\n<p>1 x In Lei\u00ae Form 1 sachet 1,5ml<\/p>\n<p>1 x In Lei\u00ae Fix 2 Sachet 1,5ml<\/p>\n<p>1 x In Lei\u00ae Lash Filler Sachet 1,5ml<\/p>\n","protected":false},"excerpt":{"rendered":"<p>Si vous avez d\u00e9j\u00e0 suivi des cours professionnels de rehaussement des cils et que vous utilisez des produits dont vous n&rsquo;\u00eates plus satisfait, le Mini Kit Lash Filler vous permet de tester l&rsquo;incroyable efficacit\u00e9 de ces produits \u00e0 moindre co\u00fbt. Faites confiance \u00e0 la seule technologie au monde qui garantit l&rsquo;\u00e9paississement, le rehaussement et la [&hellip;]<\/p>\n","protected":false},"featured_media":7893,"template":"","meta":{"_acf_changed":false,"inline_featured_image":false},"product_cat":[150,172],"product_tag":[],"class_list":{"0":"post-1696","1":"product","2":"type-product","3":"status-publish","4":"has-post-thumbnail","6":"product_brand-in-lei","7":"product_cat-rehaussement-des-cils","8":"product_cat-produits-pour-rehaussement-des-cils","10":"first","11":"outofstock","12":"shipping-taxable","13":"purchasable","14":"product-type-simple"},"acf":[],"yoast_head":"<!-- This site is optimized with the Yoast SEO plugin v26.6 - https:\/\/yoast.com\/wordpress\/plugins\/seo\/ -->\n<title>In Lei\u00ae Mini Kit LASH FILLER - LASHES&amp;BROWS by Nataliya Reinhard<\/title>\n<meta name=\"description\" content=\"Testez le Mini Kit Lash Filler pour un rehaussement des cils efficace et abordable ! Comprend 3 sachets (1,5 ml) pour des cils plus \u00e9pais et sains.\" \/>\n<meta name=\"robots\" content=\"index, follow, max-snippet:-1, max-image-preview:large, max-video-preview:-1\" \/>\n<link rel=\"canonical\" href=\"https:\/\/www.art-natur.ch\/fr\/produit\/in-lei-mini-kit-lash-filler\/\" \/>\n<meta property=\"og:locale\" content=\"fr_FR\" \/>\n<meta property=\"og:type\" content=\"article\" \/>\n<meta property=\"og:title\" content=\"In Lei\u00ae Mini Kit LASH FILLER - LASHES&amp;BROWS by Nataliya Reinhard\" \/>\n<meta property=\"og:description\" content=\"Testez le Mini Kit Lash Filler pour un rehaussement des cils efficace et abordable ! Comprend 3 sachets (1,5 ml) pour des cils plus \u00e9pais et sains.\" \/>\n<meta property=\"og:url\" content=\"https:\/\/www.art-natur.ch\/fr\/produit\/in-lei-mini-kit-lash-filler\/\" \/>\n<meta property=\"og:site_name\" content=\"LASHES&amp;BROWS by Nataliya Reinhard\" \/>\n<meta property=\"article:modified_time\" content=\"2024-10-13T20:28:15+00:00\" \/>\n<meta property=\"og:image\" content=\"https:\/\/www.art-natur.ch\/wp-content\/uploads\/2024\/09\/2650728171-Photoroom.png\" \/>\n\t<meta property=\"og:image:width\" content=\"669\" \/>\n\t<meta property=\"og:image:height\" content=\"801\" \/>\n\t<meta property=\"og:image:type\" content=\"image\/png\" \/>\n<meta name=\"twitter:card\" content=\"summary_large_image\" \/>\n<meta name=\"twitter:label1\" content=\"Dur\u00e9e de lecture estim\u00e9e\" \/>\n\t<meta name=\"twitter:data1\" content=\"1 minute\" \/>\n<script type=\"application\/ld+json\" class=\"yoast-schema-graph\">{\"@context\":\"https:\/\/schema.org\",\"@graph\":[{\"@type\":\"WebPage\",\"@id\":\"https:\/\/www.art-natur.ch\/fr\/produit\/in-lei-mini-kit-lash-filler\/\",\"url\":\"https:\/\/www.art-natur.ch\/fr\/produit\/in-lei-mini-kit-lash-filler\/\",\"name\":\"In Lei\u00ae Mini Kit LASH FILLER - LASHES&amp;BROWS by Nataliya Reinhard\",\"isPartOf\":{\"@id\":\"https:\/\/www.art-natur.ch\/fr\/#website\"},\"primaryImageOfPage\":{\"@id\":\"https:\/\/www.art-natur.ch\/fr\/produit\/in-lei-mini-kit-lash-filler\/#primaryimage\"},\"image\":{\"@id\":\"https:\/\/www.art-natur.ch\/fr\/produit\/in-lei-mini-kit-lash-filler\/#primaryimage\"},\"thumbnailUrl\":\"https:\/\/www.art-natur.ch\/wp-content\/uploads\/2024\/09\/2650728171-Photoroom.png\",\"datePublished\":\"2024-09-25T16:11:25+00:00\",\"dateModified\":\"2024-10-13T20:28:15+00:00\",\"description\":\"Testez le Mini Kit Lash Filler pour un rehaussement des cils efficace et abordable ! Comprend 3 sachets (1,5 ml) pour des cils plus \u00e9pais et sains.\",\"breadcrumb\":{\"@id\":\"https:\/\/www.art-natur.ch\/fr\/produit\/in-lei-mini-kit-lash-filler\/#breadcrumb\"},\"inLanguage\":\"fr-FR\",\"potentialAction\":[{\"@type\":\"ReadAction\",\"target\":[\"https:\/\/www.art-natur.ch\/fr\/produit\/in-lei-mini-kit-lash-filler\/\"]}]},{\"@type\":\"ImageObject\",\"inLanguage\":\"fr-FR\",\"@id\":\"https:\/\/www.art-natur.ch\/fr\/produit\/in-lei-mini-kit-lash-filler\/#primaryimage\",\"url\":\"https:\/\/www.art-natur.ch\/wp-content\/uploads\/2024\/09\/2650728171-Photoroom.png\",\"contentUrl\":\"https:\/\/www.art-natur.ch\/wp-content\/uploads\/2024\/09\/2650728171-Photoroom.png\",\"width\":669,\"height\":801},{\"@type\":\"BreadcrumbList\",\"@id\":\"https:\/\/www.art-natur.ch\/fr\/produit\/in-lei-mini-kit-lash-filler\/#breadcrumb\",\"itemListElement\":[{\"@type\":\"ListItem\",\"position\":1,\"name\":\"Home\",\"item\":\"https:\/\/www.art-natur.ch\/fr\/\"},{\"@type\":\"ListItem\",\"position\":2,\"name\":\"Boutique\",\"item\":\"https:\/\/www.art-natur.ch\/shop\/\"},{\"@type\":\"ListItem\",\"position\":3,\"name\":\"In Lei\u00ae Mini Kit LASH FILLER\"}]},{\"@type\":\"WebSite\",\"@id\":\"https:\/\/www.art-natur.ch\/fr\/#website\",\"url\":\"https:\/\/www.art-natur.ch\/fr\/\",\"name\":\"LASHES&amp;BROWS by Nataliya Reinhard\",\"description\":\"High-quality lash and brow services with attention to every detail\",\"potentialAction\":[{\"@type\":\"SearchAction\",\"target\":{\"@type\":\"EntryPoint\",\"urlTemplate\":\"https:\/\/www.art-natur.ch\/fr\/?s={search_term_string}\"},\"query-input\":{\"@type\":\"PropertyValueSpecification\",\"valueRequired\":true,\"valueName\":\"search_term_string\"}}],\"inLanguage\":\"fr-FR\"}]}<\/script>\n<!-- \/ Yoast SEO plugin. -->","yoast_head_json":{"title":"In Lei\u00ae Mini Kit LASH FILLER - LASHES&amp;BROWS by Nataliya Reinhard","description":"Testez le Mini Kit Lash Filler pour un rehaussement des cils efficace et abordable ! Comprend 3 sachets (1,5 ml) pour des cils plus \u00e9pais et sains.","robots":{"index":"index","follow":"follow","max-snippet":"max-snippet:-1","max-image-preview":"max-image-preview:large","max-video-preview":"max-video-preview:-1"},"canonical":"https:\/\/www.art-natur.ch\/fr\/produit\/in-lei-mini-kit-lash-filler\/","og_locale":"fr_FR","og_type":"article","og_title":"In Lei\u00ae Mini Kit LASH FILLER - LASHES&amp;BROWS by Nataliya Reinhard","og_description":"Testez le Mini Kit Lash Filler pour un rehaussement des cils efficace et abordable ! Comprend 3 sachets (1,5 ml) pour des cils plus \u00e9pais et sains.","og_url":"https:\/\/www.art-natur.ch\/fr\/produit\/in-lei-mini-kit-lash-filler\/","og_site_name":"LASHES&amp;BROWS by Nataliya Reinhard","article_modified_time":"2024-10-13T20:28:15+00:00","og_image":[{"width":669,"height":801,"url":"https:\/\/www.art-natur.ch\/wp-content\/uploads\/2024\/09\/2650728171-Photoroom.png","type":"image\/png"}],"twitter_card":"summary_large_image","twitter_misc":{"Dur\u00e9e de lecture estim\u00e9e":"1 minute"},"schema":{"@context":"https:\/\/schema.org","@graph":[{"@type":"WebPage","@id":"https:\/\/www.art-natur.ch\/fr\/produit\/in-lei-mini-kit-lash-filler\/","url":"https:\/\/www.art-natur.ch\/fr\/produit\/in-lei-mini-kit-lash-filler\/","name":"In Lei\u00ae Mini Kit LASH FILLER - LASHES&amp;BROWS by Nataliya Reinhard","isPartOf":{"@id":"https:\/\/www.art-natur.ch\/fr\/#website"},"primaryImageOfPage":{"@id":"https:\/\/www.art-natur.ch\/fr\/produit\/in-lei-mini-kit-lash-filler\/#primaryimage"},"image":{"@id":"https:\/\/www.art-natur.ch\/fr\/produit\/in-lei-mini-kit-lash-filler\/#primaryimage"},"thumbnailUrl":"https:\/\/www.art-natur.ch\/wp-content\/uploads\/2024\/09\/2650728171-Photoroom.png","datePublished":"2024-09-25T16:11:25+00:00","dateModified":"2024-10-13T20:28:15+00:00","description":"Testez le Mini Kit Lash Filler pour un rehaussement des cils efficace et abordable ! Comprend 3 sachets (1,5 ml) pour des cils plus \u00e9pais et sains.","breadcrumb":{"@id":"https:\/\/www.art-natur.ch\/fr\/produit\/in-lei-mini-kit-lash-filler\/#breadcrumb"},"inLanguage":"fr-FR","potentialAction":[{"@type":"ReadAction","target":["https:\/\/www.art-natur.ch\/fr\/produit\/in-lei-mini-kit-lash-filler\/"]}]},{"@type":"ImageObject","inLanguage":"fr-FR","@id":"https:\/\/www.art-natur.ch\/fr\/produit\/in-lei-mini-kit-lash-filler\/#primaryimage","url":"https:\/\/www.art-natur.ch\/wp-content\/uploads\/2024\/09\/2650728171-Photoroom.png","contentUrl":"https:\/\/www.art-natur.ch\/wp-content\/uploads\/2024\/09\/2650728171-Photoroom.png","width":669,"height":801},{"@type":"BreadcrumbList","@id":"https:\/\/www.art-natur.ch\/fr\/produit\/in-lei-mini-kit-lash-filler\/#breadcrumb","itemListElement":[{"@type":"ListItem","position":1,"name":"Home","item":"https:\/\/www.art-natur.ch\/fr\/"},{"@type":"ListItem","position":2,"name":"Boutique","item":"https:\/\/www.art-natur.ch\/shop\/"},{"@type":"ListItem","position":3,"name":"In Lei\u00ae Mini Kit LASH FILLER"}]},{"@type":"WebSite","@id":"https:\/\/www.art-natur.ch\/fr\/#website","url":"https:\/\/www.art-natur.ch\/fr\/","name":"LASHES&amp;BROWS by Nataliya Reinhard","description":"High-quality lash and brow services with attention to every detail","potentialAction":[{"@type":"SearchAction","target":{"@type":"EntryPoint","urlTemplate":"https:\/\/www.art-natur.ch\/fr\/?s={search_term_string}"},"query-input":{"@type":"PropertyValueSpecification","valueRequired":true,"valueName":"search_term_string"}}],"inLanguage":"fr-FR"}]}},"_links":{"self":[{"href":"https:\/\/www.art-natur.ch\/fr\/wp-json\/wp\/v2\/product\/1696","targetHints":{"allow":["GET"]}}],"collection":[{"href":"https:\/\/www.art-natur.ch\/fr\/wp-json\/wp\/v2\/product"}],"about":[{"href":"https:\/\/www.art-natur.ch\/fr\/wp-json\/wp\/v2\/types\/product"}],"wp:featuredmedia":[{"embeddable":true,"href":"https:\/\/www.art-natur.ch\/fr\/wp-json\/wp\/v2\/media\/7893"}],"wp:attachment":[{"href":"https:\/\/www.art-natur.ch\/fr\/wp-json\/wp\/v2\/media?parent=1696"}],"wp:term":[{"taxonomy":"product_cat","embeddable":true,"href":"https:\/\/www.art-natur.ch\/fr\/wp-json\/wp\/v2\/product_cat?post=1696"},{"taxonomy":"product_tag","embeddable":true,"href":"https:\/\/www.art-natur.ch\/fr\/wp-json\/wp\/v2\/product_tag?post=1696"}],"curies":[{"name":"wp","href":"https:\/\/api.w.org\/{rel}","templated":true}]}}