{"id":1707,"date":"2024-09-25T20:54:32","date_gmt":"2024-09-25T19:54:32","guid":{"rendered":"https:\/\/www.art-natur.ch\/product\/in-lei-mister-fix\/"},"modified":"2025-01-20T22:20:37","modified_gmt":"2025-01-20T21:20:37","slug":"in-lei-mister-fix","status":"publish","type":"product","link":"https:\/\/www.art-natur.ch\/fr\/produit\/in-lei-mister-fix\/","title":{"rendered":"In Lei\u00ae MISTER FIX"},"content":{"rendered":"<p>Mister Fix est la derni\u00e8re innovation InLei\u00ae, sp\u00e9cialement con\u00e7ue pour rendre le traitement Brow Bomber encore plus facile. Mister Fix &#8211; Brow Lifting Adhesive est la derni\u00e8re innovation InLei\u00ae, sp\u00e9cialement con\u00e7ue pour rendre le traitement Brow Bomber encore plus facile. Il s&rsquo;agit d&rsquo;une colle sp\u00e9cialement con\u00e7ue pour le lifting des sourcils. Compar\u00e9 au gel de fixation InLei\u00ae, Brow Stylist permet d&rsquo;obtenir de meilleurs r\u00e9sultats. Entre-temps, nous savons que chaque traitement n\u00e9cessite son produit individuel. Le Fixing Gel a effectivement \u00e9t\u00e9 d\u00e9velopp\u00e9 pour le traitement Lash Filler, mais pas pour le traitement BrowBomber de rehaussement des sourcils. Vous \u00eates impatient de voir comment votre travail va s&rsquo;am\u00e9liorer avec l&rsquo;aide de Mister Fix ? Voici un petit aper\u00e7u<\/p>\n","protected":false},"excerpt":{"rendered":"<p>Mister Fix est la derni\u00e8re innovation InLei\u00ae, sp\u00e9cialement con\u00e7ue pour rendre le traitement Brow Bomber encore plus facile. Mister Fix &#8211; Brow Lifting Adhesive est la derni\u00e8re innovation InLei\u00ae, sp\u00e9cialement con\u00e7ue pour rendre le traitement Brow Bomber encore plus facile. Il s&rsquo;agit d&rsquo;une colle sp\u00e9cialement con\u00e7ue pour le lifting des sourcils. Compar\u00e9 au gel de [&hellip;]<\/p>\n","protected":false},"featured_media":7865,"template":"","meta":{"_acf_changed":false,"inline_featured_image":false},"product_cat":[129,139],"product_tag":[],"class_list":{"0":"post-1707","1":"product","2":"type-product","3":"status-publish","4":"has-post-thumbnail","6":"product_brand-in-lei","7":"product_cat-stylisation-a-long-terme-des-sourcils","8":"product_cat-produits-pour-rehaussement-des-soursils","10":"first","11":"instock","12":"shipping-taxable","13":"purchasable","14":"product-type-simple"},"acf":[],"yoast_head":"<!-- This site is optimized with the Yoast SEO plugin v26.6 - https:\/\/yoast.com\/wordpress\/plugins\/seo\/ -->\n<title>In Lei\u00ae MISTER FIX - LASHES&amp;BROWS by Nataliya Reinhard<\/title>\n<meta name=\"description\" content=\"Mister Fix \u2013 the latest InLei\u00ae Brow Lifting adhesive, specially designed for better results in the Brow Bomber treatment!\" \/>\n<meta name=\"robots\" content=\"index, follow, max-snippet:-1, max-image-preview:large, max-video-preview:-1\" \/>\n<link rel=\"canonical\" href=\"https:\/\/www.art-natur.ch\/fr\/produit\/in-lei-mister-fix\/\" \/>\n<meta property=\"og:locale\" content=\"fr_FR\" \/>\n<meta property=\"og:type\" content=\"article\" \/>\n<meta property=\"og:title\" content=\"In Lei\u00ae MISTER FIX - LASHES&amp;BROWS by Nataliya Reinhard\" \/>\n<meta property=\"og:description\" content=\"Mister Fix \u2013 the latest InLei\u00ae Brow Lifting adhesive, specially designed for better results in the Brow Bomber treatment!\" \/>\n<meta property=\"og:url\" content=\"https:\/\/www.art-natur.ch\/fr\/produit\/in-lei-mister-fix\/\" \/>\n<meta property=\"og:site_name\" content=\"LASHES&amp;BROWS by Nataliya Reinhard\" \/>\n<meta property=\"article:modified_time\" content=\"2025-01-20T21:20:37+00:00\" \/>\n<meta property=\"og:image\" content=\"https:\/\/www.art-natur.ch\/wp-content\/uploads\/2024\/09\/4475392499.-Photoroom.png\" \/>\n\t<meta property=\"og:image:width\" content=\"1280\" \/>\n\t<meta property=\"og:image:height\" content=\"1280\" \/>\n\t<meta property=\"og:image:type\" content=\"image\/png\" \/>\n<meta name=\"twitter:card\" content=\"summary_large_image\" \/>\n<meta name=\"twitter:label1\" content=\"Dur\u00e9e de lecture estim\u00e9e\" \/>\n\t<meta name=\"twitter:data1\" content=\"1 minute\" \/>\n<script type=\"application\/ld+json\" class=\"yoast-schema-graph\">{\"@context\":\"https:\/\/schema.org\",\"@graph\":[{\"@type\":\"WebPage\",\"@id\":\"https:\/\/www.art-natur.ch\/fr\/produit\/in-lei-mister-fix\/\",\"url\":\"https:\/\/www.art-natur.ch\/fr\/produit\/in-lei-mister-fix\/\",\"name\":\"In Lei\u00ae MISTER FIX - LASHES&amp;BROWS by Nataliya Reinhard\",\"isPartOf\":{\"@id\":\"https:\/\/www.art-natur.ch\/fr\/#website\"},\"primaryImageOfPage\":{\"@id\":\"https:\/\/www.art-natur.ch\/fr\/produit\/in-lei-mister-fix\/#primaryimage\"},\"image\":{\"@id\":\"https:\/\/www.art-natur.ch\/fr\/produit\/in-lei-mister-fix\/#primaryimage\"},\"thumbnailUrl\":\"https:\/\/www.art-natur.ch\/wp-content\/uploads\/2024\/09\/4475392499.-Photoroom.png\",\"datePublished\":\"2024-09-25T19:54:32+00:00\",\"dateModified\":\"2025-01-20T21:20:37+00:00\",\"description\":\"Mister Fix \u2013 the latest InLei\u00ae Brow Lifting adhesive, specially designed for better results in the Brow Bomber treatment!\",\"breadcrumb\":{\"@id\":\"https:\/\/www.art-natur.ch\/fr\/produit\/in-lei-mister-fix\/#breadcrumb\"},\"inLanguage\":\"fr-FR\",\"potentialAction\":[{\"@type\":\"ReadAction\",\"target\":[\"https:\/\/www.art-natur.ch\/fr\/produit\/in-lei-mister-fix\/\"]}]},{\"@type\":\"ImageObject\",\"inLanguage\":\"fr-FR\",\"@id\":\"https:\/\/www.art-natur.ch\/fr\/produit\/in-lei-mister-fix\/#primaryimage\",\"url\":\"https:\/\/www.art-natur.ch\/wp-content\/uploads\/2024\/09\/4475392499.-Photoroom.png\",\"contentUrl\":\"https:\/\/www.art-natur.ch\/wp-content\/uploads\/2024\/09\/4475392499.-Photoroom.png\",\"width\":1280,\"height\":1280},{\"@type\":\"BreadcrumbList\",\"@id\":\"https:\/\/www.art-natur.ch\/fr\/produit\/in-lei-mister-fix\/#breadcrumb\",\"itemListElement\":[{\"@type\":\"ListItem\",\"position\":1,\"name\":\"Home\",\"item\":\"https:\/\/www.art-natur.ch\/fr\/\"},{\"@type\":\"ListItem\",\"position\":2,\"name\":\"Boutique\",\"item\":\"https:\/\/www.art-natur.ch\/shop\/\"},{\"@type\":\"ListItem\",\"position\":3,\"name\":\"In Lei\u00ae MISTER FIX\"}]},{\"@type\":\"WebSite\",\"@id\":\"https:\/\/www.art-natur.ch\/fr\/#website\",\"url\":\"https:\/\/www.art-natur.ch\/fr\/\",\"name\":\"LASHES&amp;BROWS by Nataliya Reinhard\",\"description\":\"High-quality lash and brow services with attention to every detail\",\"potentialAction\":[{\"@type\":\"SearchAction\",\"target\":{\"@type\":\"EntryPoint\",\"urlTemplate\":\"https:\/\/www.art-natur.ch\/fr\/?s={search_term_string}\"},\"query-input\":{\"@type\":\"PropertyValueSpecification\",\"valueRequired\":true,\"valueName\":\"search_term_string\"}}],\"inLanguage\":\"fr-FR\"}]}<\/script>\n<!-- \/ Yoast SEO plugin. -->","yoast_head_json":{"title":"In Lei\u00ae MISTER FIX - LASHES&amp;BROWS by Nataliya Reinhard","description":"Mister Fix \u2013 the latest InLei\u00ae Brow Lifting adhesive, specially designed for better results in the Brow Bomber treatment!","robots":{"index":"index","follow":"follow","max-snippet":"max-snippet:-1","max-image-preview":"max-image-preview:large","max-video-preview":"max-video-preview:-1"},"canonical":"https:\/\/www.art-natur.ch\/fr\/produit\/in-lei-mister-fix\/","og_locale":"fr_FR","og_type":"article","og_title":"In Lei\u00ae MISTER FIX - LASHES&amp;BROWS by Nataliya Reinhard","og_description":"Mister Fix \u2013 the latest InLei\u00ae Brow Lifting adhesive, specially designed for better results in the Brow Bomber treatment!","og_url":"https:\/\/www.art-natur.ch\/fr\/produit\/in-lei-mister-fix\/","og_site_name":"LASHES&amp;BROWS by Nataliya Reinhard","article_modified_time":"2025-01-20T21:20:37+00:00","og_image":[{"width":1280,"height":1280,"url":"https:\/\/www.art-natur.ch\/wp-content\/uploads\/2024\/09\/4475392499.-Photoroom.png","type":"image\/png"}],"twitter_card":"summary_large_image","twitter_misc":{"Dur\u00e9e de lecture estim\u00e9e":"1 minute"},"schema":{"@context":"https:\/\/schema.org","@graph":[{"@type":"WebPage","@id":"https:\/\/www.art-natur.ch\/fr\/produit\/in-lei-mister-fix\/","url":"https:\/\/www.art-natur.ch\/fr\/produit\/in-lei-mister-fix\/","name":"In Lei\u00ae MISTER FIX - LASHES&amp;BROWS by Nataliya Reinhard","isPartOf":{"@id":"https:\/\/www.art-natur.ch\/fr\/#website"},"primaryImageOfPage":{"@id":"https:\/\/www.art-natur.ch\/fr\/produit\/in-lei-mister-fix\/#primaryimage"},"image":{"@id":"https:\/\/www.art-natur.ch\/fr\/produit\/in-lei-mister-fix\/#primaryimage"},"thumbnailUrl":"https:\/\/www.art-natur.ch\/wp-content\/uploads\/2024\/09\/4475392499.-Photoroom.png","datePublished":"2024-09-25T19:54:32+00:00","dateModified":"2025-01-20T21:20:37+00:00","description":"Mister Fix \u2013 the latest InLei\u00ae Brow Lifting adhesive, specially designed for better results in the Brow Bomber treatment!","breadcrumb":{"@id":"https:\/\/www.art-natur.ch\/fr\/produit\/in-lei-mister-fix\/#breadcrumb"},"inLanguage":"fr-FR","potentialAction":[{"@type":"ReadAction","target":["https:\/\/www.art-natur.ch\/fr\/produit\/in-lei-mister-fix\/"]}]},{"@type":"ImageObject","inLanguage":"fr-FR","@id":"https:\/\/www.art-natur.ch\/fr\/produit\/in-lei-mister-fix\/#primaryimage","url":"https:\/\/www.art-natur.ch\/wp-content\/uploads\/2024\/09\/4475392499.-Photoroom.png","contentUrl":"https:\/\/www.art-natur.ch\/wp-content\/uploads\/2024\/09\/4475392499.-Photoroom.png","width":1280,"height":1280},{"@type":"BreadcrumbList","@id":"https:\/\/www.art-natur.ch\/fr\/produit\/in-lei-mister-fix\/#breadcrumb","itemListElement":[{"@type":"ListItem","position":1,"name":"Home","item":"https:\/\/www.art-natur.ch\/fr\/"},{"@type":"ListItem","position":2,"name":"Boutique","item":"https:\/\/www.art-natur.ch\/shop\/"},{"@type":"ListItem","position":3,"name":"In Lei\u00ae MISTER FIX"}]},{"@type":"WebSite","@id":"https:\/\/www.art-natur.ch\/fr\/#website","url":"https:\/\/www.art-natur.ch\/fr\/","name":"LASHES&amp;BROWS by Nataliya Reinhard","description":"High-quality lash and brow services with attention to every detail","potentialAction":[{"@type":"SearchAction","target":{"@type":"EntryPoint","urlTemplate":"https:\/\/www.art-natur.ch\/fr\/?s={search_term_string}"},"query-input":{"@type":"PropertyValueSpecification","valueRequired":true,"valueName":"search_term_string"}}],"inLanguage":"fr-FR"}]}},"_links":{"self":[{"href":"https:\/\/www.art-natur.ch\/fr\/wp-json\/wp\/v2\/product\/1707","targetHints":{"allow":["GET"]}}],"collection":[{"href":"https:\/\/www.art-natur.ch\/fr\/wp-json\/wp\/v2\/product"}],"about":[{"href":"https:\/\/www.art-natur.ch\/fr\/wp-json\/wp\/v2\/types\/product"}],"wp:featuredmedia":[{"embeddable":true,"href":"https:\/\/www.art-natur.ch\/fr\/wp-json\/wp\/v2\/media\/7865"}],"wp:attachment":[{"href":"https:\/\/www.art-natur.ch\/fr\/wp-json\/wp\/v2\/media?parent=1707"}],"wp:term":[{"taxonomy":"product_cat","embeddable":true,"href":"https:\/\/www.art-natur.ch\/fr\/wp-json\/wp\/v2\/product_cat?post=1707"},{"taxonomy":"product_tag","embeddable":true,"href":"https:\/\/www.art-natur.ch\/fr\/wp-json\/wp\/v2\/product_tag?post=1707"}],"curies":[{"name":"wp","href":"https:\/\/api.w.org\/{rel}","templated":true}]}}