{"id":1726,"date":"2024-09-25T21:04:51","date_gmt":"2024-09-25T20:04:51","guid":{"rendered":"https:\/\/www.art-natur.ch\/product\/inlei-one-recourbe-cils-en-silicone-taille-l\/"},"modified":"2024-10-13T22:14:24","modified_gmt":"2024-10-13T20:14:24","slug":"inlei-one-recourbe-cils-en-silicone-taille-l","status":"publish","type":"product","link":"https:\/\/www.art-natur.ch\/fr\/produit\/inlei-one-recourbe-cils-en-silicone-taille-l\/","title":{"rendered":"InLei \u00ab\u00a0ONE\u00a0\u00bb &#8211; recourbe-cils en silicone taille L"},"content":{"rendered":"<p>\u00ab\u00a0PERFECT CURLY\u00a0\u00bb L La taille L de la ligne \u00ab\u00a0perfect curl\u00a0\u00bb est sp\u00e9cialement con\u00e7ue pour les cils moyens \u00e0 longs. Cette taille est l&rsquo;une des plus couramment utilis\u00e9es. Pour choisir le bon recourbe-cils, il faut se rappeler que les cils doivent d\u00e9passer le milieu du recourbe-cils (horizontalement) mais que les pointes ne doivent pas atteindre ou m\u00eame d\u00e9passer le pli du recourbe-cils. Il donne une courbe \u00ab\u00a0D\u00a0\u00bb si on le compare aux extensions de cils.<\/p>\n<p>Si votre cliente a des cils crois\u00e9s ou des cils qui poussent vers le bas, le L-curler vous aidera \u00e0 appliquer les cils de mani\u00e8re id\u00e9ale et \u00e0 les rendre ob\u00e9issants lors de l&rsquo;application du mascara.<\/p>\n","protected":false},"excerpt":{"rendered":"<p>\u00ab\u00a0PERFECT CURLY\u00a0\u00bb L La taille L de la ligne \u00ab\u00a0perfect curl\u00a0\u00bb est sp\u00e9cialement con\u00e7ue pour les cils moyens \u00e0 longs. Cette taille est l&rsquo;une des plus couramment utilis\u00e9es. Pour choisir le bon recourbe-cils, il faut se rappeler que les cils doivent d\u00e9passer le milieu du recourbe-cils (horizontalement) mais que les pointes ne doivent pas atteindre [&hellip;]<\/p>\n","protected":false},"featured_media":7853,"template":"","meta":{"_acf_changed":false,"inline_featured_image":false},"product_cat":[150,154,156,193,207],"product_tag":[],"class_list":{"0":"post-1726","1":"product","2":"type-product","3":"status-publish","4":"has-post-thumbnail","6":"product_brand-in-lei","7":"product_cat-rehaussement-des-cils","8":"product_cat-bigoudis-et-patchs","9":"product_cat-bigoudis","10":"product_cat-produits-connexes","11":"product_cat-consommables-fr","13":"first","14":"instock","15":"shipping-taxable","16":"purchasable","17":"product-type-simple"},"acf":[],"yoast_head":"<!-- This site is optimized with the Yoast SEO plugin v26.6 - https:\/\/yoast.com\/wordpress\/plugins\/seo\/ -->\n<title>InLei &quot;ONE&quot; - recourbe-cils en silicone taille L - LASHES&amp;BROWS by Nataliya Reinhard<\/title>\n<meta name=\"description\" content=\"La taille L de la ligne &quot;perfect curl&quot; est con\u00e7ue pour les cils moyens \u00e0 longs, cr\u00e9ant une courbe en &quot;D&quot; id\u00e9ale pour un look parfait.\" \/>\n<meta name=\"robots\" content=\"index, follow, max-snippet:-1, max-image-preview:large, max-video-preview:-1\" \/>\n<link rel=\"canonical\" href=\"https:\/\/www.art-natur.ch\/fr\/produit\/inlei-one-recourbe-cils-en-silicone-taille-l\/\" \/>\n<meta property=\"og:locale\" content=\"fr_FR\" \/>\n<meta property=\"og:type\" content=\"article\" \/>\n<meta property=\"og:title\" content=\"InLei &quot;ONE&quot; - recourbe-cils en silicone taille L - LASHES&amp;BROWS by Nataliya Reinhard\" \/>\n<meta property=\"og:description\" content=\"La taille L de la ligne &quot;perfect curl&quot; est con\u00e7ue pour les cils moyens \u00e0 longs, cr\u00e9ant une courbe en &quot;D&quot; id\u00e9ale pour un look parfait.\" \/>\n<meta property=\"og:url\" content=\"https:\/\/www.art-natur.ch\/fr\/produit\/inlei-one-recourbe-cils-en-silicone-taille-l\/\" \/>\n<meta property=\"og:site_name\" content=\"LASHES&amp;BROWS by Nataliya Reinhard\" \/>\n<meta property=\"article:modified_time\" content=\"2024-10-13T20:14:24+00:00\" \/>\n<meta property=\"og:image\" content=\"https:\/\/www.art-natur.ch\/wp-content\/uploads\/2024\/09\/2628730845-Photoroom.png\" \/>\n\t<meta property=\"og:image:width\" content=\"720\" \/>\n\t<meta property=\"og:image:height\" content=\"720\" \/>\n\t<meta property=\"og:image:type\" content=\"image\/png\" \/>\n<meta name=\"twitter:card\" content=\"summary_large_image\" \/>\n<meta name=\"twitter:label1\" content=\"Dur\u00e9e de lecture estim\u00e9e\" \/>\n\t<meta name=\"twitter:data1\" content=\"1 minute\" \/>\n<script type=\"application\/ld+json\" class=\"yoast-schema-graph\">{\"@context\":\"https:\/\/schema.org\",\"@graph\":[{\"@type\":\"WebPage\",\"@id\":\"https:\/\/www.art-natur.ch\/fr\/produit\/inlei-one-recourbe-cils-en-silicone-taille-l\/\",\"url\":\"https:\/\/www.art-natur.ch\/fr\/produit\/inlei-one-recourbe-cils-en-silicone-taille-l\/\",\"name\":\"InLei \\\"ONE\\\" - recourbe-cils en silicone taille L - LASHES&amp;BROWS by Nataliya Reinhard\",\"isPartOf\":{\"@id\":\"https:\/\/www.art-natur.ch\/fr\/#website\"},\"primaryImageOfPage\":{\"@id\":\"https:\/\/www.art-natur.ch\/fr\/produit\/inlei-one-recourbe-cils-en-silicone-taille-l\/#primaryimage\"},\"image\":{\"@id\":\"https:\/\/www.art-natur.ch\/fr\/produit\/inlei-one-recourbe-cils-en-silicone-taille-l\/#primaryimage\"},\"thumbnailUrl\":\"https:\/\/www.art-natur.ch\/wp-content\/uploads\/2024\/09\/2628730845-Photoroom.png\",\"datePublished\":\"2024-09-25T20:04:51+00:00\",\"dateModified\":\"2024-10-13T20:14:24+00:00\",\"description\":\"La taille L de la ligne \\\"perfect curl\\\" est con\u00e7ue pour les cils moyens \u00e0 longs, cr\u00e9ant une courbe en \\\"D\\\" id\u00e9ale pour un look parfait.\",\"breadcrumb\":{\"@id\":\"https:\/\/www.art-natur.ch\/fr\/produit\/inlei-one-recourbe-cils-en-silicone-taille-l\/#breadcrumb\"},\"inLanguage\":\"fr-FR\",\"potentialAction\":[{\"@type\":\"ReadAction\",\"target\":[\"https:\/\/www.art-natur.ch\/fr\/produit\/inlei-one-recourbe-cils-en-silicone-taille-l\/\"]}]},{\"@type\":\"ImageObject\",\"inLanguage\":\"fr-FR\",\"@id\":\"https:\/\/www.art-natur.ch\/fr\/produit\/inlei-one-recourbe-cils-en-silicone-taille-l\/#primaryimage\",\"url\":\"https:\/\/www.art-natur.ch\/wp-content\/uploads\/2024\/09\/2628730845-Photoroom.png\",\"contentUrl\":\"https:\/\/www.art-natur.ch\/wp-content\/uploads\/2024\/09\/2628730845-Photoroom.png\",\"width\":720,\"height\":720},{\"@type\":\"BreadcrumbList\",\"@id\":\"https:\/\/www.art-natur.ch\/fr\/produit\/inlei-one-recourbe-cils-en-silicone-taille-l\/#breadcrumb\",\"itemListElement\":[{\"@type\":\"ListItem\",\"position\":1,\"name\":\"Home\",\"item\":\"https:\/\/www.art-natur.ch\/fr\/\"},{\"@type\":\"ListItem\",\"position\":2,\"name\":\"Boutique\",\"item\":\"https:\/\/www.art-natur.ch\/shop\/\"},{\"@type\":\"ListItem\",\"position\":3,\"name\":\"InLei &#8222;ONE&#8220; &#8211; recourbe-cils en silicone taille L\"}]},{\"@type\":\"WebSite\",\"@id\":\"https:\/\/www.art-natur.ch\/fr\/#website\",\"url\":\"https:\/\/www.art-natur.ch\/fr\/\",\"name\":\"LASHES&amp;BROWS by Nataliya Reinhard\",\"description\":\"High-quality lash and brow services with attention to every detail\",\"potentialAction\":[{\"@type\":\"SearchAction\",\"target\":{\"@type\":\"EntryPoint\",\"urlTemplate\":\"https:\/\/www.art-natur.ch\/fr\/?s={search_term_string}\"},\"query-input\":{\"@type\":\"PropertyValueSpecification\",\"valueRequired\":true,\"valueName\":\"search_term_string\"}}],\"inLanguage\":\"fr-FR\"}]}<\/script>\n<!-- \/ Yoast SEO plugin. -->","yoast_head_json":{"title":"InLei \"ONE\" - recourbe-cils en silicone taille L - LASHES&amp;BROWS by Nataliya Reinhard","description":"La taille L de la ligne \"perfect curl\" est con\u00e7ue pour les cils moyens \u00e0 longs, cr\u00e9ant une courbe en \"D\" id\u00e9ale pour un look parfait.","robots":{"index":"index","follow":"follow","max-snippet":"max-snippet:-1","max-image-preview":"max-image-preview:large","max-video-preview":"max-video-preview:-1"},"canonical":"https:\/\/www.art-natur.ch\/fr\/produit\/inlei-one-recourbe-cils-en-silicone-taille-l\/","og_locale":"fr_FR","og_type":"article","og_title":"InLei \"ONE\" - recourbe-cils en silicone taille L - LASHES&amp;BROWS by Nataliya Reinhard","og_description":"La taille L de la ligne \"perfect curl\" est con\u00e7ue pour les cils moyens \u00e0 longs, cr\u00e9ant une courbe en \"D\" id\u00e9ale pour un look parfait.","og_url":"https:\/\/www.art-natur.ch\/fr\/produit\/inlei-one-recourbe-cils-en-silicone-taille-l\/","og_site_name":"LASHES&amp;BROWS by Nataliya Reinhard","article_modified_time":"2024-10-13T20:14:24+00:00","og_image":[{"width":720,"height":720,"url":"https:\/\/www.art-natur.ch\/wp-content\/uploads\/2024\/09\/2628730845-Photoroom.png","type":"image\/png"}],"twitter_card":"summary_large_image","twitter_misc":{"Dur\u00e9e de lecture estim\u00e9e":"1 minute"},"schema":{"@context":"https:\/\/schema.org","@graph":[{"@type":"WebPage","@id":"https:\/\/www.art-natur.ch\/fr\/produit\/inlei-one-recourbe-cils-en-silicone-taille-l\/","url":"https:\/\/www.art-natur.ch\/fr\/produit\/inlei-one-recourbe-cils-en-silicone-taille-l\/","name":"InLei \"ONE\" - recourbe-cils en silicone taille L - LASHES&amp;BROWS by Nataliya Reinhard","isPartOf":{"@id":"https:\/\/www.art-natur.ch\/fr\/#website"},"primaryImageOfPage":{"@id":"https:\/\/www.art-natur.ch\/fr\/produit\/inlei-one-recourbe-cils-en-silicone-taille-l\/#primaryimage"},"image":{"@id":"https:\/\/www.art-natur.ch\/fr\/produit\/inlei-one-recourbe-cils-en-silicone-taille-l\/#primaryimage"},"thumbnailUrl":"https:\/\/www.art-natur.ch\/wp-content\/uploads\/2024\/09\/2628730845-Photoroom.png","datePublished":"2024-09-25T20:04:51+00:00","dateModified":"2024-10-13T20:14:24+00:00","description":"La taille L de la ligne \"perfect curl\" est con\u00e7ue pour les cils moyens \u00e0 longs, cr\u00e9ant une courbe en \"D\" id\u00e9ale pour un look parfait.","breadcrumb":{"@id":"https:\/\/www.art-natur.ch\/fr\/produit\/inlei-one-recourbe-cils-en-silicone-taille-l\/#breadcrumb"},"inLanguage":"fr-FR","potentialAction":[{"@type":"ReadAction","target":["https:\/\/www.art-natur.ch\/fr\/produit\/inlei-one-recourbe-cils-en-silicone-taille-l\/"]}]},{"@type":"ImageObject","inLanguage":"fr-FR","@id":"https:\/\/www.art-natur.ch\/fr\/produit\/inlei-one-recourbe-cils-en-silicone-taille-l\/#primaryimage","url":"https:\/\/www.art-natur.ch\/wp-content\/uploads\/2024\/09\/2628730845-Photoroom.png","contentUrl":"https:\/\/www.art-natur.ch\/wp-content\/uploads\/2024\/09\/2628730845-Photoroom.png","width":720,"height":720},{"@type":"BreadcrumbList","@id":"https:\/\/www.art-natur.ch\/fr\/produit\/inlei-one-recourbe-cils-en-silicone-taille-l\/#breadcrumb","itemListElement":[{"@type":"ListItem","position":1,"name":"Home","item":"https:\/\/www.art-natur.ch\/fr\/"},{"@type":"ListItem","position":2,"name":"Boutique","item":"https:\/\/www.art-natur.ch\/shop\/"},{"@type":"ListItem","position":3,"name":"InLei &#8222;ONE&#8220; &#8211; recourbe-cils en silicone taille L"}]},{"@type":"WebSite","@id":"https:\/\/www.art-natur.ch\/fr\/#website","url":"https:\/\/www.art-natur.ch\/fr\/","name":"LASHES&amp;BROWS by Nataliya Reinhard","description":"High-quality lash and brow services with attention to every detail","potentialAction":[{"@type":"SearchAction","target":{"@type":"EntryPoint","urlTemplate":"https:\/\/www.art-natur.ch\/fr\/?s={search_term_string}"},"query-input":{"@type":"PropertyValueSpecification","valueRequired":true,"valueName":"search_term_string"}}],"inLanguage":"fr-FR"}]}},"_links":{"self":[{"href":"https:\/\/www.art-natur.ch\/fr\/wp-json\/wp\/v2\/product\/1726","targetHints":{"allow":["GET"]}}],"collection":[{"href":"https:\/\/www.art-natur.ch\/fr\/wp-json\/wp\/v2\/product"}],"about":[{"href":"https:\/\/www.art-natur.ch\/fr\/wp-json\/wp\/v2\/types\/product"}],"wp:featuredmedia":[{"embeddable":true,"href":"https:\/\/www.art-natur.ch\/fr\/wp-json\/wp\/v2\/media\/7853"}],"wp:attachment":[{"href":"https:\/\/www.art-natur.ch\/fr\/wp-json\/wp\/v2\/media?parent=1726"}],"wp:term":[{"taxonomy":"product_cat","embeddable":true,"href":"https:\/\/www.art-natur.ch\/fr\/wp-json\/wp\/v2\/product_cat?post=1726"},{"taxonomy":"product_tag","embeddable":true,"href":"https:\/\/www.art-natur.ch\/fr\/wp-json\/wp\/v2\/product_tag?post=1726"}],"curies":[{"name":"wp","href":"https:\/\/api.w.org\/{rel}","templated":true}]}}