{"id":1798,"date":"2024-09-25T21:47:50","date_gmt":"2024-09-25T20:47:50","guid":{"rendered":"https:\/\/www.art-natur.ch\/product\/inlei-one-recourbe-cils-en-silicone-taille-s1\/"},"modified":"2025-01-20T22:16:17","modified_gmt":"2025-01-20T21:16:17","slug":"inlei-one-recourbe-cils-en-silicone-taille-s1","status":"publish","type":"product","link":"https:\/\/www.art-natur.ch\/fr\/produit\/inlei-one-recourbe-cils-en-silicone-taille-s1\/","title":{"rendered":"InLei \u00ab\u00a0ONE\u00a0\u00bb &#8211; recourbe-cils en silicone taille S1"},"content":{"rendered":"<p>\u00ab\u00a0NATURAL CURL\u00a0\u00bb S1 Le recourbeur de taille S1 de la gamme \u00ab\u00a0natural curl\u00a0\u00bb vous aidera \u00e0 rendre visibles les cils les plus courts. Con\u00e7u pour soulever les petits cils \u00e0 partir de la racine, ce qui les rend plus visibles et plus attrayants. En combinant l&rsquo;effet du recourbeur avec le traitement Lash Filler, on obtient des cils nets, visibles, plus sains, plus \u00e9pais, plus soyeux et plus longs. Si votre cliente a des cils minuscules et qu&rsquo;elle est habitu\u00e9e \u00e0 ne pas les voir&#8230; vous allez changer la fa\u00e7on dont elle se reconna\u00eet !<\/p>\n","protected":false},"excerpt":{"rendered":"<p>\u00ab\u00a0NATURAL CURL\u00a0\u00bb S1 Le recourbeur de taille S1 de la gamme \u00ab\u00a0natural curl\u00a0\u00bb vous aidera \u00e0 rendre visibles les cils les plus courts. Con\u00e7u pour soulever les petits cils \u00e0 partir de la racine, ce qui les rend plus visibles et plus attrayants. En combinant l&rsquo;effet du recourbeur avec le traitement Lash Filler, on obtient [&hellip;]<\/p>\n","protected":false},"featured_media":7789,"template":"","meta":{"_acf_changed":false,"inline_featured_image":false},"product_cat":[150,154,156,193,207],"product_tag":[],"class_list":{"0":"post-1798","1":"product","2":"type-product","3":"status-publish","4":"has-post-thumbnail","6":"product_brand-in-lei","7":"product_cat-rehaussement-des-cils","8":"product_cat-bigoudis-et-patchs","9":"product_cat-bigoudis","10":"product_cat-produits-connexes","11":"product_cat-consommables-fr","13":"first","14":"instock","15":"shipping-taxable","16":"purchasable","17":"product-type-simple"},"acf":[],"yoast_head":"<!-- This site is optimized with the Yoast SEO plugin v26.6 - https:\/\/yoast.com\/wordpress\/plugins\/seo\/ -->\n<title>InLei &quot;ONE&quot; - recourbe-cils en silicone taille S1 - LASHES&amp;BROWS by Nataliya Reinhard<\/title>\n<meta name=\"description\" content=\"&quot;NATURAL CURL&quot; S1 Le recourbe-cils S1 soul\u00e8ve m\u00eame les cils les plus courts, offrant des cils visiblement plus \u00e9pais et plus longs.\" \/>\n<meta name=\"robots\" content=\"index, follow, max-snippet:-1, max-image-preview:large, max-video-preview:-1\" \/>\n<link rel=\"canonical\" href=\"https:\/\/www.art-natur.ch\/fr\/produit\/inlei-one-recourbe-cils-en-silicone-taille-s1\/\" \/>\n<meta property=\"og:locale\" content=\"fr_FR\" \/>\n<meta property=\"og:type\" content=\"article\" \/>\n<meta property=\"og:title\" content=\"InLei &quot;ONE&quot; - recourbe-cils en silicone taille S1 - LASHES&amp;BROWS by Nataliya Reinhard\" \/>\n<meta property=\"og:description\" content=\"&quot;NATURAL CURL&quot; S1 Le recourbe-cils S1 soul\u00e8ve m\u00eame les cils les plus courts, offrant des cils visiblement plus \u00e9pais et plus longs.\" \/>\n<meta property=\"og:url\" content=\"https:\/\/www.art-natur.ch\/fr\/produit\/inlei-one-recourbe-cils-en-silicone-taille-s1\/\" \/>\n<meta property=\"og:site_name\" content=\"LASHES&amp;BROWS by Nataliya Reinhard\" \/>\n<meta property=\"article:modified_time\" content=\"2025-01-20T21:16:17+00:00\" \/>\n<meta property=\"og:image\" content=\"https:\/\/www.art-natur.ch\/wp-content\/uploads\/2024\/09\/2650668410-Photoroom.png\" \/>\n\t<meta property=\"og:image:width\" content=\"669\" \/>\n\t<meta property=\"og:image:height\" content=\"801\" \/>\n\t<meta property=\"og:image:type\" content=\"image\/png\" \/>\n<meta name=\"twitter:card\" content=\"summary_large_image\" \/>\n<script type=\"application\/ld+json\" class=\"yoast-schema-graph\">{\"@context\":\"https:\/\/schema.org\",\"@graph\":[{\"@type\":\"WebPage\",\"@id\":\"https:\/\/www.art-natur.ch\/fr\/produit\/inlei-one-recourbe-cils-en-silicone-taille-s1\/\",\"url\":\"https:\/\/www.art-natur.ch\/fr\/produit\/inlei-one-recourbe-cils-en-silicone-taille-s1\/\",\"name\":\"InLei \\\"ONE\\\" - recourbe-cils en silicone taille S1 - LASHES&amp;BROWS by Nataliya Reinhard\",\"isPartOf\":{\"@id\":\"https:\/\/www.art-natur.ch\/fr\/#website\"},\"primaryImageOfPage\":{\"@id\":\"https:\/\/www.art-natur.ch\/fr\/produit\/inlei-one-recourbe-cils-en-silicone-taille-s1\/#primaryimage\"},\"image\":{\"@id\":\"https:\/\/www.art-natur.ch\/fr\/produit\/inlei-one-recourbe-cils-en-silicone-taille-s1\/#primaryimage\"},\"thumbnailUrl\":\"https:\/\/www.art-natur.ch\/wp-content\/uploads\/2024\/09\/2650668410-Photoroom.png\",\"datePublished\":\"2024-09-25T20:47:50+00:00\",\"dateModified\":\"2025-01-20T21:16:17+00:00\",\"description\":\"\\\"NATURAL CURL\\\" S1 Le recourbe-cils S1 soul\u00e8ve m\u00eame les cils les plus courts, offrant des cils visiblement plus \u00e9pais et plus longs.\",\"breadcrumb\":{\"@id\":\"https:\/\/www.art-natur.ch\/fr\/produit\/inlei-one-recourbe-cils-en-silicone-taille-s1\/#breadcrumb\"},\"inLanguage\":\"fr-FR\",\"potentialAction\":[{\"@type\":\"ReadAction\",\"target\":[\"https:\/\/www.art-natur.ch\/fr\/produit\/inlei-one-recourbe-cils-en-silicone-taille-s1\/\"]}]},{\"@type\":\"ImageObject\",\"inLanguage\":\"fr-FR\",\"@id\":\"https:\/\/www.art-natur.ch\/fr\/produit\/inlei-one-recourbe-cils-en-silicone-taille-s1\/#primaryimage\",\"url\":\"https:\/\/www.art-natur.ch\/wp-content\/uploads\/2024\/09\/2650668410-Photoroom.png\",\"contentUrl\":\"https:\/\/www.art-natur.ch\/wp-content\/uploads\/2024\/09\/2650668410-Photoroom.png\",\"width\":669,\"height\":801},{\"@type\":\"BreadcrumbList\",\"@id\":\"https:\/\/www.art-natur.ch\/fr\/produit\/inlei-one-recourbe-cils-en-silicone-taille-s1\/#breadcrumb\",\"itemListElement\":[{\"@type\":\"ListItem\",\"position\":1,\"name\":\"Home\",\"item\":\"https:\/\/www.art-natur.ch\/fr\/\"},{\"@type\":\"ListItem\",\"position\":2,\"name\":\"Boutique\",\"item\":\"https:\/\/www.art-natur.ch\/shop\/\"},{\"@type\":\"ListItem\",\"position\":3,\"name\":\"InLei \u00ab\u00a0ONE\u00a0\u00bb &#8211; recourbe-cils en silicone taille S1\"}]},{\"@type\":\"WebSite\",\"@id\":\"https:\/\/www.art-natur.ch\/fr\/#website\",\"url\":\"https:\/\/www.art-natur.ch\/fr\/\",\"name\":\"LASHES&amp;BROWS by Nataliya Reinhard\",\"description\":\"High-quality lash and brow services with attention to every detail\",\"potentialAction\":[{\"@type\":\"SearchAction\",\"target\":{\"@type\":\"EntryPoint\",\"urlTemplate\":\"https:\/\/www.art-natur.ch\/fr\/?s={search_term_string}\"},\"query-input\":{\"@type\":\"PropertyValueSpecification\",\"valueRequired\":true,\"valueName\":\"search_term_string\"}}],\"inLanguage\":\"fr-FR\"}]}<\/script>\n<!-- \/ Yoast SEO plugin. -->","yoast_head_json":{"title":"InLei \"ONE\" - recourbe-cils en silicone taille S1 - LASHES&amp;BROWS by Nataliya Reinhard","description":"\"NATURAL CURL\" S1 Le recourbe-cils S1 soul\u00e8ve m\u00eame les cils les plus courts, offrant des cils visiblement plus \u00e9pais et plus longs.","robots":{"index":"index","follow":"follow","max-snippet":"max-snippet:-1","max-image-preview":"max-image-preview:large","max-video-preview":"max-video-preview:-1"},"canonical":"https:\/\/www.art-natur.ch\/fr\/produit\/inlei-one-recourbe-cils-en-silicone-taille-s1\/","og_locale":"fr_FR","og_type":"article","og_title":"InLei \"ONE\" - recourbe-cils en silicone taille S1 - LASHES&amp;BROWS by Nataliya Reinhard","og_description":"\"NATURAL CURL\" S1 Le recourbe-cils S1 soul\u00e8ve m\u00eame les cils les plus courts, offrant des cils visiblement plus \u00e9pais et plus longs.","og_url":"https:\/\/www.art-natur.ch\/fr\/produit\/inlei-one-recourbe-cils-en-silicone-taille-s1\/","og_site_name":"LASHES&amp;BROWS by Nataliya Reinhard","article_modified_time":"2025-01-20T21:16:17+00:00","og_image":[{"width":669,"height":801,"url":"https:\/\/www.art-natur.ch\/wp-content\/uploads\/2024\/09\/2650668410-Photoroom.png","type":"image\/png"}],"twitter_card":"summary_large_image","schema":{"@context":"https:\/\/schema.org","@graph":[{"@type":"WebPage","@id":"https:\/\/www.art-natur.ch\/fr\/produit\/inlei-one-recourbe-cils-en-silicone-taille-s1\/","url":"https:\/\/www.art-natur.ch\/fr\/produit\/inlei-one-recourbe-cils-en-silicone-taille-s1\/","name":"InLei \"ONE\" - recourbe-cils en silicone taille S1 - LASHES&amp;BROWS by Nataliya Reinhard","isPartOf":{"@id":"https:\/\/www.art-natur.ch\/fr\/#website"},"primaryImageOfPage":{"@id":"https:\/\/www.art-natur.ch\/fr\/produit\/inlei-one-recourbe-cils-en-silicone-taille-s1\/#primaryimage"},"image":{"@id":"https:\/\/www.art-natur.ch\/fr\/produit\/inlei-one-recourbe-cils-en-silicone-taille-s1\/#primaryimage"},"thumbnailUrl":"https:\/\/www.art-natur.ch\/wp-content\/uploads\/2024\/09\/2650668410-Photoroom.png","datePublished":"2024-09-25T20:47:50+00:00","dateModified":"2025-01-20T21:16:17+00:00","description":"\"NATURAL CURL\" S1 Le recourbe-cils S1 soul\u00e8ve m\u00eame les cils les plus courts, offrant des cils visiblement plus \u00e9pais et plus longs.","breadcrumb":{"@id":"https:\/\/www.art-natur.ch\/fr\/produit\/inlei-one-recourbe-cils-en-silicone-taille-s1\/#breadcrumb"},"inLanguage":"fr-FR","potentialAction":[{"@type":"ReadAction","target":["https:\/\/www.art-natur.ch\/fr\/produit\/inlei-one-recourbe-cils-en-silicone-taille-s1\/"]}]},{"@type":"ImageObject","inLanguage":"fr-FR","@id":"https:\/\/www.art-natur.ch\/fr\/produit\/inlei-one-recourbe-cils-en-silicone-taille-s1\/#primaryimage","url":"https:\/\/www.art-natur.ch\/wp-content\/uploads\/2024\/09\/2650668410-Photoroom.png","contentUrl":"https:\/\/www.art-natur.ch\/wp-content\/uploads\/2024\/09\/2650668410-Photoroom.png","width":669,"height":801},{"@type":"BreadcrumbList","@id":"https:\/\/www.art-natur.ch\/fr\/produit\/inlei-one-recourbe-cils-en-silicone-taille-s1\/#breadcrumb","itemListElement":[{"@type":"ListItem","position":1,"name":"Home","item":"https:\/\/www.art-natur.ch\/fr\/"},{"@type":"ListItem","position":2,"name":"Boutique","item":"https:\/\/www.art-natur.ch\/shop\/"},{"@type":"ListItem","position":3,"name":"InLei \u00ab\u00a0ONE\u00a0\u00bb &#8211; recourbe-cils en silicone taille S1"}]},{"@type":"WebSite","@id":"https:\/\/www.art-natur.ch\/fr\/#website","url":"https:\/\/www.art-natur.ch\/fr\/","name":"LASHES&amp;BROWS by Nataliya Reinhard","description":"High-quality lash and brow services with attention to every detail","potentialAction":[{"@type":"SearchAction","target":{"@type":"EntryPoint","urlTemplate":"https:\/\/www.art-natur.ch\/fr\/?s={search_term_string}"},"query-input":{"@type":"PropertyValueSpecification","valueRequired":true,"valueName":"search_term_string"}}],"inLanguage":"fr-FR"}]}},"_links":{"self":[{"href":"https:\/\/www.art-natur.ch\/fr\/wp-json\/wp\/v2\/product\/1798","targetHints":{"allow":["GET"]}}],"collection":[{"href":"https:\/\/www.art-natur.ch\/fr\/wp-json\/wp\/v2\/product"}],"about":[{"href":"https:\/\/www.art-natur.ch\/fr\/wp-json\/wp\/v2\/types\/product"}],"wp:featuredmedia":[{"embeddable":true,"href":"https:\/\/www.art-natur.ch\/fr\/wp-json\/wp\/v2\/media\/7789"}],"wp:attachment":[{"href":"https:\/\/www.art-natur.ch\/fr\/wp-json\/wp\/v2\/media?parent=1798"}],"wp:term":[{"taxonomy":"product_cat","embeddable":true,"href":"https:\/\/www.art-natur.ch\/fr\/wp-json\/wp\/v2\/product_cat?post=1798"},{"taxonomy":"product_tag","embeddable":true,"href":"https:\/\/www.art-natur.ch\/fr\/wp-json\/wp\/v2\/product_tag?post=1798"}],"curies":[{"name":"wp","href":"https:\/\/api.w.org\/{rel}","templated":true}]}}