{"id":1817,"date":"2024-09-25T21:53:49","date_gmt":"2024-09-25T20:53:49","guid":{"rendered":"https:\/\/www.art-natur.ch\/product\/inlei-one-silikon-wimpernzange-groesse-xl\/"},"modified":"2024-10-13T22:02:18","modified_gmt":"2024-10-13T20:02:18","slug":"inlei-one-silikon-wimpernzange-groesse-xl","status":"publish","type":"product","link":"https:\/\/www.art-natur.ch\/fr\/produit\/inlei-one-silikon-wimpernzange-groesse-xl\/","title":{"rendered":"InLei \u00ab\u00a0ONE\u00a0\u00bb &#8211; Silikon-Wimpernzange Gr\u00f6\u00dfe XL"},"content":{"rendered":"<p>\u00ab\u00a0PERFECT RICCIOLO\u00a0\u00bb XL. Die XL-Gr\u00f6\u00dfe der Linie \u00ab\u00a0perfect curl\u00a0\u00bb wurde exklusiv f\u00fcr Personen mit langen Wimpern entwickelt. Damit k\u00f6nnen Sie die Wimpern \u00fcber die gesamte L\u00e4nge streuen, ohne die Spitzen zu biegen und h\u00e4ssliche Unregelm\u00e4\u00dfigkeiten bei der Ausrichtung der Wimpern auf dem Lockenwickler zu verursachen. Verleiht eine auff\u00e4llige, kompakte und verf\u00fchrerische Kr\u00fcmmung. Sie werden Ihre Augen nicht mehr von Ihren Kunden abwenden k\u00f6nnen!<\/p>\n<p>100% Made in Italy PLATINIC-Silikon (einzigartig)<\/p>\n<p>Gr\u00f6\u00dfe: XL. Nur f\u00fcr den professionellen Gebrauch.<\/p>\n","protected":false},"excerpt":{"rendered":"<p>\u00ab\u00a0PERFECT RICCIOLO\u00a0\u00bb XL. Die XL-Gr\u00f6\u00dfe der Linie \u00ab\u00a0perfect curl\u00a0\u00bb wurde exklusiv f\u00fcr Personen mit langen Wimpern entwickelt. Damit k\u00f6nnen Sie die Wimpern \u00fcber die gesamte L\u00e4nge streuen, ohne die Spitzen zu biegen und h\u00e4ssliche Unregelm\u00e4\u00dfigkeiten bei der Ausrichtung der Wimpern auf dem Lockenwickler zu verursachen. Verleiht eine auff\u00e4llige, kompakte und verf\u00fchrerische Kr\u00fcmmung. Sie werden Ihre [&hellip;]<\/p>\n","protected":false},"featured_media":7781,"template":"","meta":{"_acf_changed":false,"inline_featured_image":false},"product_cat":[150,154,156,193,207],"product_tag":[],"class_list":{"0":"post-1817","1":"product","2":"type-product","3":"status-publish","4":"has-post-thumbnail","6":"product_brand-in-lei","7":"product_cat-rehaussement-des-cils","8":"product_cat-bigoudis-et-patchs","9":"product_cat-bigoudis","10":"product_cat-produits-connexes","11":"product_cat-consommables-fr","13":"first","14":"instock","15":"shipping-taxable","16":"purchasable","17":"product-type-simple"},"acf":[],"yoast_head":"<!-- This site is optimized with the Yoast SEO plugin v26.6 - https:\/\/yoast.com\/wordpress\/plugins\/seo\/ -->\n<title>InLei &quot;ONE&quot; - Silikon-Wimpernzange Gr\u00f6\u00dfe XL - LASHES&amp;BROWS by Nataliya Reinhard<\/title>\n<meta name=\"description\" content=\"&quot;RICCIOLO PARFAIT&quot; XL La taille XL de la ligne &quot;perfect curl&quot; est con\u00e7ue pour les cils longs, permettant une r\u00e9partition uniforme sans plier les pointes.\" \/>\n<meta name=\"robots\" content=\"index, follow, max-snippet:-1, max-image-preview:large, max-video-preview:-1\" \/>\n<link rel=\"canonical\" href=\"https:\/\/www.art-natur.ch\/fr\/produit\/inlei-one-silikon-wimpernzange-groesse-xl\/\" \/>\n<meta property=\"og:locale\" content=\"fr_FR\" \/>\n<meta property=\"og:type\" content=\"article\" \/>\n<meta property=\"og:title\" content=\"InLei &quot;ONE&quot; - Silikon-Wimpernzange Gr\u00f6\u00dfe XL - LASHES&amp;BROWS by Nataliya Reinhard\" \/>\n<meta property=\"og:description\" content=\"&quot;RICCIOLO PARFAIT&quot; XL La taille XL de la ligne &quot;perfect curl&quot; est con\u00e7ue pour les cils longs, permettant une r\u00e9partition uniforme sans plier les pointes.\" \/>\n<meta property=\"og:url\" content=\"https:\/\/www.art-natur.ch\/fr\/produit\/inlei-one-silikon-wimpernzange-groesse-xl\/\" \/>\n<meta property=\"og:site_name\" content=\"LASHES&amp;BROWS by Nataliya Reinhard\" \/>\n<meta property=\"article:modified_time\" content=\"2024-10-13T20:02:18+00:00\" \/>\n<meta property=\"og:image\" content=\"https:\/\/www.art-natur.ch\/wp-content\/uploads\/2024\/09\/2629174696-Photoroom.png\" \/>\n\t<meta property=\"og:image:width\" content=\"720\" \/>\n\t<meta property=\"og:image:height\" content=\"720\" \/>\n\t<meta property=\"og:image:type\" content=\"image\/png\" \/>\n<meta name=\"twitter:card\" content=\"summary_large_image\" \/>\n<script type=\"application\/ld+json\" class=\"yoast-schema-graph\">{\"@context\":\"https:\/\/schema.org\",\"@graph\":[{\"@type\":\"WebPage\",\"@id\":\"https:\/\/www.art-natur.ch\/fr\/produit\/inlei-one-silikon-wimpernzange-groesse-xl\/\",\"url\":\"https:\/\/www.art-natur.ch\/fr\/produit\/inlei-one-silikon-wimpernzange-groesse-xl\/\",\"name\":\"InLei \\\"ONE\\\" - Silikon-Wimpernzange Gr\u00f6\u00dfe XL - LASHES&amp;BROWS by Nataliya Reinhard\",\"isPartOf\":{\"@id\":\"https:\/\/www.art-natur.ch\/fr\/#website\"},\"primaryImageOfPage\":{\"@id\":\"https:\/\/www.art-natur.ch\/fr\/produit\/inlei-one-silikon-wimpernzange-groesse-xl\/#primaryimage\"},\"image\":{\"@id\":\"https:\/\/www.art-natur.ch\/fr\/produit\/inlei-one-silikon-wimpernzange-groesse-xl\/#primaryimage\"},\"thumbnailUrl\":\"https:\/\/www.art-natur.ch\/wp-content\/uploads\/2024\/09\/2629174696-Photoroom.png\",\"datePublished\":\"2024-09-25T20:53:49+00:00\",\"dateModified\":\"2024-10-13T20:02:18+00:00\",\"description\":\"\\\"RICCIOLO PARFAIT\\\" XL La taille XL de la ligne \\\"perfect curl\\\" est con\u00e7ue pour les cils longs, permettant une r\u00e9partition uniforme sans plier les pointes.\",\"breadcrumb\":{\"@id\":\"https:\/\/www.art-natur.ch\/fr\/produit\/inlei-one-silikon-wimpernzange-groesse-xl\/#breadcrumb\"},\"inLanguage\":\"fr-FR\",\"potentialAction\":[{\"@type\":\"ReadAction\",\"target\":[\"https:\/\/www.art-natur.ch\/fr\/produit\/inlei-one-silikon-wimpernzange-groesse-xl\/\"]}]},{\"@type\":\"ImageObject\",\"inLanguage\":\"fr-FR\",\"@id\":\"https:\/\/www.art-natur.ch\/fr\/produit\/inlei-one-silikon-wimpernzange-groesse-xl\/#primaryimage\",\"url\":\"https:\/\/www.art-natur.ch\/wp-content\/uploads\/2024\/09\/2629174696-Photoroom.png\",\"contentUrl\":\"https:\/\/www.art-natur.ch\/wp-content\/uploads\/2024\/09\/2629174696-Photoroom.png\",\"width\":720,\"height\":720},{\"@type\":\"BreadcrumbList\",\"@id\":\"https:\/\/www.art-natur.ch\/fr\/produit\/inlei-one-silikon-wimpernzange-groesse-xl\/#breadcrumb\",\"itemListElement\":[{\"@type\":\"ListItem\",\"position\":1,\"name\":\"Home\",\"item\":\"https:\/\/www.art-natur.ch\/fr\/\"},{\"@type\":\"ListItem\",\"position\":2,\"name\":\"Boutique\",\"item\":\"https:\/\/www.art-natur.ch\/shop\/\"},{\"@type\":\"ListItem\",\"position\":3,\"name\":\"InLei &#8222;ONE&#8220; &#8211; Silikon-Wimpernzange Gr\u00f6\u00dfe XL\"}]},{\"@type\":\"WebSite\",\"@id\":\"https:\/\/www.art-natur.ch\/fr\/#website\",\"url\":\"https:\/\/www.art-natur.ch\/fr\/\",\"name\":\"LASHES&amp;BROWS by Nataliya Reinhard\",\"description\":\"High-quality lash and brow services with attention to every detail\",\"potentialAction\":[{\"@type\":\"SearchAction\",\"target\":{\"@type\":\"EntryPoint\",\"urlTemplate\":\"https:\/\/www.art-natur.ch\/fr\/?s={search_term_string}\"},\"query-input\":{\"@type\":\"PropertyValueSpecification\",\"valueRequired\":true,\"valueName\":\"search_term_string\"}}],\"inLanguage\":\"fr-FR\"}]}<\/script>\n<!-- \/ Yoast SEO plugin. -->","yoast_head_json":{"title":"InLei \"ONE\" - Silikon-Wimpernzange Gr\u00f6\u00dfe XL - LASHES&amp;BROWS by Nataliya Reinhard","description":"\"RICCIOLO PARFAIT\" XL La taille XL de la ligne \"perfect curl\" est con\u00e7ue pour les cils longs, permettant une r\u00e9partition uniforme sans plier les pointes.","robots":{"index":"index","follow":"follow","max-snippet":"max-snippet:-1","max-image-preview":"max-image-preview:large","max-video-preview":"max-video-preview:-1"},"canonical":"https:\/\/www.art-natur.ch\/fr\/produit\/inlei-one-silikon-wimpernzange-groesse-xl\/","og_locale":"fr_FR","og_type":"article","og_title":"InLei \"ONE\" - Silikon-Wimpernzange Gr\u00f6\u00dfe XL - LASHES&amp;BROWS by Nataliya Reinhard","og_description":"\"RICCIOLO PARFAIT\" XL La taille XL de la ligne \"perfect curl\" est con\u00e7ue pour les cils longs, permettant une r\u00e9partition uniforme sans plier les pointes.","og_url":"https:\/\/www.art-natur.ch\/fr\/produit\/inlei-one-silikon-wimpernzange-groesse-xl\/","og_site_name":"LASHES&amp;BROWS by Nataliya Reinhard","article_modified_time":"2024-10-13T20:02:18+00:00","og_image":[{"width":720,"height":720,"url":"https:\/\/www.art-natur.ch\/wp-content\/uploads\/2024\/09\/2629174696-Photoroom.png","type":"image\/png"}],"twitter_card":"summary_large_image","schema":{"@context":"https:\/\/schema.org","@graph":[{"@type":"WebPage","@id":"https:\/\/www.art-natur.ch\/fr\/produit\/inlei-one-silikon-wimpernzange-groesse-xl\/","url":"https:\/\/www.art-natur.ch\/fr\/produit\/inlei-one-silikon-wimpernzange-groesse-xl\/","name":"InLei \"ONE\" - Silikon-Wimpernzange Gr\u00f6\u00dfe XL - LASHES&amp;BROWS by Nataliya Reinhard","isPartOf":{"@id":"https:\/\/www.art-natur.ch\/fr\/#website"},"primaryImageOfPage":{"@id":"https:\/\/www.art-natur.ch\/fr\/produit\/inlei-one-silikon-wimpernzange-groesse-xl\/#primaryimage"},"image":{"@id":"https:\/\/www.art-natur.ch\/fr\/produit\/inlei-one-silikon-wimpernzange-groesse-xl\/#primaryimage"},"thumbnailUrl":"https:\/\/www.art-natur.ch\/wp-content\/uploads\/2024\/09\/2629174696-Photoroom.png","datePublished":"2024-09-25T20:53:49+00:00","dateModified":"2024-10-13T20:02:18+00:00","description":"\"RICCIOLO PARFAIT\" XL La taille XL de la ligne \"perfect curl\" est con\u00e7ue pour les cils longs, permettant une r\u00e9partition uniforme sans plier les pointes.","breadcrumb":{"@id":"https:\/\/www.art-natur.ch\/fr\/produit\/inlei-one-silikon-wimpernzange-groesse-xl\/#breadcrumb"},"inLanguage":"fr-FR","potentialAction":[{"@type":"ReadAction","target":["https:\/\/www.art-natur.ch\/fr\/produit\/inlei-one-silikon-wimpernzange-groesse-xl\/"]}]},{"@type":"ImageObject","inLanguage":"fr-FR","@id":"https:\/\/www.art-natur.ch\/fr\/produit\/inlei-one-silikon-wimpernzange-groesse-xl\/#primaryimage","url":"https:\/\/www.art-natur.ch\/wp-content\/uploads\/2024\/09\/2629174696-Photoroom.png","contentUrl":"https:\/\/www.art-natur.ch\/wp-content\/uploads\/2024\/09\/2629174696-Photoroom.png","width":720,"height":720},{"@type":"BreadcrumbList","@id":"https:\/\/www.art-natur.ch\/fr\/produit\/inlei-one-silikon-wimpernzange-groesse-xl\/#breadcrumb","itemListElement":[{"@type":"ListItem","position":1,"name":"Home","item":"https:\/\/www.art-natur.ch\/fr\/"},{"@type":"ListItem","position":2,"name":"Boutique","item":"https:\/\/www.art-natur.ch\/shop\/"},{"@type":"ListItem","position":3,"name":"InLei &#8222;ONE&#8220; &#8211; Silikon-Wimpernzange Gr\u00f6\u00dfe XL"}]},{"@type":"WebSite","@id":"https:\/\/www.art-natur.ch\/fr\/#website","url":"https:\/\/www.art-natur.ch\/fr\/","name":"LASHES&amp;BROWS by Nataliya Reinhard","description":"High-quality lash and brow services with attention to every detail","potentialAction":[{"@type":"SearchAction","target":{"@type":"EntryPoint","urlTemplate":"https:\/\/www.art-natur.ch\/fr\/?s={search_term_string}"},"query-input":{"@type":"PropertyValueSpecification","valueRequired":true,"valueName":"search_term_string"}}],"inLanguage":"fr-FR"}]}},"_links":{"self":[{"href":"https:\/\/www.art-natur.ch\/fr\/wp-json\/wp\/v2\/product\/1817","targetHints":{"allow":["GET"]}}],"collection":[{"href":"https:\/\/www.art-natur.ch\/fr\/wp-json\/wp\/v2\/product"}],"about":[{"href":"https:\/\/www.art-natur.ch\/fr\/wp-json\/wp\/v2\/types\/product"}],"wp:featuredmedia":[{"embeddable":true,"href":"https:\/\/www.art-natur.ch\/fr\/wp-json\/wp\/v2\/media\/7781"}],"wp:attachment":[{"href":"https:\/\/www.art-natur.ch\/fr\/wp-json\/wp\/v2\/media?parent=1817"}],"wp:term":[{"taxonomy":"product_cat","embeddable":true,"href":"https:\/\/www.art-natur.ch\/fr\/wp-json\/wp\/v2\/product_cat?post=1817"},{"taxonomy":"product_tag","embeddable":true,"href":"https:\/\/www.art-natur.ch\/fr\/wp-json\/wp\/v2\/product_tag?post=1817"}],"curies":[{"name":"wp","href":"https:\/\/api.w.org\/{rel}","templated":true}]}}