{"id":1836,"date":"2024-09-25T22:00:19","date_gmt":"2024-09-25T21:00:19","guid":{"rendered":"https:\/\/www.art-natur.ch\/product\/inlei-one-recourbe-cils-en-silicone-taille-xl1\/"},"modified":"2024-10-13T21:59:46","modified_gmt":"2024-10-13T19:59:46","slug":"inlei-one-recourbe-cils-en-silicone-taille-xl1","status":"publish","type":"product","link":"https:\/\/www.art-natur.ch\/fr\/produit\/inlei-one-recourbe-cils-en-silicone-taille-xl1\/","title":{"rendered":"InLei \u00ab\u00a0ONE\u00a0\u00bb &#8211; recourbe-cils en silicone taille XL1"},"content":{"rendered":"<p>\u00ab\u00a0COUSSINS DE LEVAGE\u00a0\u00bb XL1<\/p>\n<p>Le coussinets en silicone pour le rehaussement des cils taille XL1, de la ligne \u00ab\u00a0Natural Curl\u00a0\u00bb est con\u00e7u pour les cils naturels de taille moyenne.<\/p>\n<p>TAMPONS ELEVATEURS &#8211; Ce sont des tampons l\u00e9g\u00e8rement inclin\u00e9s qui cr\u00e9ent un effet liftant et ouvrent la zone des racines (effet d&rsquo;\u0153il ouvert et de cils plus longs) \u2800.<\/p>\n<p>Convient pour :<\/p>\n<p>&#8211; paupi\u00e8re normale<\/p>\n<p>&#8211; Cils naturels avec leur propre petite courbure<\/p>\n<p>Vous appliquez la Lifting Lotion #1 sur ces coussinets un peu plus haut au-dessus du centre, au point le plus \u00e9lev\u00e9 de la boucle.<\/p>\n<p>100% Made in Italy<\/p>\n<p>Silicone PLATINIQUE (unique)<\/p>\n<p>Taille : XL1<\/p>\n<p>Pour un usage professionnel uniquement.<\/p>\n","protected":false},"excerpt":{"rendered":"<p>\u00ab\u00a0COUSSINS DE LEVAGE\u00a0\u00bb XL1 Le coussinets en silicone pour le rehaussement des cils taille XL1, de la ligne \u00ab\u00a0Natural Curl\u00a0\u00bb est con\u00e7u pour les cils naturels de taille moyenne. TAMPONS ELEVATEURS &#8211; Ce sont des tampons l\u00e9g\u00e8rement inclin\u00e9s qui cr\u00e9ent un effet liftant et ouvrent la zone des racines (effet d&rsquo;\u0153il ouvert et de cils [&hellip;]<\/p>\n","protected":false},"featured_media":7757,"template":"","meta":{"_acf_changed":false,"inline_featured_image":false},"product_cat":[150,154,156,193,207],"product_tag":[],"class_list":{"0":"post-1836","1":"product","2":"type-product","3":"status-publish","4":"has-post-thumbnail","6":"product_brand-in-lei","7":"product_cat-rehaussement-des-cils","8":"product_cat-bigoudis-et-patchs","9":"product_cat-bigoudis","10":"product_cat-produits-connexes","11":"product_cat-consommables-fr","13":"first","14":"instock","15":"shipping-taxable","16":"purchasable","17":"product-type-simple"},"acf":[],"yoast_head":"<!-- This site is optimized with the Yoast SEO plugin v26.6 - https:\/\/yoast.com\/wordpress\/plugins\/seo\/ -->\n<title>InLei &quot;ONE&quot; - recourbe-cils en silicone taille XL1 - LASHES&amp;BROWS by Nataliya Reinhard<\/title>\n<meta name=\"description\" content=\"&quot;COUSSINS DE LEVAGE&quot; XL1 Les coussinets en silicone XL1 pour le rehaussement des cils cr\u00e9ent un effet liftant et ouvrent la zone des racines pour les cils naturels de taille moyenne.\" \/>\n<meta name=\"robots\" content=\"index, follow, max-snippet:-1, max-image-preview:large, max-video-preview:-1\" \/>\n<link rel=\"canonical\" href=\"https:\/\/www.art-natur.ch\/fr\/produit\/inlei-one-recourbe-cils-en-silicone-taille-xl1\/\" \/>\n<meta property=\"og:locale\" content=\"fr_FR\" \/>\n<meta property=\"og:type\" content=\"article\" \/>\n<meta property=\"og:title\" content=\"InLei &quot;ONE&quot; - recourbe-cils en silicone taille XL1 - LASHES&amp;BROWS by Nataliya Reinhard\" \/>\n<meta property=\"og:description\" content=\"&quot;COUSSINS DE LEVAGE&quot; XL1 Les coussinets en silicone XL1 pour le rehaussement des cils cr\u00e9ent un effet liftant et ouvrent la zone des racines pour les cils naturels de taille moyenne.\" \/>\n<meta property=\"og:url\" content=\"https:\/\/www.art-natur.ch\/fr\/produit\/inlei-one-recourbe-cils-en-silicone-taille-xl1\/\" \/>\n<meta property=\"og:site_name\" content=\"LASHES&amp;BROWS by Nataliya Reinhard\" \/>\n<meta property=\"article:modified_time\" content=\"2024-10-13T19:59:46+00:00\" \/>\n<meta property=\"og:image\" content=\"https:\/\/www.art-natur.ch\/wp-content\/uploads\/2024\/09\/2650693958-Photoroom.png\" \/>\n\t<meta property=\"og:image:width\" content=\"669\" \/>\n\t<meta property=\"og:image:height\" content=\"801\" \/>\n\t<meta property=\"og:image:type\" content=\"image\/png\" \/>\n<meta name=\"twitter:card\" content=\"summary_large_image\" \/>\n<meta name=\"twitter:label1\" content=\"Dur\u00e9e de lecture estim\u00e9e\" \/>\n\t<meta name=\"twitter:data1\" content=\"1 minute\" \/>\n<script type=\"application\/ld+json\" class=\"yoast-schema-graph\">{\"@context\":\"https:\/\/schema.org\",\"@graph\":[{\"@type\":\"WebPage\",\"@id\":\"https:\/\/www.art-natur.ch\/fr\/produit\/inlei-one-recourbe-cils-en-silicone-taille-xl1\/\",\"url\":\"https:\/\/www.art-natur.ch\/fr\/produit\/inlei-one-recourbe-cils-en-silicone-taille-xl1\/\",\"name\":\"InLei \\\"ONE\\\" - recourbe-cils en silicone taille XL1 - LASHES&amp;BROWS by Nataliya Reinhard\",\"isPartOf\":{\"@id\":\"https:\/\/www.art-natur.ch\/fr\/#website\"},\"primaryImageOfPage\":{\"@id\":\"https:\/\/www.art-natur.ch\/fr\/produit\/inlei-one-recourbe-cils-en-silicone-taille-xl1\/#primaryimage\"},\"image\":{\"@id\":\"https:\/\/www.art-natur.ch\/fr\/produit\/inlei-one-recourbe-cils-en-silicone-taille-xl1\/#primaryimage\"},\"thumbnailUrl\":\"https:\/\/www.art-natur.ch\/wp-content\/uploads\/2024\/09\/2650693958-Photoroom.png\",\"datePublished\":\"2024-09-25T21:00:19+00:00\",\"dateModified\":\"2024-10-13T19:59:46+00:00\",\"description\":\"\\\"COUSSINS DE LEVAGE\\\" XL1 Les coussinets en silicone XL1 pour le rehaussement des cils cr\u00e9ent un effet liftant et ouvrent la zone des racines pour les cils naturels de taille moyenne.\",\"breadcrumb\":{\"@id\":\"https:\/\/www.art-natur.ch\/fr\/produit\/inlei-one-recourbe-cils-en-silicone-taille-xl1\/#breadcrumb\"},\"inLanguage\":\"fr-FR\",\"potentialAction\":[{\"@type\":\"ReadAction\",\"target\":[\"https:\/\/www.art-natur.ch\/fr\/produit\/inlei-one-recourbe-cils-en-silicone-taille-xl1\/\"]}]},{\"@type\":\"ImageObject\",\"inLanguage\":\"fr-FR\",\"@id\":\"https:\/\/www.art-natur.ch\/fr\/produit\/inlei-one-recourbe-cils-en-silicone-taille-xl1\/#primaryimage\",\"url\":\"https:\/\/www.art-natur.ch\/wp-content\/uploads\/2024\/09\/2650693958-Photoroom.png\",\"contentUrl\":\"https:\/\/www.art-natur.ch\/wp-content\/uploads\/2024\/09\/2650693958-Photoroom.png\",\"width\":669,\"height\":801},{\"@type\":\"BreadcrumbList\",\"@id\":\"https:\/\/www.art-natur.ch\/fr\/produit\/inlei-one-recourbe-cils-en-silicone-taille-xl1\/#breadcrumb\",\"itemListElement\":[{\"@type\":\"ListItem\",\"position\":1,\"name\":\"Home\",\"item\":\"https:\/\/www.art-natur.ch\/fr\/\"},{\"@type\":\"ListItem\",\"position\":2,\"name\":\"Boutique\",\"item\":\"https:\/\/www.art-natur.ch\/shop\/\"},{\"@type\":\"ListItem\",\"position\":3,\"name\":\"InLei &#8222;ONE&#8220; &#8211; recourbe-cils en silicone taille XL1\"}]},{\"@type\":\"WebSite\",\"@id\":\"https:\/\/www.art-natur.ch\/fr\/#website\",\"url\":\"https:\/\/www.art-natur.ch\/fr\/\",\"name\":\"LASHES&amp;BROWS by Nataliya Reinhard\",\"description\":\"High-quality lash and brow services with attention to every detail\",\"potentialAction\":[{\"@type\":\"SearchAction\",\"target\":{\"@type\":\"EntryPoint\",\"urlTemplate\":\"https:\/\/www.art-natur.ch\/fr\/?s={search_term_string}\"},\"query-input\":{\"@type\":\"PropertyValueSpecification\",\"valueRequired\":true,\"valueName\":\"search_term_string\"}}],\"inLanguage\":\"fr-FR\"}]}<\/script>\n<!-- \/ Yoast SEO plugin. -->","yoast_head_json":{"title":"InLei \"ONE\" - recourbe-cils en silicone taille XL1 - LASHES&amp;BROWS by Nataliya Reinhard","description":"\"COUSSINS DE LEVAGE\" XL1 Les coussinets en silicone XL1 pour le rehaussement des cils cr\u00e9ent un effet liftant et ouvrent la zone des racines pour les cils naturels de taille moyenne.","robots":{"index":"index","follow":"follow","max-snippet":"max-snippet:-1","max-image-preview":"max-image-preview:large","max-video-preview":"max-video-preview:-1"},"canonical":"https:\/\/www.art-natur.ch\/fr\/produit\/inlei-one-recourbe-cils-en-silicone-taille-xl1\/","og_locale":"fr_FR","og_type":"article","og_title":"InLei \"ONE\" - recourbe-cils en silicone taille XL1 - LASHES&amp;BROWS by Nataliya Reinhard","og_description":"\"COUSSINS DE LEVAGE\" XL1 Les coussinets en silicone XL1 pour le rehaussement des cils cr\u00e9ent un effet liftant et ouvrent la zone des racines pour les cils naturels de taille moyenne.","og_url":"https:\/\/www.art-natur.ch\/fr\/produit\/inlei-one-recourbe-cils-en-silicone-taille-xl1\/","og_site_name":"LASHES&amp;BROWS by Nataliya Reinhard","article_modified_time":"2024-10-13T19:59:46+00:00","og_image":[{"width":669,"height":801,"url":"https:\/\/www.art-natur.ch\/wp-content\/uploads\/2024\/09\/2650693958-Photoroom.png","type":"image\/png"}],"twitter_card":"summary_large_image","twitter_misc":{"Dur\u00e9e de lecture estim\u00e9e":"1 minute"},"schema":{"@context":"https:\/\/schema.org","@graph":[{"@type":"WebPage","@id":"https:\/\/www.art-natur.ch\/fr\/produit\/inlei-one-recourbe-cils-en-silicone-taille-xl1\/","url":"https:\/\/www.art-natur.ch\/fr\/produit\/inlei-one-recourbe-cils-en-silicone-taille-xl1\/","name":"InLei \"ONE\" - recourbe-cils en silicone taille XL1 - LASHES&amp;BROWS by Nataliya Reinhard","isPartOf":{"@id":"https:\/\/www.art-natur.ch\/fr\/#website"},"primaryImageOfPage":{"@id":"https:\/\/www.art-natur.ch\/fr\/produit\/inlei-one-recourbe-cils-en-silicone-taille-xl1\/#primaryimage"},"image":{"@id":"https:\/\/www.art-natur.ch\/fr\/produit\/inlei-one-recourbe-cils-en-silicone-taille-xl1\/#primaryimage"},"thumbnailUrl":"https:\/\/www.art-natur.ch\/wp-content\/uploads\/2024\/09\/2650693958-Photoroom.png","datePublished":"2024-09-25T21:00:19+00:00","dateModified":"2024-10-13T19:59:46+00:00","description":"\"COUSSINS DE LEVAGE\" XL1 Les coussinets en silicone XL1 pour le rehaussement des cils cr\u00e9ent un effet liftant et ouvrent la zone des racines pour les cils naturels de taille moyenne.","breadcrumb":{"@id":"https:\/\/www.art-natur.ch\/fr\/produit\/inlei-one-recourbe-cils-en-silicone-taille-xl1\/#breadcrumb"},"inLanguage":"fr-FR","potentialAction":[{"@type":"ReadAction","target":["https:\/\/www.art-natur.ch\/fr\/produit\/inlei-one-recourbe-cils-en-silicone-taille-xl1\/"]}]},{"@type":"ImageObject","inLanguage":"fr-FR","@id":"https:\/\/www.art-natur.ch\/fr\/produit\/inlei-one-recourbe-cils-en-silicone-taille-xl1\/#primaryimage","url":"https:\/\/www.art-natur.ch\/wp-content\/uploads\/2024\/09\/2650693958-Photoroom.png","contentUrl":"https:\/\/www.art-natur.ch\/wp-content\/uploads\/2024\/09\/2650693958-Photoroom.png","width":669,"height":801},{"@type":"BreadcrumbList","@id":"https:\/\/www.art-natur.ch\/fr\/produit\/inlei-one-recourbe-cils-en-silicone-taille-xl1\/#breadcrumb","itemListElement":[{"@type":"ListItem","position":1,"name":"Home","item":"https:\/\/www.art-natur.ch\/fr\/"},{"@type":"ListItem","position":2,"name":"Boutique","item":"https:\/\/www.art-natur.ch\/shop\/"},{"@type":"ListItem","position":3,"name":"InLei &#8222;ONE&#8220; &#8211; recourbe-cils en silicone taille XL1"}]},{"@type":"WebSite","@id":"https:\/\/www.art-natur.ch\/fr\/#website","url":"https:\/\/www.art-natur.ch\/fr\/","name":"LASHES&amp;BROWS by Nataliya Reinhard","description":"High-quality lash and brow services with attention to every detail","potentialAction":[{"@type":"SearchAction","target":{"@type":"EntryPoint","urlTemplate":"https:\/\/www.art-natur.ch\/fr\/?s={search_term_string}"},"query-input":{"@type":"PropertyValueSpecification","valueRequired":true,"valueName":"search_term_string"}}],"inLanguage":"fr-FR"}]}},"_links":{"self":[{"href":"https:\/\/www.art-natur.ch\/fr\/wp-json\/wp\/v2\/product\/1836","targetHints":{"allow":["GET"]}}],"collection":[{"href":"https:\/\/www.art-natur.ch\/fr\/wp-json\/wp\/v2\/product"}],"about":[{"href":"https:\/\/www.art-natur.ch\/fr\/wp-json\/wp\/v2\/types\/product"}],"wp:featuredmedia":[{"embeddable":true,"href":"https:\/\/www.art-natur.ch\/fr\/wp-json\/wp\/v2\/media\/7757"}],"wp:attachment":[{"href":"https:\/\/www.art-natur.ch\/fr\/wp-json\/wp\/v2\/media?parent=1836"}],"wp:term":[{"taxonomy":"product_cat","embeddable":true,"href":"https:\/\/www.art-natur.ch\/fr\/wp-json\/wp\/v2\/product_cat?post=1836"},{"taxonomy":"product_tag","embeddable":true,"href":"https:\/\/www.art-natur.ch\/fr\/wp-json\/wp\/v2\/product_tag?post=1836"}],"curies":[{"name":"wp","href":"https:\/\/api.w.org\/{rel}","templated":true}]}}