{"id":1859,"date":"2024-09-25T22:08:39","date_gmt":"2024-09-25T21:08:39","guid":{"rendered":"https:\/\/www.art-natur.ch\/product\/inlei-one-tampons-en-silicone-taille-m\/"},"modified":"2025-01-18T21:32:02","modified_gmt":"2025-01-18T20:32:02","slug":"inlei-one-tampons-en-silicone-taille-m","status":"publish","type":"product","link":"https:\/\/www.art-natur.ch\/fr\/produit\/inlei-one-tampons-en-silicone-taille-m\/","title":{"rendered":"InLei ONE &#8211; Tampons en silicone taille M"},"content":{"rendered":"<p>Le tampon de taille M, la ligne de \u00ab\u00a0courbure naturelle\u00a0\u00bb, est la courbure la plus couramment utilis\u00e9e pour les cils de longueur moyenne. Le recourbeur est fabriqu\u00e9 en silicone souple, ce qui vous aide \u00e0 dessiner les cils en une ligne lin\u00e9aire parfaite. Pour faire le bon choix pour votre cliente, vous devez mesurer la longueur des cils qui doit d\u00e9passer la moiti\u00e9 du coussinet mais la pointe ne doit pas se trouver dans le pli de celui-ci. Le pav\u00e9 M donne un effet naturel mais en m\u00eame temps accrocheur.<\/p>\n<p>100% Made in Italy<br \/>\nPLATIN silicone (unique), autoclavable !<br \/>\nTaille : M<br \/>\nPour un usage professionnel uniquement<\/p>\n","protected":false},"excerpt":{"rendered":"<p>Le tampon de taille M, la ligne de \u00ab\u00a0courbure naturelle\u00a0\u00bb, est la courbure la plus couramment utilis\u00e9e pour les cils de longueur moyenne. Le recourbeur est fabriqu\u00e9 en silicone souple, ce qui vous aide \u00e0 dessiner les cils en une ligne lin\u00e9aire parfaite. Pour faire le bon choix pour votre cliente, vous devez mesurer la [&hellip;]<\/p>\n","protected":false},"featured_media":7745,"template":"","meta":{"_acf_changed":false,"inline_featured_image":false},"product_cat":[150,154,156,193,207],"product_tag":[],"class_list":{"0":"post-1859","1":"product","2":"type-product","3":"status-publish","4":"has-post-thumbnail","6":"product_brand-in-lei","7":"product_cat-rehaussement-des-cils","8":"product_cat-bigoudis-et-patchs","9":"product_cat-bigoudis","10":"product_cat-produits-connexes","11":"product_cat-consommables-fr","13":"first","14":"instock","15":"shipping-taxable","16":"purchasable","17":"product-type-simple"},"acf":[],"yoast_head":"<!-- This site is optimized with the Yoast SEO plugin v26.6 - https:\/\/yoast.com\/wordpress\/plugins\/seo\/ -->\n<title>InLei ONE - Tampons en silicone taille M - LASHES&amp;BROWS by Nataliya Reinhard<\/title>\n<meta name=\"description\" content=\"Le M-Pad de la ligne &quot;Boucles Naturelles&quot; est id\u00e9al pour les cils de longueur moyenne. En silicone doux pour un maintien parfait, autoclaveable !\" \/>\n<meta name=\"robots\" content=\"index, follow, max-snippet:-1, max-image-preview:large, max-video-preview:-1\" \/>\n<link rel=\"canonical\" href=\"https:\/\/www.art-natur.ch\/fr\/produit\/inlei-one-tampons-en-silicone-taille-m\/\" \/>\n<meta property=\"og:locale\" content=\"fr_FR\" \/>\n<meta property=\"og:type\" content=\"article\" \/>\n<meta property=\"og:title\" content=\"InLei ONE - Tampons en silicone taille M - LASHES&amp;BROWS by Nataliya Reinhard\" \/>\n<meta property=\"og:description\" content=\"Le M-Pad de la ligne &quot;Boucles Naturelles&quot; est id\u00e9al pour les cils de longueur moyenne. En silicone doux pour un maintien parfait, autoclaveable !\" \/>\n<meta property=\"og:url\" content=\"https:\/\/www.art-natur.ch\/fr\/produit\/inlei-one-tampons-en-silicone-taille-m\/\" \/>\n<meta property=\"og:site_name\" content=\"LASHES&amp;BROWS by Nataliya Reinhard\" \/>\n<meta property=\"article:modified_time\" content=\"2025-01-18T20:32:02+00:00\" \/>\n<meta property=\"og:image\" content=\"https:\/\/www.art-natur.ch\/wp-content\/uploads\/2024\/09\/2628682353-Photoroom.png\" \/>\n\t<meta property=\"og:image:width\" content=\"720\" \/>\n\t<meta property=\"og:image:height\" content=\"720\" \/>\n\t<meta property=\"og:image:type\" content=\"image\/png\" \/>\n<meta name=\"twitter:card\" content=\"summary_large_image\" \/>\n<meta name=\"twitter:label1\" content=\"Dur\u00e9e de lecture estim\u00e9e\" \/>\n\t<meta name=\"twitter:data1\" content=\"1 minute\" \/>\n<script type=\"application\/ld+json\" class=\"yoast-schema-graph\">{\"@context\":\"https:\/\/schema.org\",\"@graph\":[{\"@type\":\"WebPage\",\"@id\":\"https:\/\/www.art-natur.ch\/fr\/produit\/inlei-one-tampons-en-silicone-taille-m\/\",\"url\":\"https:\/\/www.art-natur.ch\/fr\/produit\/inlei-one-tampons-en-silicone-taille-m\/\",\"name\":\"InLei ONE - Tampons en silicone taille M - LASHES&amp;BROWS by Nataliya Reinhard\",\"isPartOf\":{\"@id\":\"https:\/\/www.art-natur.ch\/fr\/#website\"},\"primaryImageOfPage\":{\"@id\":\"https:\/\/www.art-natur.ch\/fr\/produit\/inlei-one-tampons-en-silicone-taille-m\/#primaryimage\"},\"image\":{\"@id\":\"https:\/\/www.art-natur.ch\/fr\/produit\/inlei-one-tampons-en-silicone-taille-m\/#primaryimage\"},\"thumbnailUrl\":\"https:\/\/www.art-natur.ch\/wp-content\/uploads\/2024\/09\/2628682353-Photoroom.png\",\"datePublished\":\"2024-09-25T21:08:39+00:00\",\"dateModified\":\"2025-01-18T20:32:02+00:00\",\"description\":\"Le M-Pad de la ligne \\\"Boucles Naturelles\\\" est id\u00e9al pour les cils de longueur moyenne. En silicone doux pour un maintien parfait, autoclaveable !\",\"breadcrumb\":{\"@id\":\"https:\/\/www.art-natur.ch\/fr\/produit\/inlei-one-tampons-en-silicone-taille-m\/#breadcrumb\"},\"inLanguage\":\"fr-FR\",\"potentialAction\":[{\"@type\":\"ReadAction\",\"target\":[\"https:\/\/www.art-natur.ch\/fr\/produit\/inlei-one-tampons-en-silicone-taille-m\/\"]}]},{\"@type\":\"ImageObject\",\"inLanguage\":\"fr-FR\",\"@id\":\"https:\/\/www.art-natur.ch\/fr\/produit\/inlei-one-tampons-en-silicone-taille-m\/#primaryimage\",\"url\":\"https:\/\/www.art-natur.ch\/wp-content\/uploads\/2024\/09\/2628682353-Photoroom.png\",\"contentUrl\":\"https:\/\/www.art-natur.ch\/wp-content\/uploads\/2024\/09\/2628682353-Photoroom.png\",\"width\":720,\"height\":720},{\"@type\":\"BreadcrumbList\",\"@id\":\"https:\/\/www.art-natur.ch\/fr\/produit\/inlei-one-tampons-en-silicone-taille-m\/#breadcrumb\",\"itemListElement\":[{\"@type\":\"ListItem\",\"position\":1,\"name\":\"Home\",\"item\":\"https:\/\/www.art-natur.ch\/fr\/\"},{\"@type\":\"ListItem\",\"position\":2,\"name\":\"Boutique\",\"item\":\"https:\/\/www.art-natur.ch\/shop\/\"},{\"@type\":\"ListItem\",\"position\":3,\"name\":\"InLei ONE &#8211; Tampons en silicone taille M\"}]},{\"@type\":\"WebSite\",\"@id\":\"https:\/\/www.art-natur.ch\/fr\/#website\",\"url\":\"https:\/\/www.art-natur.ch\/fr\/\",\"name\":\"LASHES&amp;BROWS by Nataliya Reinhard\",\"description\":\"High-quality lash and brow services with attention to every detail\",\"potentialAction\":[{\"@type\":\"SearchAction\",\"target\":{\"@type\":\"EntryPoint\",\"urlTemplate\":\"https:\/\/www.art-natur.ch\/fr\/?s={search_term_string}\"},\"query-input\":{\"@type\":\"PropertyValueSpecification\",\"valueRequired\":true,\"valueName\":\"search_term_string\"}}],\"inLanguage\":\"fr-FR\"}]}<\/script>\n<!-- \/ Yoast SEO plugin. -->","yoast_head_json":{"title":"InLei ONE - Tampons en silicone taille M - LASHES&amp;BROWS by Nataliya Reinhard","description":"Le M-Pad de la ligne \"Boucles Naturelles\" est id\u00e9al pour les cils de longueur moyenne. En silicone doux pour un maintien parfait, autoclaveable !","robots":{"index":"index","follow":"follow","max-snippet":"max-snippet:-1","max-image-preview":"max-image-preview:large","max-video-preview":"max-video-preview:-1"},"canonical":"https:\/\/www.art-natur.ch\/fr\/produit\/inlei-one-tampons-en-silicone-taille-m\/","og_locale":"fr_FR","og_type":"article","og_title":"InLei ONE - Tampons en silicone taille M - LASHES&amp;BROWS by Nataliya Reinhard","og_description":"Le M-Pad de la ligne \"Boucles Naturelles\" est id\u00e9al pour les cils de longueur moyenne. En silicone doux pour un maintien parfait, autoclaveable !","og_url":"https:\/\/www.art-natur.ch\/fr\/produit\/inlei-one-tampons-en-silicone-taille-m\/","og_site_name":"LASHES&amp;BROWS by Nataliya Reinhard","article_modified_time":"2025-01-18T20:32:02+00:00","og_image":[{"width":720,"height":720,"url":"https:\/\/www.art-natur.ch\/wp-content\/uploads\/2024\/09\/2628682353-Photoroom.png","type":"image\/png"}],"twitter_card":"summary_large_image","twitter_misc":{"Dur\u00e9e de lecture estim\u00e9e":"1 minute"},"schema":{"@context":"https:\/\/schema.org","@graph":[{"@type":"WebPage","@id":"https:\/\/www.art-natur.ch\/fr\/produit\/inlei-one-tampons-en-silicone-taille-m\/","url":"https:\/\/www.art-natur.ch\/fr\/produit\/inlei-one-tampons-en-silicone-taille-m\/","name":"InLei ONE - Tampons en silicone taille M - LASHES&amp;BROWS by Nataliya Reinhard","isPartOf":{"@id":"https:\/\/www.art-natur.ch\/fr\/#website"},"primaryImageOfPage":{"@id":"https:\/\/www.art-natur.ch\/fr\/produit\/inlei-one-tampons-en-silicone-taille-m\/#primaryimage"},"image":{"@id":"https:\/\/www.art-natur.ch\/fr\/produit\/inlei-one-tampons-en-silicone-taille-m\/#primaryimage"},"thumbnailUrl":"https:\/\/www.art-natur.ch\/wp-content\/uploads\/2024\/09\/2628682353-Photoroom.png","datePublished":"2024-09-25T21:08:39+00:00","dateModified":"2025-01-18T20:32:02+00:00","description":"Le M-Pad de la ligne \"Boucles Naturelles\" est id\u00e9al pour les cils de longueur moyenne. En silicone doux pour un maintien parfait, autoclaveable !","breadcrumb":{"@id":"https:\/\/www.art-natur.ch\/fr\/produit\/inlei-one-tampons-en-silicone-taille-m\/#breadcrumb"},"inLanguage":"fr-FR","potentialAction":[{"@type":"ReadAction","target":["https:\/\/www.art-natur.ch\/fr\/produit\/inlei-one-tampons-en-silicone-taille-m\/"]}]},{"@type":"ImageObject","inLanguage":"fr-FR","@id":"https:\/\/www.art-natur.ch\/fr\/produit\/inlei-one-tampons-en-silicone-taille-m\/#primaryimage","url":"https:\/\/www.art-natur.ch\/wp-content\/uploads\/2024\/09\/2628682353-Photoroom.png","contentUrl":"https:\/\/www.art-natur.ch\/wp-content\/uploads\/2024\/09\/2628682353-Photoroom.png","width":720,"height":720},{"@type":"BreadcrumbList","@id":"https:\/\/www.art-natur.ch\/fr\/produit\/inlei-one-tampons-en-silicone-taille-m\/#breadcrumb","itemListElement":[{"@type":"ListItem","position":1,"name":"Home","item":"https:\/\/www.art-natur.ch\/fr\/"},{"@type":"ListItem","position":2,"name":"Boutique","item":"https:\/\/www.art-natur.ch\/shop\/"},{"@type":"ListItem","position":3,"name":"InLei ONE &#8211; Tampons en silicone taille M"}]},{"@type":"WebSite","@id":"https:\/\/www.art-natur.ch\/fr\/#website","url":"https:\/\/www.art-natur.ch\/fr\/","name":"LASHES&amp;BROWS by Nataliya Reinhard","description":"High-quality lash and brow services with attention to every detail","potentialAction":[{"@type":"SearchAction","target":{"@type":"EntryPoint","urlTemplate":"https:\/\/www.art-natur.ch\/fr\/?s={search_term_string}"},"query-input":{"@type":"PropertyValueSpecification","valueRequired":true,"valueName":"search_term_string"}}],"inLanguage":"fr-FR"}]}},"_links":{"self":[{"href":"https:\/\/www.art-natur.ch\/fr\/wp-json\/wp\/v2\/product\/1859","targetHints":{"allow":["GET"]}}],"collection":[{"href":"https:\/\/www.art-natur.ch\/fr\/wp-json\/wp\/v2\/product"}],"about":[{"href":"https:\/\/www.art-natur.ch\/fr\/wp-json\/wp\/v2\/types\/product"}],"wp:featuredmedia":[{"embeddable":true,"href":"https:\/\/www.art-natur.ch\/fr\/wp-json\/wp\/v2\/media\/7745"}],"wp:attachment":[{"href":"https:\/\/www.art-natur.ch\/fr\/wp-json\/wp\/v2\/media?parent=1859"}],"wp:term":[{"taxonomy":"product_cat","embeddable":true,"href":"https:\/\/www.art-natur.ch\/fr\/wp-json\/wp\/v2\/product_cat?post=1859"},{"taxonomy":"product_tag","embeddable":true,"href":"https:\/\/www.art-natur.ch\/fr\/wp-json\/wp\/v2\/product_tag?post=1859"}],"curies":[{"name":"wp","href":"https:\/\/api.w.org\/{rel}","templated":true}]}}