{"id":1878,"date":"2024-09-25T22:17:02","date_gmt":"2024-09-25T21:17:02","guid":{"rendered":"https:\/\/www.art-natur.ch\/product\/inlei-one-tampons-en-silicone-taille-s\/"},"modified":"2024-10-13T21:54:55","modified_gmt":"2024-10-13T19:54:55","slug":"inlei-one-tampons-en-silicone-taille-s","status":"publish","type":"product","link":"https:\/\/www.art-natur.ch\/fr\/produit\/inlei-one-tampons-en-silicone-taille-s\/","title":{"rendered":"InLei ONE &#8211; Tampons en silicone taille S"},"content":{"rendered":"<p>La taille S de la ligne \u00ab\u00a0Perfect Curl\u00a0\u00bb vous permet de travailler sur les cils les plus courts. Pour ce type de cils, la taille S est id\u00e9ale car elle permet d&rsquo;aligner des cils courts qui poussent \u00e9galement de mani\u00e8re crois\u00e9e ou vers le bas. Malgr\u00e9 la longueur minimale des cils, ce traitement permet d&rsquo;obtenir une forte courbure et, finalement, des cils bien visibles sur l&rsquo;\u0153il. Utilisez-le avec les produits Lash Filler pour \u00e9paissir et allonger visiblement les cils en seulement trois traitements. 100% Made in Italy PLATINIC silicone, unique !<\/p>\n<p>Coussinets en silicone taille : S, contient 6 pi\u00e8ces. Pour un usage professionnel uniquement ! !!<\/p>\n","protected":false},"excerpt":{"rendered":"<p>La taille S de la ligne \u00ab\u00a0Perfect Curl\u00a0\u00bb vous permet de travailler sur les cils les plus courts. Pour ce type de cils, la taille S est id\u00e9ale car elle permet d&rsquo;aligner des cils courts qui poussent \u00e9galement de mani\u00e8re crois\u00e9e ou vers le bas. Malgr\u00e9 la longueur minimale des cils, ce traitement permet d&rsquo;obtenir [&hellip;]<\/p>\n","protected":false},"featured_media":7725,"template":"","meta":{"_acf_changed":false,"inline_featured_image":false},"product_cat":[150,154,156,193,207],"product_tag":[],"class_list":{"0":"post-1878","1":"product","2":"type-product","3":"status-publish","4":"has-post-thumbnail","6":"product_brand-in-lei","7":"product_cat-rehaussement-des-cils","8":"product_cat-bigoudis-et-patchs","9":"product_cat-bigoudis","10":"product_cat-produits-connexes","11":"product_cat-consommables-fr","13":"first","14":"instock","15":"shipping-taxable","16":"purchasable","17":"product-type-simple"},"acf":[],"yoast_head":"<!-- This site is optimized with the Yoast SEO plugin v26.6 - https:\/\/yoast.com\/wordpress\/plugins\/seo\/ -->\n<title>InLei ONE - Tampons en silicone taille S - LASHES&amp;BROWS by Nataliya Reinhard<\/title>\n<meta name=\"description\" content=\"permet\u2026 ChatGPT \u0441\u043a\u0430\u0437\u0430\u043b: ChatGPT La taille S de la ligne &quot;Perfect Curl&quot; est id\u00e9ale pour les cils courts, offrant une forte courbure et une meilleure visibilit\u00e9. Utilisez avec les produits Lash Filler pour \u00e9paissir et allonger les cils.\" \/>\n<meta name=\"robots\" content=\"index, follow, max-snippet:-1, max-image-preview:large, max-video-preview:-1\" \/>\n<link rel=\"canonical\" href=\"https:\/\/www.art-natur.ch\/fr\/produit\/inlei-one-tampons-en-silicone-taille-s\/\" \/>\n<meta property=\"og:locale\" content=\"fr_FR\" \/>\n<meta property=\"og:type\" content=\"article\" \/>\n<meta property=\"og:title\" content=\"InLei ONE - Tampons en silicone taille S - LASHES&amp;BROWS by Nataliya Reinhard\" \/>\n<meta property=\"og:description\" content=\"permet\u2026 ChatGPT \u0441\u043a\u0430\u0437\u0430\u043b: ChatGPT La taille S de la ligne &quot;Perfect Curl&quot; est id\u00e9ale pour les cils courts, offrant une forte courbure et une meilleure visibilit\u00e9. Utilisez avec les produits Lash Filler pour \u00e9paissir et allonger les cils.\" \/>\n<meta property=\"og:url\" content=\"https:\/\/www.art-natur.ch\/fr\/produit\/inlei-one-tampons-en-silicone-taille-s\/\" \/>\n<meta property=\"og:site_name\" content=\"LASHES&amp;BROWS by Nataliya Reinhard\" \/>\n<meta property=\"article:modified_time\" content=\"2024-10-13T19:54:55+00:00\" \/>\n<meta property=\"og:image\" content=\"https:\/\/www.art-natur.ch\/wp-content\/uploads\/2024\/09\/2628653481-Photoroom.png\" \/>\n\t<meta property=\"og:image:width\" content=\"720\" \/>\n\t<meta property=\"og:image:height\" content=\"720\" \/>\n\t<meta property=\"og:image:type\" content=\"image\/png\" \/>\n<meta name=\"twitter:card\" content=\"summary_large_image\" \/>\n<meta name=\"twitter:label1\" content=\"Dur\u00e9e de lecture estim\u00e9e\" \/>\n\t<meta name=\"twitter:data1\" content=\"1 minute\" \/>\n<script type=\"application\/ld+json\" class=\"yoast-schema-graph\">{\"@context\":\"https:\/\/schema.org\",\"@graph\":[{\"@type\":\"WebPage\",\"@id\":\"https:\/\/www.art-natur.ch\/fr\/produit\/inlei-one-tampons-en-silicone-taille-s\/\",\"url\":\"https:\/\/www.art-natur.ch\/fr\/produit\/inlei-one-tampons-en-silicone-taille-s\/\",\"name\":\"InLei ONE - Tampons en silicone taille S - LASHES&amp;BROWS by Nataliya Reinhard\",\"isPartOf\":{\"@id\":\"https:\/\/www.art-natur.ch\/fr\/#website\"},\"primaryImageOfPage\":{\"@id\":\"https:\/\/www.art-natur.ch\/fr\/produit\/inlei-one-tampons-en-silicone-taille-s\/#primaryimage\"},\"image\":{\"@id\":\"https:\/\/www.art-natur.ch\/fr\/produit\/inlei-one-tampons-en-silicone-taille-s\/#primaryimage\"},\"thumbnailUrl\":\"https:\/\/www.art-natur.ch\/wp-content\/uploads\/2024\/09\/2628653481-Photoroom.png\",\"datePublished\":\"2024-09-25T21:17:02+00:00\",\"dateModified\":\"2024-10-13T19:54:55+00:00\",\"description\":\"permet\u2026 ChatGPT \u0441\u043a\u0430\u0437\u0430\u043b: ChatGPT La taille S de la ligne \\\"Perfect Curl\\\" est id\u00e9ale pour les cils courts, offrant une forte courbure et une meilleure visibilit\u00e9. Utilisez avec les produits Lash Filler pour \u00e9paissir et allonger les cils.\",\"breadcrumb\":{\"@id\":\"https:\/\/www.art-natur.ch\/fr\/produit\/inlei-one-tampons-en-silicone-taille-s\/#breadcrumb\"},\"inLanguage\":\"fr-FR\",\"potentialAction\":[{\"@type\":\"ReadAction\",\"target\":[\"https:\/\/www.art-natur.ch\/fr\/produit\/inlei-one-tampons-en-silicone-taille-s\/\"]}]},{\"@type\":\"ImageObject\",\"inLanguage\":\"fr-FR\",\"@id\":\"https:\/\/www.art-natur.ch\/fr\/produit\/inlei-one-tampons-en-silicone-taille-s\/#primaryimage\",\"url\":\"https:\/\/www.art-natur.ch\/wp-content\/uploads\/2024\/09\/2628653481-Photoroom.png\",\"contentUrl\":\"https:\/\/www.art-natur.ch\/wp-content\/uploads\/2024\/09\/2628653481-Photoroom.png\",\"width\":720,\"height\":720},{\"@type\":\"BreadcrumbList\",\"@id\":\"https:\/\/www.art-natur.ch\/fr\/produit\/inlei-one-tampons-en-silicone-taille-s\/#breadcrumb\",\"itemListElement\":[{\"@type\":\"ListItem\",\"position\":1,\"name\":\"Home\",\"item\":\"https:\/\/www.art-natur.ch\/fr\/\"},{\"@type\":\"ListItem\",\"position\":2,\"name\":\"Boutique\",\"item\":\"https:\/\/www.art-natur.ch\/shop\/\"},{\"@type\":\"ListItem\",\"position\":3,\"name\":\"InLei ONE &#8211; Tampons en silicone taille S\"}]},{\"@type\":\"WebSite\",\"@id\":\"https:\/\/www.art-natur.ch\/fr\/#website\",\"url\":\"https:\/\/www.art-natur.ch\/fr\/\",\"name\":\"LASHES&amp;BROWS by Nataliya Reinhard\",\"description\":\"High-quality lash and brow services with attention to every detail\",\"potentialAction\":[{\"@type\":\"SearchAction\",\"target\":{\"@type\":\"EntryPoint\",\"urlTemplate\":\"https:\/\/www.art-natur.ch\/fr\/?s={search_term_string}\"},\"query-input\":{\"@type\":\"PropertyValueSpecification\",\"valueRequired\":true,\"valueName\":\"search_term_string\"}}],\"inLanguage\":\"fr-FR\"}]}<\/script>\n<!-- \/ Yoast SEO plugin. -->","yoast_head_json":{"title":"InLei ONE - Tampons en silicone taille S - LASHES&amp;BROWS by Nataliya Reinhard","description":"permet\u2026 ChatGPT \u0441\u043a\u0430\u0437\u0430\u043b: ChatGPT La taille S de la ligne \"Perfect Curl\" est id\u00e9ale pour les cils courts, offrant une forte courbure et une meilleure visibilit\u00e9. Utilisez avec les produits Lash Filler pour \u00e9paissir et allonger les cils.","robots":{"index":"index","follow":"follow","max-snippet":"max-snippet:-1","max-image-preview":"max-image-preview:large","max-video-preview":"max-video-preview:-1"},"canonical":"https:\/\/www.art-natur.ch\/fr\/produit\/inlei-one-tampons-en-silicone-taille-s\/","og_locale":"fr_FR","og_type":"article","og_title":"InLei ONE - Tampons en silicone taille S - LASHES&amp;BROWS by Nataliya Reinhard","og_description":"permet\u2026 ChatGPT \u0441\u043a\u0430\u0437\u0430\u043b: ChatGPT La taille S de la ligne \"Perfect Curl\" est id\u00e9ale pour les cils courts, offrant une forte courbure et une meilleure visibilit\u00e9. Utilisez avec les produits Lash Filler pour \u00e9paissir et allonger les cils.","og_url":"https:\/\/www.art-natur.ch\/fr\/produit\/inlei-one-tampons-en-silicone-taille-s\/","og_site_name":"LASHES&amp;BROWS by Nataliya Reinhard","article_modified_time":"2024-10-13T19:54:55+00:00","og_image":[{"width":720,"height":720,"url":"https:\/\/www.art-natur.ch\/wp-content\/uploads\/2024\/09\/2628653481-Photoroom.png","type":"image\/png"}],"twitter_card":"summary_large_image","twitter_misc":{"Dur\u00e9e de lecture estim\u00e9e":"1 minute"},"schema":{"@context":"https:\/\/schema.org","@graph":[{"@type":"WebPage","@id":"https:\/\/www.art-natur.ch\/fr\/produit\/inlei-one-tampons-en-silicone-taille-s\/","url":"https:\/\/www.art-natur.ch\/fr\/produit\/inlei-one-tampons-en-silicone-taille-s\/","name":"InLei ONE - Tampons en silicone taille S - LASHES&amp;BROWS by Nataliya Reinhard","isPartOf":{"@id":"https:\/\/www.art-natur.ch\/fr\/#website"},"primaryImageOfPage":{"@id":"https:\/\/www.art-natur.ch\/fr\/produit\/inlei-one-tampons-en-silicone-taille-s\/#primaryimage"},"image":{"@id":"https:\/\/www.art-natur.ch\/fr\/produit\/inlei-one-tampons-en-silicone-taille-s\/#primaryimage"},"thumbnailUrl":"https:\/\/www.art-natur.ch\/wp-content\/uploads\/2024\/09\/2628653481-Photoroom.png","datePublished":"2024-09-25T21:17:02+00:00","dateModified":"2024-10-13T19:54:55+00:00","description":"permet\u2026 ChatGPT \u0441\u043a\u0430\u0437\u0430\u043b: ChatGPT La taille S de la ligne \"Perfect Curl\" est id\u00e9ale pour les cils courts, offrant une forte courbure et une meilleure visibilit\u00e9. Utilisez avec les produits Lash Filler pour \u00e9paissir et allonger les cils.","breadcrumb":{"@id":"https:\/\/www.art-natur.ch\/fr\/produit\/inlei-one-tampons-en-silicone-taille-s\/#breadcrumb"},"inLanguage":"fr-FR","potentialAction":[{"@type":"ReadAction","target":["https:\/\/www.art-natur.ch\/fr\/produit\/inlei-one-tampons-en-silicone-taille-s\/"]}]},{"@type":"ImageObject","inLanguage":"fr-FR","@id":"https:\/\/www.art-natur.ch\/fr\/produit\/inlei-one-tampons-en-silicone-taille-s\/#primaryimage","url":"https:\/\/www.art-natur.ch\/wp-content\/uploads\/2024\/09\/2628653481-Photoroom.png","contentUrl":"https:\/\/www.art-natur.ch\/wp-content\/uploads\/2024\/09\/2628653481-Photoroom.png","width":720,"height":720},{"@type":"BreadcrumbList","@id":"https:\/\/www.art-natur.ch\/fr\/produit\/inlei-one-tampons-en-silicone-taille-s\/#breadcrumb","itemListElement":[{"@type":"ListItem","position":1,"name":"Home","item":"https:\/\/www.art-natur.ch\/fr\/"},{"@type":"ListItem","position":2,"name":"Boutique","item":"https:\/\/www.art-natur.ch\/shop\/"},{"@type":"ListItem","position":3,"name":"InLei ONE &#8211; Tampons en silicone taille S"}]},{"@type":"WebSite","@id":"https:\/\/www.art-natur.ch\/fr\/#website","url":"https:\/\/www.art-natur.ch\/fr\/","name":"LASHES&amp;BROWS by Nataliya Reinhard","description":"High-quality lash and brow services with attention to every detail","potentialAction":[{"@type":"SearchAction","target":{"@type":"EntryPoint","urlTemplate":"https:\/\/www.art-natur.ch\/fr\/?s={search_term_string}"},"query-input":{"@type":"PropertyValueSpecification","valueRequired":true,"valueName":"search_term_string"}}],"inLanguage":"fr-FR"}]}},"_links":{"self":[{"href":"https:\/\/www.art-natur.ch\/fr\/wp-json\/wp\/v2\/product\/1878","targetHints":{"allow":["GET"]}}],"collection":[{"href":"https:\/\/www.art-natur.ch\/fr\/wp-json\/wp\/v2\/product"}],"about":[{"href":"https:\/\/www.art-natur.ch\/fr\/wp-json\/wp\/v2\/types\/product"}],"wp:featuredmedia":[{"embeddable":true,"href":"https:\/\/www.art-natur.ch\/fr\/wp-json\/wp\/v2\/media\/7725"}],"wp:attachment":[{"href":"https:\/\/www.art-natur.ch\/fr\/wp-json\/wp\/v2\/media?parent=1878"}],"wp:term":[{"taxonomy":"product_cat","embeddable":true,"href":"https:\/\/www.art-natur.ch\/fr\/wp-json\/wp\/v2\/product_cat?post=1878"},{"taxonomy":"product_tag","embeddable":true,"href":"https:\/\/www.art-natur.ch\/fr\/wp-json\/wp\/v2\/product_tag?post=1878"}],"curies":[{"name":"wp","href":"https:\/\/api.w.org\/{rel}","templated":true}]}}