{"id":1932,"date":"2024-09-26T15:16:51","date_gmt":"2024-09-26T14:16:51","guid":{"rendered":"https:\/\/www.art-natur.ch\/product\/inlei-only-tampons-en-silicone-en-4-tailles\/"},"modified":"2025-01-20T22:03:53","modified_gmt":"2025-01-20T21:03:53","slug":"inlei-only-tampons-en-silicone-en-4-tailles","status":"publish","type":"product","link":"https:\/\/www.art-natur.ch\/fr\/produit\/inlei-only-tampons-en-silicone-en-4-tailles\/","title":{"rendered":"InLei ONLY &#8211; Tampons en silicone en 4 tailles"},"content":{"rendered":"<p>Jeu de coussinets en silicone MIX avec effet \u00ab\u00a0RICCIOLO PERFETTO\u00a0\u00bb. Dans ce mini set de bigoudis, vous trouverez toutes sortes de mesures pour relever les cils naturels avec un effet distinct, accrocheur et accentu\u00e9. Vous pouvez mettre en valeur les cils les plus petits et les plus courts, mais aussi les plus \u00e9pais et les plus longs. 4 paires de coussinets en silicone (sp\u00e9cifiquement pour l&rsquo;\u0153il droit et l&rsquo;\u0153il gauche), de tailles diff\u00e9rentes, pour un pliage impeccable de l&rsquo;int\u00e9rieur vers l&rsquo;ext\u00e9rieur.<\/p>\n<p>100% Made in Italy<br \/>\nPLATIN silicone (unique), autoclavable !<br \/>\n4 paires mixtes : S, M, L, XL<\/p>\n<p>Pour un usage professionnel uniquement<\/p>\n","protected":false},"excerpt":{"rendered":"<p>Jeu de coussinets en silicone MIX avec effet \u00ab\u00a0RICCIOLO PERFETTO\u00a0\u00bb. Dans ce mini set de bigoudis, vous trouverez toutes sortes de mesures pour relever les cils naturels avec un effet distinct, accrocheur et accentu\u00e9. Vous pouvez mettre en valeur les cils les plus petits et les plus courts, mais aussi les plus \u00e9pais et les [&hellip;]<\/p>\n","protected":false},"featured_media":7697,"template":"","meta":{"_acf_changed":false,"inline_featured_image":false},"product_cat":[150,154,156,193,207],"product_tag":[],"class_list":{"0":"post-1932","1":"product","2":"type-product","3":"status-publish","4":"has-post-thumbnail","6":"product_brand-in-lei","7":"product_cat-rehaussement-des-cils","8":"product_cat-bigoudis-et-patchs","9":"product_cat-bigoudis","10":"product_cat-produits-connexes","11":"product_cat-consommables-fr","13":"first","14":"instock","15":"shipping-taxable","16":"purchasable","17":"product-type-simple"},"acf":[],"yoast_head":"<!-- This site is optimized with the Yoast SEO plugin v26.6 - https:\/\/yoast.com\/wordpress\/plugins\/seo\/ -->\n<title>InLei ONLY - Tampons en silicone en 4 tailles - LASHES&amp;BROWS by Nataliya Reinhard<\/title>\n<meta name=\"description\" content=\"Set de coussinets en silicone MIX pour l&#039;effet &quot;RICCIOLO PERFETTO&quot;. 4 paires de coussinets en tailles S, M, L, XL. Fabriqu\u00e9 en Italie, autoclaves, r\u00e9serv\u00e9 aux professionnels.\" \/>\n<meta name=\"robots\" content=\"index, follow, max-snippet:-1, max-image-preview:large, max-video-preview:-1\" \/>\n<link rel=\"canonical\" href=\"https:\/\/www.art-natur.ch\/fr\/produit\/inlei-only-tampons-en-silicone-en-4-tailles\/\" \/>\n<meta property=\"og:locale\" content=\"fr_FR\" \/>\n<meta property=\"og:type\" content=\"article\" \/>\n<meta property=\"og:title\" content=\"InLei ONLY - Tampons en silicone en 4 tailles - LASHES&amp;BROWS by Nataliya Reinhard\" \/>\n<meta property=\"og:description\" content=\"Set de coussinets en silicone MIX pour l&#039;effet &quot;RICCIOLO PERFETTO&quot;. 4 paires de coussinets en tailles S, M, L, XL. Fabriqu\u00e9 en Italie, autoclaves, r\u00e9serv\u00e9 aux professionnels.\" \/>\n<meta property=\"og:url\" content=\"https:\/\/www.art-natur.ch\/fr\/produit\/inlei-only-tampons-en-silicone-en-4-tailles\/\" \/>\n<meta property=\"og:site_name\" content=\"LASHES&amp;BROWS by Nataliya Reinhard\" \/>\n<meta property=\"article:modified_time\" content=\"2025-01-20T21:03:53+00:00\" \/>\n<meta property=\"og:image\" content=\"https:\/\/www.art-natur.ch\/wp-content\/uploads\/2024\/09\/2628564598-Photoroom.png\" \/>\n\t<meta property=\"og:image:width\" content=\"720\" \/>\n\t<meta property=\"og:image:height\" content=\"720\" \/>\n\t<meta property=\"og:image:type\" content=\"image\/png\" \/>\n<meta name=\"twitter:card\" content=\"summary_large_image\" \/>\n<meta name=\"twitter:label1\" content=\"Dur\u00e9e de lecture estim\u00e9e\" \/>\n\t<meta name=\"twitter:data1\" content=\"1 minute\" \/>\n<script type=\"application\/ld+json\" class=\"yoast-schema-graph\">{\"@context\":\"https:\/\/schema.org\",\"@graph\":[{\"@type\":\"WebPage\",\"@id\":\"https:\/\/www.art-natur.ch\/fr\/produit\/inlei-only-tampons-en-silicone-en-4-tailles\/\",\"url\":\"https:\/\/www.art-natur.ch\/fr\/produit\/inlei-only-tampons-en-silicone-en-4-tailles\/\",\"name\":\"InLei ONLY - Tampons en silicone en 4 tailles - LASHES&amp;BROWS by Nataliya Reinhard\",\"isPartOf\":{\"@id\":\"https:\/\/www.art-natur.ch\/fr\/#website\"},\"primaryImageOfPage\":{\"@id\":\"https:\/\/www.art-natur.ch\/fr\/produit\/inlei-only-tampons-en-silicone-en-4-tailles\/#primaryimage\"},\"image\":{\"@id\":\"https:\/\/www.art-natur.ch\/fr\/produit\/inlei-only-tampons-en-silicone-en-4-tailles\/#primaryimage\"},\"thumbnailUrl\":\"https:\/\/www.art-natur.ch\/wp-content\/uploads\/2024\/09\/2628564598-Photoroom.png\",\"datePublished\":\"2024-09-26T14:16:51+00:00\",\"dateModified\":\"2025-01-20T21:03:53+00:00\",\"description\":\"Set de coussinets en silicone MIX pour l'effet \\\"RICCIOLO PERFETTO\\\". 4 paires de coussinets en tailles S, M, L, XL. Fabriqu\u00e9 en Italie, autoclaves, r\u00e9serv\u00e9 aux professionnels.\",\"breadcrumb\":{\"@id\":\"https:\/\/www.art-natur.ch\/fr\/produit\/inlei-only-tampons-en-silicone-en-4-tailles\/#breadcrumb\"},\"inLanguage\":\"fr-FR\",\"potentialAction\":[{\"@type\":\"ReadAction\",\"target\":[\"https:\/\/www.art-natur.ch\/fr\/produit\/inlei-only-tampons-en-silicone-en-4-tailles\/\"]}]},{\"@type\":\"ImageObject\",\"inLanguage\":\"fr-FR\",\"@id\":\"https:\/\/www.art-natur.ch\/fr\/produit\/inlei-only-tampons-en-silicone-en-4-tailles\/#primaryimage\",\"url\":\"https:\/\/www.art-natur.ch\/wp-content\/uploads\/2024\/09\/2628564598-Photoroom.png\",\"contentUrl\":\"https:\/\/www.art-natur.ch\/wp-content\/uploads\/2024\/09\/2628564598-Photoroom.png\",\"width\":720,\"height\":720},{\"@type\":\"BreadcrumbList\",\"@id\":\"https:\/\/www.art-natur.ch\/fr\/produit\/inlei-only-tampons-en-silicone-en-4-tailles\/#breadcrumb\",\"itemListElement\":[{\"@type\":\"ListItem\",\"position\":1,\"name\":\"Home\",\"item\":\"https:\/\/www.art-natur.ch\/fr\/\"},{\"@type\":\"ListItem\",\"position\":2,\"name\":\"Boutique\",\"item\":\"https:\/\/www.art-natur.ch\/shop\/\"},{\"@type\":\"ListItem\",\"position\":3,\"name\":\"InLei ONLY &#8211; Tampons en silicone en 4 tailles\"}]},{\"@type\":\"WebSite\",\"@id\":\"https:\/\/www.art-natur.ch\/fr\/#website\",\"url\":\"https:\/\/www.art-natur.ch\/fr\/\",\"name\":\"LASHES&amp;BROWS by Nataliya Reinhard\",\"description\":\"High-quality lash and brow services with attention to every detail\",\"potentialAction\":[{\"@type\":\"SearchAction\",\"target\":{\"@type\":\"EntryPoint\",\"urlTemplate\":\"https:\/\/www.art-natur.ch\/fr\/?s={search_term_string}\"},\"query-input\":{\"@type\":\"PropertyValueSpecification\",\"valueRequired\":true,\"valueName\":\"search_term_string\"}}],\"inLanguage\":\"fr-FR\"}]}<\/script>\n<!-- \/ Yoast SEO plugin. -->","yoast_head_json":{"title":"InLei ONLY - Tampons en silicone en 4 tailles - LASHES&amp;BROWS by Nataliya Reinhard","description":"Set de coussinets en silicone MIX pour l'effet \"RICCIOLO PERFETTO\". 4 paires de coussinets en tailles S, M, L, XL. Fabriqu\u00e9 en Italie, autoclaves, r\u00e9serv\u00e9 aux professionnels.","robots":{"index":"index","follow":"follow","max-snippet":"max-snippet:-1","max-image-preview":"max-image-preview:large","max-video-preview":"max-video-preview:-1"},"canonical":"https:\/\/www.art-natur.ch\/fr\/produit\/inlei-only-tampons-en-silicone-en-4-tailles\/","og_locale":"fr_FR","og_type":"article","og_title":"InLei ONLY - Tampons en silicone en 4 tailles - LASHES&amp;BROWS by Nataliya Reinhard","og_description":"Set de coussinets en silicone MIX pour l'effet \"RICCIOLO PERFETTO\". 4 paires de coussinets en tailles S, M, L, XL. Fabriqu\u00e9 en Italie, autoclaves, r\u00e9serv\u00e9 aux professionnels.","og_url":"https:\/\/www.art-natur.ch\/fr\/produit\/inlei-only-tampons-en-silicone-en-4-tailles\/","og_site_name":"LASHES&amp;BROWS by Nataliya Reinhard","article_modified_time":"2025-01-20T21:03:53+00:00","og_image":[{"width":720,"height":720,"url":"https:\/\/www.art-natur.ch\/wp-content\/uploads\/2024\/09\/2628564598-Photoroom.png","type":"image\/png"}],"twitter_card":"summary_large_image","twitter_misc":{"Dur\u00e9e de lecture estim\u00e9e":"1 minute"},"schema":{"@context":"https:\/\/schema.org","@graph":[{"@type":"WebPage","@id":"https:\/\/www.art-natur.ch\/fr\/produit\/inlei-only-tampons-en-silicone-en-4-tailles\/","url":"https:\/\/www.art-natur.ch\/fr\/produit\/inlei-only-tampons-en-silicone-en-4-tailles\/","name":"InLei ONLY - Tampons en silicone en 4 tailles - LASHES&amp;BROWS by Nataliya Reinhard","isPartOf":{"@id":"https:\/\/www.art-natur.ch\/fr\/#website"},"primaryImageOfPage":{"@id":"https:\/\/www.art-natur.ch\/fr\/produit\/inlei-only-tampons-en-silicone-en-4-tailles\/#primaryimage"},"image":{"@id":"https:\/\/www.art-natur.ch\/fr\/produit\/inlei-only-tampons-en-silicone-en-4-tailles\/#primaryimage"},"thumbnailUrl":"https:\/\/www.art-natur.ch\/wp-content\/uploads\/2024\/09\/2628564598-Photoroom.png","datePublished":"2024-09-26T14:16:51+00:00","dateModified":"2025-01-20T21:03:53+00:00","description":"Set de coussinets en silicone MIX pour l'effet \"RICCIOLO PERFETTO\". 4 paires de coussinets en tailles S, M, L, XL. Fabriqu\u00e9 en Italie, autoclaves, r\u00e9serv\u00e9 aux professionnels.","breadcrumb":{"@id":"https:\/\/www.art-natur.ch\/fr\/produit\/inlei-only-tampons-en-silicone-en-4-tailles\/#breadcrumb"},"inLanguage":"fr-FR","potentialAction":[{"@type":"ReadAction","target":["https:\/\/www.art-natur.ch\/fr\/produit\/inlei-only-tampons-en-silicone-en-4-tailles\/"]}]},{"@type":"ImageObject","inLanguage":"fr-FR","@id":"https:\/\/www.art-natur.ch\/fr\/produit\/inlei-only-tampons-en-silicone-en-4-tailles\/#primaryimage","url":"https:\/\/www.art-natur.ch\/wp-content\/uploads\/2024\/09\/2628564598-Photoroom.png","contentUrl":"https:\/\/www.art-natur.ch\/wp-content\/uploads\/2024\/09\/2628564598-Photoroom.png","width":720,"height":720},{"@type":"BreadcrumbList","@id":"https:\/\/www.art-natur.ch\/fr\/produit\/inlei-only-tampons-en-silicone-en-4-tailles\/#breadcrumb","itemListElement":[{"@type":"ListItem","position":1,"name":"Home","item":"https:\/\/www.art-natur.ch\/fr\/"},{"@type":"ListItem","position":2,"name":"Boutique","item":"https:\/\/www.art-natur.ch\/shop\/"},{"@type":"ListItem","position":3,"name":"InLei ONLY &#8211; Tampons en silicone en 4 tailles"}]},{"@type":"WebSite","@id":"https:\/\/www.art-natur.ch\/fr\/#website","url":"https:\/\/www.art-natur.ch\/fr\/","name":"LASHES&amp;BROWS by Nataliya Reinhard","description":"High-quality lash and brow services with attention to every detail","potentialAction":[{"@type":"SearchAction","target":{"@type":"EntryPoint","urlTemplate":"https:\/\/www.art-natur.ch\/fr\/?s={search_term_string}"},"query-input":{"@type":"PropertyValueSpecification","valueRequired":true,"valueName":"search_term_string"}}],"inLanguage":"fr-FR"}]}},"_links":{"self":[{"href":"https:\/\/www.art-natur.ch\/fr\/wp-json\/wp\/v2\/product\/1932","targetHints":{"allow":["GET"]}}],"collection":[{"href":"https:\/\/www.art-natur.ch\/fr\/wp-json\/wp\/v2\/product"}],"about":[{"href":"https:\/\/www.art-natur.ch\/fr\/wp-json\/wp\/v2\/types\/product"}],"wp:featuredmedia":[{"embeddable":true,"href":"https:\/\/www.art-natur.ch\/fr\/wp-json\/wp\/v2\/media\/7697"}],"wp:attachment":[{"href":"https:\/\/www.art-natur.ch\/fr\/wp-json\/wp\/v2\/media?parent=1932"}],"wp:term":[{"taxonomy":"product_cat","embeddable":true,"href":"https:\/\/www.art-natur.ch\/fr\/wp-json\/wp\/v2\/product_cat?post=1932"},{"taxonomy":"product_tag","embeddable":true,"href":"https:\/\/www.art-natur.ch\/fr\/wp-json\/wp\/v2\/product_tag?post=1932"}],"curies":[{"name":"wp","href":"https:\/\/api.w.org\/{rel}","templated":true}]}}