{"id":1939,"date":"2024-09-26T15:28:34","date_gmt":"2024-09-26T13:28:34","guid":{"rendered":"https:\/\/www.art-natur.ch\/product\/inlei-peeling-doux\/"},"modified":"2025-06-29T13:15:49","modified_gmt":"2025-06-29T12:15:49","slug":"inlei-peeling-doux","status":"publish","type":"product","link":"https:\/\/www.art-natur.ch\/fr\/produit\/inlei-peeling-doux\/","title":{"rendered":"InLei\u00ae PEELING DOUX"},"content":{"rendered":"<p>Sa formule sp\u00e9ciale rend InLei\u00ae SOFT PEELING si pr\u00e9cieux. Il nettoie non seulement la peau sensible du visage et du d\u00e9collet\u00e9 de mani\u00e8re particuli\u00e8rement douce. En m\u00eame temps, la peau est soign\u00e9e et prot\u00e9g\u00e9e. Ceci est assur\u00e9 en particulier par l&rsquo;ingr\u00e9dient phytosqualan, qui est extrait de l&rsquo;huile d&rsquo;olive pure. Il compl\u00e8te naturellement le d\u00e9p\u00f4t de squalane dans notre peau. L&rsquo;importante barri\u00e8re cutan\u00e9e du visage est ainsi renforc\u00e9e et la peau est efficacement prot\u00e9g\u00e9e contre la perte d&rsquo;humidit\u00e9. En outre, la vitamine E, un puissant antioxydant, et le beurre de karit\u00e9 nourrissent la peau.<\/p>\n<p>Les granules soigneusement s\u00e9lectionn\u00e9s procurent \u00e9galement une exfoliation tr\u00e8s fine : &#8211; les granules sph\u00e9riques d&rsquo;huile de jojoba hydrog\u00e9n\u00e9e fondent doucement gr\u00e2ce aux mouvements circulaires lors de l&rsquo;application &#8211; les minuscules granules de coquilles naturelles de noix et de noisettes absorbent l&rsquo;exc\u00e8s de s\u00e9bum de la peau et des sourcils lors du nettoyage en profondeur.<\/p>\n<p>InLei\u00ae SOFT PEELING \u00e9limine en douceur :<\/p>\n<p>&#8211; les cellules mortes de la peau<\/p>\n<p>&#8211; r\u00e9sidus de maquillage<\/p>\n<p>&#8211; exc\u00e8s de s\u00e9bum<\/p>\n<p>InLei\u00ae SOFT PEELING convainc par sa texture extr\u00eamement l\u00e9g\u00e8re et non grasse &#8211; en studio et pour une utilisation r\u00e9guli\u00e8re \u00e0 la maison.<\/p>\n<p>Application<\/p>\n<p>Appliquez une petite quantit\u00e9 de InLei\u00ae SOFT PEELING sur le front, le visage et le d\u00e9collet\u00e9 par des mouvements circulaires pendant environ 15 secondes. Rincez ensuite \u00e0 l&rsquo;eau chaude \u00e0 l&rsquo;aide d&rsquo;un coton doux.<\/p>\n<p>Contenu : 100ml<\/p>\n","protected":false},"excerpt":{"rendered":"<p>Sa formule sp\u00e9ciale rend InLei\u00ae SOFT PEELING si pr\u00e9cieux. Il nettoie non seulement la peau sensible du visage et du d\u00e9collet\u00e9 de mani\u00e8re particuli\u00e8rement douce. En m\u00eame temps, la peau est soign\u00e9e et prot\u00e9g\u00e9e. Ceci est assur\u00e9 en particulier par l&rsquo;ingr\u00e9dient phytosqualan, qui est extrait de l&rsquo;huile d&rsquo;olive pure. Il compl\u00e8te naturellement le d\u00e9p\u00f4t de [&hellip;]<\/p>\n","protected":false},"featured_media":7685,"template":"","meta":{"_acf_changed":false,"inline_featured_image":false},"product_cat":[129,139],"product_tag":[],"class_list":{"0":"post-1939","1":"product","2":"type-product","3":"status-publish","4":"has-post-thumbnail","6":"product_brand-in-lei","7":"product_cat-stylisation-a-long-terme-des-sourcils","8":"product_cat-produits-pour-rehaussement-des-soursils","10":"first","11":"onbackorder","12":"shipping-taxable","13":"purchasable","14":"product-type-simple"},"acf":[],"yoast_head":"<!-- This site is optimized with the Yoast SEO plugin v26.6 - https:\/\/yoast.com\/wordpress\/plugins\/seo\/ -->\n<title>InLei\u00ae PEELING DOUX - LASHES&amp;BROWS by Nataliya Reinhard<\/title>\n<meta name=\"description\" content=\"La formule sp\u00e9ciale du InLei\u00ae SOFT PEELING nettoie et soigne doucement la peau sensible, renforce la barri\u00e8re cutan\u00e9e et prot\u00e8ge contre la perte d&#039;humidit\u00e9.\" \/>\n<meta name=\"robots\" content=\"index, follow, max-snippet:-1, max-image-preview:large, max-video-preview:-1\" \/>\n<link rel=\"canonical\" href=\"https:\/\/www.art-natur.ch\/fr\/produit\/inlei-peeling-doux\/\" \/>\n<meta property=\"og:locale\" content=\"fr_FR\" \/>\n<meta property=\"og:type\" content=\"article\" \/>\n<meta property=\"og:title\" content=\"InLei\u00ae PEELING DOUX - LASHES&amp;BROWS by Nataliya Reinhard\" \/>\n<meta property=\"og:description\" content=\"La formule sp\u00e9ciale du InLei\u00ae SOFT PEELING nettoie et soigne doucement la peau sensible, renforce la barri\u00e8re cutan\u00e9e et prot\u00e8ge contre la perte d&#039;humidit\u00e9.\" \/>\n<meta property=\"og:url\" content=\"https:\/\/www.art-natur.ch\/fr\/produit\/inlei-peeling-doux\/\" \/>\n<meta property=\"og:site_name\" content=\"LASHES&amp;BROWS by Nataliya Reinhard\" \/>\n<meta property=\"article:modified_time\" content=\"2025-06-29T12:15:49+00:00\" \/>\n<meta property=\"og:image\" content=\"https:\/\/www.art-natur.ch\/wp-content\/uploads\/2024\/09\/2519377797-Photoroom.png\" \/>\n\t<meta property=\"og:image:width\" content=\"720\" \/>\n\t<meta property=\"og:image:height\" content=\"720\" \/>\n\t<meta property=\"og:image:type\" content=\"image\/png\" \/>\n<meta name=\"twitter:card\" content=\"summary_large_image\" \/>\n<meta name=\"twitter:label1\" content=\"Dur\u00e9e de lecture estim\u00e9e\" \/>\n\t<meta name=\"twitter:data1\" content=\"1 minute\" \/>\n<script type=\"application\/ld+json\" class=\"yoast-schema-graph\">{\"@context\":\"https:\/\/schema.org\",\"@graph\":[{\"@type\":\"WebPage\",\"@id\":\"https:\/\/www.art-natur.ch\/fr\/produit\/inlei-peeling-doux\/\",\"url\":\"https:\/\/www.art-natur.ch\/fr\/produit\/inlei-peeling-doux\/\",\"name\":\"InLei\u00ae PEELING DOUX - LASHES&amp;BROWS by Nataliya Reinhard\",\"isPartOf\":{\"@id\":\"https:\/\/www.art-natur.ch\/fr\/#website\"},\"primaryImageOfPage\":{\"@id\":\"https:\/\/www.art-natur.ch\/fr\/produit\/inlei-peeling-doux\/#primaryimage\"},\"image\":{\"@id\":\"https:\/\/www.art-natur.ch\/fr\/produit\/inlei-peeling-doux\/#primaryimage\"},\"thumbnailUrl\":\"https:\/\/www.art-natur.ch\/wp-content\/uploads\/2024\/09\/2519377797-Photoroom.png\",\"datePublished\":\"2024-09-26T13:28:34+00:00\",\"dateModified\":\"2025-06-29T12:15:49+00:00\",\"description\":\"La formule sp\u00e9ciale du InLei\u00ae SOFT PEELING nettoie et soigne doucement la peau sensible, renforce la barri\u00e8re cutan\u00e9e et prot\u00e8ge contre la perte d'humidit\u00e9.\",\"breadcrumb\":{\"@id\":\"https:\/\/www.art-natur.ch\/fr\/produit\/inlei-peeling-doux\/#breadcrumb\"},\"inLanguage\":\"fr-FR\",\"potentialAction\":[{\"@type\":\"ReadAction\",\"target\":[\"https:\/\/www.art-natur.ch\/fr\/produit\/inlei-peeling-doux\/\"]}]},{\"@type\":\"ImageObject\",\"inLanguage\":\"fr-FR\",\"@id\":\"https:\/\/www.art-natur.ch\/fr\/produit\/inlei-peeling-doux\/#primaryimage\",\"url\":\"https:\/\/www.art-natur.ch\/wp-content\/uploads\/2024\/09\/2519377797-Photoroom.png\",\"contentUrl\":\"https:\/\/www.art-natur.ch\/wp-content\/uploads\/2024\/09\/2519377797-Photoroom.png\",\"width\":720,\"height\":720},{\"@type\":\"BreadcrumbList\",\"@id\":\"https:\/\/www.art-natur.ch\/fr\/produit\/inlei-peeling-doux\/#breadcrumb\",\"itemListElement\":[{\"@type\":\"ListItem\",\"position\":1,\"name\":\"Home\",\"item\":\"https:\/\/www.art-natur.ch\/fr\/\"},{\"@type\":\"ListItem\",\"position\":2,\"name\":\"Boutique\",\"item\":\"https:\/\/www.art-natur.ch\/shop\/\"},{\"@type\":\"ListItem\",\"position\":3,\"name\":\"InLei\u00ae PEELING DOUX\"}]},{\"@type\":\"WebSite\",\"@id\":\"https:\/\/www.art-natur.ch\/fr\/#website\",\"url\":\"https:\/\/www.art-natur.ch\/fr\/\",\"name\":\"LASHES&amp;BROWS by Nataliya Reinhard\",\"description\":\"High-quality lash and brow services with attention to every detail\",\"potentialAction\":[{\"@type\":\"SearchAction\",\"target\":{\"@type\":\"EntryPoint\",\"urlTemplate\":\"https:\/\/www.art-natur.ch\/fr\/?s={search_term_string}\"},\"query-input\":{\"@type\":\"PropertyValueSpecification\",\"valueRequired\":true,\"valueName\":\"search_term_string\"}}],\"inLanguage\":\"fr-FR\"}]}<\/script>\n<!-- \/ Yoast SEO plugin. -->","yoast_head_json":{"title":"InLei\u00ae PEELING DOUX - LASHES&amp;BROWS by Nataliya Reinhard","description":"La formule sp\u00e9ciale du InLei\u00ae SOFT PEELING nettoie et soigne doucement la peau sensible, renforce la barri\u00e8re cutan\u00e9e et prot\u00e8ge contre la perte d'humidit\u00e9.","robots":{"index":"index","follow":"follow","max-snippet":"max-snippet:-1","max-image-preview":"max-image-preview:large","max-video-preview":"max-video-preview:-1"},"canonical":"https:\/\/www.art-natur.ch\/fr\/produit\/inlei-peeling-doux\/","og_locale":"fr_FR","og_type":"article","og_title":"InLei\u00ae PEELING DOUX - LASHES&amp;BROWS by Nataliya Reinhard","og_description":"La formule sp\u00e9ciale du InLei\u00ae SOFT PEELING nettoie et soigne doucement la peau sensible, renforce la barri\u00e8re cutan\u00e9e et prot\u00e8ge contre la perte d'humidit\u00e9.","og_url":"https:\/\/www.art-natur.ch\/fr\/produit\/inlei-peeling-doux\/","og_site_name":"LASHES&amp;BROWS by Nataliya Reinhard","article_modified_time":"2025-06-29T12:15:49+00:00","og_image":[{"width":720,"height":720,"url":"https:\/\/www.art-natur.ch\/wp-content\/uploads\/2024\/09\/2519377797-Photoroom.png","type":"image\/png"}],"twitter_card":"summary_large_image","twitter_misc":{"Dur\u00e9e de lecture estim\u00e9e":"1 minute"},"schema":{"@context":"https:\/\/schema.org","@graph":[{"@type":"WebPage","@id":"https:\/\/www.art-natur.ch\/fr\/produit\/inlei-peeling-doux\/","url":"https:\/\/www.art-natur.ch\/fr\/produit\/inlei-peeling-doux\/","name":"InLei\u00ae PEELING DOUX - LASHES&amp;BROWS by Nataliya Reinhard","isPartOf":{"@id":"https:\/\/www.art-natur.ch\/fr\/#website"},"primaryImageOfPage":{"@id":"https:\/\/www.art-natur.ch\/fr\/produit\/inlei-peeling-doux\/#primaryimage"},"image":{"@id":"https:\/\/www.art-natur.ch\/fr\/produit\/inlei-peeling-doux\/#primaryimage"},"thumbnailUrl":"https:\/\/www.art-natur.ch\/wp-content\/uploads\/2024\/09\/2519377797-Photoroom.png","datePublished":"2024-09-26T13:28:34+00:00","dateModified":"2025-06-29T12:15:49+00:00","description":"La formule sp\u00e9ciale du InLei\u00ae SOFT PEELING nettoie et soigne doucement la peau sensible, renforce la barri\u00e8re cutan\u00e9e et prot\u00e8ge contre la perte d'humidit\u00e9.","breadcrumb":{"@id":"https:\/\/www.art-natur.ch\/fr\/produit\/inlei-peeling-doux\/#breadcrumb"},"inLanguage":"fr-FR","potentialAction":[{"@type":"ReadAction","target":["https:\/\/www.art-natur.ch\/fr\/produit\/inlei-peeling-doux\/"]}]},{"@type":"ImageObject","inLanguage":"fr-FR","@id":"https:\/\/www.art-natur.ch\/fr\/produit\/inlei-peeling-doux\/#primaryimage","url":"https:\/\/www.art-natur.ch\/wp-content\/uploads\/2024\/09\/2519377797-Photoroom.png","contentUrl":"https:\/\/www.art-natur.ch\/wp-content\/uploads\/2024\/09\/2519377797-Photoroom.png","width":720,"height":720},{"@type":"BreadcrumbList","@id":"https:\/\/www.art-natur.ch\/fr\/produit\/inlei-peeling-doux\/#breadcrumb","itemListElement":[{"@type":"ListItem","position":1,"name":"Home","item":"https:\/\/www.art-natur.ch\/fr\/"},{"@type":"ListItem","position":2,"name":"Boutique","item":"https:\/\/www.art-natur.ch\/shop\/"},{"@type":"ListItem","position":3,"name":"InLei\u00ae PEELING DOUX"}]},{"@type":"WebSite","@id":"https:\/\/www.art-natur.ch\/fr\/#website","url":"https:\/\/www.art-natur.ch\/fr\/","name":"LASHES&amp;BROWS by Nataliya Reinhard","description":"High-quality lash and brow services with attention to every detail","potentialAction":[{"@type":"SearchAction","target":{"@type":"EntryPoint","urlTemplate":"https:\/\/www.art-natur.ch\/fr\/?s={search_term_string}"},"query-input":{"@type":"PropertyValueSpecification","valueRequired":true,"valueName":"search_term_string"}}],"inLanguage":"fr-FR"}]}},"_links":{"self":[{"href":"https:\/\/www.art-natur.ch\/fr\/wp-json\/wp\/v2\/product\/1939","targetHints":{"allow":["GET"]}}],"collection":[{"href":"https:\/\/www.art-natur.ch\/fr\/wp-json\/wp\/v2\/product"}],"about":[{"href":"https:\/\/www.art-natur.ch\/fr\/wp-json\/wp\/v2\/types\/product"}],"wp:featuredmedia":[{"embeddable":true,"href":"https:\/\/www.art-natur.ch\/fr\/wp-json\/wp\/v2\/media\/7685"}],"wp:attachment":[{"href":"https:\/\/www.art-natur.ch\/fr\/wp-json\/wp\/v2\/media?parent=1939"}],"wp:term":[{"taxonomy":"product_cat","embeddable":true,"href":"https:\/\/www.art-natur.ch\/fr\/wp-json\/wp\/v2\/product_cat?post=1939"},{"taxonomy":"product_tag","embeddable":true,"href":"https:\/\/www.art-natur.ch\/fr\/wp-json\/wp\/v2\/product_tag?post=1939"}],"curies":[{"name":"wp","href":"https:\/\/api.w.org\/{rel}","templated":true}]}}