{"id":1946,"date":"2024-09-26T15:35:39","date_gmt":"2024-09-26T13:35:39","guid":{"rendered":"https:\/\/www.art-natur.ch\/product\/inlei-picasso-brosse-professionnelle-a-coupe-droite-sans-etui\/"},"modified":"2024-09-26T15:35:39","modified_gmt":"2024-09-26T13:35:39","slug":"inlei-picasso-brosse-professionnelle-a-coupe-droite-sans-etui","status":"publish","type":"product","link":"https:\/\/www.art-natur.ch\/fr\/produit\/inlei-picasso-brosse-professionnelle-a-coupe-droite-sans-etui\/","title":{"rendered":"InLei PICASSO brosse professionnelle \u00e0 coupe droite &#8211; sans \u00e9tui"},"content":{"rendered":"<p>Pinceau professionnel \u00e0 coupe droite, fabriqu\u00e9 sur mesure en collaboration avec un brossier italien historique. InLei\u00ae PICASSO est une brosse sp\u00e9cialement cr\u00e9\u00e9e pour appliquer la troisi\u00e8me substance Filler\/Lotion de mani\u00e8re \u00e0 ce qu&rsquo;elle soit compl\u00e8tement absorb\u00e9e \u00e0 l&rsquo;int\u00e9rieur du cheveu afin d&rsquo;atteindre efficacement la racine. Les poils de la brosse InLei\u00ae PICASSO ont \u00e9t\u00e9 con\u00e7us pour \u00eatre si doux qu&rsquo;ils peuvent \u00e9galement entrer en contact avec la peau d\u00e9licate de la ligne des cils.<\/p>\n<p>ATTENTION ! Les images de ce produit sont fournies \u00e0 des fins d&rsquo;illustration uniquement. Les produits sont susceptibles d&rsquo;\u00eatre modifi\u00e9s. Veuillez consulter la description d\u00e9taill\u00e9e ci-dessous.<\/p>\n<p>&nbsp;<\/p>\n<p>Si vous \u00eates un lamineur professionnel et que vous aimez donner de la qualit\u00e9 \u00e0 vos clients, cet outil est le meilleur que vous puissiez vous offrir pour transformer votre travail en une \u0153uvre d&rsquo;art ! Chaque d\u00e9tail a \u00e9t\u00e9 choisi avec le plus grand soin en soumettant le pinceau InLei\u00ae PICASSO \u00e0 des tests de qualit\u00e9 stricts.<\/p>\n<p>Poils synth\u00e9tiques, con\u00e7us pour un confort d&rsquo;utilisation maximal. Gr\u00e2ce \u00e0 sa pointe tr\u00e8s fine, il donne au lashstylist un contr\u00f4le absolu lors de l&rsquo;application des produits.<\/p>\n<p>Le manche est enti\u00e8rement r\u00e9alis\u00e9 en bois de bouleau, qui a toujours \u00e9t\u00e9 reconnu pour ses qualit\u00e9s de grande r\u00e9sistance, de durabilit\u00e9 et de l\u00e9g\u00e8ret\u00e9 absolue. Il est recouvert d&rsquo;une double couche de vernis acrylique sp\u00e9cial \u00e0 base de silicone qui assure une r\u00e9sistance maximale \u00e0 l&rsquo;eau. La double fermeture des poils en laiton nickel\u00e9 rend la t\u00eate de la brosse fixe et immobile.<\/p>\n<p>Peut \u00e9galement \u00eatre utilis\u00e9 \u00e0 d&rsquo;autres fins : teinture et maquillage.<br \/>\nD\u00e9sinfection :<\/p>\n<p>Lavez les poils \u00e0 l&rsquo;eau courante et au savon doux. Trempez l&#8217;embout pendant 10 \u00e0 15 minutes dans InLei\u00ae F PLUS, rincez \u00e0 l&rsquo;eau et s\u00e9chez tr\u00e8s bien avec un chiffon.<\/p>\n","protected":false},"excerpt":{"rendered":"<p>Pinceau professionnel \u00e0 coupe droite, fabriqu\u00e9 sur mesure en collaboration avec un brossier italien historique. InLei\u00ae PICASSO est une brosse sp\u00e9cialement cr\u00e9\u00e9e pour appliquer la troisi\u00e8me substance Filler\/Lotion de mani\u00e8re \u00e0 ce qu&rsquo;elle soit compl\u00e8tement absorb\u00e9e \u00e0 l&rsquo;int\u00e9rieur du cheveu afin d&rsquo;atteindre efficacement la racine. Les poils de la brosse InLei\u00ae PICASSO ont \u00e9t\u00e9 con\u00e7us [&hellip;]<\/p>\n","protected":false},"featured_media":1943,"template":"","meta":{"_acf_changed":false,"inline_featured_image":false},"product_cat":[119,125,129,141,143,146,150,160,193],"product_tag":[],"class_list":{"0":"post-1946","1":"product","2":"type-product","3":"status-publish","4":"has-post-thumbnail","6":"product_brand-in-lei","7":"product_cat-coloration-et-correction-des-sourcils","8":"product_cat-outil-extension-de-cils","9":"product_cat-stylisation-a-long-terme-des-sourcils","10":"product_cat-outils","11":"product_cat-equipements-et-accessoires","12":"product_cat-autre","13":"product_cat-rehaussement-des-cils","14":"product_cat-outil","15":"product_cat-produits-connexes","17":"first","18":"instock","19":"shipping-taxable","20":"purchasable","21":"product-type-simple"},"acf":[],"yoast_head":"<!-- This site is optimized with the Yoast SEO plugin v26.6 - https:\/\/yoast.com\/wordpress\/plugins\/seo\/ -->\n<title>InLei PICASSO brosse professionnelle \u00e0 coupe droite - sans \u00e9tui - LASHES&amp;BROWS by Nataliya Reinhard<\/title>\n<meta name=\"description\" content=\"Pinceau professionnel InLei\u00ae PICASSO \u00e0 coupe droite, pour une application pr\u00e9cise du Filler\/Lotion. Manche en bois de bouleau, r\u00e9sistant \u00e0 l&#039;eau.\" \/>\n<meta name=\"robots\" content=\"index, follow, max-snippet:-1, max-image-preview:large, max-video-preview:-1\" \/>\n<link rel=\"canonical\" href=\"https:\/\/www.art-natur.ch\/fr\/produit\/inlei-picasso-brosse-professionnelle-a-coupe-droite-sans-etui\/\" \/>\n<meta property=\"og:locale\" content=\"fr_FR\" \/>\n<meta property=\"og:type\" content=\"article\" \/>\n<meta property=\"og:title\" content=\"InLei PICASSO brosse professionnelle \u00e0 coupe droite - sans \u00e9tui - LASHES&amp;BROWS by Nataliya Reinhard\" \/>\n<meta property=\"og:description\" content=\"Pinceau professionnel InLei\u00ae PICASSO \u00e0 coupe droite, pour une application pr\u00e9cise du Filler\/Lotion. Manche en bois de bouleau, r\u00e9sistant \u00e0 l&#039;eau.\" \/>\n<meta property=\"og:url\" content=\"https:\/\/www.art-natur.ch\/fr\/produit\/inlei-picasso-brosse-professionnelle-a-coupe-droite-sans-etui\/\" \/>\n<meta property=\"og:site_name\" content=\"LASHES&amp;BROWS by Nataliya Reinhard\" \/>\n<meta property=\"og:image\" content=\"https:\/\/www.art-natur.ch\/wp-content\/uploads\/2024\/09\/2520888686.png\" \/>\n\t<meta property=\"og:image:width\" content=\"400\" \/>\n\t<meta property=\"og:image:height\" content=\"400\" \/>\n\t<meta property=\"og:image:type\" content=\"image\/png\" \/>\n<meta name=\"twitter:card\" content=\"summary_large_image\" \/>\n<meta name=\"twitter:label1\" content=\"Dur\u00e9e de lecture estim\u00e9e\" \/>\n\t<meta name=\"twitter:data1\" content=\"2 minutes\" \/>\n<script type=\"application\/ld+json\" class=\"yoast-schema-graph\">{\"@context\":\"https:\/\/schema.org\",\"@graph\":[{\"@type\":\"WebPage\",\"@id\":\"https:\/\/www.art-natur.ch\/fr\/produit\/inlei-picasso-brosse-professionnelle-a-coupe-droite-sans-etui\/\",\"url\":\"https:\/\/www.art-natur.ch\/fr\/produit\/inlei-picasso-brosse-professionnelle-a-coupe-droite-sans-etui\/\",\"name\":\"InLei PICASSO brosse professionnelle \u00e0 coupe droite - sans \u00e9tui - LASHES&amp;BROWS by Nataliya Reinhard\",\"isPartOf\":{\"@id\":\"https:\/\/www.art-natur.ch\/fr\/#website\"},\"primaryImageOfPage\":{\"@id\":\"https:\/\/www.art-natur.ch\/fr\/produit\/inlei-picasso-brosse-professionnelle-a-coupe-droite-sans-etui\/#primaryimage\"},\"image\":{\"@id\":\"https:\/\/www.art-natur.ch\/fr\/produit\/inlei-picasso-brosse-professionnelle-a-coupe-droite-sans-etui\/#primaryimage\"},\"thumbnailUrl\":\"https:\/\/www.art-natur.ch\/wp-content\/uploads\/2024\/09\/2520888686.png\",\"datePublished\":\"2024-09-26T13:35:39+00:00\",\"description\":\"Pinceau professionnel InLei\u00ae PICASSO \u00e0 coupe droite, pour une application pr\u00e9cise du Filler\/Lotion. Manche en bois de bouleau, r\u00e9sistant \u00e0 l'eau.\",\"breadcrumb\":{\"@id\":\"https:\/\/www.art-natur.ch\/fr\/produit\/inlei-picasso-brosse-professionnelle-a-coupe-droite-sans-etui\/#breadcrumb\"},\"inLanguage\":\"fr-FR\",\"potentialAction\":[{\"@type\":\"ReadAction\",\"target\":[\"https:\/\/www.art-natur.ch\/fr\/produit\/inlei-picasso-brosse-professionnelle-a-coupe-droite-sans-etui\/\"]}]},{\"@type\":\"ImageObject\",\"inLanguage\":\"fr-FR\",\"@id\":\"https:\/\/www.art-natur.ch\/fr\/produit\/inlei-picasso-brosse-professionnelle-a-coupe-droite-sans-etui\/#primaryimage\",\"url\":\"https:\/\/www.art-natur.ch\/wp-content\/uploads\/2024\/09\/2520888686.png\",\"contentUrl\":\"https:\/\/www.art-natur.ch\/wp-content\/uploads\/2024\/09\/2520888686.png\",\"width\":400,\"height\":400},{\"@type\":\"BreadcrumbList\",\"@id\":\"https:\/\/www.art-natur.ch\/fr\/produit\/inlei-picasso-brosse-professionnelle-a-coupe-droite-sans-etui\/#breadcrumb\",\"itemListElement\":[{\"@type\":\"ListItem\",\"position\":1,\"name\":\"Home\",\"item\":\"https:\/\/www.art-natur.ch\/fr\/\"},{\"@type\":\"ListItem\",\"position\":2,\"name\":\"Boutique\",\"item\":\"https:\/\/www.art-natur.ch\/shop\/\"},{\"@type\":\"ListItem\",\"position\":3,\"name\":\"InLei PICASSO brosse professionnelle \u00e0 coupe droite &#8211; sans \u00e9tui\"}]},{\"@type\":\"WebSite\",\"@id\":\"https:\/\/www.art-natur.ch\/fr\/#website\",\"url\":\"https:\/\/www.art-natur.ch\/fr\/\",\"name\":\"LASHES&amp;BROWS by Nataliya Reinhard\",\"description\":\"High-quality lash and brow services with attention to every detail\",\"potentialAction\":[{\"@type\":\"SearchAction\",\"target\":{\"@type\":\"EntryPoint\",\"urlTemplate\":\"https:\/\/www.art-natur.ch\/fr\/?s={search_term_string}\"},\"query-input\":{\"@type\":\"PropertyValueSpecification\",\"valueRequired\":true,\"valueName\":\"search_term_string\"}}],\"inLanguage\":\"fr-FR\"}]}<\/script>\n<!-- \/ Yoast SEO plugin. -->","yoast_head_json":{"title":"InLei PICASSO brosse professionnelle \u00e0 coupe droite - sans \u00e9tui - LASHES&amp;BROWS by Nataliya Reinhard","description":"Pinceau professionnel InLei\u00ae PICASSO \u00e0 coupe droite, pour une application pr\u00e9cise du Filler\/Lotion. Manche en bois de bouleau, r\u00e9sistant \u00e0 l'eau.","robots":{"index":"index","follow":"follow","max-snippet":"max-snippet:-1","max-image-preview":"max-image-preview:large","max-video-preview":"max-video-preview:-1"},"canonical":"https:\/\/www.art-natur.ch\/fr\/produit\/inlei-picasso-brosse-professionnelle-a-coupe-droite-sans-etui\/","og_locale":"fr_FR","og_type":"article","og_title":"InLei PICASSO brosse professionnelle \u00e0 coupe droite - sans \u00e9tui - LASHES&amp;BROWS by Nataliya Reinhard","og_description":"Pinceau professionnel InLei\u00ae PICASSO \u00e0 coupe droite, pour une application pr\u00e9cise du Filler\/Lotion. Manche en bois de bouleau, r\u00e9sistant \u00e0 l'eau.","og_url":"https:\/\/www.art-natur.ch\/fr\/produit\/inlei-picasso-brosse-professionnelle-a-coupe-droite-sans-etui\/","og_site_name":"LASHES&amp;BROWS by Nataliya Reinhard","og_image":[{"width":400,"height":400,"url":"https:\/\/www.art-natur.ch\/wp-content\/uploads\/2024\/09\/2520888686.png","type":"image\/png"}],"twitter_card":"summary_large_image","twitter_misc":{"Dur\u00e9e de lecture estim\u00e9e":"2 minutes"},"schema":{"@context":"https:\/\/schema.org","@graph":[{"@type":"WebPage","@id":"https:\/\/www.art-natur.ch\/fr\/produit\/inlei-picasso-brosse-professionnelle-a-coupe-droite-sans-etui\/","url":"https:\/\/www.art-natur.ch\/fr\/produit\/inlei-picasso-brosse-professionnelle-a-coupe-droite-sans-etui\/","name":"InLei PICASSO brosse professionnelle \u00e0 coupe droite - sans \u00e9tui - LASHES&amp;BROWS by Nataliya Reinhard","isPartOf":{"@id":"https:\/\/www.art-natur.ch\/fr\/#website"},"primaryImageOfPage":{"@id":"https:\/\/www.art-natur.ch\/fr\/produit\/inlei-picasso-brosse-professionnelle-a-coupe-droite-sans-etui\/#primaryimage"},"image":{"@id":"https:\/\/www.art-natur.ch\/fr\/produit\/inlei-picasso-brosse-professionnelle-a-coupe-droite-sans-etui\/#primaryimage"},"thumbnailUrl":"https:\/\/www.art-natur.ch\/wp-content\/uploads\/2024\/09\/2520888686.png","datePublished":"2024-09-26T13:35:39+00:00","description":"Pinceau professionnel InLei\u00ae PICASSO \u00e0 coupe droite, pour une application pr\u00e9cise du Filler\/Lotion. Manche en bois de bouleau, r\u00e9sistant \u00e0 l'eau.","breadcrumb":{"@id":"https:\/\/www.art-natur.ch\/fr\/produit\/inlei-picasso-brosse-professionnelle-a-coupe-droite-sans-etui\/#breadcrumb"},"inLanguage":"fr-FR","potentialAction":[{"@type":"ReadAction","target":["https:\/\/www.art-natur.ch\/fr\/produit\/inlei-picasso-brosse-professionnelle-a-coupe-droite-sans-etui\/"]}]},{"@type":"ImageObject","inLanguage":"fr-FR","@id":"https:\/\/www.art-natur.ch\/fr\/produit\/inlei-picasso-brosse-professionnelle-a-coupe-droite-sans-etui\/#primaryimage","url":"https:\/\/www.art-natur.ch\/wp-content\/uploads\/2024\/09\/2520888686.png","contentUrl":"https:\/\/www.art-natur.ch\/wp-content\/uploads\/2024\/09\/2520888686.png","width":400,"height":400},{"@type":"BreadcrumbList","@id":"https:\/\/www.art-natur.ch\/fr\/produit\/inlei-picasso-brosse-professionnelle-a-coupe-droite-sans-etui\/#breadcrumb","itemListElement":[{"@type":"ListItem","position":1,"name":"Home","item":"https:\/\/www.art-natur.ch\/fr\/"},{"@type":"ListItem","position":2,"name":"Boutique","item":"https:\/\/www.art-natur.ch\/shop\/"},{"@type":"ListItem","position":3,"name":"InLei PICASSO brosse professionnelle \u00e0 coupe droite &#8211; sans \u00e9tui"}]},{"@type":"WebSite","@id":"https:\/\/www.art-natur.ch\/fr\/#website","url":"https:\/\/www.art-natur.ch\/fr\/","name":"LASHES&amp;BROWS by Nataliya Reinhard","description":"High-quality lash and brow services with attention to every detail","potentialAction":[{"@type":"SearchAction","target":{"@type":"EntryPoint","urlTemplate":"https:\/\/www.art-natur.ch\/fr\/?s={search_term_string}"},"query-input":{"@type":"PropertyValueSpecification","valueRequired":true,"valueName":"search_term_string"}}],"inLanguage":"fr-FR"}]}},"_links":{"self":[{"href":"https:\/\/www.art-natur.ch\/fr\/wp-json\/wp\/v2\/product\/1946","targetHints":{"allow":["GET"]}}],"collection":[{"href":"https:\/\/www.art-natur.ch\/fr\/wp-json\/wp\/v2\/product"}],"about":[{"href":"https:\/\/www.art-natur.ch\/fr\/wp-json\/wp\/v2\/types\/product"}],"wp:featuredmedia":[{"embeddable":true,"href":"https:\/\/www.art-natur.ch\/fr\/wp-json\/wp\/v2\/media\/1943"}],"wp:attachment":[{"href":"https:\/\/www.art-natur.ch\/fr\/wp-json\/wp\/v2\/media?parent=1946"}],"wp:term":[{"taxonomy":"product_cat","embeddable":true,"href":"https:\/\/www.art-natur.ch\/fr\/wp-json\/wp\/v2\/product_cat?post=1946"},{"taxonomy":"product_tag","embeddable":true,"href":"https:\/\/www.art-natur.ch\/fr\/wp-json\/wp\/v2\/product_tag?post=1946"}],"curies":[{"name":"wp","href":"https:\/\/api.w.org\/{rel}","templated":true}]}}