{"id":1953,"date":"2024-09-26T15:41:24","date_gmt":"2024-09-26T13:41:24","guid":{"rendered":"https:\/\/www.art-natur.ch\/product\/inlei-pro-tint-remover-detachage\/"},"modified":"2025-05-25T19:42:30","modified_gmt":"2025-05-25T18:42:30","slug":"inlei-pro-tint-remover-detachage","status":"publish","type":"product","link":"https:\/\/www.art-natur.ch\/fr\/produit\/inlei-pro-tint-remover-detachage\/","title":{"rendered":"InLei PRO TINT REMOVER d\u00e9tachage"},"content":{"rendered":"<p>InLei\u00ae \u00ab\u00a0PRO TINT REMOVER\u00a0\u00bb est une solution efficace pour \u00e9liminer les taches de teinture sur les sourcils et la peau d\u00e9licate du visage. InLei\u00ae accorde une grande attention au choix des ingr\u00e9dients actifs de chaque produit, comme le \u00ab\u00a0PRO TINT REMOVER\u00a0\u00bb \u00e0 l&rsquo;huile de ricin hydrog\u00e9n\u00e9e qui agit en douceur dans sa fonction d&rsquo;\u00e9limination. L&rsquo;extrait v\u00e9g\u00e9tal de citron a de fortes propri\u00e9t\u00e9s hydratantes et exfoliantes sur la couche corn\u00e9e, permettant de r\u00e9\u00e9quilibrer la zone trait\u00e9e.<br \/>\nMODE D&rsquo;UTILISATION :<\/p>\n<p>Humidifiez un coton-tige avec InLei\u00ae \u00ab\u00a0PRO TINT REMOVER\u00a0\u00bb.<br \/>\nFrottez doucement la zone concern\u00e9e pour \u00e9liminer l&rsquo;exc\u00e8s de teinture. R\u00e9p\u00e9tez l&rsquo;op\u00e9ration si n\u00e9cessaire. Tenir \u00e0 l&rsquo;\u00e9cart des yeux.<\/p>\n<p>AVERTISSEMENTS :<\/p>\n<p>Produit inflammable.<br \/>\nTenir \u00e0 l&rsquo;\u00e9cart de la chaleur, des surfaces chaudes, des \u00e9tincelles, des flammes nues ou de toute autre source d&rsquo;inflammation.<br \/>\n\u00c9viter le contact avec les yeux. En cas de contact avec les yeux, rincer imm\u00e9diatement.<br \/>\nTenir hors de port\u00e9e des enfants.<\/p>\n","protected":false},"excerpt":{"rendered":"<p>InLei\u00ae \u00ab\u00a0PRO TINT REMOVER\u00a0\u00bb est une solution efficace pour \u00e9liminer les taches de teinture sur les sourcils et la peau d\u00e9licate du visage. InLei\u00ae accorde une grande attention au choix des ingr\u00e9dients actifs de chaque produit, comme le \u00ab\u00a0PRO TINT REMOVER\u00a0\u00bb \u00e0 l&rsquo;huile de ricin hydrog\u00e9n\u00e9e qui agit en douceur dans sa fonction d&rsquo;\u00e9limination. L&rsquo;extrait [&hellip;]<\/p>\n","protected":false},"featured_media":7681,"template":"","meta":{"_acf_changed":false,"inline_featured_image":false},"product_cat":[119,124,129,150,162,164,538,647],"product_tag":[],"class_list":{"0":"post-1953","1":"product","2":"type-product","3":"status-publish","4":"has-post-thumbnail","6":"product_brand-in-lei","7":"product_cat-coloration-et-correction-des-sourcils","8":"product_cat-produits-de-coloration-des-sourcils","9":"product_cat-stylisation-a-long-terme-des-sourcils","10":"product_cat-rehaussement-des-cils","11":"product_cat-coloration-des-cils","12":"product_cat-dissolvants","13":"product_cat-promotions","14":"product_cat-produits-pour-teindre-les-sourcils-2","16":"first","17":"instock","18":"sale","19":"shipping-taxable","20":"purchasable","21":"product-type-simple"},"acf":[],"yoast_head":"<!-- This site is optimized with the Yoast SEO plugin v26.6 - https:\/\/yoast.com\/wordpress\/plugins\/seo\/ -->\n<title>InLei PRO TINT REMOVER d\u00e9tachage - LASHES&amp;BROWS by Nataliya Reinhard<\/title>\n<meta name=\"description\" content=\"InLei\u00ae &quot;PRO TINT REMOVER&quot; \u00e9limine en douceur les taches de teinture sur les sourcils et le visage. Formul\u00e9 avec de l&#039;huile de ricin hydrog\u00e9n\u00e9e et de l&#039;extrait de citron pour un soin optimal.\" \/>\n<meta name=\"robots\" content=\"index, follow, max-snippet:-1, max-image-preview:large, max-video-preview:-1\" \/>\n<link rel=\"canonical\" href=\"https:\/\/www.art-natur.ch\/fr\/produit\/inlei-pro-tint-remover-detachage\/\" \/>\n<meta property=\"og:locale\" content=\"fr_FR\" \/>\n<meta property=\"og:type\" content=\"article\" \/>\n<meta property=\"og:title\" content=\"InLei PRO TINT REMOVER d\u00e9tachage - LASHES&amp;BROWS by Nataliya Reinhard\" \/>\n<meta property=\"og:description\" content=\"InLei\u00ae &quot;PRO TINT REMOVER&quot; \u00e9limine en douceur les taches de teinture sur les sourcils et le visage. Formul\u00e9 avec de l&#039;huile de ricin hydrog\u00e9n\u00e9e et de l&#039;extrait de citron pour un soin optimal.\" \/>\n<meta property=\"og:url\" content=\"https:\/\/www.art-natur.ch\/fr\/produit\/inlei-pro-tint-remover-detachage\/\" \/>\n<meta property=\"og:site_name\" content=\"LASHES&amp;BROWS by Nataliya Reinhard\" \/>\n<meta property=\"article:modified_time\" content=\"2025-05-25T18:42:30+00:00\" \/>\n<meta property=\"og:image\" content=\"https:\/\/www.art-natur.ch\/wp-content\/uploads\/2024\/09\/2519994839-Photoroom.png\" \/>\n\t<meta property=\"og:image:width\" content=\"669\" \/>\n\t<meta property=\"og:image:height\" content=\"801\" \/>\n\t<meta property=\"og:image:type\" content=\"image\/png\" \/>\n<meta name=\"twitter:card\" content=\"summary_large_image\" \/>\n<meta name=\"twitter:label1\" content=\"Dur\u00e9e de lecture estim\u00e9e\" \/>\n\t<meta name=\"twitter:data1\" content=\"1 minute\" \/>\n<script type=\"application\/ld+json\" class=\"yoast-schema-graph\">{\"@context\":\"https:\/\/schema.org\",\"@graph\":[{\"@type\":\"WebPage\",\"@id\":\"https:\/\/www.art-natur.ch\/fr\/produit\/inlei-pro-tint-remover-detachage\/\",\"url\":\"https:\/\/www.art-natur.ch\/fr\/produit\/inlei-pro-tint-remover-detachage\/\",\"name\":\"InLei PRO TINT REMOVER d\u00e9tachage - LASHES&amp;BROWS by Nataliya Reinhard\",\"isPartOf\":{\"@id\":\"https:\/\/www.art-natur.ch\/fr\/#website\"},\"primaryImageOfPage\":{\"@id\":\"https:\/\/www.art-natur.ch\/fr\/produit\/inlei-pro-tint-remover-detachage\/#primaryimage\"},\"image\":{\"@id\":\"https:\/\/www.art-natur.ch\/fr\/produit\/inlei-pro-tint-remover-detachage\/#primaryimage\"},\"thumbnailUrl\":\"https:\/\/www.art-natur.ch\/wp-content\/uploads\/2024\/09\/2519994839-Photoroom.png\",\"datePublished\":\"2024-09-26T13:41:24+00:00\",\"dateModified\":\"2025-05-25T18:42:30+00:00\",\"description\":\"InLei\u00ae \\\"PRO TINT REMOVER\\\" \u00e9limine en douceur les taches de teinture sur les sourcils et le visage. Formul\u00e9 avec de l'huile de ricin hydrog\u00e9n\u00e9e et de l'extrait de citron pour un soin optimal.\",\"breadcrumb\":{\"@id\":\"https:\/\/www.art-natur.ch\/fr\/produit\/inlei-pro-tint-remover-detachage\/#breadcrumb\"},\"inLanguage\":\"fr-FR\",\"potentialAction\":[{\"@type\":\"ReadAction\",\"target\":[\"https:\/\/www.art-natur.ch\/fr\/produit\/inlei-pro-tint-remover-detachage\/\"]}]},{\"@type\":\"ImageObject\",\"inLanguage\":\"fr-FR\",\"@id\":\"https:\/\/www.art-natur.ch\/fr\/produit\/inlei-pro-tint-remover-detachage\/#primaryimage\",\"url\":\"https:\/\/www.art-natur.ch\/wp-content\/uploads\/2024\/09\/2519994839-Photoroom.png\",\"contentUrl\":\"https:\/\/www.art-natur.ch\/wp-content\/uploads\/2024\/09\/2519994839-Photoroom.png\",\"width\":669,\"height\":801},{\"@type\":\"BreadcrumbList\",\"@id\":\"https:\/\/www.art-natur.ch\/fr\/produit\/inlei-pro-tint-remover-detachage\/#breadcrumb\",\"itemListElement\":[{\"@type\":\"ListItem\",\"position\":1,\"name\":\"Home\",\"item\":\"https:\/\/www.art-natur.ch\/fr\/\"},{\"@type\":\"ListItem\",\"position\":2,\"name\":\"Boutique\",\"item\":\"https:\/\/www.art-natur.ch\/shop\/\"},{\"@type\":\"ListItem\",\"position\":3,\"name\":\"InLei PRO TINT REMOVER d\u00e9tachage\"}]},{\"@type\":\"WebSite\",\"@id\":\"https:\/\/www.art-natur.ch\/fr\/#website\",\"url\":\"https:\/\/www.art-natur.ch\/fr\/\",\"name\":\"LASHES&amp;BROWS by Nataliya Reinhard\",\"description\":\"High-quality lash and brow services with attention to every detail\",\"potentialAction\":[{\"@type\":\"SearchAction\",\"target\":{\"@type\":\"EntryPoint\",\"urlTemplate\":\"https:\/\/www.art-natur.ch\/fr\/?s={search_term_string}\"},\"query-input\":{\"@type\":\"PropertyValueSpecification\",\"valueRequired\":true,\"valueName\":\"search_term_string\"}}],\"inLanguage\":\"fr-FR\"}]}<\/script>\n<!-- \/ Yoast SEO plugin. -->","yoast_head_json":{"title":"InLei PRO TINT REMOVER d\u00e9tachage - LASHES&amp;BROWS by Nataliya Reinhard","description":"InLei\u00ae \"PRO TINT REMOVER\" \u00e9limine en douceur les taches de teinture sur les sourcils et le visage. Formul\u00e9 avec de l'huile de ricin hydrog\u00e9n\u00e9e et de l'extrait de citron pour un soin optimal.","robots":{"index":"index","follow":"follow","max-snippet":"max-snippet:-1","max-image-preview":"max-image-preview:large","max-video-preview":"max-video-preview:-1"},"canonical":"https:\/\/www.art-natur.ch\/fr\/produit\/inlei-pro-tint-remover-detachage\/","og_locale":"fr_FR","og_type":"article","og_title":"InLei PRO TINT REMOVER d\u00e9tachage - LASHES&amp;BROWS by Nataliya Reinhard","og_description":"InLei\u00ae \"PRO TINT REMOVER\" \u00e9limine en douceur les taches de teinture sur les sourcils et le visage. Formul\u00e9 avec de l'huile de ricin hydrog\u00e9n\u00e9e et de l'extrait de citron pour un soin optimal.","og_url":"https:\/\/www.art-natur.ch\/fr\/produit\/inlei-pro-tint-remover-detachage\/","og_site_name":"LASHES&amp;BROWS by Nataliya Reinhard","article_modified_time":"2025-05-25T18:42:30+00:00","og_image":[{"width":669,"height":801,"url":"https:\/\/www.art-natur.ch\/wp-content\/uploads\/2024\/09\/2519994839-Photoroom.png","type":"image\/png"}],"twitter_card":"summary_large_image","twitter_misc":{"Dur\u00e9e de lecture estim\u00e9e":"1 minute"},"schema":{"@context":"https:\/\/schema.org","@graph":[{"@type":"WebPage","@id":"https:\/\/www.art-natur.ch\/fr\/produit\/inlei-pro-tint-remover-detachage\/","url":"https:\/\/www.art-natur.ch\/fr\/produit\/inlei-pro-tint-remover-detachage\/","name":"InLei PRO TINT REMOVER d\u00e9tachage - LASHES&amp;BROWS by Nataliya Reinhard","isPartOf":{"@id":"https:\/\/www.art-natur.ch\/fr\/#website"},"primaryImageOfPage":{"@id":"https:\/\/www.art-natur.ch\/fr\/produit\/inlei-pro-tint-remover-detachage\/#primaryimage"},"image":{"@id":"https:\/\/www.art-natur.ch\/fr\/produit\/inlei-pro-tint-remover-detachage\/#primaryimage"},"thumbnailUrl":"https:\/\/www.art-natur.ch\/wp-content\/uploads\/2024\/09\/2519994839-Photoroom.png","datePublished":"2024-09-26T13:41:24+00:00","dateModified":"2025-05-25T18:42:30+00:00","description":"InLei\u00ae \"PRO TINT REMOVER\" \u00e9limine en douceur les taches de teinture sur les sourcils et le visage. Formul\u00e9 avec de l'huile de ricin hydrog\u00e9n\u00e9e et de l'extrait de citron pour un soin optimal.","breadcrumb":{"@id":"https:\/\/www.art-natur.ch\/fr\/produit\/inlei-pro-tint-remover-detachage\/#breadcrumb"},"inLanguage":"fr-FR","potentialAction":[{"@type":"ReadAction","target":["https:\/\/www.art-natur.ch\/fr\/produit\/inlei-pro-tint-remover-detachage\/"]}]},{"@type":"ImageObject","inLanguage":"fr-FR","@id":"https:\/\/www.art-natur.ch\/fr\/produit\/inlei-pro-tint-remover-detachage\/#primaryimage","url":"https:\/\/www.art-natur.ch\/wp-content\/uploads\/2024\/09\/2519994839-Photoroom.png","contentUrl":"https:\/\/www.art-natur.ch\/wp-content\/uploads\/2024\/09\/2519994839-Photoroom.png","width":669,"height":801},{"@type":"BreadcrumbList","@id":"https:\/\/www.art-natur.ch\/fr\/produit\/inlei-pro-tint-remover-detachage\/#breadcrumb","itemListElement":[{"@type":"ListItem","position":1,"name":"Home","item":"https:\/\/www.art-natur.ch\/fr\/"},{"@type":"ListItem","position":2,"name":"Boutique","item":"https:\/\/www.art-natur.ch\/shop\/"},{"@type":"ListItem","position":3,"name":"InLei PRO TINT REMOVER d\u00e9tachage"}]},{"@type":"WebSite","@id":"https:\/\/www.art-natur.ch\/fr\/#website","url":"https:\/\/www.art-natur.ch\/fr\/","name":"LASHES&amp;BROWS by Nataliya Reinhard","description":"High-quality lash and brow services with attention to every detail","potentialAction":[{"@type":"SearchAction","target":{"@type":"EntryPoint","urlTemplate":"https:\/\/www.art-natur.ch\/fr\/?s={search_term_string}"},"query-input":{"@type":"PropertyValueSpecification","valueRequired":true,"valueName":"search_term_string"}}],"inLanguage":"fr-FR"}]}},"_links":{"self":[{"href":"https:\/\/www.art-natur.ch\/fr\/wp-json\/wp\/v2\/product\/1953","targetHints":{"allow":["GET"]}}],"collection":[{"href":"https:\/\/www.art-natur.ch\/fr\/wp-json\/wp\/v2\/product"}],"about":[{"href":"https:\/\/www.art-natur.ch\/fr\/wp-json\/wp\/v2\/types\/product"}],"wp:featuredmedia":[{"embeddable":true,"href":"https:\/\/www.art-natur.ch\/fr\/wp-json\/wp\/v2\/media\/7681"}],"wp:attachment":[{"href":"https:\/\/www.art-natur.ch\/fr\/wp-json\/wp\/v2\/media?parent=1953"}],"wp:term":[{"taxonomy":"product_cat","embeddable":true,"href":"https:\/\/www.art-natur.ch\/fr\/wp-json\/wp\/v2\/product_cat?post=1953"},{"taxonomy":"product_tag","embeddable":true,"href":"https:\/\/www.art-natur.ch\/fr\/wp-json\/wp\/v2\/product_tag?post=1953"}],"curies":[{"name":"wp","href":"https:\/\/api.w.org\/{rel}","templated":true}]}}