{"id":1964,"date":"2024-09-26T15:45:55","date_gmt":"2024-09-26T13:45:55","guid":{"rendered":"https:\/\/www.art-natur.ch\/product\/inlei-red-teinte-rouge-pour-cils-et-sourcils-a-lhuile-dargan\/"},"modified":"2024-10-13T21:39:24","modified_gmt":"2024-10-13T19:39:24","slug":"inlei-red-teinte-rouge-pour-cils-et-sourcils-a-lhuile-dargan","status":"publish","type":"product","link":"https:\/\/www.art-natur.ch\/fr\/produit\/inlei-red-teinte-rouge-pour-cils-et-sourcils-a-lhuile-dargan\/","title":{"rendered":"InLei \u00ab\u00a0RED\u00a0\u00bb &#8211; teinte rouge pour cils et sourcils \u00e0 l&rsquo;huile d&rsquo;Argan"},"content":{"rendered":"<p>Le colorant pour cils et sourcils InLei\u00ae rouge \u00e0 haut pouvoir couvrant, une couleur sp\u00e9ciale pour accentuer les sourcils clairs ou colorer de fa\u00e7on permanente les cils et les sourcils pour les assortir \u00e0 toute couleur de cheveux.<\/p>\n<p>Tinture InLei\u00ae est structur\u00e9 avec une formule efficace mais douce. La formulation sp\u00e9ciale, riche en cires d&rsquo;origine v\u00e9g\u00e9tale, permet une p\u00e9n\u00e9tration compl\u00e8te du produit dans la structure capillaire des cils et des sourcils et garantit le d\u00e9veloppement de teintes intenses et durables. Gr\u00e2ce \u00e0 un m\u00e9lange savant des ingr\u00e9dients et \u00e0 l&rsquo;utilisation de pigments de haute puret\u00e9, les colorants InLei\u00ae sont capables de garantir une couleur stable et intense. Les colorants InLei\u00ae persistent dans les poils des cils et des sourcils pendant 6 \u00e0 8 heures. Utilisez le colorant avec la CR\u00c8ME DE D\u00c9VELOPPEMENT InLei\u00ae 1,5 % 5 Vol. pour obtenir une texture cr\u00e9meuse et enveloppante. La gamme de colorants InLei\u00ae est \u00e9galement sp\u00e9cialement con\u00e7ue pour \u00eatre utilis\u00e9e avec le traitement InLei\u00ae Lash Filler. La teinture illumine les cheveux d&rsquo;une couleur chatoyante et joue un r\u00f4le important dans le processus d&rsquo;ouverture des \u00e9cailles du cheveu qui s&rsquo;\u00e9paissit gr\u00e2ce au Filler. Ne contient pas d&rsquo;ammoniac.<\/p>\n","protected":false},"excerpt":{"rendered":"<p>Le colorant pour cils et sourcils InLei\u00ae rouge \u00e0 haut pouvoir couvrant, une couleur sp\u00e9ciale pour accentuer les sourcils clairs ou colorer de fa\u00e7on permanente les cils et les sourcils pour les assortir \u00e0 toute couleur de cheveux. Tinture InLei\u00ae est structur\u00e9 avec une formule efficace mais douce. La formulation sp\u00e9ciale, riche en cires d&rsquo;origine [&hellip;]<\/p>\n","protected":false},"featured_media":7677,"template":"","meta":{"_acf_changed":false,"inline_featured_image":false},"product_cat":[124,129,162,166,193,647],"product_tag":[],"class_list":{"0":"post-1964","1":"product","2":"type-product","3":"status-publish","4":"has-post-thumbnail","6":"product_brand-in-lei","7":"product_cat-produits-de-coloration-des-sourcils","8":"product_cat-stylisation-a-long-terme-des-sourcils","9":"product_cat-coloration-des-cils","10":"product_cat-coloration","11":"product_cat-produits-connexes","12":"product_cat-produits-pour-teindre-les-sourcils-2","14":"first","15":"instock","16":"shipping-taxable","17":"purchasable","18":"product-type-simple"},"acf":[],"yoast_head":"<!-- This site is optimized with the Yoast SEO plugin v26.6 - https:\/\/yoast.com\/wordpress\/plugins\/seo\/ -->\n<title>InLei &quot;RED&quot; - teinte rouge pour cils et sourcils \u00e0 l&#039;huile d&#039;Argan - LASHES&amp;BROWS by Nataliya Reinhard<\/title>\n<meta name=\"description\" content=\"Teinture InLei\u00ae rouge pour cils et sourcils, haut pouvoir couvrant, pour accentuer les sourcils clairs ou colorer durablement.\" \/>\n<meta name=\"robots\" content=\"index, follow, max-snippet:-1, max-image-preview:large, max-video-preview:-1\" \/>\n<link rel=\"canonical\" href=\"https:\/\/www.art-natur.ch\/fr\/produit\/inlei-red-teinte-rouge-pour-cils-et-sourcils-a-lhuile-dargan\/\" \/>\n<meta property=\"og:locale\" content=\"fr_FR\" \/>\n<meta property=\"og:type\" content=\"article\" \/>\n<meta property=\"og:title\" content=\"InLei &quot;RED&quot; - teinte rouge pour cils et sourcils \u00e0 l&#039;huile d&#039;Argan - LASHES&amp;BROWS by Nataliya Reinhard\" \/>\n<meta property=\"og:description\" content=\"Teinture InLei\u00ae rouge pour cils et sourcils, haut pouvoir couvrant, pour accentuer les sourcils clairs ou colorer durablement.\" \/>\n<meta property=\"og:url\" content=\"https:\/\/www.art-natur.ch\/fr\/produit\/inlei-red-teinte-rouge-pour-cils-et-sourcils-a-lhuile-dargan\/\" \/>\n<meta property=\"og:site_name\" content=\"LASHES&amp;BROWS by Nataliya Reinhard\" \/>\n<meta property=\"article:modified_time\" content=\"2024-10-13T19:39:24+00:00\" \/>\n<meta property=\"og:image\" content=\"https:\/\/www.art-natur.ch\/wp-content\/uploads\/2024\/09\/2520377166-Photoroom.png\" \/>\n\t<meta property=\"og:image:width\" content=\"720\" \/>\n\t<meta property=\"og:image:height\" content=\"720\" \/>\n\t<meta property=\"og:image:type\" content=\"image\/png\" \/>\n<meta name=\"twitter:card\" content=\"summary_large_image\" \/>\n<meta name=\"twitter:label1\" content=\"Dur\u00e9e de lecture estim\u00e9e\" \/>\n\t<meta name=\"twitter:data1\" content=\"1 minute\" \/>\n<script type=\"application\/ld+json\" class=\"yoast-schema-graph\">{\"@context\":\"https:\/\/schema.org\",\"@graph\":[{\"@type\":\"WebPage\",\"@id\":\"https:\/\/www.art-natur.ch\/fr\/produit\/inlei-red-teinte-rouge-pour-cils-et-sourcils-a-lhuile-dargan\/\",\"url\":\"https:\/\/www.art-natur.ch\/fr\/produit\/inlei-red-teinte-rouge-pour-cils-et-sourcils-a-lhuile-dargan\/\",\"name\":\"InLei \\\"RED\\\" - teinte rouge pour cils et sourcils \u00e0 l'huile d'Argan - LASHES&amp;BROWS by Nataliya Reinhard\",\"isPartOf\":{\"@id\":\"https:\/\/www.art-natur.ch\/fr\/#website\"},\"primaryImageOfPage\":{\"@id\":\"https:\/\/www.art-natur.ch\/fr\/produit\/inlei-red-teinte-rouge-pour-cils-et-sourcils-a-lhuile-dargan\/#primaryimage\"},\"image\":{\"@id\":\"https:\/\/www.art-natur.ch\/fr\/produit\/inlei-red-teinte-rouge-pour-cils-et-sourcils-a-lhuile-dargan\/#primaryimage\"},\"thumbnailUrl\":\"https:\/\/www.art-natur.ch\/wp-content\/uploads\/2024\/09\/2520377166-Photoroom.png\",\"datePublished\":\"2024-09-26T13:45:55+00:00\",\"dateModified\":\"2024-10-13T19:39:24+00:00\",\"description\":\"Teinture InLei\u00ae rouge pour cils et sourcils, haut pouvoir couvrant, pour accentuer les sourcils clairs ou colorer durablement.\",\"breadcrumb\":{\"@id\":\"https:\/\/www.art-natur.ch\/fr\/produit\/inlei-red-teinte-rouge-pour-cils-et-sourcils-a-lhuile-dargan\/#breadcrumb\"},\"inLanguage\":\"fr-FR\",\"potentialAction\":[{\"@type\":\"ReadAction\",\"target\":[\"https:\/\/www.art-natur.ch\/fr\/produit\/inlei-red-teinte-rouge-pour-cils-et-sourcils-a-lhuile-dargan\/\"]}]},{\"@type\":\"ImageObject\",\"inLanguage\":\"fr-FR\",\"@id\":\"https:\/\/www.art-natur.ch\/fr\/produit\/inlei-red-teinte-rouge-pour-cils-et-sourcils-a-lhuile-dargan\/#primaryimage\",\"url\":\"https:\/\/www.art-natur.ch\/wp-content\/uploads\/2024\/09\/2520377166-Photoroom.png\",\"contentUrl\":\"https:\/\/www.art-natur.ch\/wp-content\/uploads\/2024\/09\/2520377166-Photoroom.png\",\"width\":720,\"height\":720},{\"@type\":\"BreadcrumbList\",\"@id\":\"https:\/\/www.art-natur.ch\/fr\/produit\/inlei-red-teinte-rouge-pour-cils-et-sourcils-a-lhuile-dargan\/#breadcrumb\",\"itemListElement\":[{\"@type\":\"ListItem\",\"position\":1,\"name\":\"Home\",\"item\":\"https:\/\/www.art-natur.ch\/fr\/\"},{\"@type\":\"ListItem\",\"position\":2,\"name\":\"Boutique\",\"item\":\"https:\/\/www.art-natur.ch\/shop\/\"},{\"@type\":\"ListItem\",\"position\":3,\"name\":\"InLei &#8222;RED&#8220; &#8211; teinte rouge pour cils et sourcils \u00e0 l&#8217;huile d&#8217;Argan\"}]},{\"@type\":\"WebSite\",\"@id\":\"https:\/\/www.art-natur.ch\/fr\/#website\",\"url\":\"https:\/\/www.art-natur.ch\/fr\/\",\"name\":\"LASHES&amp;BROWS by Nataliya Reinhard\",\"description\":\"High-quality lash and brow services with attention to every detail\",\"potentialAction\":[{\"@type\":\"SearchAction\",\"target\":{\"@type\":\"EntryPoint\",\"urlTemplate\":\"https:\/\/www.art-natur.ch\/fr\/?s={search_term_string}\"},\"query-input\":{\"@type\":\"PropertyValueSpecification\",\"valueRequired\":true,\"valueName\":\"search_term_string\"}}],\"inLanguage\":\"fr-FR\"}]}<\/script>\n<!-- \/ Yoast SEO plugin. -->","yoast_head_json":{"title":"InLei \"RED\" - teinte rouge pour cils et sourcils \u00e0 l'huile d'Argan - LASHES&amp;BROWS by Nataliya Reinhard","description":"Teinture InLei\u00ae rouge pour cils et sourcils, haut pouvoir couvrant, pour accentuer les sourcils clairs ou colorer durablement.","robots":{"index":"index","follow":"follow","max-snippet":"max-snippet:-1","max-image-preview":"max-image-preview:large","max-video-preview":"max-video-preview:-1"},"canonical":"https:\/\/www.art-natur.ch\/fr\/produit\/inlei-red-teinte-rouge-pour-cils-et-sourcils-a-lhuile-dargan\/","og_locale":"fr_FR","og_type":"article","og_title":"InLei \"RED\" - teinte rouge pour cils et sourcils \u00e0 l'huile d'Argan - LASHES&amp;BROWS by Nataliya Reinhard","og_description":"Teinture InLei\u00ae rouge pour cils et sourcils, haut pouvoir couvrant, pour accentuer les sourcils clairs ou colorer durablement.","og_url":"https:\/\/www.art-natur.ch\/fr\/produit\/inlei-red-teinte-rouge-pour-cils-et-sourcils-a-lhuile-dargan\/","og_site_name":"LASHES&amp;BROWS by Nataliya Reinhard","article_modified_time":"2024-10-13T19:39:24+00:00","og_image":[{"width":720,"height":720,"url":"https:\/\/www.art-natur.ch\/wp-content\/uploads\/2024\/09\/2520377166-Photoroom.png","type":"image\/png"}],"twitter_card":"summary_large_image","twitter_misc":{"Dur\u00e9e de lecture estim\u00e9e":"1 minute"},"schema":{"@context":"https:\/\/schema.org","@graph":[{"@type":"WebPage","@id":"https:\/\/www.art-natur.ch\/fr\/produit\/inlei-red-teinte-rouge-pour-cils-et-sourcils-a-lhuile-dargan\/","url":"https:\/\/www.art-natur.ch\/fr\/produit\/inlei-red-teinte-rouge-pour-cils-et-sourcils-a-lhuile-dargan\/","name":"InLei \"RED\" - teinte rouge pour cils et sourcils \u00e0 l'huile d'Argan - LASHES&amp;BROWS by Nataliya Reinhard","isPartOf":{"@id":"https:\/\/www.art-natur.ch\/fr\/#website"},"primaryImageOfPage":{"@id":"https:\/\/www.art-natur.ch\/fr\/produit\/inlei-red-teinte-rouge-pour-cils-et-sourcils-a-lhuile-dargan\/#primaryimage"},"image":{"@id":"https:\/\/www.art-natur.ch\/fr\/produit\/inlei-red-teinte-rouge-pour-cils-et-sourcils-a-lhuile-dargan\/#primaryimage"},"thumbnailUrl":"https:\/\/www.art-natur.ch\/wp-content\/uploads\/2024\/09\/2520377166-Photoroom.png","datePublished":"2024-09-26T13:45:55+00:00","dateModified":"2024-10-13T19:39:24+00:00","description":"Teinture InLei\u00ae rouge pour cils et sourcils, haut pouvoir couvrant, pour accentuer les sourcils clairs ou colorer durablement.","breadcrumb":{"@id":"https:\/\/www.art-natur.ch\/fr\/produit\/inlei-red-teinte-rouge-pour-cils-et-sourcils-a-lhuile-dargan\/#breadcrumb"},"inLanguage":"fr-FR","potentialAction":[{"@type":"ReadAction","target":["https:\/\/www.art-natur.ch\/fr\/produit\/inlei-red-teinte-rouge-pour-cils-et-sourcils-a-lhuile-dargan\/"]}]},{"@type":"ImageObject","inLanguage":"fr-FR","@id":"https:\/\/www.art-natur.ch\/fr\/produit\/inlei-red-teinte-rouge-pour-cils-et-sourcils-a-lhuile-dargan\/#primaryimage","url":"https:\/\/www.art-natur.ch\/wp-content\/uploads\/2024\/09\/2520377166-Photoroom.png","contentUrl":"https:\/\/www.art-natur.ch\/wp-content\/uploads\/2024\/09\/2520377166-Photoroom.png","width":720,"height":720},{"@type":"BreadcrumbList","@id":"https:\/\/www.art-natur.ch\/fr\/produit\/inlei-red-teinte-rouge-pour-cils-et-sourcils-a-lhuile-dargan\/#breadcrumb","itemListElement":[{"@type":"ListItem","position":1,"name":"Home","item":"https:\/\/www.art-natur.ch\/fr\/"},{"@type":"ListItem","position":2,"name":"Boutique","item":"https:\/\/www.art-natur.ch\/shop\/"},{"@type":"ListItem","position":3,"name":"InLei &#8222;RED&#8220; &#8211; teinte rouge pour cils et sourcils \u00e0 l&#8217;huile d&#8217;Argan"}]},{"@type":"WebSite","@id":"https:\/\/www.art-natur.ch\/fr\/#website","url":"https:\/\/www.art-natur.ch\/fr\/","name":"LASHES&amp;BROWS by Nataliya Reinhard","description":"High-quality lash and brow services with attention to every detail","potentialAction":[{"@type":"SearchAction","target":{"@type":"EntryPoint","urlTemplate":"https:\/\/www.art-natur.ch\/fr\/?s={search_term_string}"},"query-input":{"@type":"PropertyValueSpecification","valueRequired":true,"valueName":"search_term_string"}}],"inLanguage":"fr-FR"}]}},"_links":{"self":[{"href":"https:\/\/www.art-natur.ch\/fr\/wp-json\/wp\/v2\/product\/1964","targetHints":{"allow":["GET"]}}],"collection":[{"href":"https:\/\/www.art-natur.ch\/fr\/wp-json\/wp\/v2\/product"}],"about":[{"href":"https:\/\/www.art-natur.ch\/fr\/wp-json\/wp\/v2\/types\/product"}],"wp:featuredmedia":[{"embeddable":true,"href":"https:\/\/www.art-natur.ch\/fr\/wp-json\/wp\/v2\/media\/7677"}],"wp:attachment":[{"href":"https:\/\/www.art-natur.ch\/fr\/wp-json\/wp\/v2\/media?parent=1964"}],"wp:term":[{"taxonomy":"product_cat","embeddable":true,"href":"https:\/\/www.art-natur.ch\/fr\/wp-json\/wp\/v2\/product_cat?post=1964"},{"taxonomy":"product_tag","embeddable":true,"href":"https:\/\/www.art-natur.ch\/fr\/wp-json\/wp\/v2\/product_tag?post=1964"}],"curies":[{"name":"wp","href":"https:\/\/api.w.org\/{rel}","templated":true}]}}