{"id":1993,"date":"2024-09-26T16:01:54","date_gmt":"2024-09-26T15:01:54","guid":{"rendered":"https:\/\/www.art-natur.ch\/product\/inlei-solo-bol-unique-pour-les-solutions-ou-pour-la-teinture\/"},"modified":"2025-01-20T21:51:54","modified_gmt":"2025-01-20T20:51:54","slug":"inlei-solo-bol-unique-pour-les-solutions-ou-pour-la-teinture","status":"publish","type":"product","link":"https:\/\/www.art-natur.ch\/fr\/produit\/inlei-solo-bol-unique-pour-les-solutions-ou-pour-la-teinture\/","title":{"rendered":"InLei SOLO bol unique pour les solutions ou pour la teinture"},"content":{"rendered":"<p>InLei\u00ae SOLO est un petit plateau dot\u00e9 d&rsquo;une cavit\u00e9 avec un \u00e9videment pour le pinceau. Sp\u00e9cialement con\u00e7u pour rendre le travail du styliste de cils confortable et efficace. Il dispose d&rsquo;une base stable, ne se renverse pas et vous permet d&rsquo;avoir toujours un lieu de travail propre et bien rang\u00e9. Fabriqu\u00e9 dans un mat\u00e9riau italien durable et de haute qualit\u00e9, le bol InLei\u00ae SOLO est facile \u00e0 laver. Il n&rsquo;absorbe pas la couleur des colorants.<\/p>\n<p>Fabriqu\u00e9 en Italie<br \/>\nForme de sortie avec porte-brosse \u00e0 niche sp\u00e9ciale<br \/>\nDurable &#8211; 100% polypropyl\u00e8ne<br \/>\nDiam\u00e8tre total : 55 mm<br \/>\nPaquet : 3 pi\u00e8ces<\/p>\n","protected":false},"excerpt":{"rendered":"<p>InLei\u00ae SOLO est un petit plateau dot\u00e9 d&rsquo;une cavit\u00e9 avec un \u00e9videment pour le pinceau. Sp\u00e9cialement con\u00e7u pour rendre le travail du styliste de cils confortable et efficace. Il dispose d&rsquo;une base stable, ne se renverse pas et vous permet d&rsquo;avoir toujours un lieu de travail propre et bien rang\u00e9. Fabriqu\u00e9 dans un mat\u00e9riau italien [&hellip;]<\/p>\n","protected":false},"featured_media":7653,"template":"","meta":{"_acf_changed":false,"inline_featured_image":false},"product_cat":[119,125,129,141,143,146,150,160,193,207],"product_tag":[],"class_list":{"0":"post-1993","1":"product","2":"type-product","3":"status-publish","4":"has-post-thumbnail","6":"product_brand-in-lei","7":"product_cat-coloration-et-correction-des-sourcils","8":"product_cat-outil-extension-de-cils","9":"product_cat-stylisation-a-long-terme-des-sourcils","10":"product_cat-outils","11":"product_cat-equipements-et-accessoires","12":"product_cat-autre","13":"product_cat-rehaussement-des-cils","14":"product_cat-outil","15":"product_cat-produits-connexes","16":"product_cat-consommables-fr","18":"first","19":"instock","20":"shipping-taxable","21":"purchasable","22":"product-type-simple"},"acf":[],"yoast_head":"<!-- This site is optimized with the Yoast SEO plugin v26.6 - https:\/\/yoast.com\/wordpress\/plugins\/seo\/ -->\n<title>InLei SOLO bol unique pour les solutions ou pour la teinture - LASHES&amp;BROWS by Nataliya Reinhard<\/title>\n<meta name=\"description\" content=\"InLei\u00ae SOLO est un bol solide avec une encoche pour la brosse, qui garde l&#039;espace de travail propre et organis\u00e9 pour les stylistes de cils.\" \/>\n<meta name=\"robots\" content=\"index, follow, max-snippet:-1, max-image-preview:large, max-video-preview:-1\" \/>\n<link rel=\"canonical\" href=\"https:\/\/www.art-natur.ch\/fr\/produit\/inlei-solo-bol-unique-pour-les-solutions-ou-pour-la-teinture\/\" \/>\n<meta property=\"og:locale\" content=\"fr_FR\" \/>\n<meta property=\"og:type\" content=\"article\" \/>\n<meta property=\"og:title\" content=\"InLei SOLO bol unique pour les solutions ou pour la teinture - LASHES&amp;BROWS by Nataliya Reinhard\" \/>\n<meta property=\"og:description\" content=\"InLei\u00ae SOLO est un bol solide avec une encoche pour la brosse, qui garde l&#039;espace de travail propre et organis\u00e9 pour les stylistes de cils.\" \/>\n<meta property=\"og:url\" content=\"https:\/\/www.art-natur.ch\/fr\/produit\/inlei-solo-bol-unique-pour-les-solutions-ou-pour-la-teinture\/\" \/>\n<meta property=\"og:site_name\" content=\"LASHES&amp;BROWS by Nataliya Reinhard\" \/>\n<meta property=\"article:modified_time\" content=\"2025-01-20T20:51:54+00:00\" \/>\n<meta property=\"og:image\" content=\"https:\/\/www.art-natur.ch\/wp-content\/uploads\/2024\/09\/2519266169-Photoroom.png\" \/>\n\t<meta property=\"og:image:width\" content=\"720\" \/>\n\t<meta property=\"og:image:height\" content=\"720\" \/>\n\t<meta property=\"og:image:type\" content=\"image\/png\" \/>\n<meta name=\"twitter:card\" content=\"summary_large_image\" \/>\n<script type=\"application\/ld+json\" class=\"yoast-schema-graph\">{\"@context\":\"https:\/\/schema.org\",\"@graph\":[{\"@type\":\"WebPage\",\"@id\":\"https:\/\/www.art-natur.ch\/fr\/produit\/inlei-solo-bol-unique-pour-les-solutions-ou-pour-la-teinture\/\",\"url\":\"https:\/\/www.art-natur.ch\/fr\/produit\/inlei-solo-bol-unique-pour-les-solutions-ou-pour-la-teinture\/\",\"name\":\"InLei SOLO bol unique pour les solutions ou pour la teinture - LASHES&amp;BROWS by Nataliya Reinhard\",\"isPartOf\":{\"@id\":\"https:\/\/www.art-natur.ch\/fr\/#website\"},\"primaryImageOfPage\":{\"@id\":\"https:\/\/www.art-natur.ch\/fr\/produit\/inlei-solo-bol-unique-pour-les-solutions-ou-pour-la-teinture\/#primaryimage\"},\"image\":{\"@id\":\"https:\/\/www.art-natur.ch\/fr\/produit\/inlei-solo-bol-unique-pour-les-solutions-ou-pour-la-teinture\/#primaryimage\"},\"thumbnailUrl\":\"https:\/\/www.art-natur.ch\/wp-content\/uploads\/2024\/09\/2519266169-Photoroom.png\",\"datePublished\":\"2024-09-26T15:01:54+00:00\",\"dateModified\":\"2025-01-20T20:51:54+00:00\",\"description\":\"InLei\u00ae SOLO est un bol solide avec une encoche pour la brosse, qui garde l'espace de travail propre et organis\u00e9 pour les stylistes de cils.\",\"breadcrumb\":{\"@id\":\"https:\/\/www.art-natur.ch\/fr\/produit\/inlei-solo-bol-unique-pour-les-solutions-ou-pour-la-teinture\/#breadcrumb\"},\"inLanguage\":\"fr-FR\",\"potentialAction\":[{\"@type\":\"ReadAction\",\"target\":[\"https:\/\/www.art-natur.ch\/fr\/produit\/inlei-solo-bol-unique-pour-les-solutions-ou-pour-la-teinture\/\"]}]},{\"@type\":\"ImageObject\",\"inLanguage\":\"fr-FR\",\"@id\":\"https:\/\/www.art-natur.ch\/fr\/produit\/inlei-solo-bol-unique-pour-les-solutions-ou-pour-la-teinture\/#primaryimage\",\"url\":\"https:\/\/www.art-natur.ch\/wp-content\/uploads\/2024\/09\/2519266169-Photoroom.png\",\"contentUrl\":\"https:\/\/www.art-natur.ch\/wp-content\/uploads\/2024\/09\/2519266169-Photoroom.png\",\"width\":720,\"height\":720},{\"@type\":\"BreadcrumbList\",\"@id\":\"https:\/\/www.art-natur.ch\/fr\/produit\/inlei-solo-bol-unique-pour-les-solutions-ou-pour-la-teinture\/#breadcrumb\",\"itemListElement\":[{\"@type\":\"ListItem\",\"position\":1,\"name\":\"Home\",\"item\":\"https:\/\/www.art-natur.ch\/fr\/\"},{\"@type\":\"ListItem\",\"position\":2,\"name\":\"Boutique\",\"item\":\"https:\/\/www.art-natur.ch\/shop\/\"},{\"@type\":\"ListItem\",\"position\":3,\"name\":\"InLei SOLO bol unique pour les solutions ou pour la teinture\"}]},{\"@type\":\"WebSite\",\"@id\":\"https:\/\/www.art-natur.ch\/fr\/#website\",\"url\":\"https:\/\/www.art-natur.ch\/fr\/\",\"name\":\"LASHES&amp;BROWS by Nataliya Reinhard\",\"description\":\"High-quality lash and brow services with attention to every detail\",\"potentialAction\":[{\"@type\":\"SearchAction\",\"target\":{\"@type\":\"EntryPoint\",\"urlTemplate\":\"https:\/\/www.art-natur.ch\/fr\/?s={search_term_string}\"},\"query-input\":{\"@type\":\"PropertyValueSpecification\",\"valueRequired\":true,\"valueName\":\"search_term_string\"}}],\"inLanguage\":\"fr-FR\"}]}<\/script>\n<!-- \/ Yoast SEO plugin. -->","yoast_head_json":{"title":"InLei SOLO bol unique pour les solutions ou pour la teinture - LASHES&amp;BROWS by Nataliya Reinhard","description":"InLei\u00ae SOLO est un bol solide avec une encoche pour la brosse, qui garde l'espace de travail propre et organis\u00e9 pour les stylistes de cils.","robots":{"index":"index","follow":"follow","max-snippet":"max-snippet:-1","max-image-preview":"max-image-preview:large","max-video-preview":"max-video-preview:-1"},"canonical":"https:\/\/www.art-natur.ch\/fr\/produit\/inlei-solo-bol-unique-pour-les-solutions-ou-pour-la-teinture\/","og_locale":"fr_FR","og_type":"article","og_title":"InLei SOLO bol unique pour les solutions ou pour la teinture - LASHES&amp;BROWS by Nataliya Reinhard","og_description":"InLei\u00ae SOLO est un bol solide avec une encoche pour la brosse, qui garde l'espace de travail propre et organis\u00e9 pour les stylistes de cils.","og_url":"https:\/\/www.art-natur.ch\/fr\/produit\/inlei-solo-bol-unique-pour-les-solutions-ou-pour-la-teinture\/","og_site_name":"LASHES&amp;BROWS by Nataliya Reinhard","article_modified_time":"2025-01-20T20:51:54+00:00","og_image":[{"width":720,"height":720,"url":"https:\/\/www.art-natur.ch\/wp-content\/uploads\/2024\/09\/2519266169-Photoroom.png","type":"image\/png"}],"twitter_card":"summary_large_image","schema":{"@context":"https:\/\/schema.org","@graph":[{"@type":"WebPage","@id":"https:\/\/www.art-natur.ch\/fr\/produit\/inlei-solo-bol-unique-pour-les-solutions-ou-pour-la-teinture\/","url":"https:\/\/www.art-natur.ch\/fr\/produit\/inlei-solo-bol-unique-pour-les-solutions-ou-pour-la-teinture\/","name":"InLei SOLO bol unique pour les solutions ou pour la teinture - LASHES&amp;BROWS by Nataliya Reinhard","isPartOf":{"@id":"https:\/\/www.art-natur.ch\/fr\/#website"},"primaryImageOfPage":{"@id":"https:\/\/www.art-natur.ch\/fr\/produit\/inlei-solo-bol-unique-pour-les-solutions-ou-pour-la-teinture\/#primaryimage"},"image":{"@id":"https:\/\/www.art-natur.ch\/fr\/produit\/inlei-solo-bol-unique-pour-les-solutions-ou-pour-la-teinture\/#primaryimage"},"thumbnailUrl":"https:\/\/www.art-natur.ch\/wp-content\/uploads\/2024\/09\/2519266169-Photoroom.png","datePublished":"2024-09-26T15:01:54+00:00","dateModified":"2025-01-20T20:51:54+00:00","description":"InLei\u00ae SOLO est un bol solide avec une encoche pour la brosse, qui garde l'espace de travail propre et organis\u00e9 pour les stylistes de cils.","breadcrumb":{"@id":"https:\/\/www.art-natur.ch\/fr\/produit\/inlei-solo-bol-unique-pour-les-solutions-ou-pour-la-teinture\/#breadcrumb"},"inLanguage":"fr-FR","potentialAction":[{"@type":"ReadAction","target":["https:\/\/www.art-natur.ch\/fr\/produit\/inlei-solo-bol-unique-pour-les-solutions-ou-pour-la-teinture\/"]}]},{"@type":"ImageObject","inLanguage":"fr-FR","@id":"https:\/\/www.art-natur.ch\/fr\/produit\/inlei-solo-bol-unique-pour-les-solutions-ou-pour-la-teinture\/#primaryimage","url":"https:\/\/www.art-natur.ch\/wp-content\/uploads\/2024\/09\/2519266169-Photoroom.png","contentUrl":"https:\/\/www.art-natur.ch\/wp-content\/uploads\/2024\/09\/2519266169-Photoroom.png","width":720,"height":720},{"@type":"BreadcrumbList","@id":"https:\/\/www.art-natur.ch\/fr\/produit\/inlei-solo-bol-unique-pour-les-solutions-ou-pour-la-teinture\/#breadcrumb","itemListElement":[{"@type":"ListItem","position":1,"name":"Home","item":"https:\/\/www.art-natur.ch\/fr\/"},{"@type":"ListItem","position":2,"name":"Boutique","item":"https:\/\/www.art-natur.ch\/shop\/"},{"@type":"ListItem","position":3,"name":"InLei SOLO bol unique pour les solutions ou pour la teinture"}]},{"@type":"WebSite","@id":"https:\/\/www.art-natur.ch\/fr\/#website","url":"https:\/\/www.art-natur.ch\/fr\/","name":"LASHES&amp;BROWS by Nataliya Reinhard","description":"High-quality lash and brow services with attention to every detail","potentialAction":[{"@type":"SearchAction","target":{"@type":"EntryPoint","urlTemplate":"https:\/\/www.art-natur.ch\/fr\/?s={search_term_string}"},"query-input":{"@type":"PropertyValueSpecification","valueRequired":true,"valueName":"search_term_string"}}],"inLanguage":"fr-FR"}]}},"_links":{"self":[{"href":"https:\/\/www.art-natur.ch\/fr\/wp-json\/wp\/v2\/product\/1993","targetHints":{"allow":["GET"]}}],"collection":[{"href":"https:\/\/www.art-natur.ch\/fr\/wp-json\/wp\/v2\/product"}],"about":[{"href":"https:\/\/www.art-natur.ch\/fr\/wp-json\/wp\/v2\/types\/product"}],"wp:featuredmedia":[{"embeddable":true,"href":"https:\/\/www.art-natur.ch\/fr\/wp-json\/wp\/v2\/media\/7653"}],"wp:attachment":[{"href":"https:\/\/www.art-natur.ch\/fr\/wp-json\/wp\/v2\/media?parent=1993"}],"wp:term":[{"taxonomy":"product_cat","embeddable":true,"href":"https:\/\/www.art-natur.ch\/fr\/wp-json\/wp\/v2\/product_cat?post=1993"},{"taxonomy":"product_tag","embeddable":true,"href":"https:\/\/www.art-natur.ch\/fr\/wp-json\/wp\/v2\/product_tag?post=1993"}],"curies":[{"name":"wp","href":"https:\/\/api.w.org\/{rel}","templated":true}]}}