{"id":2000,"date":"2024-09-26T16:06:12","date_gmt":"2024-09-26T14:06:12","guid":{"rendered":"https:\/\/www.art-natur.ch\/product\/inlei-sunshine-blanchiment-des-sourcils-a-lhuile-dargan\/"},"modified":"2025-09-21T11:48:00","modified_gmt":"2025-09-21T10:48:00","slug":"inlei-sunshine-blanchiment-des-sourcils-a-lhuile-dargan","status":"publish","type":"product","link":"https:\/\/www.art-natur.ch\/fr\/produit\/inlei-sunshine-blanchiment-des-sourcils-a-lhuile-dargan\/","title":{"rendered":"InLei \u00ab\u00a0SUNSHINE\u00a0\u00bb &#8211; blanchiment des sourcils \u00e0 l&rsquo;huile d&rsquo;Argan"},"content":{"rendered":"<p>D\u00e9colorant pour sourcils InLei\u00ae enrichi en huile d&rsquo;Argan. Un produit professionnel pour blanchir les sourcils et les teindre en plus clair que la base naturelle. Pour blanchir l&rsquo;arcade sourcili\u00e8re, appliquez la CR\u00c8ME DEVELPER InLei\u00ae dans un rapport de 1:2. Temps de pose : 10 \u00e0 25 minutes, selon l&rsquo;\u00e9paisseur du cheveu naturel et le r\u00e9sultat final souhait\u00e9.<\/p>\n<p>C&rsquo;est un \u00e9claircissant tr\u00e8s efficace mais doux. Avec l&rsquo;oxydant raffin\u00e9 InLei\u00ae Developer Cream de 1,5 % vol. (avec lequel il est activ\u00e9), le Sunshine Bleach a la capacit\u00e9 d&rsquo;\u00e9claircir les cheveux jusqu&rsquo;\u00e0 3 tons en une seule application.<\/p>\n<p>Le produit est test\u00e9 cliniquement par des essais cliniques pach avec des r\u00e9sultats exceptionnels : Sunshine N&rsquo;EST PAS IRRITANT (test\u00e9 sur une peau normale).<\/p>\n<p>Si vous devez apporter des changements radicaux \u00e0 l&rsquo;arcade sourcili\u00e8re de votre client, si vous devez \u00e9claircir ses cheveux ou si vous devez les colorer d&rsquo;une teinte plus claire, vous devez les d\u00e9colorer et avec Sunshine InLei\u00ae, vous \u00eates tranquille !<\/p>\n","protected":false},"excerpt":{"rendered":"<p>D\u00e9colorant pour sourcils InLei\u00ae enrichi en huile d&rsquo;Argan. Un produit professionnel pour blanchir les sourcils et les teindre en plus clair que la base naturelle. Pour blanchir l&rsquo;arcade sourcili\u00e8re, appliquez la CR\u00c8ME DEVELPER InLei\u00ae dans un rapport de 1:2. Temps de pose : 10 \u00e0 25 minutes, selon l&rsquo;\u00e9paisseur du cheveu naturel et le r\u00e9sultat [&hellip;]<\/p>\n","protected":false},"featured_media":7649,"template":"","meta":{"_acf_changed":false,"inline_featured_image":false},"product_cat":[119,124,162,166,647],"product_tag":[],"class_list":{"0":"post-2000","1":"product","2":"type-product","3":"status-publish","4":"has-post-thumbnail","6":"product_brand-in-lei","7":"product_cat-coloration-et-correction-des-sourcils","8":"product_cat-produits-de-coloration-des-sourcils","9":"product_cat-coloration-des-cils","10":"product_cat-coloration","11":"product_cat-produits-pour-teindre-les-sourcils-2","13":"first","14":"instock","15":"shipping-taxable","16":"purchasable","17":"product-type-simple"},"acf":[],"yoast_head":"<!-- This site is optimized with the Yoast SEO plugin v26.6 - https:\/\/yoast.com\/wordpress\/plugins\/seo\/ -->\n<title>InLei &quot;SUNSHINE&quot; - blanchiment des sourcils \u00e0 l&#039;huile d&#039;Argan - LASHES&amp;BROWS by Nataliya Reinhard<\/title>\n<meta name=\"description\" content=\"D\u00e9colorant pour sourcils InLei\u00ae enrichi en huile d&#039;Argan. Produit professionnel pour blanchir et teindre les sourcils en plus clair que la base naturelle.\" \/>\n<meta name=\"robots\" content=\"index, follow, max-snippet:-1, max-image-preview:large, max-video-preview:-1\" \/>\n<link rel=\"canonical\" href=\"https:\/\/www.art-natur.ch\/fr\/produit\/inlei-sunshine-blanchiment-des-sourcils-a-lhuile-dargan\/\" \/>\n<meta property=\"og:locale\" content=\"fr_FR\" \/>\n<meta property=\"og:type\" content=\"article\" \/>\n<meta property=\"og:title\" content=\"InLei &quot;SUNSHINE&quot; - blanchiment des sourcils \u00e0 l&#039;huile d&#039;Argan - LASHES&amp;BROWS by Nataliya Reinhard\" \/>\n<meta property=\"og:description\" content=\"D\u00e9colorant pour sourcils InLei\u00ae enrichi en huile d&#039;Argan. Produit professionnel pour blanchir et teindre les sourcils en plus clair que la base naturelle.\" \/>\n<meta property=\"og:url\" content=\"https:\/\/www.art-natur.ch\/fr\/produit\/inlei-sunshine-blanchiment-des-sourcils-a-lhuile-dargan\/\" \/>\n<meta property=\"og:site_name\" content=\"LASHES&amp;BROWS by Nataliya Reinhard\" \/>\n<meta property=\"article:modified_time\" content=\"2025-09-21T10:48:00+00:00\" \/>\n<meta property=\"og:image\" content=\"https:\/\/www.art-natur.ch\/wp-content\/uploads\/2024\/09\/2520475689-Photoroom.png\" \/>\n\t<meta property=\"og:image:width\" content=\"600\" \/>\n\t<meta property=\"og:image:height\" content=\"800\" \/>\n\t<meta property=\"og:image:type\" content=\"image\/png\" \/>\n<meta name=\"twitter:card\" content=\"summary_large_image\" \/>\n<meta name=\"twitter:label1\" content=\"Dur\u00e9e de lecture estim\u00e9e\" \/>\n\t<meta name=\"twitter:data1\" content=\"2 minutes\" \/>\n<script type=\"application\/ld+json\" class=\"yoast-schema-graph\">{\"@context\":\"https:\/\/schema.org\",\"@graph\":[{\"@type\":\"WebPage\",\"@id\":\"https:\/\/www.art-natur.ch\/fr\/produit\/inlei-sunshine-blanchiment-des-sourcils-a-lhuile-dargan\/\",\"url\":\"https:\/\/www.art-natur.ch\/fr\/produit\/inlei-sunshine-blanchiment-des-sourcils-a-lhuile-dargan\/\",\"name\":\"InLei \\\"SUNSHINE\\\" - blanchiment des sourcils \u00e0 l'huile d'Argan - LASHES&amp;BROWS by Nataliya Reinhard\",\"isPartOf\":{\"@id\":\"https:\/\/www.art-natur.ch\/fr\/#website\"},\"primaryImageOfPage\":{\"@id\":\"https:\/\/www.art-natur.ch\/fr\/produit\/inlei-sunshine-blanchiment-des-sourcils-a-lhuile-dargan\/#primaryimage\"},\"image\":{\"@id\":\"https:\/\/www.art-natur.ch\/fr\/produit\/inlei-sunshine-blanchiment-des-sourcils-a-lhuile-dargan\/#primaryimage\"},\"thumbnailUrl\":\"https:\/\/www.art-natur.ch\/wp-content\/uploads\/2024\/09\/2520475689-Photoroom.png\",\"datePublished\":\"2024-09-26T14:06:12+00:00\",\"dateModified\":\"2025-09-21T10:48:00+00:00\",\"description\":\"D\u00e9colorant pour sourcils InLei\u00ae enrichi en huile d'Argan. Produit professionnel pour blanchir et teindre les sourcils en plus clair que la base naturelle.\",\"breadcrumb\":{\"@id\":\"https:\/\/www.art-natur.ch\/fr\/produit\/inlei-sunshine-blanchiment-des-sourcils-a-lhuile-dargan\/#breadcrumb\"},\"inLanguage\":\"fr-FR\",\"potentialAction\":[{\"@type\":\"ReadAction\",\"target\":[\"https:\/\/www.art-natur.ch\/fr\/produit\/inlei-sunshine-blanchiment-des-sourcils-a-lhuile-dargan\/\"]}]},{\"@type\":\"ImageObject\",\"inLanguage\":\"fr-FR\",\"@id\":\"https:\/\/www.art-natur.ch\/fr\/produit\/inlei-sunshine-blanchiment-des-sourcils-a-lhuile-dargan\/#primaryimage\",\"url\":\"https:\/\/www.art-natur.ch\/wp-content\/uploads\/2024\/09\/2520475689-Photoroom.png\",\"contentUrl\":\"https:\/\/www.art-natur.ch\/wp-content\/uploads\/2024\/09\/2520475689-Photoroom.png\",\"width\":600,\"height\":800},{\"@type\":\"BreadcrumbList\",\"@id\":\"https:\/\/www.art-natur.ch\/fr\/produit\/inlei-sunshine-blanchiment-des-sourcils-a-lhuile-dargan\/#breadcrumb\",\"itemListElement\":[{\"@type\":\"ListItem\",\"position\":1,\"name\":\"Home\",\"item\":\"https:\/\/www.art-natur.ch\/fr\/\"},{\"@type\":\"ListItem\",\"position\":2,\"name\":\"Boutique\",\"item\":\"https:\/\/www.art-natur.ch\/shop\/\"},{\"@type\":\"ListItem\",\"position\":3,\"name\":\"InLei &#8222;SUNSHINE&#8220; &#8211; blanchiment des sourcils \u00e0 l&#8217;huile d&#8217;Argan\"}]},{\"@type\":\"WebSite\",\"@id\":\"https:\/\/www.art-natur.ch\/fr\/#website\",\"url\":\"https:\/\/www.art-natur.ch\/fr\/\",\"name\":\"LASHES&amp;BROWS by Nataliya Reinhard\",\"description\":\"High-quality lash and brow services with attention to every detail\",\"potentialAction\":[{\"@type\":\"SearchAction\",\"target\":{\"@type\":\"EntryPoint\",\"urlTemplate\":\"https:\/\/www.art-natur.ch\/fr\/?s={search_term_string}\"},\"query-input\":{\"@type\":\"PropertyValueSpecification\",\"valueRequired\":true,\"valueName\":\"search_term_string\"}}],\"inLanguage\":\"fr-FR\"}]}<\/script>\n<!-- \/ Yoast SEO plugin. -->","yoast_head_json":{"title":"InLei \"SUNSHINE\" - blanchiment des sourcils \u00e0 l'huile d'Argan - LASHES&amp;BROWS by Nataliya Reinhard","description":"D\u00e9colorant pour sourcils InLei\u00ae enrichi en huile d'Argan. Produit professionnel pour blanchir et teindre les sourcils en plus clair que la base naturelle.","robots":{"index":"index","follow":"follow","max-snippet":"max-snippet:-1","max-image-preview":"max-image-preview:large","max-video-preview":"max-video-preview:-1"},"canonical":"https:\/\/www.art-natur.ch\/fr\/produit\/inlei-sunshine-blanchiment-des-sourcils-a-lhuile-dargan\/","og_locale":"fr_FR","og_type":"article","og_title":"InLei \"SUNSHINE\" - blanchiment des sourcils \u00e0 l'huile d'Argan - LASHES&amp;BROWS by Nataliya Reinhard","og_description":"D\u00e9colorant pour sourcils InLei\u00ae enrichi en huile d'Argan. Produit professionnel pour blanchir et teindre les sourcils en plus clair que la base naturelle.","og_url":"https:\/\/www.art-natur.ch\/fr\/produit\/inlei-sunshine-blanchiment-des-sourcils-a-lhuile-dargan\/","og_site_name":"LASHES&amp;BROWS by Nataliya Reinhard","article_modified_time":"2025-09-21T10:48:00+00:00","og_image":[{"width":600,"height":800,"url":"https:\/\/www.art-natur.ch\/wp-content\/uploads\/2024\/09\/2520475689-Photoroom.png","type":"image\/png"}],"twitter_card":"summary_large_image","twitter_misc":{"Dur\u00e9e de lecture estim\u00e9e":"2 minutes"},"schema":{"@context":"https:\/\/schema.org","@graph":[{"@type":"WebPage","@id":"https:\/\/www.art-natur.ch\/fr\/produit\/inlei-sunshine-blanchiment-des-sourcils-a-lhuile-dargan\/","url":"https:\/\/www.art-natur.ch\/fr\/produit\/inlei-sunshine-blanchiment-des-sourcils-a-lhuile-dargan\/","name":"InLei \"SUNSHINE\" - blanchiment des sourcils \u00e0 l'huile d'Argan - LASHES&amp;BROWS by Nataliya Reinhard","isPartOf":{"@id":"https:\/\/www.art-natur.ch\/fr\/#website"},"primaryImageOfPage":{"@id":"https:\/\/www.art-natur.ch\/fr\/produit\/inlei-sunshine-blanchiment-des-sourcils-a-lhuile-dargan\/#primaryimage"},"image":{"@id":"https:\/\/www.art-natur.ch\/fr\/produit\/inlei-sunshine-blanchiment-des-sourcils-a-lhuile-dargan\/#primaryimage"},"thumbnailUrl":"https:\/\/www.art-natur.ch\/wp-content\/uploads\/2024\/09\/2520475689-Photoroom.png","datePublished":"2024-09-26T14:06:12+00:00","dateModified":"2025-09-21T10:48:00+00:00","description":"D\u00e9colorant pour sourcils InLei\u00ae enrichi en huile d'Argan. Produit professionnel pour blanchir et teindre les sourcils en plus clair que la base naturelle.","breadcrumb":{"@id":"https:\/\/www.art-natur.ch\/fr\/produit\/inlei-sunshine-blanchiment-des-sourcils-a-lhuile-dargan\/#breadcrumb"},"inLanguage":"fr-FR","potentialAction":[{"@type":"ReadAction","target":["https:\/\/www.art-natur.ch\/fr\/produit\/inlei-sunshine-blanchiment-des-sourcils-a-lhuile-dargan\/"]}]},{"@type":"ImageObject","inLanguage":"fr-FR","@id":"https:\/\/www.art-natur.ch\/fr\/produit\/inlei-sunshine-blanchiment-des-sourcils-a-lhuile-dargan\/#primaryimage","url":"https:\/\/www.art-natur.ch\/wp-content\/uploads\/2024\/09\/2520475689-Photoroom.png","contentUrl":"https:\/\/www.art-natur.ch\/wp-content\/uploads\/2024\/09\/2520475689-Photoroom.png","width":600,"height":800},{"@type":"BreadcrumbList","@id":"https:\/\/www.art-natur.ch\/fr\/produit\/inlei-sunshine-blanchiment-des-sourcils-a-lhuile-dargan\/#breadcrumb","itemListElement":[{"@type":"ListItem","position":1,"name":"Home","item":"https:\/\/www.art-natur.ch\/fr\/"},{"@type":"ListItem","position":2,"name":"Boutique","item":"https:\/\/www.art-natur.ch\/shop\/"},{"@type":"ListItem","position":3,"name":"InLei &#8222;SUNSHINE&#8220; &#8211; blanchiment des sourcils \u00e0 l&#8217;huile d&#8217;Argan"}]},{"@type":"WebSite","@id":"https:\/\/www.art-natur.ch\/fr\/#website","url":"https:\/\/www.art-natur.ch\/fr\/","name":"LASHES&amp;BROWS by Nataliya Reinhard","description":"High-quality lash and brow services with attention to every detail","potentialAction":[{"@type":"SearchAction","target":{"@type":"EntryPoint","urlTemplate":"https:\/\/www.art-natur.ch\/fr\/?s={search_term_string}"},"query-input":{"@type":"PropertyValueSpecification","valueRequired":true,"valueName":"search_term_string"}}],"inLanguage":"fr-FR"}]}},"_links":{"self":[{"href":"https:\/\/www.art-natur.ch\/fr\/wp-json\/wp\/v2\/product\/2000","targetHints":{"allow":["GET"]}}],"collection":[{"href":"https:\/\/www.art-natur.ch\/fr\/wp-json\/wp\/v2\/product"}],"about":[{"href":"https:\/\/www.art-natur.ch\/fr\/wp-json\/wp\/v2\/types\/product"}],"wp:featuredmedia":[{"embeddable":true,"href":"https:\/\/www.art-natur.ch\/fr\/wp-json\/wp\/v2\/media\/7649"}],"wp:attachment":[{"href":"https:\/\/www.art-natur.ch\/fr\/wp-json\/wp\/v2\/media?parent=2000"}],"wp:term":[{"taxonomy":"product_cat","embeddable":true,"href":"https:\/\/www.art-natur.ch\/fr\/wp-json\/wp\/v2\/product_cat?post=2000"},{"taxonomy":"product_tag","embeddable":true,"href":"https:\/\/www.art-natur.ch\/fr\/wp-json\/wp\/v2\/product_tag?post=2000"}],"curies":[{"name":"wp","href":"https:\/\/api.w.org\/{rel}","templated":true}]}}