{"id":2011,"date":"2024-09-26T16:12:44","date_gmt":"2024-09-26T14:12:44","guid":{"rendered":"https:\/\/www.art-natur.ch\/product\/inlei-total-silicone-pad-8-tailles-mixbox\/"},"modified":"2024-10-13T21:31:05","modified_gmt":"2024-10-13T19:31:05","slug":"inlei-total-silicone-pad-8-tailles-mixbox","status":"publish","type":"product","link":"https:\/\/www.art-natur.ch\/fr\/produit\/inlei-total-silicone-pad-8-tailles-mixbox\/","title":{"rendered":"InLei TOTAL Silicone Pad 8 Tailles Mixbox"},"content":{"rendered":"<p>Le set In Lei\u00ae TOTAL, tr\u00e8s pratique, contient des coussinets en silicone de huit tailles diff\u00e9rentes.<br \/>\ntailles et formes pour le relevage professionnel des cils. Ils sont donc toujours \u00e0 port\u00e9e de main pour faire rapidement le bon choix en fonction de la longueur des cils et de l&rsquo;effet recherch\u00e9.<br \/>\nLes tampons peuvent \u00eatre utilis\u00e9s plusieurs fois.<br \/>\nPour une forte courbure, des tampons de la ligne RICCIOLO PERFETTO,<br \/>\npour les boucles naturelles, la ligne RICCIOLO NATURALEZZA.<br \/>\n100% silicone PLATINIQUE (unique)<\/p>\n<p>Contenu : 8 paires de coussinets en silicone dans les tailles S, M, L, XL et S1, M1, L1, XL1<\/p>\n","protected":false},"excerpt":{"rendered":"<p>Le set In Lei\u00ae TOTAL, tr\u00e8s pratique, contient des coussinets en silicone de huit tailles diff\u00e9rentes. tailles et formes pour le relevage professionnel des cils. Ils sont donc toujours \u00e0 port\u00e9e de main pour faire rapidement le bon choix en fonction de la longueur des cils et de l&rsquo;effet recherch\u00e9. Les tampons peuvent \u00eatre utilis\u00e9s [&hellip;]<\/p>\n","protected":false},"featured_media":12085,"template":"","meta":{"_acf_changed":false,"inline_featured_image":false},"product_cat":[150,154,156,193,207],"product_tag":[],"class_list":{"0":"post-2011","1":"product","2":"type-product","3":"status-publish","4":"has-post-thumbnail","6":"product_brand-in-lei","7":"product_cat-rehaussement-des-cils","8":"product_cat-bigoudis-et-patchs","9":"product_cat-bigoudis","10":"product_cat-produits-connexes","11":"product_cat-consommables-fr","13":"first","14":"outofstock","15":"shipping-taxable","16":"purchasable","17":"product-type-simple"},"acf":[],"yoast_head":"<!-- This site is optimized with the Yoast SEO plugin v26.6 - https:\/\/yoast.com\/wordpress\/plugins\/seo\/ -->\n<title>InLei TOTAL Silicone Pad 8 Tailles Mixbox - LASHES&amp;BROWS by Nataliya Reinhard<\/title>\n<meta name=\"description\" content=\"Le set In Lei\u00ae TOTAL contient des coussinets en silicone en 8 tailles pour un rehaussement professionnel des cils. R\u00e9utilisables.\" \/>\n<meta name=\"robots\" content=\"index, follow, max-snippet:-1, max-image-preview:large, max-video-preview:-1\" \/>\n<link rel=\"canonical\" href=\"https:\/\/www.art-natur.ch\/fr\/produit\/inlei-total-silicone-pad-8-tailles-mixbox\/\" \/>\n<meta property=\"og:locale\" content=\"fr_FR\" \/>\n<meta property=\"og:type\" content=\"article\" \/>\n<meta property=\"og:title\" content=\"InLei TOTAL Silicone Pad 8 Tailles Mixbox - LASHES&amp;BROWS by Nataliya Reinhard\" \/>\n<meta property=\"og:description\" content=\"Le set In Lei\u00ae TOTAL contient des coussinets en silicone en 8 tailles pour un rehaussement professionnel des cils. R\u00e9utilisables.\" \/>\n<meta property=\"og:url\" content=\"https:\/\/www.art-natur.ch\/fr\/produit\/inlei-total-silicone-pad-8-tailles-mixbox\/\" \/>\n<meta property=\"og:site_name\" content=\"LASHES&amp;BROWS by Nataliya Reinhard\" \/>\n<meta property=\"article:modified_time\" content=\"2024-10-13T19:31:05+00:00\" \/>\n<meta property=\"og:image\" content=\"https:\/\/www.art-natur.ch\/wp-content\/uploads\/2024\/09\/2519209622-Photoroom.png\" \/>\n\t<meta property=\"og:image:width\" content=\"720\" \/>\n\t<meta property=\"og:image:height\" content=\"720\" \/>\n\t<meta property=\"og:image:type\" content=\"image\/png\" \/>\n<meta name=\"twitter:card\" content=\"summary_large_image\" \/>\n<meta name=\"twitter:label1\" content=\"Dur\u00e9e de lecture estim\u00e9e\" \/>\n\t<meta name=\"twitter:data1\" content=\"1 minute\" \/>\n<script type=\"application\/ld+json\" class=\"yoast-schema-graph\">{\"@context\":\"https:\/\/schema.org\",\"@graph\":[{\"@type\":\"WebPage\",\"@id\":\"https:\/\/www.art-natur.ch\/fr\/produit\/inlei-total-silicone-pad-8-tailles-mixbox\/\",\"url\":\"https:\/\/www.art-natur.ch\/fr\/produit\/inlei-total-silicone-pad-8-tailles-mixbox\/\",\"name\":\"InLei TOTAL Silicone Pad 8 Tailles Mixbox - LASHES&amp;BROWS by Nataliya Reinhard\",\"isPartOf\":{\"@id\":\"https:\/\/www.art-natur.ch\/fr\/#website\"},\"primaryImageOfPage\":{\"@id\":\"https:\/\/www.art-natur.ch\/fr\/produit\/inlei-total-silicone-pad-8-tailles-mixbox\/#primaryimage\"},\"image\":{\"@id\":\"https:\/\/www.art-natur.ch\/fr\/produit\/inlei-total-silicone-pad-8-tailles-mixbox\/#primaryimage\"},\"thumbnailUrl\":\"https:\/\/www.art-natur.ch\/wp-content\/uploads\/2024\/09\/InLei-TOTAL-BIGODINI-IN-SILICONE-PER-CIGLIA-8-PAIA-ASS-11.png\",\"datePublished\":\"2024-09-26T14:12:44+00:00\",\"dateModified\":\"2024-10-13T19:31:05+00:00\",\"description\":\"Le set In Lei\u00ae TOTAL contient des coussinets en silicone en 8 tailles pour un rehaussement professionnel des cils. R\u00e9utilisables.\",\"breadcrumb\":{\"@id\":\"https:\/\/www.art-natur.ch\/fr\/produit\/inlei-total-silicone-pad-8-tailles-mixbox\/#breadcrumb\"},\"inLanguage\":\"fr-FR\",\"potentialAction\":[{\"@type\":\"ReadAction\",\"target\":[\"https:\/\/www.art-natur.ch\/fr\/produit\/inlei-total-silicone-pad-8-tailles-mixbox\/\"]}]},{\"@type\":\"ImageObject\",\"inLanguage\":\"fr-FR\",\"@id\":\"https:\/\/www.art-natur.ch\/fr\/produit\/inlei-total-silicone-pad-8-tailles-mixbox\/#primaryimage\",\"url\":\"https:\/\/www.art-natur.ch\/wp-content\/uploads\/2024\/09\/InLei-TOTAL-BIGODINI-IN-SILICONE-PER-CIGLIA-8-PAIA-ASS-11.png\",\"contentUrl\":\"https:\/\/www.art-natur.ch\/wp-content\/uploads\/2024\/09\/InLei-TOTAL-BIGODINI-IN-SILICONE-PER-CIGLIA-8-PAIA-ASS-11.png\",\"width\":1800,\"height\":2400},{\"@type\":\"BreadcrumbList\",\"@id\":\"https:\/\/www.art-natur.ch\/fr\/produit\/inlei-total-silicone-pad-8-tailles-mixbox\/#breadcrumb\",\"itemListElement\":[{\"@type\":\"ListItem\",\"position\":1,\"name\":\"Home\",\"item\":\"https:\/\/www.art-natur.ch\/fr\/\"},{\"@type\":\"ListItem\",\"position\":2,\"name\":\"Boutique\",\"item\":\"https:\/\/www.art-natur.ch\/shop\/\"},{\"@type\":\"ListItem\",\"position\":3,\"name\":\"InLei TOTAL Silicone Pad 8 Tailles Mixbox\"}]},{\"@type\":\"WebSite\",\"@id\":\"https:\/\/www.art-natur.ch\/fr\/#website\",\"url\":\"https:\/\/www.art-natur.ch\/fr\/\",\"name\":\"LASHES&amp;BROWS by Nataliya Reinhard\",\"description\":\"High-quality lash and brow services with attention to every detail\",\"potentialAction\":[{\"@type\":\"SearchAction\",\"target\":{\"@type\":\"EntryPoint\",\"urlTemplate\":\"https:\/\/www.art-natur.ch\/fr\/?s={search_term_string}\"},\"query-input\":{\"@type\":\"PropertyValueSpecification\",\"valueRequired\":true,\"valueName\":\"search_term_string\"}}],\"inLanguage\":\"fr-FR\"}]}<\/script>\n<!-- \/ Yoast SEO plugin. -->","yoast_head_json":{"title":"InLei TOTAL Silicone Pad 8 Tailles Mixbox - LASHES&amp;BROWS by Nataliya Reinhard","description":"Le set In Lei\u00ae TOTAL contient des coussinets en silicone en 8 tailles pour un rehaussement professionnel des cils. R\u00e9utilisables.","robots":{"index":"index","follow":"follow","max-snippet":"max-snippet:-1","max-image-preview":"max-image-preview:large","max-video-preview":"max-video-preview:-1"},"canonical":"https:\/\/www.art-natur.ch\/fr\/produit\/inlei-total-silicone-pad-8-tailles-mixbox\/","og_locale":"fr_FR","og_type":"article","og_title":"InLei TOTAL Silicone Pad 8 Tailles Mixbox - LASHES&amp;BROWS by Nataliya Reinhard","og_description":"Le set In Lei\u00ae TOTAL contient des coussinets en silicone en 8 tailles pour un rehaussement professionnel des cils. R\u00e9utilisables.","og_url":"https:\/\/www.art-natur.ch\/fr\/produit\/inlei-total-silicone-pad-8-tailles-mixbox\/","og_site_name":"LASHES&amp;BROWS by Nataliya Reinhard","article_modified_time":"2024-10-13T19:31:05+00:00","og_image":[{"width":720,"height":720,"url":"https:\/\/www.art-natur.ch\/wp-content\/uploads\/2024\/09\/2519209622-Photoroom.png","type":"image\/png"}],"twitter_card":"summary_large_image","twitter_misc":{"Dur\u00e9e de lecture estim\u00e9e":"1 minute"},"schema":{"@context":"https:\/\/schema.org","@graph":[{"@type":"WebPage","@id":"https:\/\/www.art-natur.ch\/fr\/produit\/inlei-total-silicone-pad-8-tailles-mixbox\/","url":"https:\/\/www.art-natur.ch\/fr\/produit\/inlei-total-silicone-pad-8-tailles-mixbox\/","name":"InLei TOTAL Silicone Pad 8 Tailles Mixbox - LASHES&amp;BROWS by Nataliya Reinhard","isPartOf":{"@id":"https:\/\/www.art-natur.ch\/fr\/#website"},"primaryImageOfPage":{"@id":"https:\/\/www.art-natur.ch\/fr\/produit\/inlei-total-silicone-pad-8-tailles-mixbox\/#primaryimage"},"image":{"@id":"https:\/\/www.art-natur.ch\/fr\/produit\/inlei-total-silicone-pad-8-tailles-mixbox\/#primaryimage"},"thumbnailUrl":"https:\/\/www.art-natur.ch\/wp-content\/uploads\/2024\/09\/InLei-TOTAL-BIGODINI-IN-SILICONE-PER-CIGLIA-8-PAIA-ASS-11.png","datePublished":"2024-09-26T14:12:44+00:00","dateModified":"2024-10-13T19:31:05+00:00","description":"Le set In Lei\u00ae TOTAL contient des coussinets en silicone en 8 tailles pour un rehaussement professionnel des cils. R\u00e9utilisables.","breadcrumb":{"@id":"https:\/\/www.art-natur.ch\/fr\/produit\/inlei-total-silicone-pad-8-tailles-mixbox\/#breadcrumb"},"inLanguage":"fr-FR","potentialAction":[{"@type":"ReadAction","target":["https:\/\/www.art-natur.ch\/fr\/produit\/inlei-total-silicone-pad-8-tailles-mixbox\/"]}]},{"@type":"ImageObject","inLanguage":"fr-FR","@id":"https:\/\/www.art-natur.ch\/fr\/produit\/inlei-total-silicone-pad-8-tailles-mixbox\/#primaryimage","url":"https:\/\/www.art-natur.ch\/wp-content\/uploads\/2024\/09\/InLei-TOTAL-BIGODINI-IN-SILICONE-PER-CIGLIA-8-PAIA-ASS-11.png","contentUrl":"https:\/\/www.art-natur.ch\/wp-content\/uploads\/2024\/09\/InLei-TOTAL-BIGODINI-IN-SILICONE-PER-CIGLIA-8-PAIA-ASS-11.png","width":1800,"height":2400},{"@type":"BreadcrumbList","@id":"https:\/\/www.art-natur.ch\/fr\/produit\/inlei-total-silicone-pad-8-tailles-mixbox\/#breadcrumb","itemListElement":[{"@type":"ListItem","position":1,"name":"Home","item":"https:\/\/www.art-natur.ch\/fr\/"},{"@type":"ListItem","position":2,"name":"Boutique","item":"https:\/\/www.art-natur.ch\/shop\/"},{"@type":"ListItem","position":3,"name":"InLei TOTAL Silicone Pad 8 Tailles Mixbox"}]},{"@type":"WebSite","@id":"https:\/\/www.art-natur.ch\/fr\/#website","url":"https:\/\/www.art-natur.ch\/fr\/","name":"LASHES&amp;BROWS by Nataliya Reinhard","description":"High-quality lash and brow services with attention to every detail","potentialAction":[{"@type":"SearchAction","target":{"@type":"EntryPoint","urlTemplate":"https:\/\/www.art-natur.ch\/fr\/?s={search_term_string}"},"query-input":{"@type":"PropertyValueSpecification","valueRequired":true,"valueName":"search_term_string"}}],"inLanguage":"fr-FR"}]}},"_links":{"self":[{"href":"https:\/\/www.art-natur.ch\/fr\/wp-json\/wp\/v2\/product\/2011","targetHints":{"allow":["GET"]}}],"collection":[{"href":"https:\/\/www.art-natur.ch\/fr\/wp-json\/wp\/v2\/product"}],"about":[{"href":"https:\/\/www.art-natur.ch\/fr\/wp-json\/wp\/v2\/types\/product"}],"wp:featuredmedia":[{"embeddable":true,"href":"https:\/\/www.art-natur.ch\/fr\/wp-json\/wp\/v2\/media\/12085"}],"wp:attachment":[{"href":"https:\/\/www.art-natur.ch\/fr\/wp-json\/wp\/v2\/media?parent=2011"}],"wp:term":[{"taxonomy":"product_cat","embeddable":true,"href":"https:\/\/www.art-natur.ch\/fr\/wp-json\/wp\/v2\/product_cat?post=2011"},{"taxonomy":"product_tag","embeddable":true,"href":"https:\/\/www.art-natur.ch\/fr\/wp-json\/wp\/v2\/product_tag?post=2011"}],"curies":[{"name":"wp","href":"https:\/\/api.w.org\/{rel}","templated":true}]}}