{"id":2055,"date":"2024-09-26T17:23:17","date_gmt":"2024-09-26T15:23:17","guid":{"rendered":"https:\/\/www.art-natur.ch\/product\/kit-de-lamination-des-cils-inlei-lash-filler\/"},"modified":"2024-10-18T16:56:55","modified_gmt":"2024-10-18T14:56:55","slug":"kit-de-lamination-des-cils-inlei-lash-filler","status":"publish","type":"product","link":"https:\/\/www.art-natur.ch\/fr\/produit\/kit-de-lamination-des-cils-inlei-lash-filler\/","title":{"rendered":"Kit de lamination des cils InLei \u00ab\u00a0LASH FILLER\u00a0\u00bb"},"content":{"rendered":"<p>Le laminage des cils InLei\u00ae \u00ab\u00a0LASH FILLER\u00a0\u00bb est un proc\u00e9d\u00e9 innovant qui \u00e9paissit le poil. Produit avec une haute technologie made in Italy, il donne aux cils naturels une courbe douce et agr\u00e9able, une plus grande douceur et nourrit la structure capillaire. Ce traitement est con\u00e7u pour prot\u00e9ger, renforcer, am\u00e9liorer et embellir l&rsquo;\u00e9tat des cils et sourcils naturels. Le seul au monde dont l&rsquo;efficacit\u00e9 a \u00e9t\u00e9 test\u00e9e cliniquement pour \u00e9paissir les cheveux, qui augmentent en moyenne de 24 % en trois s\u00e9ances seulement.<\/p>\n<p>Lash Filler est un s\u00e9rum r\u00e9volutionnaire car il influence non seulement l&rsquo;\u00e9paisseur des poils qui ont d\u00e9j\u00e0 pouss\u00e9 mais stimule \u00e9galement la racine et la prolif\u00e9ration de la k\u00e9ratine. L&rsquo;application est simple et s\u00fbre, et l&rsquo;ensemble du traitement dure environ une heure. Gr\u00e2ce aux bigoudis sp\u00e9ciaux InLei\u00ae, sp\u00e9cialement con\u00e7us pour chaque type d&rsquo;\u0153il et de cil, vous pouvez fa\u00e7onner vos yeux dans les moindres d\u00e9tails.<\/p>\n<p>Avec les solutions contenues dans le kit, 25 \u00e0 30 traitements peuvent \u00eatre r\u00e9alis\u00e9s, sans compter l&rsquo;adh\u00e9sif, avec lequel environ 10 traitements peuvent \u00eatre r\u00e9alis\u00e9s. Faites confiance \u00e0 la seule technologie au monde qui garantit les r\u00e9sultats d&rsquo;\u00e9paississement, de recourbement et de structure saine des cils et des extensions de cils. Profitez du spectacle qui se d\u00e9roule sous vos yeux.<\/p>\n<p>Le kit contient :<\/p>\n<p>InLei\u00ae TOTAL &#8211; 8 paires de bigoudis diff\u00e9rentes<br \/>\nInLei\u00ae FORM 1 &#8211; permanente des cils<br \/>\nInLei\u00ae FIX 2 &#8211; fixateur de cils<br \/>\nInLei\u00ae FILLER 3 &#8211; Combleur de cils<br \/>\nInLei\u00ae SHINY BLACK &#8211; teinture noire pour cils et sourcils<br \/>\nInLei\u00ae DEVELOPER CREAM 1,5% 5 Vol. &#8211; cr\u00e8me oxydante pour la teinture<br \/>\nInLei\u00ae FIXING GEL &#8211; colle \u00e0 cils<br \/>\nInLei\u00ae PICASSO &#8211; brosse professionnelle \u00e0 coupe droite<br \/>\nInLei\u00ae HELPER &#8211; aligneur de cils sur bigoudi en silicone<br \/>\nInLei\u00ae SOLO &#8211; bol de solution ou de teinture<br \/>\nInLei\u00ae FILLERING &#8211; outil pour les cils<br \/>\nMANUEL avec instructions d&rsquo;utilisation \/ avertissements \/ (fourni en 14 langues)<\/p>\n","protected":false},"excerpt":{"rendered":"<p>Le laminage des cils InLei\u00ae \u00ab\u00a0LASH FILLER\u00a0\u00bb est un proc\u00e9d\u00e9 innovant qui \u00e9paissit le poil. Produit avec une haute technologie made in Italy, il donne aux cils naturels une courbe douce et agr\u00e9able, une plus grande douceur et nourrit la structure capillaire. Ce traitement est con\u00e7u pour prot\u00e9ger, renforcer, am\u00e9liorer et embellir l&rsquo;\u00e9tat des cils [&hellip;]<\/p>\n","protected":false},"featured_media":7621,"template":"","meta":{"_acf_changed":false,"inline_featured_image":false},"product_cat":[150,170],"product_tag":[],"class_list":{"0":"post-2055","1":"product","2":"type-product","3":"status-publish","4":"has-post-thumbnail","6":"product_brand-in-lei","7":"product_cat-rehaussement-des-cils","8":"product_cat-kits-rehaussement-des-cils","10":"first","11":"onbackorder","12":"shipping-taxable","13":"purchasable","14":"product-type-simple"},"acf":[],"yoast_head":"<!-- This site is optimized with the Yoast SEO plugin v26.6 - https:\/\/yoast.com\/wordpress\/plugins\/seo\/ -->\n<title>Kit de lamination des cils InLei &quot;LASH FILLER&quot; - LASHES&amp;BROWS by Nataliya Reinhard<\/title>\n<meta name=\"description\" content=\"Le laminage des cils InLei\u00ae &quot;LASH FILLER&quot; \u00e9paissit les cils de 24 % en 3 s\u00e9ances. Fabriqu\u00e9 en Italie, il nourrit et courbe les cils.\" \/>\n<meta name=\"robots\" content=\"index, follow, max-snippet:-1, max-image-preview:large, max-video-preview:-1\" \/>\n<link rel=\"canonical\" href=\"https:\/\/www.art-natur.ch\/fr\/produit\/kit-de-lamination-des-cils-inlei-lash-filler\/\" \/>\n<meta property=\"og:locale\" content=\"fr_FR\" \/>\n<meta property=\"og:type\" content=\"article\" \/>\n<meta property=\"og:title\" content=\"Kit de lamination des cils InLei &quot;LASH FILLER&quot; - LASHES&amp;BROWS by Nataliya Reinhard\" \/>\n<meta property=\"og:description\" content=\"Le laminage des cils InLei\u00ae &quot;LASH FILLER&quot; \u00e9paissit les cils de 24 % en 3 s\u00e9ances. Fabriqu\u00e9 en Italie, il nourrit et courbe les cils.\" \/>\n<meta property=\"og:url\" content=\"https:\/\/www.art-natur.ch\/fr\/produit\/kit-de-lamination-des-cils-inlei-lash-filler\/\" \/>\n<meta property=\"og:site_name\" content=\"LASHES&amp;BROWS by Nataliya Reinhard\" \/>\n<meta property=\"article:modified_time\" content=\"2024-10-18T14:56:55+00:00\" \/>\n<meta property=\"og:image\" content=\"https:\/\/www.art-natur.ch\/wp-content\/uploads\/2024\/09\/2519567216-Photoroom.png\" \/>\n\t<meta property=\"og:image:width\" content=\"600\" \/>\n\t<meta property=\"og:image:height\" content=\"800\" \/>\n\t<meta property=\"og:image:type\" content=\"image\/png\" \/>\n<meta name=\"twitter:card\" content=\"summary_large_image\" \/>\n<meta name=\"twitter:label1\" content=\"Dur\u00e9e de lecture estim\u00e9e\" \/>\n\t<meta name=\"twitter:data1\" content=\"2 minutes\" \/>\n<script type=\"application\/ld+json\" class=\"yoast-schema-graph\">{\"@context\":\"https:\/\/schema.org\",\"@graph\":[{\"@type\":\"WebPage\",\"@id\":\"https:\/\/www.art-natur.ch\/fr\/produit\/kit-de-lamination-des-cils-inlei-lash-filler\/\",\"url\":\"https:\/\/www.art-natur.ch\/fr\/produit\/kit-de-lamination-des-cils-inlei-lash-filler\/\",\"name\":\"Kit de lamination des cils InLei \\\"LASH FILLER\\\" - LASHES&amp;BROWS by Nataliya Reinhard\",\"isPartOf\":{\"@id\":\"https:\/\/www.art-natur.ch\/fr\/#website\"},\"primaryImageOfPage\":{\"@id\":\"https:\/\/www.art-natur.ch\/fr\/produit\/kit-de-lamination-des-cils-inlei-lash-filler\/#primaryimage\"},\"image\":{\"@id\":\"https:\/\/www.art-natur.ch\/fr\/produit\/kit-de-lamination-des-cils-inlei-lash-filler\/#primaryimage\"},\"thumbnailUrl\":\"https:\/\/www.art-natur.ch\/wp-content\/uploads\/2024\/09\/2519567216-Photoroom.png\",\"datePublished\":\"2024-09-26T15:23:17+00:00\",\"dateModified\":\"2024-10-18T14:56:55+00:00\",\"description\":\"Le laminage des cils InLei\u00ae \\\"LASH FILLER\\\" \u00e9paissit les cils de 24 % en 3 s\u00e9ances. Fabriqu\u00e9 en Italie, il nourrit et courbe les cils.\",\"breadcrumb\":{\"@id\":\"https:\/\/www.art-natur.ch\/fr\/produit\/kit-de-lamination-des-cils-inlei-lash-filler\/#breadcrumb\"},\"inLanguage\":\"fr-FR\",\"potentialAction\":[{\"@type\":\"ReadAction\",\"target\":[\"https:\/\/www.art-natur.ch\/fr\/produit\/kit-de-lamination-des-cils-inlei-lash-filler\/\"]}]},{\"@type\":\"ImageObject\",\"inLanguage\":\"fr-FR\",\"@id\":\"https:\/\/www.art-natur.ch\/fr\/produit\/kit-de-lamination-des-cils-inlei-lash-filler\/#primaryimage\",\"url\":\"https:\/\/www.art-natur.ch\/wp-content\/uploads\/2024\/09\/2519567216-Photoroom.png\",\"contentUrl\":\"https:\/\/www.art-natur.ch\/wp-content\/uploads\/2024\/09\/2519567216-Photoroom.png\",\"width\":600,\"height\":800},{\"@type\":\"BreadcrumbList\",\"@id\":\"https:\/\/www.art-natur.ch\/fr\/produit\/kit-de-lamination-des-cils-inlei-lash-filler\/#breadcrumb\",\"itemListElement\":[{\"@type\":\"ListItem\",\"position\":1,\"name\":\"Home\",\"item\":\"https:\/\/www.art-natur.ch\/fr\/\"},{\"@type\":\"ListItem\",\"position\":2,\"name\":\"Boutique\",\"item\":\"https:\/\/www.art-natur.ch\/shop\/\"},{\"@type\":\"ListItem\",\"position\":3,\"name\":\"Kit de lamination des cils InLei &#8222;LASH FILLER&#8220;\"}]},{\"@type\":\"WebSite\",\"@id\":\"https:\/\/www.art-natur.ch\/fr\/#website\",\"url\":\"https:\/\/www.art-natur.ch\/fr\/\",\"name\":\"LASHES&amp;BROWS by Nataliya Reinhard\",\"description\":\"High-quality lash and brow services with attention to every detail\",\"potentialAction\":[{\"@type\":\"SearchAction\",\"target\":{\"@type\":\"EntryPoint\",\"urlTemplate\":\"https:\/\/www.art-natur.ch\/fr\/?s={search_term_string}\"},\"query-input\":{\"@type\":\"PropertyValueSpecification\",\"valueRequired\":true,\"valueName\":\"search_term_string\"}}],\"inLanguage\":\"fr-FR\"}]}<\/script>\n<!-- \/ Yoast SEO plugin. -->","yoast_head_json":{"title":"Kit de lamination des cils InLei \"LASH FILLER\" - LASHES&amp;BROWS by Nataliya Reinhard","description":"Le laminage des cils InLei\u00ae \"LASH FILLER\" \u00e9paissit les cils de 24 % en 3 s\u00e9ances. Fabriqu\u00e9 en Italie, il nourrit et courbe les cils.","robots":{"index":"index","follow":"follow","max-snippet":"max-snippet:-1","max-image-preview":"max-image-preview:large","max-video-preview":"max-video-preview:-1"},"canonical":"https:\/\/www.art-natur.ch\/fr\/produit\/kit-de-lamination-des-cils-inlei-lash-filler\/","og_locale":"fr_FR","og_type":"article","og_title":"Kit de lamination des cils InLei \"LASH FILLER\" - LASHES&amp;BROWS by Nataliya Reinhard","og_description":"Le laminage des cils InLei\u00ae \"LASH FILLER\" \u00e9paissit les cils de 24 % en 3 s\u00e9ances. Fabriqu\u00e9 en Italie, il nourrit et courbe les cils.","og_url":"https:\/\/www.art-natur.ch\/fr\/produit\/kit-de-lamination-des-cils-inlei-lash-filler\/","og_site_name":"LASHES&amp;BROWS by Nataliya Reinhard","article_modified_time":"2024-10-18T14:56:55+00:00","og_image":[{"width":600,"height":800,"url":"https:\/\/www.art-natur.ch\/wp-content\/uploads\/2024\/09\/2519567216-Photoroom.png","type":"image\/png"}],"twitter_card":"summary_large_image","twitter_misc":{"Dur\u00e9e de lecture estim\u00e9e":"2 minutes"},"schema":{"@context":"https:\/\/schema.org","@graph":[{"@type":"WebPage","@id":"https:\/\/www.art-natur.ch\/fr\/produit\/kit-de-lamination-des-cils-inlei-lash-filler\/","url":"https:\/\/www.art-natur.ch\/fr\/produit\/kit-de-lamination-des-cils-inlei-lash-filler\/","name":"Kit de lamination des cils InLei \"LASH FILLER\" - LASHES&amp;BROWS by Nataliya Reinhard","isPartOf":{"@id":"https:\/\/www.art-natur.ch\/fr\/#website"},"primaryImageOfPage":{"@id":"https:\/\/www.art-natur.ch\/fr\/produit\/kit-de-lamination-des-cils-inlei-lash-filler\/#primaryimage"},"image":{"@id":"https:\/\/www.art-natur.ch\/fr\/produit\/kit-de-lamination-des-cils-inlei-lash-filler\/#primaryimage"},"thumbnailUrl":"https:\/\/www.art-natur.ch\/wp-content\/uploads\/2024\/09\/2519567216-Photoroom.png","datePublished":"2024-09-26T15:23:17+00:00","dateModified":"2024-10-18T14:56:55+00:00","description":"Le laminage des cils InLei\u00ae \"LASH FILLER\" \u00e9paissit les cils de 24 % en 3 s\u00e9ances. Fabriqu\u00e9 en Italie, il nourrit et courbe les cils.","breadcrumb":{"@id":"https:\/\/www.art-natur.ch\/fr\/produit\/kit-de-lamination-des-cils-inlei-lash-filler\/#breadcrumb"},"inLanguage":"fr-FR","potentialAction":[{"@type":"ReadAction","target":["https:\/\/www.art-natur.ch\/fr\/produit\/kit-de-lamination-des-cils-inlei-lash-filler\/"]}]},{"@type":"ImageObject","inLanguage":"fr-FR","@id":"https:\/\/www.art-natur.ch\/fr\/produit\/kit-de-lamination-des-cils-inlei-lash-filler\/#primaryimage","url":"https:\/\/www.art-natur.ch\/wp-content\/uploads\/2024\/09\/2519567216-Photoroom.png","contentUrl":"https:\/\/www.art-natur.ch\/wp-content\/uploads\/2024\/09\/2519567216-Photoroom.png","width":600,"height":800},{"@type":"BreadcrumbList","@id":"https:\/\/www.art-natur.ch\/fr\/produit\/kit-de-lamination-des-cils-inlei-lash-filler\/#breadcrumb","itemListElement":[{"@type":"ListItem","position":1,"name":"Home","item":"https:\/\/www.art-natur.ch\/fr\/"},{"@type":"ListItem","position":2,"name":"Boutique","item":"https:\/\/www.art-natur.ch\/shop\/"},{"@type":"ListItem","position":3,"name":"Kit de lamination des cils InLei &#8222;LASH FILLER&#8220;"}]},{"@type":"WebSite","@id":"https:\/\/www.art-natur.ch\/fr\/#website","url":"https:\/\/www.art-natur.ch\/fr\/","name":"LASHES&amp;BROWS by Nataliya Reinhard","description":"High-quality lash and brow services with attention to every detail","potentialAction":[{"@type":"SearchAction","target":{"@type":"EntryPoint","urlTemplate":"https:\/\/www.art-natur.ch\/fr\/?s={search_term_string}"},"query-input":{"@type":"PropertyValueSpecification","valueRequired":true,"valueName":"search_term_string"}}],"inLanguage":"fr-FR"}]}},"_links":{"self":[{"href":"https:\/\/www.art-natur.ch\/fr\/wp-json\/wp\/v2\/product\/2055","targetHints":{"allow":["GET"]}}],"collection":[{"href":"https:\/\/www.art-natur.ch\/fr\/wp-json\/wp\/v2\/product"}],"about":[{"href":"https:\/\/www.art-natur.ch\/fr\/wp-json\/wp\/v2\/types\/product"}],"wp:featuredmedia":[{"embeddable":true,"href":"https:\/\/www.art-natur.ch\/fr\/wp-json\/wp\/v2\/media\/7621"}],"wp:attachment":[{"href":"https:\/\/www.art-natur.ch\/fr\/wp-json\/wp\/v2\/media?parent=2055"}],"wp:term":[{"taxonomy":"product_cat","embeddable":true,"href":"https:\/\/www.art-natur.ch\/fr\/wp-json\/wp\/v2\/product_cat?post=2055"},{"taxonomy":"product_tag","embeddable":true,"href":"https:\/\/www.art-natur.ch\/fr\/wp-json\/wp\/v2\/product_tag?post=2055"}],"curies":[{"name":"wp","href":"https:\/\/api.w.org\/{rel}","templated":true}]}}