{"id":2100,"date":"2024-09-26T18:09:27","date_gmt":"2024-09-26T17:09:27","guid":{"rendered":"https:\/\/www.art-natur.ch\/product\/lotion-inlei-fix-2-en-flacons-4ml\/"},"modified":"2025-12-09T14:44:20","modified_gmt":"2025-12-09T13:44:20","slug":"lotion-inlei-fix-2-en-flacons-4ml","status":"publish","type":"product","link":"https:\/\/www.art-natur.ch\/fr\/produit\/lotion-inlei-fix-2-en-flacons-4ml\/","title":{"rendered":"Lotion InLei FIX 2 en flacons 4ml"},"content":{"rendered":"<p>In Lei\u00ae FIX 2 assure une ondulation stable des cils. La lotion fixatrice est \u00e9galement appliqu\u00e9e sur la zone des cuticules. Il agit ici efficacement sur les fibres k\u00e9ratiniques du cheveu et donne aux cils naturels la courbure souhait\u00e9e de fa\u00e7on permanente. Gr\u00e2ce \u00e0 sa consistance cr\u00e9meuse, il peut \u00eatre plac\u00e9 pr\u00e9cis\u00e9ment l\u00e0 o\u00f9 il est n\u00e9cessaire &#8211; avec parcimonie et avec une grande pr\u00e9cision.<\/p>\n<p>Cela permet de perfectionner l&rsquo;application. FIX 2 pr\u00e9pare \u00e9galement les cheveux pour un traitement ult\u00e9rieur avec le nouveau In Lei\u00ae Lash Filler. Il est recommand\u00e9 d&rsquo;utiliser FIX 2 uniquement en combinaison avec FORM 1 pour obtenir les r\u00e9sultats garantis.<\/p>\n<p>Contenu : 4 ml (jusqu&rsquo;\u00e0 35 traitements)<\/p>\n<p>NOUS RECOMMANDONS VIVEMENT DE SUIVRE UN COURS PROFESSIONNEL SUR L&rsquo;UTILISATION DES PRODUITS DE LA LIGNE IN LEI\u00ae POUR EN TIRER LE MEILLEUR PARTI.<\/p>\n<p>&nbsp;<\/p>\n<p>Ingr\u00e9dients :<\/p>\n<p>Eau<br \/>\nAlcool c\u00e9t\u00e9arylique<br \/>\nAlcool laurique<br \/>\nPeroxyde d&rsquo;hydrog\u00e8ne<br \/>\nCeteareth-20<br \/>\nC\u00e9t\u00e9areth-30<br \/>\nAcide \u00e9tidronique<\/p>\n","protected":false},"excerpt":{"rendered":"<p>In Lei\u00ae FIX 2 assure une ondulation stable des cils. La lotion fixatrice est \u00e9galement appliqu\u00e9e sur la zone des cuticules. Il agit ici efficacement sur les fibres k\u00e9ratiniques du cheveu et donne aux cils naturels la courbure souhait\u00e9e de fa\u00e7on permanente. Gr\u00e2ce \u00e0 sa consistance cr\u00e9meuse, il peut \u00eatre plac\u00e9 pr\u00e9cis\u00e9ment l\u00e0 o\u00f9 il [&hellip;]<\/p>\n","protected":false},"featured_media":7581,"template":"","meta":{"_acf_changed":false,"inline_featured_image":false},"product_cat":[150,172,538],"product_tag":[],"class_list":{"0":"post-2100","1":"product","2":"type-product","3":"status-publish","4":"has-post-thumbnail","6":"product_brand-in-lei","7":"product_cat-rehaussement-des-cils","8":"product_cat-produits-pour-rehaussement-des-cils","9":"product_cat-promotions","11":"first","12":"outofstock","13":"sale","14":"shipping-taxable","15":"purchasable","16":"product-type-simple"},"acf":[],"yoast_head":"<!-- This site is optimized with the Yoast SEO plugin v26.6 - https:\/\/yoast.com\/wordpress\/plugins\/seo\/ -->\n<title>Lotion InLei FIX 2 en flacons 4ml - LASHES&amp;BROWS by Nataliya Reinhard<\/title>\n<meta name=\"description\" content=\"In Lei\u00ae FIX 2 stabilise les boucles des cils et les pr\u00e9pare pour le traitement avec In Lei\u00ae Lash Filler. Contenu : 4 ml (jusqu&#039;\u00e0 35 utilisations).\" \/>\n<meta name=\"robots\" content=\"index, follow, max-snippet:-1, max-image-preview:large, max-video-preview:-1\" \/>\n<link rel=\"canonical\" href=\"https:\/\/www.art-natur.ch\/fr\/produit\/lotion-inlei-fix-2-en-flacons-4ml\/\" \/>\n<meta property=\"og:locale\" content=\"fr_FR\" \/>\n<meta property=\"og:type\" content=\"article\" \/>\n<meta property=\"og:title\" content=\"Lotion InLei FIX 2 en flacons 4ml - LASHES&amp;BROWS by Nataliya Reinhard\" \/>\n<meta property=\"og:description\" content=\"In Lei\u00ae FIX 2 stabilise les boucles des cils et les pr\u00e9pare pour le traitement avec In Lei\u00ae Lash Filler. Contenu : 4 ml (jusqu&#039;\u00e0 35 utilisations).\" \/>\n<meta property=\"og:url\" content=\"https:\/\/www.art-natur.ch\/fr\/produit\/lotion-inlei-fix-2-en-flacons-4ml\/\" \/>\n<meta property=\"og:site_name\" content=\"LASHES&amp;BROWS by Nataliya Reinhard\" \/>\n<meta property=\"article:modified_time\" content=\"2025-12-09T13:44:20+00:00\" \/>\n<meta property=\"og:image\" content=\"https:\/\/www.art-natur.ch\/wp-content\/uploads\/2024\/09\/2511606219-Photoroom.png\" \/>\n\t<meta property=\"og:image:width\" content=\"720\" \/>\n\t<meta property=\"og:image:height\" content=\"720\" \/>\n\t<meta property=\"og:image:type\" content=\"image\/png\" \/>\n<meta name=\"twitter:card\" content=\"summary_large_image\" \/>\n<meta name=\"twitter:label1\" content=\"Dur\u00e9e de lecture estim\u00e9e\" \/>\n\t<meta name=\"twitter:data1\" content=\"1 minute\" \/>\n<script type=\"application\/ld+json\" class=\"yoast-schema-graph\">{\"@context\":\"https:\/\/schema.org\",\"@graph\":[{\"@type\":\"WebPage\",\"@id\":\"https:\/\/www.art-natur.ch\/fr\/produit\/lotion-inlei-fix-2-en-flacons-4ml\/\",\"url\":\"https:\/\/www.art-natur.ch\/fr\/produit\/lotion-inlei-fix-2-en-flacons-4ml\/\",\"name\":\"Lotion InLei FIX 2 en flacons 4ml - LASHES&amp;BROWS by Nataliya Reinhard\",\"isPartOf\":{\"@id\":\"https:\/\/www.art-natur.ch\/fr\/#website\"},\"primaryImageOfPage\":{\"@id\":\"https:\/\/www.art-natur.ch\/fr\/produit\/lotion-inlei-fix-2-en-flacons-4ml\/#primaryimage\"},\"image\":{\"@id\":\"https:\/\/www.art-natur.ch\/fr\/produit\/lotion-inlei-fix-2-en-flacons-4ml\/#primaryimage\"},\"thumbnailUrl\":\"https:\/\/www.art-natur.ch\/wp-content\/uploads\/2024\/09\/2511606219-Photoroom.png\",\"datePublished\":\"2024-09-26T17:09:27+00:00\",\"dateModified\":\"2025-12-09T13:44:20+00:00\",\"description\":\"In Lei\u00ae FIX 2 stabilise les boucles des cils et les pr\u00e9pare pour le traitement avec In Lei\u00ae Lash Filler. Contenu : 4 ml (jusqu'\u00e0 35 utilisations).\",\"breadcrumb\":{\"@id\":\"https:\/\/www.art-natur.ch\/fr\/produit\/lotion-inlei-fix-2-en-flacons-4ml\/#breadcrumb\"},\"inLanguage\":\"fr-FR\",\"potentialAction\":[{\"@type\":\"ReadAction\",\"target\":[\"https:\/\/www.art-natur.ch\/fr\/produit\/lotion-inlei-fix-2-en-flacons-4ml\/\"]}]},{\"@type\":\"ImageObject\",\"inLanguage\":\"fr-FR\",\"@id\":\"https:\/\/www.art-natur.ch\/fr\/produit\/lotion-inlei-fix-2-en-flacons-4ml\/#primaryimage\",\"url\":\"https:\/\/www.art-natur.ch\/wp-content\/uploads\/2024\/09\/2511606219-Photoroom.png\",\"contentUrl\":\"https:\/\/www.art-natur.ch\/wp-content\/uploads\/2024\/09\/2511606219-Photoroom.png\",\"width\":720,\"height\":720},{\"@type\":\"BreadcrumbList\",\"@id\":\"https:\/\/www.art-natur.ch\/fr\/produit\/lotion-inlei-fix-2-en-flacons-4ml\/#breadcrumb\",\"itemListElement\":[{\"@type\":\"ListItem\",\"position\":1,\"name\":\"Home\",\"item\":\"https:\/\/www.art-natur.ch\/fr\/\"},{\"@type\":\"ListItem\",\"position\":2,\"name\":\"Boutique\",\"item\":\"https:\/\/www.art-natur.ch\/shop\/\"},{\"@type\":\"ListItem\",\"position\":3,\"name\":\"Lotion InLei FIX 2 en flacons 4ml\"}]},{\"@type\":\"WebSite\",\"@id\":\"https:\/\/www.art-natur.ch\/fr\/#website\",\"url\":\"https:\/\/www.art-natur.ch\/fr\/\",\"name\":\"LASHES&amp;BROWS by Nataliya Reinhard\",\"description\":\"High-quality lash and brow services with attention to every detail\",\"potentialAction\":[{\"@type\":\"SearchAction\",\"target\":{\"@type\":\"EntryPoint\",\"urlTemplate\":\"https:\/\/www.art-natur.ch\/fr\/?s={search_term_string}\"},\"query-input\":{\"@type\":\"PropertyValueSpecification\",\"valueRequired\":true,\"valueName\":\"search_term_string\"}}],\"inLanguage\":\"fr-FR\"}]}<\/script>\n<!-- \/ Yoast SEO plugin. -->","yoast_head_json":{"title":"Lotion InLei FIX 2 en flacons 4ml - LASHES&amp;BROWS by Nataliya Reinhard","description":"In Lei\u00ae FIX 2 stabilise les boucles des cils et les pr\u00e9pare pour le traitement avec In Lei\u00ae Lash Filler. Contenu : 4 ml (jusqu'\u00e0 35 utilisations).","robots":{"index":"index","follow":"follow","max-snippet":"max-snippet:-1","max-image-preview":"max-image-preview:large","max-video-preview":"max-video-preview:-1"},"canonical":"https:\/\/www.art-natur.ch\/fr\/produit\/lotion-inlei-fix-2-en-flacons-4ml\/","og_locale":"fr_FR","og_type":"article","og_title":"Lotion InLei FIX 2 en flacons 4ml - LASHES&amp;BROWS by Nataliya Reinhard","og_description":"In Lei\u00ae FIX 2 stabilise les boucles des cils et les pr\u00e9pare pour le traitement avec In Lei\u00ae Lash Filler. Contenu : 4 ml (jusqu'\u00e0 35 utilisations).","og_url":"https:\/\/www.art-natur.ch\/fr\/produit\/lotion-inlei-fix-2-en-flacons-4ml\/","og_site_name":"LASHES&amp;BROWS by Nataliya Reinhard","article_modified_time":"2025-12-09T13:44:20+00:00","og_image":[{"width":720,"height":720,"url":"https:\/\/www.art-natur.ch\/wp-content\/uploads\/2024\/09\/2511606219-Photoroom.png","type":"image\/png"}],"twitter_card":"summary_large_image","twitter_misc":{"Dur\u00e9e de lecture estim\u00e9e":"1 minute"},"schema":{"@context":"https:\/\/schema.org","@graph":[{"@type":"WebPage","@id":"https:\/\/www.art-natur.ch\/fr\/produit\/lotion-inlei-fix-2-en-flacons-4ml\/","url":"https:\/\/www.art-natur.ch\/fr\/produit\/lotion-inlei-fix-2-en-flacons-4ml\/","name":"Lotion InLei FIX 2 en flacons 4ml - LASHES&amp;BROWS by Nataliya Reinhard","isPartOf":{"@id":"https:\/\/www.art-natur.ch\/fr\/#website"},"primaryImageOfPage":{"@id":"https:\/\/www.art-natur.ch\/fr\/produit\/lotion-inlei-fix-2-en-flacons-4ml\/#primaryimage"},"image":{"@id":"https:\/\/www.art-natur.ch\/fr\/produit\/lotion-inlei-fix-2-en-flacons-4ml\/#primaryimage"},"thumbnailUrl":"https:\/\/www.art-natur.ch\/wp-content\/uploads\/2024\/09\/2511606219-Photoroom.png","datePublished":"2024-09-26T17:09:27+00:00","dateModified":"2025-12-09T13:44:20+00:00","description":"In Lei\u00ae FIX 2 stabilise les boucles des cils et les pr\u00e9pare pour le traitement avec In Lei\u00ae Lash Filler. Contenu : 4 ml (jusqu'\u00e0 35 utilisations).","breadcrumb":{"@id":"https:\/\/www.art-natur.ch\/fr\/produit\/lotion-inlei-fix-2-en-flacons-4ml\/#breadcrumb"},"inLanguage":"fr-FR","potentialAction":[{"@type":"ReadAction","target":["https:\/\/www.art-natur.ch\/fr\/produit\/lotion-inlei-fix-2-en-flacons-4ml\/"]}]},{"@type":"ImageObject","inLanguage":"fr-FR","@id":"https:\/\/www.art-natur.ch\/fr\/produit\/lotion-inlei-fix-2-en-flacons-4ml\/#primaryimage","url":"https:\/\/www.art-natur.ch\/wp-content\/uploads\/2024\/09\/2511606219-Photoroom.png","contentUrl":"https:\/\/www.art-natur.ch\/wp-content\/uploads\/2024\/09\/2511606219-Photoroom.png","width":720,"height":720},{"@type":"BreadcrumbList","@id":"https:\/\/www.art-natur.ch\/fr\/produit\/lotion-inlei-fix-2-en-flacons-4ml\/#breadcrumb","itemListElement":[{"@type":"ListItem","position":1,"name":"Home","item":"https:\/\/www.art-natur.ch\/fr\/"},{"@type":"ListItem","position":2,"name":"Boutique","item":"https:\/\/www.art-natur.ch\/shop\/"},{"@type":"ListItem","position":3,"name":"Lotion InLei FIX 2 en flacons 4ml"}]},{"@type":"WebSite","@id":"https:\/\/www.art-natur.ch\/fr\/#website","url":"https:\/\/www.art-natur.ch\/fr\/","name":"LASHES&amp;BROWS by Nataliya Reinhard","description":"High-quality lash and brow services with attention to every detail","potentialAction":[{"@type":"SearchAction","target":{"@type":"EntryPoint","urlTemplate":"https:\/\/www.art-natur.ch\/fr\/?s={search_term_string}"},"query-input":{"@type":"PropertyValueSpecification","valueRequired":true,"valueName":"search_term_string"}}],"inLanguage":"fr-FR"}]}},"_links":{"self":[{"href":"https:\/\/www.art-natur.ch\/fr\/wp-json\/wp\/v2\/product\/2100","targetHints":{"allow":["GET"]}}],"collection":[{"href":"https:\/\/www.art-natur.ch\/fr\/wp-json\/wp\/v2\/product"}],"about":[{"href":"https:\/\/www.art-natur.ch\/fr\/wp-json\/wp\/v2\/types\/product"}],"wp:featuredmedia":[{"embeddable":true,"href":"https:\/\/www.art-natur.ch\/fr\/wp-json\/wp\/v2\/media\/7581"}],"wp:attachment":[{"href":"https:\/\/www.art-natur.ch\/fr\/wp-json\/wp\/v2\/media?parent=2100"}],"wp:term":[{"taxonomy":"product_cat","embeddable":true,"href":"https:\/\/www.art-natur.ch\/fr\/wp-json\/wp\/v2\/product_cat?post=2100"},{"taxonomy":"product_tag","embeddable":true,"href":"https:\/\/www.art-natur.ch\/fr\/wp-json\/wp\/v2\/product_tag?post=2100"}],"curies":[{"name":"wp","href":"https:\/\/api.w.org\/{rel}","templated":true}]}}