{"id":2118,"date":"2024-09-26T18:20:00","date_gmt":"2024-09-26T17:20:00","guid":{"rendered":"https:\/\/www.art-natur.ch\/product\/melangeur-pour-teinture-et-henne\/"},"modified":"2025-01-18T21:45:05","modified_gmt":"2025-01-18T20:45:05","slug":"melangeur-pour-teinture-et-henne","status":"publish","type":"product","link":"https:\/\/www.art-natur.ch\/fr\/produit\/melangeur-pour-teinture-et-henne\/","title":{"rendered":"M\u00e9langeur pour teinture et henn\u00e9"},"content":{"rendered":"<p>Le m\u00e9langeur est l&rsquo;outil parfait pour atteindre la consistance id\u00e9ale du henn\u00e9.<\/p>\n<p>Il r\u00e9duit consid\u00e9rablement le temps de pr\u00e9paration du colorant pour le traitement de teinture.<br \/>\nEn outre, il assure un excellent m\u00e9lange de produits tout en fournissant le produit final pour obtenir des r\u00e9sultats de texture lisse et supr\u00eame.<br \/>\nLe produit comprend 5 b\u00e2tonnets m\u00e9langeurs.<br \/>\nLe produit ne fonctionne pas avec des piles.<\/p>\n<p>Couleurs disponibles : noir et blanc<\/p>\n","protected":false},"excerpt":{"rendered":"<p>Le m\u00e9langeur est l&rsquo;outil parfait pour atteindre la consistance id\u00e9ale du henn\u00e9. Il r\u00e9duit consid\u00e9rablement le temps de pr\u00e9paration du colorant pour le traitement de teinture. En outre, il assure un excellent m\u00e9lange de produits tout en fournissant le produit final pour obtenir des r\u00e9sultats de texture lisse et supr\u00eame. Le produit comprend 5 b\u00e2tonnets [&hellip;]<\/p>\n","protected":false},"featured_media":7573,"template":"","meta":{"_acf_changed":false,"inline_featured_image":false},"product_cat":[119,125],"product_tag":[],"class_list":{"0":"post-2118","1":"product","2":"type-product","3":"status-publish","4":"has-post-thumbnail","6":"product_cat-coloration-et-correction-des-sourcils","7":"product_cat-outil-extension-de-cils","9":"first","10":"instock","11":"shipping-taxable","12":"purchasable","13":"product-type-simple"},"acf":[],"yoast_head":"<!-- This site is optimized with the Yoast SEO plugin v26.6 - https:\/\/yoast.com\/wordpress\/plugins\/seo\/ -->\n<title>M\u00e9langeur pour teinture et henn\u00e9 - LASHES&amp;BROWS by Nataliya Reinhard<\/title>\n<meta name=\"description\" content=\"Le mixeur garantit la consistance parfaite du henn\u00e9 et permet de gagner du temps lors de la pr\u00e9paration de la couleur. 5 b\u00e2tons de mixeur en noir et blanc.\" \/>\n<meta name=\"robots\" content=\"index, follow, max-snippet:-1, max-image-preview:large, max-video-preview:-1\" \/>\n<link rel=\"canonical\" href=\"https:\/\/www.art-natur.ch\/fr\/produit\/melangeur-pour-teinture-et-henne\/\" \/>\n<meta property=\"og:locale\" content=\"fr_FR\" \/>\n<meta property=\"og:type\" content=\"article\" \/>\n<meta property=\"og:title\" content=\"M\u00e9langeur pour teinture et henn\u00e9 - LASHES&amp;BROWS by Nataliya Reinhard\" \/>\n<meta property=\"og:description\" content=\"Le mixeur garantit la consistance parfaite du henn\u00e9 et permet de gagner du temps lors de la pr\u00e9paration de la couleur. 5 b\u00e2tons de mixeur en noir et blanc.\" \/>\n<meta property=\"og:url\" content=\"https:\/\/www.art-natur.ch\/fr\/produit\/melangeur-pour-teinture-et-henne\/\" \/>\n<meta property=\"og:site_name\" content=\"LASHES&amp;BROWS by Nataliya Reinhard\" \/>\n<meta property=\"article:modified_time\" content=\"2025-01-18T20:45:05+00:00\" \/>\n<meta property=\"og:image\" content=\"https:\/\/www.art-natur.ch\/wp-content\/uploads\/2024\/09\/2651768873-Photoroom.png\" \/>\n\t<meta property=\"og:image:width\" content=\"1080\" \/>\n\t<meta property=\"og:image:height\" content=\"1080\" \/>\n\t<meta property=\"og:image:type\" content=\"image\/png\" \/>\n<meta name=\"twitter:card\" content=\"summary_large_image\" \/>\n<script type=\"application\/ld+json\" class=\"yoast-schema-graph\">{\"@context\":\"https:\/\/schema.org\",\"@graph\":[{\"@type\":\"WebPage\",\"@id\":\"https:\/\/www.art-natur.ch\/fr\/produit\/melangeur-pour-teinture-et-henne\/\",\"url\":\"https:\/\/www.art-natur.ch\/fr\/produit\/melangeur-pour-teinture-et-henne\/\",\"name\":\"M\u00e9langeur pour teinture et henn\u00e9 - LASHES&amp;BROWS by Nataliya Reinhard\",\"isPartOf\":{\"@id\":\"https:\/\/www.art-natur.ch\/fr\/#website\"},\"primaryImageOfPage\":{\"@id\":\"https:\/\/www.art-natur.ch\/fr\/produit\/melangeur-pour-teinture-et-henne\/#primaryimage\"},\"image\":{\"@id\":\"https:\/\/www.art-natur.ch\/fr\/produit\/melangeur-pour-teinture-et-henne\/#primaryimage\"},\"thumbnailUrl\":\"https:\/\/www.art-natur.ch\/wp-content\/uploads\/2024\/09\/2651768873-Photoroom.png\",\"datePublished\":\"2024-09-26T17:20:00+00:00\",\"dateModified\":\"2025-01-18T20:45:05+00:00\",\"description\":\"Le mixeur garantit la consistance parfaite du henn\u00e9 et permet de gagner du temps lors de la pr\u00e9paration de la couleur. 5 b\u00e2tons de mixeur en noir et blanc.\",\"breadcrumb\":{\"@id\":\"https:\/\/www.art-natur.ch\/fr\/produit\/melangeur-pour-teinture-et-henne\/#breadcrumb\"},\"inLanguage\":\"fr-FR\",\"potentialAction\":[{\"@type\":\"ReadAction\",\"target\":[\"https:\/\/www.art-natur.ch\/fr\/produit\/melangeur-pour-teinture-et-henne\/\"]}]},{\"@type\":\"ImageObject\",\"inLanguage\":\"fr-FR\",\"@id\":\"https:\/\/www.art-natur.ch\/fr\/produit\/melangeur-pour-teinture-et-henne\/#primaryimage\",\"url\":\"https:\/\/www.art-natur.ch\/wp-content\/uploads\/2024\/09\/2651768873-Photoroom.png\",\"contentUrl\":\"https:\/\/www.art-natur.ch\/wp-content\/uploads\/2024\/09\/2651768873-Photoroom.png\",\"width\":1080,\"height\":1080},{\"@type\":\"BreadcrumbList\",\"@id\":\"https:\/\/www.art-natur.ch\/fr\/produit\/melangeur-pour-teinture-et-henne\/#breadcrumb\",\"itemListElement\":[{\"@type\":\"ListItem\",\"position\":1,\"name\":\"Home\",\"item\":\"https:\/\/www.art-natur.ch\/fr\/\"},{\"@type\":\"ListItem\",\"position\":2,\"name\":\"Boutique\",\"item\":\"https:\/\/www.art-natur.ch\/shop\/\"},{\"@type\":\"ListItem\",\"position\":3,\"name\":\"M\u00e9langeur pour teinture et henn\u00e9\"}]},{\"@type\":\"WebSite\",\"@id\":\"https:\/\/www.art-natur.ch\/fr\/#website\",\"url\":\"https:\/\/www.art-natur.ch\/fr\/\",\"name\":\"LASHES&amp;BROWS by Nataliya Reinhard\",\"description\":\"High-quality lash and brow services with attention to every detail\",\"potentialAction\":[{\"@type\":\"SearchAction\",\"target\":{\"@type\":\"EntryPoint\",\"urlTemplate\":\"https:\/\/www.art-natur.ch\/fr\/?s={search_term_string}\"},\"query-input\":{\"@type\":\"PropertyValueSpecification\",\"valueRequired\":true,\"valueName\":\"search_term_string\"}}],\"inLanguage\":\"fr-FR\"}]}<\/script>\n<!-- \/ Yoast SEO plugin. -->","yoast_head_json":{"title":"M\u00e9langeur pour teinture et henn\u00e9 - LASHES&amp;BROWS by Nataliya Reinhard","description":"Le mixeur garantit la consistance parfaite du henn\u00e9 et permet de gagner du temps lors de la pr\u00e9paration de la couleur. 5 b\u00e2tons de mixeur en noir et blanc.","robots":{"index":"index","follow":"follow","max-snippet":"max-snippet:-1","max-image-preview":"max-image-preview:large","max-video-preview":"max-video-preview:-1"},"canonical":"https:\/\/www.art-natur.ch\/fr\/produit\/melangeur-pour-teinture-et-henne\/","og_locale":"fr_FR","og_type":"article","og_title":"M\u00e9langeur pour teinture et henn\u00e9 - LASHES&amp;BROWS by Nataliya Reinhard","og_description":"Le mixeur garantit la consistance parfaite du henn\u00e9 et permet de gagner du temps lors de la pr\u00e9paration de la couleur. 5 b\u00e2tons de mixeur en noir et blanc.","og_url":"https:\/\/www.art-natur.ch\/fr\/produit\/melangeur-pour-teinture-et-henne\/","og_site_name":"LASHES&amp;BROWS by Nataliya Reinhard","article_modified_time":"2025-01-18T20:45:05+00:00","og_image":[{"width":1080,"height":1080,"url":"https:\/\/www.art-natur.ch\/wp-content\/uploads\/2024\/09\/2651768873-Photoroom.png","type":"image\/png"}],"twitter_card":"summary_large_image","schema":{"@context":"https:\/\/schema.org","@graph":[{"@type":"WebPage","@id":"https:\/\/www.art-natur.ch\/fr\/produit\/melangeur-pour-teinture-et-henne\/","url":"https:\/\/www.art-natur.ch\/fr\/produit\/melangeur-pour-teinture-et-henne\/","name":"M\u00e9langeur pour teinture et henn\u00e9 - LASHES&amp;BROWS by Nataliya Reinhard","isPartOf":{"@id":"https:\/\/www.art-natur.ch\/fr\/#website"},"primaryImageOfPage":{"@id":"https:\/\/www.art-natur.ch\/fr\/produit\/melangeur-pour-teinture-et-henne\/#primaryimage"},"image":{"@id":"https:\/\/www.art-natur.ch\/fr\/produit\/melangeur-pour-teinture-et-henne\/#primaryimage"},"thumbnailUrl":"https:\/\/www.art-natur.ch\/wp-content\/uploads\/2024\/09\/2651768873-Photoroom.png","datePublished":"2024-09-26T17:20:00+00:00","dateModified":"2025-01-18T20:45:05+00:00","description":"Le mixeur garantit la consistance parfaite du henn\u00e9 et permet de gagner du temps lors de la pr\u00e9paration de la couleur. 5 b\u00e2tons de mixeur en noir et blanc.","breadcrumb":{"@id":"https:\/\/www.art-natur.ch\/fr\/produit\/melangeur-pour-teinture-et-henne\/#breadcrumb"},"inLanguage":"fr-FR","potentialAction":[{"@type":"ReadAction","target":["https:\/\/www.art-natur.ch\/fr\/produit\/melangeur-pour-teinture-et-henne\/"]}]},{"@type":"ImageObject","inLanguage":"fr-FR","@id":"https:\/\/www.art-natur.ch\/fr\/produit\/melangeur-pour-teinture-et-henne\/#primaryimage","url":"https:\/\/www.art-natur.ch\/wp-content\/uploads\/2024\/09\/2651768873-Photoroom.png","contentUrl":"https:\/\/www.art-natur.ch\/wp-content\/uploads\/2024\/09\/2651768873-Photoroom.png","width":1080,"height":1080},{"@type":"BreadcrumbList","@id":"https:\/\/www.art-natur.ch\/fr\/produit\/melangeur-pour-teinture-et-henne\/#breadcrumb","itemListElement":[{"@type":"ListItem","position":1,"name":"Home","item":"https:\/\/www.art-natur.ch\/fr\/"},{"@type":"ListItem","position":2,"name":"Boutique","item":"https:\/\/www.art-natur.ch\/shop\/"},{"@type":"ListItem","position":3,"name":"M\u00e9langeur pour teinture et henn\u00e9"}]},{"@type":"WebSite","@id":"https:\/\/www.art-natur.ch\/fr\/#website","url":"https:\/\/www.art-natur.ch\/fr\/","name":"LASHES&amp;BROWS by Nataliya Reinhard","description":"High-quality lash and brow services with attention to every detail","potentialAction":[{"@type":"SearchAction","target":{"@type":"EntryPoint","urlTemplate":"https:\/\/www.art-natur.ch\/fr\/?s={search_term_string}"},"query-input":{"@type":"PropertyValueSpecification","valueRequired":true,"valueName":"search_term_string"}}],"inLanguage":"fr-FR"}]}},"_links":{"self":[{"href":"https:\/\/www.art-natur.ch\/fr\/wp-json\/wp\/v2\/product\/2118","targetHints":{"allow":["GET"]}}],"collection":[{"href":"https:\/\/www.art-natur.ch\/fr\/wp-json\/wp\/v2\/product"}],"about":[{"href":"https:\/\/www.art-natur.ch\/fr\/wp-json\/wp\/v2\/types\/product"}],"wp:featuredmedia":[{"embeddable":true,"href":"https:\/\/www.art-natur.ch\/fr\/wp-json\/wp\/v2\/media\/7573"}],"wp:attachment":[{"href":"https:\/\/www.art-natur.ch\/fr\/wp-json\/wp\/v2\/media?parent=2118"}],"wp:term":[{"taxonomy":"product_cat","embeddable":true,"href":"https:\/\/www.art-natur.ch\/fr\/wp-json\/wp\/v2\/product_cat?post=2118"},{"taxonomy":"product_tag","embeddable":true,"href":"https:\/\/www.art-natur.ch\/fr\/wp-json\/wp\/v2\/product_tag?post=2118"}],"curies":[{"name":"wp","href":"https:\/\/api.w.org\/{rel}","templated":true}]}}