{"id":2137,"date":"2024-09-26T18:35:28","date_gmt":"2024-09-26T16:35:28","guid":{"rendered":"https:\/\/www.art-natur.ch\/product\/micro-brosses\/"},"modified":"2024-10-18T16:44:55","modified_gmt":"2024-10-18T14:44:55","slug":"micro-brosses","status":"publish","type":"product","link":"https:\/\/www.art-natur.ch\/fr\/produit\/micro-brosses\/","title":{"rendered":"\u200bMicro-brosses"},"content":{"rendered":"<p>MICRO-R\u00c9F\u00c9RENCES EN FIBRE \u00c9COLOGIQUE<\/p>\n<p>la structure retient la gouttelette et l&#8217;emp\u00eache de se r\u00e9pandre.<br \/>\nApplicable pour la correction et l&rsquo;\u00e9limination des cils avec l&rsquo;\u00e9pilateur de cils.<br \/>\nIls n&rsquo;absorbent pas l&rsquo;humidit\u00e9 et ne laissent pas de peluches derri\u00e8re eux.<br \/>\nPermet d&rsquo;enlever en douceur les cils individuels sans affecter les cils voisins.<br \/>\nLes cils peuvent \u00e9galement \u00eatre utilis\u00e9s pour l&rsquo;application d&rsquo;un appr\u00eat et d&rsquo;un agent fixateur.<br \/>\nPaquet de 100 pi\u00e8ces.<\/p>\n","protected":false},"excerpt":{"rendered":"<p>MICRO-R\u00c9F\u00c9RENCES EN FIBRE \u00c9COLOGIQUE la structure retient la gouttelette et l&#8217;emp\u00eache de se r\u00e9pandre. Applicable pour la correction et l&rsquo;\u00e9limination des cils avec l&rsquo;\u00e9pilateur de cils. Ils n&rsquo;absorbent pas l&rsquo;humidit\u00e9 et ne laissent pas de peluches derri\u00e8re eux. Permet d&rsquo;enlever en douceur les cils individuels sans affecter les cils voisins. Les cils peuvent \u00e9galement \u00eatre [&hellip;]<\/p>\n","protected":false},"featured_media":7565,"template":"","meta":{"_acf_changed":false,"inline_featured_image":false},"product_cat":[116,119,125,129,141,150,160,189,193,207],"product_tag":[],"class_list":{"0":"post-2137","1":"product","2":"type-product","3":"status-publish","4":"has-post-thumbnail","6":"product_brand-nataliya-reinhard","7":"product_cat-extension-de-cils","8":"product_cat-coloration-et-correction-des-sourcils","9":"product_cat-outil-extension-de-cils","10":"product_cat-stylisation-a-long-terme-des-sourcils","11":"product_cat-outils","12":"product_cat-rehaussement-des-cils","13":"product_cat-outil","14":"product_cat-outil-coloration-et-correction-des-sourcils","15":"product_cat-produits-connexes","16":"product_cat-consommables-fr","18":"first","19":"instock","20":"shipping-taxable","21":"purchasable","22":"product-type-simple"},"acf":[],"yoast_head":"<!-- This site is optimized with the Yoast SEO plugin v26.6 - https:\/\/yoast.com\/wordpress\/plugins\/seo\/ -->\n<title>\u200bMicro-brosses - LASHES&amp;BROWS by Nataliya Reinhard<\/title>\n<meta name=\"description\" content=\"Micro-r\u00e9f\u00e9rences en fibre \u00e9cologique retiennent les gouttelettes sans les r\u00e9pandre. Id\u00e9ales pour corriger et enlever les cils. Pack de 100.\" \/>\n<meta name=\"robots\" content=\"index, follow, max-snippet:-1, max-image-preview:large, max-video-preview:-1\" \/>\n<link rel=\"canonical\" href=\"https:\/\/www.art-natur.ch\/fr\/produit\/micro-brosses\/\" \/>\n<meta property=\"og:locale\" content=\"fr_FR\" \/>\n<meta property=\"og:type\" content=\"article\" \/>\n<meta property=\"og:title\" content=\"\u200bMicro-brosses - LASHES&amp;BROWS by Nataliya Reinhard\" \/>\n<meta property=\"og:description\" content=\"Micro-r\u00e9f\u00e9rences en fibre \u00e9cologique retiennent les gouttelettes sans les r\u00e9pandre. Id\u00e9ales pour corriger et enlever les cils. Pack de 100.\" \/>\n<meta property=\"og:url\" content=\"https:\/\/www.art-natur.ch\/fr\/produit\/micro-brosses\/\" \/>\n<meta property=\"og:site_name\" content=\"LASHES&amp;BROWS by Nataliya Reinhard\" \/>\n<meta property=\"article:modified_time\" content=\"2024-10-18T14:44:55+00:00\" \/>\n<meta property=\"og:image\" content=\"https:\/\/www.art-natur.ch\/wp-content\/uploads\/2024\/09\/2777061297-Photoroom.png\" \/>\n\t<meta property=\"og:image:width\" content=\"1200\" \/>\n\t<meta property=\"og:image:height\" content=\"800\" \/>\n\t<meta property=\"og:image:type\" content=\"image\/png\" \/>\n<meta name=\"twitter:card\" content=\"summary_large_image\" \/>\n<meta name=\"twitter:label1\" content=\"Dur\u00e9e de lecture estim\u00e9e\" \/>\n\t<meta name=\"twitter:data1\" content=\"1 minute\" \/>\n<script type=\"application\/ld+json\" class=\"yoast-schema-graph\">{\"@context\":\"https:\/\/schema.org\",\"@graph\":[{\"@type\":\"WebPage\",\"@id\":\"https:\/\/www.art-natur.ch\/fr\/produit\/micro-brosses\/\",\"url\":\"https:\/\/www.art-natur.ch\/fr\/produit\/micro-brosses\/\",\"name\":\"\u200bMicro-brosses - LASHES&amp;BROWS by Nataliya Reinhard\",\"isPartOf\":{\"@id\":\"https:\/\/www.art-natur.ch\/fr\/#website\"},\"primaryImageOfPage\":{\"@id\":\"https:\/\/www.art-natur.ch\/fr\/produit\/micro-brosses\/#primaryimage\"},\"image\":{\"@id\":\"https:\/\/www.art-natur.ch\/fr\/produit\/micro-brosses\/#primaryimage\"},\"thumbnailUrl\":\"https:\/\/www.art-natur.ch\/wp-content\/uploads\/2024\/09\/2777061297-Photoroom.png\",\"datePublished\":\"2024-09-26T16:35:28+00:00\",\"dateModified\":\"2024-10-18T14:44:55+00:00\",\"description\":\"Micro-r\u00e9f\u00e9rences en fibre \u00e9cologique retiennent les gouttelettes sans les r\u00e9pandre. Id\u00e9ales pour corriger et enlever les cils. Pack de 100.\",\"breadcrumb\":{\"@id\":\"https:\/\/www.art-natur.ch\/fr\/produit\/micro-brosses\/#breadcrumb\"},\"inLanguage\":\"fr-FR\",\"potentialAction\":[{\"@type\":\"ReadAction\",\"target\":[\"https:\/\/www.art-natur.ch\/fr\/produit\/micro-brosses\/\"]}]},{\"@type\":\"ImageObject\",\"inLanguage\":\"fr-FR\",\"@id\":\"https:\/\/www.art-natur.ch\/fr\/produit\/micro-brosses\/#primaryimage\",\"url\":\"https:\/\/www.art-natur.ch\/wp-content\/uploads\/2024\/09\/2777061297-Photoroom.png\",\"contentUrl\":\"https:\/\/www.art-natur.ch\/wp-content\/uploads\/2024\/09\/2777061297-Photoroom.png\",\"width\":1200,\"height\":800},{\"@type\":\"BreadcrumbList\",\"@id\":\"https:\/\/www.art-natur.ch\/fr\/produit\/micro-brosses\/#breadcrumb\",\"itemListElement\":[{\"@type\":\"ListItem\",\"position\":1,\"name\":\"Home\",\"item\":\"https:\/\/www.art-natur.ch\/fr\/\"},{\"@type\":\"ListItem\",\"position\":2,\"name\":\"Boutique\",\"item\":\"https:\/\/www.art-natur.ch\/shop\/\"},{\"@type\":\"ListItem\",\"position\":3,\"name\":\"\u200bMicro-brosses\"}]},{\"@type\":\"WebSite\",\"@id\":\"https:\/\/www.art-natur.ch\/fr\/#website\",\"url\":\"https:\/\/www.art-natur.ch\/fr\/\",\"name\":\"LASHES&amp;BROWS by Nataliya Reinhard\",\"description\":\"High-quality lash and brow services with attention to every detail\",\"potentialAction\":[{\"@type\":\"SearchAction\",\"target\":{\"@type\":\"EntryPoint\",\"urlTemplate\":\"https:\/\/www.art-natur.ch\/fr\/?s={search_term_string}\"},\"query-input\":{\"@type\":\"PropertyValueSpecification\",\"valueRequired\":true,\"valueName\":\"search_term_string\"}}],\"inLanguage\":\"fr-FR\"}]}<\/script>\n<!-- \/ Yoast SEO plugin. -->","yoast_head_json":{"title":"\u200bMicro-brosses - LASHES&amp;BROWS by Nataliya Reinhard","description":"Micro-r\u00e9f\u00e9rences en fibre \u00e9cologique retiennent les gouttelettes sans les r\u00e9pandre. Id\u00e9ales pour corriger et enlever les cils. Pack de 100.","robots":{"index":"index","follow":"follow","max-snippet":"max-snippet:-1","max-image-preview":"max-image-preview:large","max-video-preview":"max-video-preview:-1"},"canonical":"https:\/\/www.art-natur.ch\/fr\/produit\/micro-brosses\/","og_locale":"fr_FR","og_type":"article","og_title":"\u200bMicro-brosses - LASHES&amp;BROWS by Nataliya Reinhard","og_description":"Micro-r\u00e9f\u00e9rences en fibre \u00e9cologique retiennent les gouttelettes sans les r\u00e9pandre. Id\u00e9ales pour corriger et enlever les cils. Pack de 100.","og_url":"https:\/\/www.art-natur.ch\/fr\/produit\/micro-brosses\/","og_site_name":"LASHES&amp;BROWS by Nataliya Reinhard","article_modified_time":"2024-10-18T14:44:55+00:00","og_image":[{"width":1200,"height":800,"url":"https:\/\/www.art-natur.ch\/wp-content\/uploads\/2024\/09\/2777061297-Photoroom.png","type":"image\/png"}],"twitter_card":"summary_large_image","twitter_misc":{"Dur\u00e9e de lecture estim\u00e9e":"1 minute"},"schema":{"@context":"https:\/\/schema.org","@graph":[{"@type":"WebPage","@id":"https:\/\/www.art-natur.ch\/fr\/produit\/micro-brosses\/","url":"https:\/\/www.art-natur.ch\/fr\/produit\/micro-brosses\/","name":"\u200bMicro-brosses - LASHES&amp;BROWS by Nataliya Reinhard","isPartOf":{"@id":"https:\/\/www.art-natur.ch\/fr\/#website"},"primaryImageOfPage":{"@id":"https:\/\/www.art-natur.ch\/fr\/produit\/micro-brosses\/#primaryimage"},"image":{"@id":"https:\/\/www.art-natur.ch\/fr\/produit\/micro-brosses\/#primaryimage"},"thumbnailUrl":"https:\/\/www.art-natur.ch\/wp-content\/uploads\/2024\/09\/2777061297-Photoroom.png","datePublished":"2024-09-26T16:35:28+00:00","dateModified":"2024-10-18T14:44:55+00:00","description":"Micro-r\u00e9f\u00e9rences en fibre \u00e9cologique retiennent les gouttelettes sans les r\u00e9pandre. Id\u00e9ales pour corriger et enlever les cils. Pack de 100.","breadcrumb":{"@id":"https:\/\/www.art-natur.ch\/fr\/produit\/micro-brosses\/#breadcrumb"},"inLanguage":"fr-FR","potentialAction":[{"@type":"ReadAction","target":["https:\/\/www.art-natur.ch\/fr\/produit\/micro-brosses\/"]}]},{"@type":"ImageObject","inLanguage":"fr-FR","@id":"https:\/\/www.art-natur.ch\/fr\/produit\/micro-brosses\/#primaryimage","url":"https:\/\/www.art-natur.ch\/wp-content\/uploads\/2024\/09\/2777061297-Photoroom.png","contentUrl":"https:\/\/www.art-natur.ch\/wp-content\/uploads\/2024\/09\/2777061297-Photoroom.png","width":1200,"height":800},{"@type":"BreadcrumbList","@id":"https:\/\/www.art-natur.ch\/fr\/produit\/micro-brosses\/#breadcrumb","itemListElement":[{"@type":"ListItem","position":1,"name":"Home","item":"https:\/\/www.art-natur.ch\/fr\/"},{"@type":"ListItem","position":2,"name":"Boutique","item":"https:\/\/www.art-natur.ch\/shop\/"},{"@type":"ListItem","position":3,"name":"\u200bMicro-brosses"}]},{"@type":"WebSite","@id":"https:\/\/www.art-natur.ch\/fr\/#website","url":"https:\/\/www.art-natur.ch\/fr\/","name":"LASHES&amp;BROWS by Nataliya Reinhard","description":"High-quality lash and brow services with attention to every detail","potentialAction":[{"@type":"SearchAction","target":{"@type":"EntryPoint","urlTemplate":"https:\/\/www.art-natur.ch\/fr\/?s={search_term_string}"},"query-input":{"@type":"PropertyValueSpecification","valueRequired":true,"valueName":"search_term_string"}}],"inLanguage":"fr-FR"}]}},"_links":{"self":[{"href":"https:\/\/www.art-natur.ch\/fr\/wp-json\/wp\/v2\/product\/2137","targetHints":{"allow":["GET"]}}],"collection":[{"href":"https:\/\/www.art-natur.ch\/fr\/wp-json\/wp\/v2\/product"}],"about":[{"href":"https:\/\/www.art-natur.ch\/fr\/wp-json\/wp\/v2\/types\/product"}],"wp:featuredmedia":[{"embeddable":true,"href":"https:\/\/www.art-natur.ch\/fr\/wp-json\/wp\/v2\/media\/7565"}],"wp:attachment":[{"href":"https:\/\/www.art-natur.ch\/fr\/wp-json\/wp\/v2\/media?parent=2137"}],"wp:term":[{"taxonomy":"product_cat","embeddable":true,"href":"https:\/\/www.art-natur.ch\/fr\/wp-json\/wp\/v2\/product_cat?post=2137"},{"taxonomy":"product_tag","embeddable":true,"href":"https:\/\/www.art-natur.ch\/fr\/wp-json\/wp\/v2\/product_tag?post=2137"}],"curies":[{"name":"wp","href":"https:\/\/api.w.org\/{rel}","templated":true}]}}