{"id":2172,"date":"2024-09-26T18:50:54","date_gmt":"2024-09-26T16:50:54","guid":{"rendered":"https:\/\/www.art-natur.ch\/product\/micro-brosses-3\/"},"modified":"2024-10-13T20:56:54","modified_gmt":"2024-10-13T18:56:54","slug":"micro-brosses-3","status":"publish","type":"product","link":"https:\/\/www.art-natur.ch\/fr\/produit\/micro-brosses-3\/","title":{"rendered":"Micro-brosses"},"content":{"rendered":"<p>Excellent outil pour les travaux de micro-beaut\u00e9.<\/p>\n<p>Convient pour la proc\u00e9dure de pr\u00e9traitement des cils, le retrait des cils, la proc\u00e9dure de rel\u00e8vement des cils, le nettoyage en profondeur des cils, le traitement de coloration des sourcils.<\/p>\n<p>Avec une pointe l\u00e9g\u00e8re en microfibre.<\/p>\n<p>Parfait pour tout travail o\u00f9 la pr\u00e9cision est requise.<\/p>\n<p>Le paquet est compos\u00e9 de 100 pi\u00e8ces<\/p>\n","protected":false},"excerpt":{"rendered":"<p>Excellent outil pour les travaux de micro-beaut\u00e9. Convient pour la proc\u00e9dure de pr\u00e9traitement des cils, le retrait des cils, la proc\u00e9dure de rel\u00e8vement des cils, le nettoyage en profondeur des cils, le traitement de coloration des sourcils. Avec une pointe l\u00e9g\u00e8re en microfibre. Parfait pour tout travail o\u00f9 la pr\u00e9cision est requise. Le paquet est [&hellip;]<\/p>\n","protected":false},"featured_media":7521,"template":"","meta":{"_acf_changed":false,"inline_featured_image":false},"product_cat":[116,119,125,129,141,150,160,189],"product_tag":[],"class_list":{"0":"post-2172","1":"product","2":"type-product","3":"status-publish","4":"has-post-thumbnail","6":"product_brand-lovely","7":"product_cat-extension-de-cils","8":"product_cat-coloration-et-correction-des-sourcils","9":"product_cat-outil-extension-de-cils","10":"product_cat-stylisation-a-long-terme-des-sourcils","11":"product_cat-outils","12":"product_cat-rehaussement-des-cils","13":"product_cat-outil","14":"product_cat-outil-coloration-et-correction-des-sourcils","16":"first","17":"instock","18":"shipping-taxable","19":"purchasable","20":"product-type-variable"},"acf":[],"yoast_head":"<!-- This site is optimized with the Yoast SEO plugin v26.6 - https:\/\/yoast.com\/wordpress\/plugins\/seo\/ -->\n<title>Micro-brosses - LASHES&amp;BROWS by Nataliya Reinhard<\/title>\n<meta name=\"description\" content=\"Outil excellent pour les travaux de micro-beaut\u00e9. Id\u00e9al pour le pr\u00e9traitement des cils, le retrait, le lifting, le nettoyage et la coloration des sourcils. Pack de 100.\" \/>\n<meta name=\"robots\" content=\"index, follow, max-snippet:-1, max-image-preview:large, max-video-preview:-1\" \/>\n<link rel=\"canonical\" href=\"https:\/\/www.art-natur.ch\/fr\/produit\/micro-brosses-3\/\" \/>\n<meta property=\"og:locale\" content=\"fr_FR\" \/>\n<meta property=\"og:type\" content=\"article\" \/>\n<meta property=\"og:title\" content=\"Micro-brosses - LASHES&amp;BROWS by Nataliya Reinhard\" \/>\n<meta property=\"og:description\" content=\"Outil excellent pour les travaux de micro-beaut\u00e9. Id\u00e9al pour le pr\u00e9traitement des cils, le retrait, le lifting, le nettoyage et la coloration des sourcils. Pack de 100.\" \/>\n<meta property=\"og:url\" content=\"https:\/\/www.art-natur.ch\/fr\/produit\/micro-brosses-3\/\" \/>\n<meta property=\"og:site_name\" content=\"LASHES&amp;BROWS by Nataliya Reinhard\" \/>\n<meta property=\"article:modified_time\" content=\"2024-10-13T18:56:54+00:00\" \/>\n<meta property=\"og:image\" content=\"https:\/\/www.art-natur.ch\/wp-content\/uploads\/2024\/10\/2627562013-Photoroom.png\" \/>\n\t<meta property=\"og:image:width\" content=\"1080\" \/>\n\t<meta property=\"og:image:height\" content=\"1080\" \/>\n\t<meta property=\"og:image:type\" content=\"image\/png\" \/>\n<meta name=\"twitter:card\" content=\"summary_large_image\" \/>\n<script type=\"application\/ld+json\" class=\"yoast-schema-graph\">{\"@context\":\"https:\/\/schema.org\",\"@graph\":[{\"@type\":\"WebPage\",\"@id\":\"https:\/\/www.art-natur.ch\/fr\/produit\/micro-brosses-3\/\",\"url\":\"https:\/\/www.art-natur.ch\/fr\/produit\/micro-brosses-3\/\",\"name\":\"Micro-brosses - LASHES&amp;BROWS by Nataliya Reinhard\",\"isPartOf\":{\"@id\":\"https:\/\/www.art-natur.ch\/fr\/#website\"},\"primaryImageOfPage\":{\"@id\":\"https:\/\/www.art-natur.ch\/fr\/produit\/micro-brosses-3\/#primaryimage\"},\"image\":{\"@id\":\"https:\/\/www.art-natur.ch\/fr\/produit\/micro-brosses-3\/#primaryimage\"},\"thumbnailUrl\":\"https:\/\/www.art-natur.ch\/wp-content\/uploads\/2024\/10\/2627562013-Photoroom.png\",\"datePublished\":\"2024-09-26T16:50:54+00:00\",\"dateModified\":\"2024-10-13T18:56:54+00:00\",\"description\":\"Outil excellent pour les travaux de micro-beaut\u00e9. Id\u00e9al pour le pr\u00e9traitement des cils, le retrait, le lifting, le nettoyage et la coloration des sourcils. Pack de 100.\",\"breadcrumb\":{\"@id\":\"https:\/\/www.art-natur.ch\/fr\/produit\/micro-brosses-3\/#breadcrumb\"},\"inLanguage\":\"fr-FR\",\"potentialAction\":[{\"@type\":\"ReadAction\",\"target\":[\"https:\/\/www.art-natur.ch\/fr\/produit\/micro-brosses-3\/\"]}]},{\"@type\":\"ImageObject\",\"inLanguage\":\"fr-FR\",\"@id\":\"https:\/\/www.art-natur.ch\/fr\/produit\/micro-brosses-3\/#primaryimage\",\"url\":\"https:\/\/www.art-natur.ch\/wp-content\/uploads\/2024\/10\/2627562013-Photoroom.png\",\"contentUrl\":\"https:\/\/www.art-natur.ch\/wp-content\/uploads\/2024\/10\/2627562013-Photoroom.png\",\"width\":1080,\"height\":1080},{\"@type\":\"BreadcrumbList\",\"@id\":\"https:\/\/www.art-natur.ch\/fr\/produit\/micro-brosses-3\/#breadcrumb\",\"itemListElement\":[{\"@type\":\"ListItem\",\"position\":1,\"name\":\"Home\",\"item\":\"https:\/\/www.art-natur.ch\/fr\/\"},{\"@type\":\"ListItem\",\"position\":2,\"name\":\"Boutique\",\"item\":\"https:\/\/www.art-natur.ch\/shop\/\"},{\"@type\":\"ListItem\",\"position\":3,\"name\":\"Micro-brosses\"}]},{\"@type\":\"WebSite\",\"@id\":\"https:\/\/www.art-natur.ch\/fr\/#website\",\"url\":\"https:\/\/www.art-natur.ch\/fr\/\",\"name\":\"LASHES&amp;BROWS by Nataliya Reinhard\",\"description\":\"High-quality lash and brow services with attention to every detail\",\"potentialAction\":[{\"@type\":\"SearchAction\",\"target\":{\"@type\":\"EntryPoint\",\"urlTemplate\":\"https:\/\/www.art-natur.ch\/fr\/?s={search_term_string}\"},\"query-input\":{\"@type\":\"PropertyValueSpecification\",\"valueRequired\":true,\"valueName\":\"search_term_string\"}}],\"inLanguage\":\"fr-FR\"}]}<\/script>\n<!-- \/ Yoast SEO plugin. -->","yoast_head_json":{"title":"Micro-brosses - LASHES&amp;BROWS by Nataliya Reinhard","description":"Outil excellent pour les travaux de micro-beaut\u00e9. Id\u00e9al pour le pr\u00e9traitement des cils, le retrait, le lifting, le nettoyage et la coloration des sourcils. Pack de 100.","robots":{"index":"index","follow":"follow","max-snippet":"max-snippet:-1","max-image-preview":"max-image-preview:large","max-video-preview":"max-video-preview:-1"},"canonical":"https:\/\/www.art-natur.ch\/fr\/produit\/micro-brosses-3\/","og_locale":"fr_FR","og_type":"article","og_title":"Micro-brosses - LASHES&amp;BROWS by Nataliya Reinhard","og_description":"Outil excellent pour les travaux de micro-beaut\u00e9. Id\u00e9al pour le pr\u00e9traitement des cils, le retrait, le lifting, le nettoyage et la coloration des sourcils. Pack de 100.","og_url":"https:\/\/www.art-natur.ch\/fr\/produit\/micro-brosses-3\/","og_site_name":"LASHES&amp;BROWS by Nataliya Reinhard","article_modified_time":"2024-10-13T18:56:54+00:00","og_image":[{"width":1080,"height":1080,"url":"https:\/\/www.art-natur.ch\/wp-content\/uploads\/2024\/10\/2627562013-Photoroom.png","type":"image\/png"}],"twitter_card":"summary_large_image","schema":{"@context":"https:\/\/schema.org","@graph":[{"@type":"WebPage","@id":"https:\/\/www.art-natur.ch\/fr\/produit\/micro-brosses-3\/","url":"https:\/\/www.art-natur.ch\/fr\/produit\/micro-brosses-3\/","name":"Micro-brosses - LASHES&amp;BROWS by Nataliya Reinhard","isPartOf":{"@id":"https:\/\/www.art-natur.ch\/fr\/#website"},"primaryImageOfPage":{"@id":"https:\/\/www.art-natur.ch\/fr\/produit\/micro-brosses-3\/#primaryimage"},"image":{"@id":"https:\/\/www.art-natur.ch\/fr\/produit\/micro-brosses-3\/#primaryimage"},"thumbnailUrl":"https:\/\/www.art-natur.ch\/wp-content\/uploads\/2024\/10\/2627562013-Photoroom.png","datePublished":"2024-09-26T16:50:54+00:00","dateModified":"2024-10-13T18:56:54+00:00","description":"Outil excellent pour les travaux de micro-beaut\u00e9. Id\u00e9al pour le pr\u00e9traitement des cils, le retrait, le lifting, le nettoyage et la coloration des sourcils. Pack de 100.","breadcrumb":{"@id":"https:\/\/www.art-natur.ch\/fr\/produit\/micro-brosses-3\/#breadcrumb"},"inLanguage":"fr-FR","potentialAction":[{"@type":"ReadAction","target":["https:\/\/www.art-natur.ch\/fr\/produit\/micro-brosses-3\/"]}]},{"@type":"ImageObject","inLanguage":"fr-FR","@id":"https:\/\/www.art-natur.ch\/fr\/produit\/micro-brosses-3\/#primaryimage","url":"https:\/\/www.art-natur.ch\/wp-content\/uploads\/2024\/10\/2627562013-Photoroom.png","contentUrl":"https:\/\/www.art-natur.ch\/wp-content\/uploads\/2024\/10\/2627562013-Photoroom.png","width":1080,"height":1080},{"@type":"BreadcrumbList","@id":"https:\/\/www.art-natur.ch\/fr\/produit\/micro-brosses-3\/#breadcrumb","itemListElement":[{"@type":"ListItem","position":1,"name":"Home","item":"https:\/\/www.art-natur.ch\/fr\/"},{"@type":"ListItem","position":2,"name":"Boutique","item":"https:\/\/www.art-natur.ch\/shop\/"},{"@type":"ListItem","position":3,"name":"Micro-brosses"}]},{"@type":"WebSite","@id":"https:\/\/www.art-natur.ch\/fr\/#website","url":"https:\/\/www.art-natur.ch\/fr\/","name":"LASHES&amp;BROWS by Nataliya Reinhard","description":"High-quality lash and brow services with attention to every detail","potentialAction":[{"@type":"SearchAction","target":{"@type":"EntryPoint","urlTemplate":"https:\/\/www.art-natur.ch\/fr\/?s={search_term_string}"},"query-input":{"@type":"PropertyValueSpecification","valueRequired":true,"valueName":"search_term_string"}}],"inLanguage":"fr-FR"}]}},"_links":{"self":[{"href":"https:\/\/www.art-natur.ch\/fr\/wp-json\/wp\/v2\/product\/2172","targetHints":{"allow":["GET"]}}],"collection":[{"href":"https:\/\/www.art-natur.ch\/fr\/wp-json\/wp\/v2\/product"}],"about":[{"href":"https:\/\/www.art-natur.ch\/fr\/wp-json\/wp\/v2\/types\/product"}],"wp:featuredmedia":[{"embeddable":true,"href":"https:\/\/www.art-natur.ch\/fr\/wp-json\/wp\/v2\/media\/7521"}],"wp:attachment":[{"href":"https:\/\/www.art-natur.ch\/fr\/wp-json\/wp\/v2\/media?parent=2172"}],"wp:term":[{"taxonomy":"product_cat","embeddable":true,"href":"https:\/\/www.art-natur.ch\/fr\/wp-json\/wp\/v2\/product_cat?post=2172"},{"taxonomy":"product_tag","embeddable":true,"href":"https:\/\/www.art-natur.ch\/fr\/wp-json\/wp\/v2\/product_tag?post=2172"}],"curies":[{"name":"wp","href":"https:\/\/api.w.org\/{rel}","templated":true}]}}