{"id":2190,"date":"2024-09-26T19:12:17","date_gmt":"2024-09-26T17:12:17","guid":{"rendered":"https:\/\/www.art-natur.ch\/product\/mini-chauffe-cire\/"},"modified":"2025-01-18T21:48:41","modified_gmt":"2025-01-18T20:48:41","slug":"mini-chauffe-cire","status":"publish","type":"product","link":"https:\/\/www.art-natur.ch\/fr\/produit\/mini-chauffe-cire\/","title":{"rendered":"Mini chauffe-cire"},"content":{"rendered":"<p>Le mini chauffe-cire Henna Expert est sp\u00e9cialement con\u00e7u pour les ma\u00eetres sourcils:<br \/>\n\u2022 Volume id\u00e9al: 120 ml<br \/>\n\u2022 Poids confortable: 274 g<br \/>\n\u2022 Pr\u00e9paration de la cire et de la paraffine au travail en moins de 15 minutes<br \/>\n\u2022 Plage de temp\u00e9rature de fonctionnement: jusqu&rsquo;\u00e0 105 \u00b0 C + \/ &#8211; 5 \u00b0 C<br \/>\n\u2022 Indicateur de fonctionnement<br \/>\n\u2022 Thermostat int\u00e9gr\u00e9 qui maintient la temp\u00e9rature de consigne<br \/>\n\u2022 Couvercle \u00e0 visser pratique avec une poign\u00e9e<br \/>\n\u2022 Pieds caoutchout\u00e9s pour une stabilit\u00e9 maximale<\/p>\n<p>Acheter avec les bols amovibles Henna Expert:<br \/>\n\u2022 Assurer une propret\u00e9 parfaite de la proc\u00e9dure;<br \/>\n\u2022 Les parois du bol ne chauffent pas: facile \u00e0 retirer;<br \/>\n\u2022 Possibilit\u00e9 d&rsquo;utiliser plusieurs bols avec des mat\u00e9riaux diff\u00e9rents, en travaillant sur un fondoir \u00e0 cire.<\/p>\n","protected":false},"excerpt":{"rendered":"<p>Le mini chauffe-cire Henna Expert est sp\u00e9cialement con\u00e7u pour les ma\u00eetres sourcils: \u2022 Volume id\u00e9al: 120 ml \u2022 Poids confortable: 274 g \u2022 Pr\u00e9paration de la cire et de la paraffine au travail en moins de 15 minutes \u2022 Plage de temp\u00e9rature de fonctionnement: jusqu&rsquo;\u00e0 105 \u00b0 C + \/ &#8211; 5 \u00b0 C \u2022 [&hellip;]<\/p>\n","protected":false},"featured_media":7498,"template":"","meta":{"_acf_changed":false,"inline_featured_image":false},"product_cat":[119,125,127,129,141,143,146,193],"product_tag":[],"class_list":{"0":"post-2190","1":"product","2":"type-product","3":"status-publish","4":"has-post-thumbnail","6":"product_brand-henna-expert","7":"product_cat-coloration-et-correction-des-sourcils","8":"product_cat-outil-extension-de-cils","9":"product_cat-orrection","10":"product_cat-stylisation-a-long-terme-des-sourcils","11":"product_cat-outils","12":"product_cat-equipements-et-accessoires","13":"product_cat-autre","14":"product_cat-produits-connexes","16":"first","17":"instock","18":"shipping-taxable","19":"purchasable","20":"product-type-simple"},"acf":[],"yoast_head":"<!-- This site is optimized with the Yoast SEO plugin v26.6 - https:\/\/yoast.com\/wordpress\/plugins\/seo\/ -->\n<title>Mini chauffe-cire - LASHES&amp;BROWS by Nataliya Reinhard<\/title>\n<meta name=\"description\" content=\"Le chauffe-cire mini Henna Expert pour les artistes des sourcils : 120 ml, 274 g, chauffe la cire en 15 minutes jusqu&#039;\u00e0 105 \u00b0C, avec thermostat.\" \/>\n<meta name=\"robots\" content=\"index, follow, max-snippet:-1, max-image-preview:large, max-video-preview:-1\" \/>\n<link rel=\"canonical\" href=\"https:\/\/www.art-natur.ch\/fr\/produit\/mini-chauffe-cire\/\" \/>\n<meta property=\"og:locale\" content=\"fr_FR\" \/>\n<meta property=\"og:type\" content=\"article\" \/>\n<meta property=\"og:title\" content=\"Mini chauffe-cire - LASHES&amp;BROWS by Nataliya Reinhard\" \/>\n<meta property=\"og:description\" content=\"Le chauffe-cire mini Henna Expert pour les artistes des sourcils : 120 ml, 274 g, chauffe la cire en 15 minutes jusqu&#039;\u00e0 105 \u00b0C, avec thermostat.\" \/>\n<meta property=\"og:url\" content=\"https:\/\/www.art-natur.ch\/fr\/produit\/mini-chauffe-cire\/\" \/>\n<meta property=\"og:site_name\" content=\"LASHES&amp;BROWS by Nataliya Reinhard\" \/>\n<meta property=\"article:modified_time\" content=\"2025-01-18T20:48:41+00:00\" \/>\n<meta property=\"og:image\" content=\"https:\/\/www.art-natur.ch\/wp-content\/uploads\/2024\/09\/2172220313-Photoroom-1.png\" \/>\n\t<meta property=\"og:image:width\" content=\"1280\" \/>\n\t<meta property=\"og:image:height\" content=\"1280\" \/>\n\t<meta property=\"og:image:type\" content=\"image\/png\" \/>\n<meta name=\"twitter:card\" content=\"summary_large_image\" \/>\n<meta name=\"twitter:label1\" content=\"Dur\u00e9e de lecture estim\u00e9e\" \/>\n\t<meta name=\"twitter:data1\" content=\"1 minute\" \/>\n<script type=\"application\/ld+json\" class=\"yoast-schema-graph\">{\"@context\":\"https:\/\/schema.org\",\"@graph\":[{\"@type\":\"WebPage\",\"@id\":\"https:\/\/www.art-natur.ch\/fr\/produit\/mini-chauffe-cire\/\",\"url\":\"https:\/\/www.art-natur.ch\/fr\/produit\/mini-chauffe-cire\/\",\"name\":\"Mini chauffe-cire - LASHES&amp;BROWS by Nataliya Reinhard\",\"isPartOf\":{\"@id\":\"https:\/\/www.art-natur.ch\/fr\/#website\"},\"primaryImageOfPage\":{\"@id\":\"https:\/\/www.art-natur.ch\/fr\/produit\/mini-chauffe-cire\/#primaryimage\"},\"image\":{\"@id\":\"https:\/\/www.art-natur.ch\/fr\/produit\/mini-chauffe-cire\/#primaryimage\"},\"thumbnailUrl\":\"https:\/\/www.art-natur.ch\/wp-content\/uploads\/2024\/09\/2172220313-Photoroom-1.png\",\"datePublished\":\"2024-09-26T17:12:17+00:00\",\"dateModified\":\"2025-01-18T20:48:41+00:00\",\"description\":\"Le chauffe-cire mini Henna Expert pour les artistes des sourcils : 120 ml, 274 g, chauffe la cire en 15 minutes jusqu'\u00e0 105 \u00b0C, avec thermostat.\",\"breadcrumb\":{\"@id\":\"https:\/\/www.art-natur.ch\/fr\/produit\/mini-chauffe-cire\/#breadcrumb\"},\"inLanguage\":\"fr-FR\",\"potentialAction\":[{\"@type\":\"ReadAction\",\"target\":[\"https:\/\/www.art-natur.ch\/fr\/produit\/mini-chauffe-cire\/\"]}]},{\"@type\":\"ImageObject\",\"inLanguage\":\"fr-FR\",\"@id\":\"https:\/\/www.art-natur.ch\/fr\/produit\/mini-chauffe-cire\/#primaryimage\",\"url\":\"https:\/\/www.art-natur.ch\/wp-content\/uploads\/2024\/09\/2172220313-Photoroom-1.png\",\"contentUrl\":\"https:\/\/www.art-natur.ch\/wp-content\/uploads\/2024\/09\/2172220313-Photoroom-1.png\",\"width\":1280,\"height\":1280},{\"@type\":\"BreadcrumbList\",\"@id\":\"https:\/\/www.art-natur.ch\/fr\/produit\/mini-chauffe-cire\/#breadcrumb\",\"itemListElement\":[{\"@type\":\"ListItem\",\"position\":1,\"name\":\"Home\",\"item\":\"https:\/\/www.art-natur.ch\/fr\/\"},{\"@type\":\"ListItem\",\"position\":2,\"name\":\"Boutique\",\"item\":\"https:\/\/www.art-natur.ch\/shop\/\"},{\"@type\":\"ListItem\",\"position\":3,\"name\":\"Mini chauffe-cire\"}]},{\"@type\":\"WebSite\",\"@id\":\"https:\/\/www.art-natur.ch\/fr\/#website\",\"url\":\"https:\/\/www.art-natur.ch\/fr\/\",\"name\":\"LASHES&amp;BROWS by Nataliya Reinhard\",\"description\":\"High-quality lash and brow services with attention to every detail\",\"potentialAction\":[{\"@type\":\"SearchAction\",\"target\":{\"@type\":\"EntryPoint\",\"urlTemplate\":\"https:\/\/www.art-natur.ch\/fr\/?s={search_term_string}\"},\"query-input\":{\"@type\":\"PropertyValueSpecification\",\"valueRequired\":true,\"valueName\":\"search_term_string\"}}],\"inLanguage\":\"fr-FR\"}]}<\/script>\n<!-- \/ Yoast SEO plugin. -->","yoast_head_json":{"title":"Mini chauffe-cire - LASHES&amp;BROWS by Nataliya Reinhard","description":"Le chauffe-cire mini Henna Expert pour les artistes des sourcils : 120 ml, 274 g, chauffe la cire en 15 minutes jusqu'\u00e0 105 \u00b0C, avec thermostat.","robots":{"index":"index","follow":"follow","max-snippet":"max-snippet:-1","max-image-preview":"max-image-preview:large","max-video-preview":"max-video-preview:-1"},"canonical":"https:\/\/www.art-natur.ch\/fr\/produit\/mini-chauffe-cire\/","og_locale":"fr_FR","og_type":"article","og_title":"Mini chauffe-cire - LASHES&amp;BROWS by Nataliya Reinhard","og_description":"Le chauffe-cire mini Henna Expert pour les artistes des sourcils : 120 ml, 274 g, chauffe la cire en 15 minutes jusqu'\u00e0 105 \u00b0C, avec thermostat.","og_url":"https:\/\/www.art-natur.ch\/fr\/produit\/mini-chauffe-cire\/","og_site_name":"LASHES&amp;BROWS by Nataliya Reinhard","article_modified_time":"2025-01-18T20:48:41+00:00","og_image":[{"width":1280,"height":1280,"url":"https:\/\/www.art-natur.ch\/wp-content\/uploads\/2024\/09\/2172220313-Photoroom-1.png","type":"image\/png"}],"twitter_card":"summary_large_image","twitter_misc":{"Dur\u00e9e de lecture estim\u00e9e":"1 minute"},"schema":{"@context":"https:\/\/schema.org","@graph":[{"@type":"WebPage","@id":"https:\/\/www.art-natur.ch\/fr\/produit\/mini-chauffe-cire\/","url":"https:\/\/www.art-natur.ch\/fr\/produit\/mini-chauffe-cire\/","name":"Mini chauffe-cire - LASHES&amp;BROWS by Nataliya Reinhard","isPartOf":{"@id":"https:\/\/www.art-natur.ch\/fr\/#website"},"primaryImageOfPage":{"@id":"https:\/\/www.art-natur.ch\/fr\/produit\/mini-chauffe-cire\/#primaryimage"},"image":{"@id":"https:\/\/www.art-natur.ch\/fr\/produit\/mini-chauffe-cire\/#primaryimage"},"thumbnailUrl":"https:\/\/www.art-natur.ch\/wp-content\/uploads\/2024\/09\/2172220313-Photoroom-1.png","datePublished":"2024-09-26T17:12:17+00:00","dateModified":"2025-01-18T20:48:41+00:00","description":"Le chauffe-cire mini Henna Expert pour les artistes des sourcils : 120 ml, 274 g, chauffe la cire en 15 minutes jusqu'\u00e0 105 \u00b0C, avec thermostat.","breadcrumb":{"@id":"https:\/\/www.art-natur.ch\/fr\/produit\/mini-chauffe-cire\/#breadcrumb"},"inLanguage":"fr-FR","potentialAction":[{"@type":"ReadAction","target":["https:\/\/www.art-natur.ch\/fr\/produit\/mini-chauffe-cire\/"]}]},{"@type":"ImageObject","inLanguage":"fr-FR","@id":"https:\/\/www.art-natur.ch\/fr\/produit\/mini-chauffe-cire\/#primaryimage","url":"https:\/\/www.art-natur.ch\/wp-content\/uploads\/2024\/09\/2172220313-Photoroom-1.png","contentUrl":"https:\/\/www.art-natur.ch\/wp-content\/uploads\/2024\/09\/2172220313-Photoroom-1.png","width":1280,"height":1280},{"@type":"BreadcrumbList","@id":"https:\/\/www.art-natur.ch\/fr\/produit\/mini-chauffe-cire\/#breadcrumb","itemListElement":[{"@type":"ListItem","position":1,"name":"Home","item":"https:\/\/www.art-natur.ch\/fr\/"},{"@type":"ListItem","position":2,"name":"Boutique","item":"https:\/\/www.art-natur.ch\/shop\/"},{"@type":"ListItem","position":3,"name":"Mini chauffe-cire"}]},{"@type":"WebSite","@id":"https:\/\/www.art-natur.ch\/fr\/#website","url":"https:\/\/www.art-natur.ch\/fr\/","name":"LASHES&amp;BROWS by Nataliya Reinhard","description":"High-quality lash and brow services with attention to every detail","potentialAction":[{"@type":"SearchAction","target":{"@type":"EntryPoint","urlTemplate":"https:\/\/www.art-natur.ch\/fr\/?s={search_term_string}"},"query-input":{"@type":"PropertyValueSpecification","valueRequired":true,"valueName":"search_term_string"}}],"inLanguage":"fr-FR"}]}},"_links":{"self":[{"href":"https:\/\/www.art-natur.ch\/fr\/wp-json\/wp\/v2\/product\/2190","targetHints":{"allow":["GET"]}}],"collection":[{"href":"https:\/\/www.art-natur.ch\/fr\/wp-json\/wp\/v2\/product"}],"about":[{"href":"https:\/\/www.art-natur.ch\/fr\/wp-json\/wp\/v2\/types\/product"}],"wp:featuredmedia":[{"embeddable":true,"href":"https:\/\/www.art-natur.ch\/fr\/wp-json\/wp\/v2\/media\/7498"}],"wp:attachment":[{"href":"https:\/\/www.art-natur.ch\/fr\/wp-json\/wp\/v2\/media?parent=2190"}],"wp:term":[{"taxonomy":"product_cat","embeddable":true,"href":"https:\/\/www.art-natur.ch\/fr\/wp-json\/wp\/v2\/product_cat?post=2190"},{"taxonomy":"product_tag","embeddable":true,"href":"https:\/\/www.art-natur.ch\/fr\/wp-json\/wp\/v2\/product_tag?post=2190"}],"curies":[{"name":"wp","href":"https:\/\/api.w.org\/{rel}","templated":true}]}}