{"id":2201,"date":"2024-09-26T19:21:19","date_gmt":"2024-09-26T17:21:19","guid":{"rendered":"https:\/\/www.art-natur.ch\/product\/miroir-pour-extensions-de-cils-round-enigma-blue-metallic-et-metallic-2424-mm\/"},"modified":"2024-10-13T20:46:03","modified_gmt":"2024-10-13T18:46:03","slug":"miroir-pour-extensions-de-cils-round-enigma-blue-metallic-et-metallic-2424-mm","status":"publish","type":"product","link":"https:\/\/www.art-natur.ch\/fr\/produit\/miroir-pour-extensions-de-cils-round-enigma-blue-metallic-et-metallic-2424-mm\/","title":{"rendered":"Miroir pour extensions de cils Round Enigma Blue metallic et metallic (24*24 mm)"},"content":{"rendered":"<p>Mat\u00e9riaux : acier, verre. Taille : 24 mm de diam\u00e8tre. Couleur : bleu Enigma m\u00e9tallis\u00e9. Miroir pratique pour les extensions de cils. Maintient la pr\u00e9cision des mouvements du sp\u00e9cialiste. Simplifie le travail de contr\u00f4le pour le collage, le croisement des cils, l&rsquo;indentation et la direction. Le mod\u00e8le rond du miroir avec un diam\u00e8tre de 24 mm est optimal pour le travail. S\u00fbr pour le client. Offre une vue suffisante au sp\u00e9cialiste. Ne prend pas beaucoup de place lors du stockage et du transport. Le miroir est fabriqu\u00e9 en verre durable avec une poign\u00e9e en acier fiable. La poign\u00e9e ergonomique rainur\u00e9e ne glisse pas de la main. Sa longueur a \u00e9t\u00e9 choisie avec pr\u00e9cision pour que vous ne soyez pas distrait par des mouvements inutiles. Vous pouvez v\u00e9rifier le travail et \u00e9liminer rapidement tout probl\u00e8me avec l&rsquo;extension. Placez le miroir sous les cils pour voir la zone de la racine de l&rsquo;\u0153il, sans vous lever de votre poste de travail. Avec un tel miroir, il est \u00e9galement pratique de brosser les cils de la cliente avec une brosse. Le miroir bleu m\u00e9tallique a \u00e9t\u00e9 cr\u00e9\u00e9 pour les sp\u00e9cialistes qui n&rsquo;ont pas peur de s&rsquo;exprimer de mani\u00e8re vive. \u00c9galement disponible dans une couleur M\u00e9tallique discr\u00e8te.<\/p>\n","protected":false},"excerpt":{"rendered":"<p>Mat\u00e9riaux : acier, verre. Taille : 24 mm de diam\u00e8tre. Couleur : bleu Enigma m\u00e9tallis\u00e9. Miroir pratique pour les extensions de cils. Maintient la pr\u00e9cision des mouvements du sp\u00e9cialiste. Simplifie le travail de contr\u00f4le pour le collage, le croisement des cils, l&rsquo;indentation et la direction. Le mod\u00e8le rond du miroir avec un diam\u00e8tre de 24 [&hellip;]<\/p>\n","protected":false},"featured_media":7494,"template":"","meta":{"_acf_changed":false,"inline_featured_image":false},"product_cat":[116,143,146,189,193,207],"product_tag":[],"class_list":{"0":"post-2201","1":"product","2":"type-product","3":"status-publish","4":"has-post-thumbnail","6":"product_brand-enigma","7":"product_cat-extension-de-cils","8":"product_cat-equipements-et-accessoires","9":"product_cat-autre","10":"product_cat-outil-coloration-et-correction-des-sourcils","11":"product_cat-produits-connexes","12":"product_cat-consommables-fr","14":"first","15":"instock","16":"shipping-taxable","17":"purchasable","18":"product-type-simple"},"acf":[],"yoast_head":"<!-- This site is optimized with the Yoast SEO plugin v26.6 - https:\/\/yoast.com\/wordpress\/plugins\/seo\/ -->\n<title>Miroir pour extensions de cils Round Enigma Blue metallic et metallic (24*24 mm) - LASHES&amp;BROWS by Nataliya Reinhard<\/title>\n<meta name=\"description\" content=\"Mat\u00e9riaux : acier, verre. Taille : 24 mm. Couleur : bleu Enigma m\u00e9tallis\u00e9. Miroir compact pour les extensions de cils, assurant pr\u00e9cision et confort d&#039;utilisation.\" \/>\n<meta name=\"robots\" content=\"index, follow, max-snippet:-1, max-image-preview:large, max-video-preview:-1\" \/>\n<link rel=\"canonical\" href=\"https:\/\/www.art-natur.ch\/fr\/produit\/miroir-pour-extensions-de-cils-round-enigma-blue-metallic-et-metallic-2424-mm\/\" \/>\n<meta property=\"og:locale\" content=\"fr_FR\" \/>\n<meta property=\"og:type\" content=\"article\" \/>\n<meta property=\"og:title\" content=\"Miroir pour extensions de cils Round Enigma Blue metallic et metallic (24*24 mm) - LASHES&amp;BROWS by Nataliya Reinhard\" \/>\n<meta property=\"og:description\" content=\"Mat\u00e9riaux : acier, verre. Taille : 24 mm. Couleur : bleu Enigma m\u00e9tallis\u00e9. Miroir compact pour les extensions de cils, assurant pr\u00e9cision et confort d&#039;utilisation.\" \/>\n<meta property=\"og:url\" content=\"https:\/\/www.art-natur.ch\/fr\/produit\/miroir-pour-extensions-de-cils-round-enigma-blue-metallic-et-metallic-2424-mm\/\" \/>\n<meta property=\"og:site_name\" content=\"LASHES&amp;BROWS by Nataliya Reinhard\" \/>\n<meta property=\"article:modified_time\" content=\"2024-10-13T18:46:03+00:00\" \/>\n<meta property=\"og:image\" content=\"https:\/\/www.art-natur.ch\/wp-content\/uploads\/2024\/09\/Frame-427321457.png\" \/>\n\t<meta property=\"og:image:width\" content=\"1300\" \/>\n\t<meta property=\"og:image:height\" content=\"1040\" \/>\n\t<meta property=\"og:image:type\" content=\"image\/png\" \/>\n<meta name=\"twitter:card\" content=\"summary_large_image\" \/>\n<meta name=\"twitter:label1\" content=\"Dur\u00e9e de lecture estim\u00e9e\" \/>\n\t<meta name=\"twitter:data1\" content=\"1 minute\" \/>\n<script type=\"application\/ld+json\" class=\"yoast-schema-graph\">{\"@context\":\"https:\/\/schema.org\",\"@graph\":[{\"@type\":\"WebPage\",\"@id\":\"https:\/\/www.art-natur.ch\/fr\/produit\/miroir-pour-extensions-de-cils-round-enigma-blue-metallic-et-metallic-2424-mm\/\",\"url\":\"https:\/\/www.art-natur.ch\/fr\/produit\/miroir-pour-extensions-de-cils-round-enigma-blue-metallic-et-metallic-2424-mm\/\",\"name\":\"Miroir pour extensions de cils Round Enigma Blue metallic et metallic (24*24 mm) - LASHES&amp;BROWS by Nataliya Reinhard\",\"isPartOf\":{\"@id\":\"https:\/\/www.art-natur.ch\/fr\/#website\"},\"primaryImageOfPage\":{\"@id\":\"https:\/\/www.art-natur.ch\/fr\/produit\/miroir-pour-extensions-de-cils-round-enigma-blue-metallic-et-metallic-2424-mm\/#primaryimage\"},\"image\":{\"@id\":\"https:\/\/www.art-natur.ch\/fr\/produit\/miroir-pour-extensions-de-cils-round-enigma-blue-metallic-et-metallic-2424-mm\/#primaryimage\"},\"thumbnailUrl\":\"https:\/\/www.art-natur.ch\/wp-content\/uploads\/2024\/09\/Frame-427321457.png\",\"datePublished\":\"2024-09-26T17:21:19+00:00\",\"dateModified\":\"2024-10-13T18:46:03+00:00\",\"description\":\"Mat\u00e9riaux : acier, verre. Taille : 24 mm. Couleur : bleu Enigma m\u00e9tallis\u00e9. Miroir compact pour les extensions de cils, assurant pr\u00e9cision et confort d'utilisation.\",\"breadcrumb\":{\"@id\":\"https:\/\/www.art-natur.ch\/fr\/produit\/miroir-pour-extensions-de-cils-round-enigma-blue-metallic-et-metallic-2424-mm\/#breadcrumb\"},\"inLanguage\":\"fr-FR\",\"potentialAction\":[{\"@type\":\"ReadAction\",\"target\":[\"https:\/\/www.art-natur.ch\/fr\/produit\/miroir-pour-extensions-de-cils-round-enigma-blue-metallic-et-metallic-2424-mm\/\"]}]},{\"@type\":\"ImageObject\",\"inLanguage\":\"fr-FR\",\"@id\":\"https:\/\/www.art-natur.ch\/fr\/produit\/miroir-pour-extensions-de-cils-round-enigma-blue-metallic-et-metallic-2424-mm\/#primaryimage\",\"url\":\"https:\/\/www.art-natur.ch\/wp-content\/uploads\/2024\/09\/Frame-427321457.png\",\"contentUrl\":\"https:\/\/www.art-natur.ch\/wp-content\/uploads\/2024\/09\/Frame-427321457.png\",\"width\":1300,\"height\":1040},{\"@type\":\"BreadcrumbList\",\"@id\":\"https:\/\/www.art-natur.ch\/fr\/produit\/miroir-pour-extensions-de-cils-round-enigma-blue-metallic-et-metallic-2424-mm\/#breadcrumb\",\"itemListElement\":[{\"@type\":\"ListItem\",\"position\":1,\"name\":\"Home\",\"item\":\"https:\/\/www.art-natur.ch\/fr\/\"},{\"@type\":\"ListItem\",\"position\":2,\"name\":\"Boutique\",\"item\":\"https:\/\/www.art-natur.ch\/shop\/\"},{\"@type\":\"ListItem\",\"position\":3,\"name\":\"Miroir pour extensions de cils Round Enigma Blue metallic et metallic (24*24 mm)\"}]},{\"@type\":\"WebSite\",\"@id\":\"https:\/\/www.art-natur.ch\/fr\/#website\",\"url\":\"https:\/\/www.art-natur.ch\/fr\/\",\"name\":\"LASHES&amp;BROWS by Nataliya Reinhard\",\"description\":\"High-quality lash and brow services with attention to every detail\",\"potentialAction\":[{\"@type\":\"SearchAction\",\"target\":{\"@type\":\"EntryPoint\",\"urlTemplate\":\"https:\/\/www.art-natur.ch\/fr\/?s={search_term_string}\"},\"query-input\":{\"@type\":\"PropertyValueSpecification\",\"valueRequired\":true,\"valueName\":\"search_term_string\"}}],\"inLanguage\":\"fr-FR\"}]}<\/script>\n<!-- \/ Yoast SEO plugin. -->","yoast_head_json":{"title":"Miroir pour extensions de cils Round Enigma Blue metallic et metallic (24*24 mm) - LASHES&amp;BROWS by Nataliya Reinhard","description":"Mat\u00e9riaux : acier, verre. Taille : 24 mm. Couleur : bleu Enigma m\u00e9tallis\u00e9. Miroir compact pour les extensions de cils, assurant pr\u00e9cision et confort d'utilisation.","robots":{"index":"index","follow":"follow","max-snippet":"max-snippet:-1","max-image-preview":"max-image-preview:large","max-video-preview":"max-video-preview:-1"},"canonical":"https:\/\/www.art-natur.ch\/fr\/produit\/miroir-pour-extensions-de-cils-round-enigma-blue-metallic-et-metallic-2424-mm\/","og_locale":"fr_FR","og_type":"article","og_title":"Miroir pour extensions de cils Round Enigma Blue metallic et metallic (24*24 mm) - LASHES&amp;BROWS by Nataliya Reinhard","og_description":"Mat\u00e9riaux : acier, verre. Taille : 24 mm. Couleur : bleu Enigma m\u00e9tallis\u00e9. Miroir compact pour les extensions de cils, assurant pr\u00e9cision et confort d'utilisation.","og_url":"https:\/\/www.art-natur.ch\/fr\/produit\/miroir-pour-extensions-de-cils-round-enigma-blue-metallic-et-metallic-2424-mm\/","og_site_name":"LASHES&amp;BROWS by Nataliya Reinhard","article_modified_time":"2024-10-13T18:46:03+00:00","og_image":[{"width":1300,"height":1040,"url":"https:\/\/www.art-natur.ch\/wp-content\/uploads\/2024\/09\/Frame-427321457.png","type":"image\/png"}],"twitter_card":"summary_large_image","twitter_misc":{"Dur\u00e9e de lecture estim\u00e9e":"1 minute"},"schema":{"@context":"https:\/\/schema.org","@graph":[{"@type":"WebPage","@id":"https:\/\/www.art-natur.ch\/fr\/produit\/miroir-pour-extensions-de-cils-round-enigma-blue-metallic-et-metallic-2424-mm\/","url":"https:\/\/www.art-natur.ch\/fr\/produit\/miroir-pour-extensions-de-cils-round-enigma-blue-metallic-et-metallic-2424-mm\/","name":"Miroir pour extensions de cils Round Enigma Blue metallic et metallic (24*24 mm) - LASHES&amp;BROWS by Nataliya Reinhard","isPartOf":{"@id":"https:\/\/www.art-natur.ch\/fr\/#website"},"primaryImageOfPage":{"@id":"https:\/\/www.art-natur.ch\/fr\/produit\/miroir-pour-extensions-de-cils-round-enigma-blue-metallic-et-metallic-2424-mm\/#primaryimage"},"image":{"@id":"https:\/\/www.art-natur.ch\/fr\/produit\/miroir-pour-extensions-de-cils-round-enigma-blue-metallic-et-metallic-2424-mm\/#primaryimage"},"thumbnailUrl":"https:\/\/www.art-natur.ch\/wp-content\/uploads\/2024\/09\/Frame-427321457.png","datePublished":"2024-09-26T17:21:19+00:00","dateModified":"2024-10-13T18:46:03+00:00","description":"Mat\u00e9riaux : acier, verre. Taille : 24 mm. Couleur : bleu Enigma m\u00e9tallis\u00e9. Miroir compact pour les extensions de cils, assurant pr\u00e9cision et confort d'utilisation.","breadcrumb":{"@id":"https:\/\/www.art-natur.ch\/fr\/produit\/miroir-pour-extensions-de-cils-round-enigma-blue-metallic-et-metallic-2424-mm\/#breadcrumb"},"inLanguage":"fr-FR","potentialAction":[{"@type":"ReadAction","target":["https:\/\/www.art-natur.ch\/fr\/produit\/miroir-pour-extensions-de-cils-round-enigma-blue-metallic-et-metallic-2424-mm\/"]}]},{"@type":"ImageObject","inLanguage":"fr-FR","@id":"https:\/\/www.art-natur.ch\/fr\/produit\/miroir-pour-extensions-de-cils-round-enigma-blue-metallic-et-metallic-2424-mm\/#primaryimage","url":"https:\/\/www.art-natur.ch\/wp-content\/uploads\/2024\/09\/Frame-427321457.png","contentUrl":"https:\/\/www.art-natur.ch\/wp-content\/uploads\/2024\/09\/Frame-427321457.png","width":1300,"height":1040},{"@type":"BreadcrumbList","@id":"https:\/\/www.art-natur.ch\/fr\/produit\/miroir-pour-extensions-de-cils-round-enigma-blue-metallic-et-metallic-2424-mm\/#breadcrumb","itemListElement":[{"@type":"ListItem","position":1,"name":"Home","item":"https:\/\/www.art-natur.ch\/fr\/"},{"@type":"ListItem","position":2,"name":"Boutique","item":"https:\/\/www.art-natur.ch\/shop\/"},{"@type":"ListItem","position":3,"name":"Miroir pour extensions de cils Round Enigma Blue metallic et metallic (24*24 mm)"}]},{"@type":"WebSite","@id":"https:\/\/www.art-natur.ch\/fr\/#website","url":"https:\/\/www.art-natur.ch\/fr\/","name":"LASHES&amp;BROWS by Nataliya Reinhard","description":"High-quality lash and brow services with attention to every detail","potentialAction":[{"@type":"SearchAction","target":{"@type":"EntryPoint","urlTemplate":"https:\/\/www.art-natur.ch\/fr\/?s={search_term_string}"},"query-input":{"@type":"PropertyValueSpecification","valueRequired":true,"valueName":"search_term_string"}}],"inLanguage":"fr-FR"}]}},"_links":{"self":[{"href":"https:\/\/www.art-natur.ch\/fr\/wp-json\/wp\/v2\/product\/2201","targetHints":{"allow":["GET"]}}],"collection":[{"href":"https:\/\/www.art-natur.ch\/fr\/wp-json\/wp\/v2\/product"}],"about":[{"href":"https:\/\/www.art-natur.ch\/fr\/wp-json\/wp\/v2\/types\/product"}],"wp:featuredmedia":[{"embeddable":true,"href":"https:\/\/www.art-natur.ch\/fr\/wp-json\/wp\/v2\/media\/7494"}],"wp:attachment":[{"href":"https:\/\/www.art-natur.ch\/fr\/wp-json\/wp\/v2\/media?parent=2201"}],"wp:term":[{"taxonomy":"product_cat","embeddable":true,"href":"https:\/\/www.art-natur.ch\/fr\/wp-json\/wp\/v2\/product_cat?post=2201"},{"taxonomy":"product_tag","embeddable":true,"href":"https:\/\/www.art-natur.ch\/fr\/wp-json\/wp\/v2\/product_tag?post=2201"}],"curies":[{"name":"wp","href":"https:\/\/api.w.org\/{rel}","templated":true}]}}