{"id":2212,"date":"2024-09-26T19:28:43","date_gmt":"2024-09-26T17:28:43","guid":{"rendered":"https:\/\/www.art-natur.ch\/product\/miroir-pour-la-procedure-dextension-des-cils-enigma-metallic-4530-mm\/"},"modified":"2024-10-13T20:38:56","modified_gmt":"2024-10-13T18:38:56","slug":"miroir-pour-la-procedure-dextension-des-cils-enigma-metallic-4530-mm","status":"publish","type":"product","link":"https:\/\/www.art-natur.ch\/fr\/produit\/miroir-pour-la-procedure-dextension-des-cils-enigma-metallic-4530-mm\/","title":{"rendered":"Miroir pour la proc\u00e9dure d&rsquo;extension des cils Enigma  Metallic (45*30 mm)"},"content":{"rendered":"<p>Miroir ovale ergonomique et confortable Enigma cr\u00e9\u00e9 sp\u00e9cifiquement pour simplifier et acc\u00e9l\u00e9rer le travail du ma\u00eetre. Avec cet accessoire, vous remarquerez rapidement les collages, les erreurs de direction, les marges et le croisement des cils et pourrez les r\u00e9parer rapidement. La poign\u00e9e, d&rsquo;une longueur optimale et confortable, est fabriqu\u00e9e en acier solide et fiable et poss\u00e8de une surface rainur\u00e9e \u00e0 la base, afin que le miroir ne glisse pas de vos mains. Le miroir est disponible en deux couleurs : classique Metallic et Purple metallic<\/p>\n","protected":false},"excerpt":{"rendered":"<p>Miroir ovale ergonomique et confortable Enigma cr\u00e9\u00e9 sp\u00e9cifiquement pour simplifier et acc\u00e9l\u00e9rer le travail du ma\u00eetre. Avec cet accessoire, vous remarquerez rapidement les collages, les erreurs de direction, les marges et le croisement des cils et pourrez les r\u00e9parer rapidement. La poign\u00e9e, d&rsquo;une longueur optimale et confortable, est fabriqu\u00e9e en acier solide et fiable et [&hellip;]<\/p>\n","protected":false},"featured_media":7486,"template":"","meta":{"_acf_changed":false,"inline_featured_image":false},"product_cat":[116,143,146,189,193,207],"product_tag":[],"class_list":{"0":"post-2212","1":"product","2":"type-product","3":"status-publish","4":"has-post-thumbnail","6":"product_brand-enigma","7":"product_cat-extension-de-cils","8":"product_cat-equipements-et-accessoires","9":"product_cat-autre","10":"product_cat-outil-coloration-et-correction-des-sourcils","11":"product_cat-produits-connexes","12":"product_cat-consommables-fr","14":"first","15":"instock","16":"shipping-taxable","17":"purchasable","18":"product-type-simple"},"acf":[],"yoast_head":"<!-- This site is optimized with the Yoast SEO plugin v26.6 - https:\/\/yoast.com\/wordpress\/plugins\/seo\/ -->\n<title>Miroir pour la proc\u00e9dure d&#039;extension des cils Enigma Metallic (45*30 mm) - LASHES&amp;BROWS by Nataliya Reinhard<\/title>\n<meta name=\"description\" content=\"Miroir ovale ergonomique Enigma con\u00e7u pour simplifier le travail du ma\u00eetre. Permet de rep\u00e9rer et corriger rapidement les erreurs de collage et de direction des cils.\" \/>\n<meta name=\"robots\" content=\"index, follow, max-snippet:-1, max-image-preview:large, max-video-preview:-1\" \/>\n<link rel=\"canonical\" href=\"https:\/\/www.art-natur.ch\/fr\/produit\/miroir-pour-la-procedure-dextension-des-cils-enigma-metallic-4530-mm\/\" \/>\n<meta property=\"og:locale\" content=\"fr_FR\" \/>\n<meta property=\"og:type\" content=\"article\" \/>\n<meta property=\"og:title\" content=\"Miroir pour la proc\u00e9dure d&#039;extension des cils Enigma Metallic (45*30 mm) - LASHES&amp;BROWS by Nataliya Reinhard\" \/>\n<meta property=\"og:description\" content=\"Miroir ovale ergonomique Enigma con\u00e7u pour simplifier le travail du ma\u00eetre. Permet de rep\u00e9rer et corriger rapidement les erreurs de collage et de direction des cils.\" \/>\n<meta property=\"og:url\" content=\"https:\/\/www.art-natur.ch\/fr\/produit\/miroir-pour-la-procedure-dextension-des-cils-enigma-metallic-4530-mm\/\" \/>\n<meta property=\"og:site_name\" content=\"LASHES&amp;BROWS by Nataliya Reinhard\" \/>\n<meta property=\"article:modified_time\" content=\"2024-10-13T18:38:56+00:00\" \/>\n<meta property=\"og:image\" content=\"https:\/\/www.art-natur.ch\/wp-content\/uploads\/2024\/09\/2935907708-Photoroom.png\" \/>\n\t<meta property=\"og:image:width\" content=\"970\" \/>\n\t<meta property=\"og:image:height\" content=\"646\" \/>\n\t<meta property=\"og:image:type\" content=\"image\/png\" \/>\n<meta name=\"twitter:card\" content=\"summary_large_image\" \/>\n<script type=\"application\/ld+json\" class=\"yoast-schema-graph\">{\"@context\":\"https:\/\/schema.org\",\"@graph\":[{\"@type\":\"WebPage\",\"@id\":\"https:\/\/www.art-natur.ch\/fr\/produit\/miroir-pour-la-procedure-dextension-des-cils-enigma-metallic-4530-mm\/\",\"url\":\"https:\/\/www.art-natur.ch\/fr\/produit\/miroir-pour-la-procedure-dextension-des-cils-enigma-metallic-4530-mm\/\",\"name\":\"Miroir pour la proc\u00e9dure d'extension des cils Enigma Metallic (45*30 mm) - LASHES&amp;BROWS by Nataliya Reinhard\",\"isPartOf\":{\"@id\":\"https:\/\/www.art-natur.ch\/fr\/#website\"},\"primaryImageOfPage\":{\"@id\":\"https:\/\/www.art-natur.ch\/fr\/produit\/miroir-pour-la-procedure-dextension-des-cils-enigma-metallic-4530-mm\/#primaryimage\"},\"image\":{\"@id\":\"https:\/\/www.art-natur.ch\/fr\/produit\/miroir-pour-la-procedure-dextension-des-cils-enigma-metallic-4530-mm\/#primaryimage\"},\"thumbnailUrl\":\"https:\/\/www.art-natur.ch\/wp-content\/uploads\/2024\/09\/2935907708-Photoroom.png\",\"datePublished\":\"2024-09-26T17:28:43+00:00\",\"dateModified\":\"2024-10-13T18:38:56+00:00\",\"description\":\"Miroir ovale ergonomique Enigma con\u00e7u pour simplifier le travail du ma\u00eetre. Permet de rep\u00e9rer et corriger rapidement les erreurs de collage et de direction des cils.\",\"breadcrumb\":{\"@id\":\"https:\/\/www.art-natur.ch\/fr\/produit\/miroir-pour-la-procedure-dextension-des-cils-enigma-metallic-4530-mm\/#breadcrumb\"},\"inLanguage\":\"fr-FR\",\"potentialAction\":[{\"@type\":\"ReadAction\",\"target\":[\"https:\/\/www.art-natur.ch\/fr\/produit\/miroir-pour-la-procedure-dextension-des-cils-enigma-metallic-4530-mm\/\"]}]},{\"@type\":\"ImageObject\",\"inLanguage\":\"fr-FR\",\"@id\":\"https:\/\/www.art-natur.ch\/fr\/produit\/miroir-pour-la-procedure-dextension-des-cils-enigma-metallic-4530-mm\/#primaryimage\",\"url\":\"https:\/\/www.art-natur.ch\/wp-content\/uploads\/2024\/09\/2935907708-Photoroom.png\",\"contentUrl\":\"https:\/\/www.art-natur.ch\/wp-content\/uploads\/2024\/09\/2935907708-Photoroom.png\",\"width\":970,\"height\":646},{\"@type\":\"BreadcrumbList\",\"@id\":\"https:\/\/www.art-natur.ch\/fr\/produit\/miroir-pour-la-procedure-dextension-des-cils-enigma-metallic-4530-mm\/#breadcrumb\",\"itemListElement\":[{\"@type\":\"ListItem\",\"position\":1,\"name\":\"Home\",\"item\":\"https:\/\/www.art-natur.ch\/fr\/\"},{\"@type\":\"ListItem\",\"position\":2,\"name\":\"Boutique\",\"item\":\"https:\/\/www.art-natur.ch\/shop\/\"},{\"@type\":\"ListItem\",\"position\":3,\"name\":\"Miroir pour la proc\u00e9dure d&#8217;extension des cils Enigma Metallic (45*30 mm)\"}]},{\"@type\":\"WebSite\",\"@id\":\"https:\/\/www.art-natur.ch\/fr\/#website\",\"url\":\"https:\/\/www.art-natur.ch\/fr\/\",\"name\":\"LASHES&amp;BROWS by Nataliya Reinhard\",\"description\":\"High-quality lash and brow services with attention to every detail\",\"potentialAction\":[{\"@type\":\"SearchAction\",\"target\":{\"@type\":\"EntryPoint\",\"urlTemplate\":\"https:\/\/www.art-natur.ch\/fr\/?s={search_term_string}\"},\"query-input\":{\"@type\":\"PropertyValueSpecification\",\"valueRequired\":true,\"valueName\":\"search_term_string\"}}],\"inLanguage\":\"fr-FR\"}]}<\/script>\n<!-- \/ Yoast SEO plugin. -->","yoast_head_json":{"title":"Miroir pour la proc\u00e9dure d'extension des cils Enigma Metallic (45*30 mm) - LASHES&amp;BROWS by Nataliya Reinhard","description":"Miroir ovale ergonomique Enigma con\u00e7u pour simplifier le travail du ma\u00eetre. Permet de rep\u00e9rer et corriger rapidement les erreurs de collage et de direction des cils.","robots":{"index":"index","follow":"follow","max-snippet":"max-snippet:-1","max-image-preview":"max-image-preview:large","max-video-preview":"max-video-preview:-1"},"canonical":"https:\/\/www.art-natur.ch\/fr\/produit\/miroir-pour-la-procedure-dextension-des-cils-enigma-metallic-4530-mm\/","og_locale":"fr_FR","og_type":"article","og_title":"Miroir pour la proc\u00e9dure d'extension des cils Enigma Metallic (45*30 mm) - LASHES&amp;BROWS by Nataliya Reinhard","og_description":"Miroir ovale ergonomique Enigma con\u00e7u pour simplifier le travail du ma\u00eetre. Permet de rep\u00e9rer et corriger rapidement les erreurs de collage et de direction des cils.","og_url":"https:\/\/www.art-natur.ch\/fr\/produit\/miroir-pour-la-procedure-dextension-des-cils-enigma-metallic-4530-mm\/","og_site_name":"LASHES&amp;BROWS by Nataliya Reinhard","article_modified_time":"2024-10-13T18:38:56+00:00","og_image":[{"width":970,"height":646,"url":"https:\/\/www.art-natur.ch\/wp-content\/uploads\/2024\/09\/2935907708-Photoroom.png","type":"image\/png"}],"twitter_card":"summary_large_image","schema":{"@context":"https:\/\/schema.org","@graph":[{"@type":"WebPage","@id":"https:\/\/www.art-natur.ch\/fr\/produit\/miroir-pour-la-procedure-dextension-des-cils-enigma-metallic-4530-mm\/","url":"https:\/\/www.art-natur.ch\/fr\/produit\/miroir-pour-la-procedure-dextension-des-cils-enigma-metallic-4530-mm\/","name":"Miroir pour la proc\u00e9dure d'extension des cils Enigma Metallic (45*30 mm) - LASHES&amp;BROWS by Nataliya Reinhard","isPartOf":{"@id":"https:\/\/www.art-natur.ch\/fr\/#website"},"primaryImageOfPage":{"@id":"https:\/\/www.art-natur.ch\/fr\/produit\/miroir-pour-la-procedure-dextension-des-cils-enigma-metallic-4530-mm\/#primaryimage"},"image":{"@id":"https:\/\/www.art-natur.ch\/fr\/produit\/miroir-pour-la-procedure-dextension-des-cils-enigma-metallic-4530-mm\/#primaryimage"},"thumbnailUrl":"https:\/\/www.art-natur.ch\/wp-content\/uploads\/2024\/09\/2935907708-Photoroom.png","datePublished":"2024-09-26T17:28:43+00:00","dateModified":"2024-10-13T18:38:56+00:00","description":"Miroir ovale ergonomique Enigma con\u00e7u pour simplifier le travail du ma\u00eetre. Permet de rep\u00e9rer et corriger rapidement les erreurs de collage et de direction des cils.","breadcrumb":{"@id":"https:\/\/www.art-natur.ch\/fr\/produit\/miroir-pour-la-procedure-dextension-des-cils-enigma-metallic-4530-mm\/#breadcrumb"},"inLanguage":"fr-FR","potentialAction":[{"@type":"ReadAction","target":["https:\/\/www.art-natur.ch\/fr\/produit\/miroir-pour-la-procedure-dextension-des-cils-enigma-metallic-4530-mm\/"]}]},{"@type":"ImageObject","inLanguage":"fr-FR","@id":"https:\/\/www.art-natur.ch\/fr\/produit\/miroir-pour-la-procedure-dextension-des-cils-enigma-metallic-4530-mm\/#primaryimage","url":"https:\/\/www.art-natur.ch\/wp-content\/uploads\/2024\/09\/2935907708-Photoroom.png","contentUrl":"https:\/\/www.art-natur.ch\/wp-content\/uploads\/2024\/09\/2935907708-Photoroom.png","width":970,"height":646},{"@type":"BreadcrumbList","@id":"https:\/\/www.art-natur.ch\/fr\/produit\/miroir-pour-la-procedure-dextension-des-cils-enigma-metallic-4530-mm\/#breadcrumb","itemListElement":[{"@type":"ListItem","position":1,"name":"Home","item":"https:\/\/www.art-natur.ch\/fr\/"},{"@type":"ListItem","position":2,"name":"Boutique","item":"https:\/\/www.art-natur.ch\/shop\/"},{"@type":"ListItem","position":3,"name":"Miroir pour la proc\u00e9dure d&#8217;extension des cils Enigma Metallic (45*30 mm)"}]},{"@type":"WebSite","@id":"https:\/\/www.art-natur.ch\/fr\/#website","url":"https:\/\/www.art-natur.ch\/fr\/","name":"LASHES&amp;BROWS by Nataliya Reinhard","description":"High-quality lash and brow services with attention to every detail","potentialAction":[{"@type":"SearchAction","target":{"@type":"EntryPoint","urlTemplate":"https:\/\/www.art-natur.ch\/fr\/?s={search_term_string}"},"query-input":{"@type":"PropertyValueSpecification","valueRequired":true,"valueName":"search_term_string"}}],"inLanguage":"fr-FR"}]}},"_links":{"self":[{"href":"https:\/\/www.art-natur.ch\/fr\/wp-json\/wp\/v2\/product\/2212","targetHints":{"allow":["GET"]}}],"collection":[{"href":"https:\/\/www.art-natur.ch\/fr\/wp-json\/wp\/v2\/product"}],"about":[{"href":"https:\/\/www.art-natur.ch\/fr\/wp-json\/wp\/v2\/types\/product"}],"wp:featuredmedia":[{"embeddable":true,"href":"https:\/\/www.art-natur.ch\/fr\/wp-json\/wp\/v2\/media\/7486"}],"wp:attachment":[{"href":"https:\/\/www.art-natur.ch\/fr\/wp-json\/wp\/v2\/media?parent=2212"}],"wp:term":[{"taxonomy":"product_cat","embeddable":true,"href":"https:\/\/www.art-natur.ch\/fr\/wp-json\/wp\/v2\/product_cat?post=2212"},{"taxonomy":"product_tag","embeddable":true,"href":"https:\/\/www.art-natur.ch\/fr\/wp-json\/wp\/v2\/product_tag?post=2212"}],"curies":[{"name":"wp","href":"https:\/\/api.w.org\/{rel}","templated":true}]}}