{"id":2261,"date":"2024-09-26T19:58:26","date_gmt":"2024-09-26T17:58:26","guid":{"rendered":"https:\/\/www.art-natur.ch\/product\/mousse-nettoyante-in-lei-mousse-aloe\/"},"modified":"2024-10-13T20:35:04","modified_gmt":"2024-10-13T18:35:04","slug":"mousse-nettoyante-in-lei-mousse-aloe","status":"publish","type":"product","link":"https:\/\/www.art-natur.ch\/fr\/produit\/mousse-nettoyante-in-lei-mousse-aloe\/","title":{"rendered":"Mousse nettoyante In Lei\u00ae   \u00a0\u00bb MOUSSE ALOE\u00a0\u00bb"},"content":{"rendered":"<p>La formule innovante d&rsquo;alo\u00e8s \u00e0 fonction anti-inflammatoire r\u00e9tablit l&rsquo;\u00e9quilibre cutan\u00e9 des peaux sensibles gr\u00e2ce \u00e0 sa teneur en acides amin\u00e9s, vitamines, min\u00e9raux et enzymes n\u00e9cessaires \u00e0 la r\u00e9g\u00e9n\u00e9ration des processus vitaux. Un v\u00e9ritable cocktail de bien-\u00eatre sous la forme d&rsquo;une mousse rafra\u00eechissante qui nettoie en douceur le contour des yeux, les cils, les sourcils et l&rsquo;ensemble du visage.<br \/>\nUNE UTILISATION QUOTIDIENNE EST RECOMMAND\u00c9E :<\/p>\n<p>apr\u00e8s le traitement In Lei\u00ae \u00ab\u00a0Lash Filler\u00a0\u00bb pour conserver des cils et des sourcils naturels et sains ;<br \/>\npendant la p\u00e9riode de port des extensions de cils, car la formule sp\u00e9cifique SANS HUILE prolonge la dur\u00e9e de vie de l&rsquo;adh\u00e9sif.<\/p>\n<p>INCI \/ INGR\u00c9DIENTS :<\/p>\n<p>AQUA (EAU), COCOAMPHOAC\u00c9TATE DE SODIUM, LAURETH SULFOSUCCINATE DISODIQUE, POLYSORBATE 20, JUS DE FEUILLES D&rsquo;ALOE BARBADENSIS, PH\u00c9NOXY\u00c9THANOL, ACIDE CITRIQUE, PARFUM, HEXYL\u00c8NE GLYCOL, \u00c9THYLHEXYLGLYC\u00c9RINE, FRUCTOSE, GLUCOSE, SACCHAROSE, UR\u00c9E, DEXTRINE, ALANINE, ACIDE GLUTAMIQUE, ACIDE ASPARTIQUE, NICOTINATE D&rsquo;HEXYLE.<\/p>\n","protected":false},"excerpt":{"rendered":"<p>La formule innovante d&rsquo;alo\u00e8s \u00e0 fonction anti-inflammatoire r\u00e9tablit l&rsquo;\u00e9quilibre cutan\u00e9 des peaux sensibles gr\u00e2ce \u00e0 sa teneur en acides amin\u00e9s, vitamines, min\u00e9raux et enzymes n\u00e9cessaires \u00e0 la r\u00e9g\u00e9n\u00e9ration des processus vitaux. Un v\u00e9ritable cocktail de bien-\u00eatre sous la forme d&rsquo;une mousse rafra\u00eechissante qui nettoie en douceur le contour des yeux, les cils, les sourcils et [&hellip;]<\/p>\n","protected":false},"featured_media":7449,"template":"","meta":{"_acf_changed":false,"inline_featured_image":false},"product_cat":[116,117,193,203],"product_tag":[],"class_list":{"0":"post-2261","1":"product","2":"type-product","3":"status-publish","4":"has-post-thumbnail","6":"product_brand-in-lei","7":"product_cat-extension-de-cils","8":"product_cat-postcure","9":"product_cat-produits-connexes","10":"product_cat-materiel-dhygiene","12":"first","13":"onbackorder","14":"shipping-taxable","15":"purchasable","16":"product-type-simple"},"acf":[],"yoast_head":"<!-- This site is optimized with the Yoast SEO plugin v26.6 - https:\/\/yoast.com\/wordpress\/plugins\/seo\/ -->\n<title>Mousse nettoyante In Lei\u00ae  &quot; MOUSSE ALOE&quot; - LASHES&amp;BROWS by Nataliya Reinhard<\/title>\n<meta name=\"description\" content=\"La formule d&#039;alo\u00e8s r\u00e9tablit l&#039;\u00e9quilibre des peaux sensibles gr\u00e2ce \u00e0 ses vitamines et enzymes. Utilisation quotidienne recommand\u00e9e.\" \/>\n<meta name=\"robots\" content=\"index, follow, max-snippet:-1, max-image-preview:large, max-video-preview:-1\" \/>\n<link rel=\"canonical\" href=\"https:\/\/www.art-natur.ch\/fr\/produit\/mousse-nettoyante-in-lei-mousse-aloe\/\" \/>\n<meta property=\"og:locale\" content=\"fr_FR\" \/>\n<meta property=\"og:type\" content=\"article\" \/>\n<meta property=\"og:title\" content=\"Mousse nettoyante In Lei\u00ae  &quot; MOUSSE ALOE&quot; - LASHES&amp;BROWS by Nataliya Reinhard\" \/>\n<meta property=\"og:description\" content=\"La formule d&#039;alo\u00e8s r\u00e9tablit l&#039;\u00e9quilibre des peaux sensibles gr\u00e2ce \u00e0 ses vitamines et enzymes. Utilisation quotidienne recommand\u00e9e.\" \/>\n<meta property=\"og:url\" content=\"https:\/\/www.art-natur.ch\/fr\/produit\/mousse-nettoyante-in-lei-mousse-aloe\/\" \/>\n<meta property=\"og:site_name\" content=\"LASHES&amp;BROWS by Nataliya Reinhard\" \/>\n<meta property=\"article:modified_time\" content=\"2024-10-13T18:35:04+00:00\" \/>\n<meta property=\"og:image\" content=\"https:\/\/www.art-natur.ch\/wp-content\/uploads\/2024\/09\/2519779244-Photoroom.png\" \/>\n\t<meta property=\"og:image:width\" content=\"669\" \/>\n\t<meta property=\"og:image:height\" content=\"801\" \/>\n\t<meta property=\"og:image:type\" content=\"image\/png\" \/>\n<meta name=\"twitter:card\" content=\"summary_large_image\" \/>\n<meta name=\"twitter:label1\" content=\"Dur\u00e9e de lecture estim\u00e9e\" \/>\n\t<meta name=\"twitter:data1\" content=\"1 minute\" \/>\n<script type=\"application\/ld+json\" class=\"yoast-schema-graph\">{\"@context\":\"https:\/\/schema.org\",\"@graph\":[{\"@type\":\"WebPage\",\"@id\":\"https:\/\/www.art-natur.ch\/fr\/produit\/mousse-nettoyante-in-lei-mousse-aloe\/\",\"url\":\"https:\/\/www.art-natur.ch\/fr\/produit\/mousse-nettoyante-in-lei-mousse-aloe\/\",\"name\":\"Mousse nettoyante In Lei\u00ae \\\" MOUSSE ALOE\\\" - LASHES&amp;BROWS by Nataliya Reinhard\",\"isPartOf\":{\"@id\":\"https:\/\/www.art-natur.ch\/fr\/#website\"},\"primaryImageOfPage\":{\"@id\":\"https:\/\/www.art-natur.ch\/fr\/produit\/mousse-nettoyante-in-lei-mousse-aloe\/#primaryimage\"},\"image\":{\"@id\":\"https:\/\/www.art-natur.ch\/fr\/produit\/mousse-nettoyante-in-lei-mousse-aloe\/#primaryimage\"},\"thumbnailUrl\":\"https:\/\/www.art-natur.ch\/wp-content\/uploads\/2024\/09\/2519779244-Photoroom.png\",\"datePublished\":\"2024-09-26T17:58:26+00:00\",\"dateModified\":\"2024-10-13T18:35:04+00:00\",\"description\":\"La formule d'alo\u00e8s r\u00e9tablit l'\u00e9quilibre des peaux sensibles gr\u00e2ce \u00e0 ses vitamines et enzymes. Utilisation quotidienne recommand\u00e9e.\",\"breadcrumb\":{\"@id\":\"https:\/\/www.art-natur.ch\/fr\/produit\/mousse-nettoyante-in-lei-mousse-aloe\/#breadcrumb\"},\"inLanguage\":\"fr-FR\",\"potentialAction\":[{\"@type\":\"ReadAction\",\"target\":[\"https:\/\/www.art-natur.ch\/fr\/produit\/mousse-nettoyante-in-lei-mousse-aloe\/\"]}]},{\"@type\":\"ImageObject\",\"inLanguage\":\"fr-FR\",\"@id\":\"https:\/\/www.art-natur.ch\/fr\/produit\/mousse-nettoyante-in-lei-mousse-aloe\/#primaryimage\",\"url\":\"https:\/\/www.art-natur.ch\/wp-content\/uploads\/2024\/09\/2519779244-Photoroom.png\",\"contentUrl\":\"https:\/\/www.art-natur.ch\/wp-content\/uploads\/2024\/09\/2519779244-Photoroom.png\",\"width\":669,\"height\":801},{\"@type\":\"BreadcrumbList\",\"@id\":\"https:\/\/www.art-natur.ch\/fr\/produit\/mousse-nettoyante-in-lei-mousse-aloe\/#breadcrumb\",\"itemListElement\":[{\"@type\":\"ListItem\",\"position\":1,\"name\":\"Home\",\"item\":\"https:\/\/www.art-natur.ch\/fr\/\"},{\"@type\":\"ListItem\",\"position\":2,\"name\":\"Boutique\",\"item\":\"https:\/\/www.art-natur.ch\/shop\/\"},{\"@type\":\"ListItem\",\"position\":3,\"name\":\"Mousse nettoyante In Lei\u00ae &#8220; MOUSSE ALOE&#8220;\"}]},{\"@type\":\"WebSite\",\"@id\":\"https:\/\/www.art-natur.ch\/fr\/#website\",\"url\":\"https:\/\/www.art-natur.ch\/fr\/\",\"name\":\"LASHES&amp;BROWS by Nataliya Reinhard\",\"description\":\"High-quality lash and brow services with attention to every detail\",\"potentialAction\":[{\"@type\":\"SearchAction\",\"target\":{\"@type\":\"EntryPoint\",\"urlTemplate\":\"https:\/\/www.art-natur.ch\/fr\/?s={search_term_string}\"},\"query-input\":{\"@type\":\"PropertyValueSpecification\",\"valueRequired\":true,\"valueName\":\"search_term_string\"}}],\"inLanguage\":\"fr-FR\"}]}<\/script>\n<!-- \/ Yoast SEO plugin. -->","yoast_head_json":{"title":"Mousse nettoyante In Lei\u00ae  \" MOUSSE ALOE\" - LASHES&amp;BROWS by Nataliya Reinhard","description":"La formule d'alo\u00e8s r\u00e9tablit l'\u00e9quilibre des peaux sensibles gr\u00e2ce \u00e0 ses vitamines et enzymes. Utilisation quotidienne recommand\u00e9e.","robots":{"index":"index","follow":"follow","max-snippet":"max-snippet:-1","max-image-preview":"max-image-preview:large","max-video-preview":"max-video-preview:-1"},"canonical":"https:\/\/www.art-natur.ch\/fr\/produit\/mousse-nettoyante-in-lei-mousse-aloe\/","og_locale":"fr_FR","og_type":"article","og_title":"Mousse nettoyante In Lei\u00ae  \" MOUSSE ALOE\" - LASHES&amp;BROWS by Nataliya Reinhard","og_description":"La formule d'alo\u00e8s r\u00e9tablit l'\u00e9quilibre des peaux sensibles gr\u00e2ce \u00e0 ses vitamines et enzymes. Utilisation quotidienne recommand\u00e9e.","og_url":"https:\/\/www.art-natur.ch\/fr\/produit\/mousse-nettoyante-in-lei-mousse-aloe\/","og_site_name":"LASHES&amp;BROWS by Nataliya Reinhard","article_modified_time":"2024-10-13T18:35:04+00:00","og_image":[{"width":669,"height":801,"url":"https:\/\/www.art-natur.ch\/wp-content\/uploads\/2024\/09\/2519779244-Photoroom.png","type":"image\/png"}],"twitter_card":"summary_large_image","twitter_misc":{"Dur\u00e9e de lecture estim\u00e9e":"1 minute"},"schema":{"@context":"https:\/\/schema.org","@graph":[{"@type":"WebPage","@id":"https:\/\/www.art-natur.ch\/fr\/produit\/mousse-nettoyante-in-lei-mousse-aloe\/","url":"https:\/\/www.art-natur.ch\/fr\/produit\/mousse-nettoyante-in-lei-mousse-aloe\/","name":"Mousse nettoyante In Lei\u00ae \" MOUSSE ALOE\" - LASHES&amp;BROWS by Nataliya Reinhard","isPartOf":{"@id":"https:\/\/www.art-natur.ch\/fr\/#website"},"primaryImageOfPage":{"@id":"https:\/\/www.art-natur.ch\/fr\/produit\/mousse-nettoyante-in-lei-mousse-aloe\/#primaryimage"},"image":{"@id":"https:\/\/www.art-natur.ch\/fr\/produit\/mousse-nettoyante-in-lei-mousse-aloe\/#primaryimage"},"thumbnailUrl":"https:\/\/www.art-natur.ch\/wp-content\/uploads\/2024\/09\/2519779244-Photoroom.png","datePublished":"2024-09-26T17:58:26+00:00","dateModified":"2024-10-13T18:35:04+00:00","description":"La formule d'alo\u00e8s r\u00e9tablit l'\u00e9quilibre des peaux sensibles gr\u00e2ce \u00e0 ses vitamines et enzymes. Utilisation quotidienne recommand\u00e9e.","breadcrumb":{"@id":"https:\/\/www.art-natur.ch\/fr\/produit\/mousse-nettoyante-in-lei-mousse-aloe\/#breadcrumb"},"inLanguage":"fr-FR","potentialAction":[{"@type":"ReadAction","target":["https:\/\/www.art-natur.ch\/fr\/produit\/mousse-nettoyante-in-lei-mousse-aloe\/"]}]},{"@type":"ImageObject","inLanguage":"fr-FR","@id":"https:\/\/www.art-natur.ch\/fr\/produit\/mousse-nettoyante-in-lei-mousse-aloe\/#primaryimage","url":"https:\/\/www.art-natur.ch\/wp-content\/uploads\/2024\/09\/2519779244-Photoroom.png","contentUrl":"https:\/\/www.art-natur.ch\/wp-content\/uploads\/2024\/09\/2519779244-Photoroom.png","width":669,"height":801},{"@type":"BreadcrumbList","@id":"https:\/\/www.art-natur.ch\/fr\/produit\/mousse-nettoyante-in-lei-mousse-aloe\/#breadcrumb","itemListElement":[{"@type":"ListItem","position":1,"name":"Home","item":"https:\/\/www.art-natur.ch\/fr\/"},{"@type":"ListItem","position":2,"name":"Boutique","item":"https:\/\/www.art-natur.ch\/shop\/"},{"@type":"ListItem","position":3,"name":"Mousse nettoyante In Lei\u00ae &#8220; MOUSSE ALOE&#8220;"}]},{"@type":"WebSite","@id":"https:\/\/www.art-natur.ch\/fr\/#website","url":"https:\/\/www.art-natur.ch\/fr\/","name":"LASHES&amp;BROWS by Nataliya Reinhard","description":"High-quality lash and brow services with attention to every detail","potentialAction":[{"@type":"SearchAction","target":{"@type":"EntryPoint","urlTemplate":"https:\/\/www.art-natur.ch\/fr\/?s={search_term_string}"},"query-input":{"@type":"PropertyValueSpecification","valueRequired":true,"valueName":"search_term_string"}}],"inLanguage":"fr-FR"}]}},"_links":{"self":[{"href":"https:\/\/www.art-natur.ch\/fr\/wp-json\/wp\/v2\/product\/2261","targetHints":{"allow":["GET"]}}],"collection":[{"href":"https:\/\/www.art-natur.ch\/fr\/wp-json\/wp\/v2\/product"}],"about":[{"href":"https:\/\/www.art-natur.ch\/fr\/wp-json\/wp\/v2\/types\/product"}],"wp:featuredmedia":[{"embeddable":true,"href":"https:\/\/www.art-natur.ch\/fr\/wp-json\/wp\/v2\/media\/7449"}],"wp:attachment":[{"href":"https:\/\/www.art-natur.ch\/fr\/wp-json\/wp\/v2\/media?parent=2261"}],"wp:term":[{"taxonomy":"product_cat","embeddable":true,"href":"https:\/\/www.art-natur.ch\/fr\/wp-json\/wp\/v2\/product_cat?post=2261"},{"taxonomy":"product_tag","embeddable":true,"href":"https:\/\/www.art-natur.ch\/fr\/wp-json\/wp\/v2\/product_tag?post=2261"}],"curies":[{"name":"wp","href":"https:\/\/api.w.org\/{rel}","templated":true}]}}