{"id":2276,"date":"2024-09-26T20:03:36","date_gmt":"2024-09-26T19:03:36","guid":{"rendered":"https:\/\/www.art-natur.ch\/product\/mousse-nettoyante-in-lei-rose\/"},"modified":"2024-10-13T20:32:12","modified_gmt":"2024-10-13T18:32:12","slug":"mousse-nettoyante-in-lei-rose","status":"publish","type":"product","link":"https:\/\/www.art-natur.ch\/fr\/produit\/mousse-nettoyante-in-lei-rose\/","title":{"rendered":"Mousse nettoyante In Lei\u00ae  \u00a0\u00bb ROSE\u00a0\u00bb"},"content":{"rendered":"<p>InLei\u00ae \u00ab\u00a0MOUSSE ROSE\u00a0\u00bb est un produit innovant pour le nettoyage et le soin des cils naturels et des extensions de cils. La mousse, id\u00e9ale pour le nettoyage quotidien du visage et du d\u00e9collet\u00e9, convient \u00e0 tous les types de peau, des plus jeunes aux plus matures. L&rsquo;ingr\u00e9dient actif de ce d\u00e9maquillant, la rose de Damas, est une v\u00e9ritable panac\u00e9e pour les soins du visage : elle tonifie et purifie la peau, poss\u00e8de des propri\u00e9t\u00e9s nettoyantes suppl\u00e9mentaires, donne de l&rsquo;\u00e9lasticit\u00e9 et combat efficacement le vieillissement de la peau.<\/p>\n<p>InLei\u00ae \u00ab\u00a0MOUSSE ROSE\u00a0\u00bb est parfait comme d\u00e9maquillant doux aux propri\u00e9t\u00e9s apaisantes pour les peaux s\u00e8ches ou irrit\u00e9es. En outre, le parfum l\u00e9ger de la mousse a un effet harmonisant et rafra\u00eechissant qui a un effet positif sur l&rsquo;humeur.<br \/>\nUne utilisation quotidienne est recommand\u00e9e :<\/p>\n<p>apr\u00e8s le traitement IN LEI\u00ae \u00ab\u00a0Lash Filler\u00a0\u00bb ;\u00a0\u00bb pour conserver des cils et des sourcils naturels et sains.<br \/>\npendant la p\u00e9riode de port de l&rsquo;extension de cils, car la formule sp\u00e9cifique SANS HUILE prolonge la dur\u00e9e de vie de l&rsquo;adh\u00e9sif.<\/p>\n","protected":false},"excerpt":{"rendered":"<p>InLei\u00ae \u00ab\u00a0MOUSSE ROSE\u00a0\u00bb est un produit innovant pour le nettoyage et le soin des cils naturels et des extensions de cils. La mousse, id\u00e9ale pour le nettoyage quotidien du visage et du d\u00e9collet\u00e9, convient \u00e0 tous les types de peau, des plus jeunes aux plus matures. L&rsquo;ingr\u00e9dient actif de ce d\u00e9maquillant, la rose de Damas, [&hellip;]<\/p>\n","protected":false},"featured_media":7437,"template":"","meta":{"_acf_changed":false,"inline_featured_image":false},"product_cat":[116,117,193,203],"product_tag":[],"class_list":{"0":"post-2276","1":"product","2":"type-product","3":"status-publish","4":"has-post-thumbnail","6":"product_brand-in-lei","7":"product_cat-extension-de-cils","8":"product_cat-postcure","9":"product_cat-produits-connexes","10":"product_cat-materiel-dhygiene","12":"first","13":"instock","14":"shipping-taxable","15":"purchasable","16":"product-type-simple"},"acf":[],"yoast_head":"<!-- This site is optimized with the Yoast SEO plugin v26.6 - https:\/\/yoast.com\/wordpress\/plugins\/seo\/ -->\n<title>Mousse nettoyante In Lei\u00ae &quot; ROSE&quot; - LASHES&amp;BROWS by Nataliya Reinhard<\/title>\n<meta name=\"description\" content=\"InLei\u00ae &quot;MOUSSE ROSE&quot; nettoie, tonifie, et apaise les peaux s\u00e8ches ou irrit\u00e9es. Convient \u00e0 tous types de peau pour un usage quotidien.\" \/>\n<meta name=\"robots\" content=\"index, follow, max-snippet:-1, max-image-preview:large, max-video-preview:-1\" \/>\n<link rel=\"canonical\" href=\"https:\/\/www.art-natur.ch\/fr\/produit\/mousse-nettoyante-in-lei-rose\/\" \/>\n<meta property=\"og:locale\" content=\"fr_FR\" \/>\n<meta property=\"og:type\" content=\"article\" \/>\n<meta property=\"og:title\" content=\"Mousse nettoyante In Lei\u00ae &quot; ROSE&quot; - LASHES&amp;BROWS by Nataliya Reinhard\" \/>\n<meta property=\"og:description\" content=\"InLei\u00ae &quot;MOUSSE ROSE&quot; nettoie, tonifie, et apaise les peaux s\u00e8ches ou irrit\u00e9es. Convient \u00e0 tous types de peau pour un usage quotidien.\" \/>\n<meta property=\"og:url\" content=\"https:\/\/www.art-natur.ch\/fr\/produit\/mousse-nettoyante-in-lei-rose\/\" \/>\n<meta property=\"og:site_name\" content=\"LASHES&amp;BROWS by Nataliya Reinhard\" \/>\n<meta property=\"article:modified_time\" content=\"2024-10-13T18:32:12+00:00\" \/>\n<meta property=\"og:image\" content=\"https:\/\/www.art-natur.ch\/wp-content\/uploads\/2024\/09\/2519850742-Photoroom.png\" \/>\n\t<meta property=\"og:image:width\" content=\"669\" \/>\n\t<meta property=\"og:image:height\" content=\"801\" \/>\n\t<meta property=\"og:image:type\" content=\"image\/png\" \/>\n<meta name=\"twitter:card\" content=\"summary_large_image\" \/>\n<meta name=\"twitter:label1\" content=\"Dur\u00e9e de lecture estim\u00e9e\" \/>\n\t<meta name=\"twitter:data1\" content=\"1 minute\" \/>\n<script type=\"application\/ld+json\" class=\"yoast-schema-graph\">{\"@context\":\"https:\/\/schema.org\",\"@graph\":[{\"@type\":\"WebPage\",\"@id\":\"https:\/\/www.art-natur.ch\/fr\/produit\/mousse-nettoyante-in-lei-rose\/\",\"url\":\"https:\/\/www.art-natur.ch\/fr\/produit\/mousse-nettoyante-in-lei-rose\/\",\"name\":\"Mousse nettoyante In Lei\u00ae \\\" ROSE\\\" - LASHES&amp;BROWS by Nataliya Reinhard\",\"isPartOf\":{\"@id\":\"https:\/\/www.art-natur.ch\/fr\/#website\"},\"primaryImageOfPage\":{\"@id\":\"https:\/\/www.art-natur.ch\/fr\/produit\/mousse-nettoyante-in-lei-rose\/#primaryimage\"},\"image\":{\"@id\":\"https:\/\/www.art-natur.ch\/fr\/produit\/mousse-nettoyante-in-lei-rose\/#primaryimage\"},\"thumbnailUrl\":\"https:\/\/www.art-natur.ch\/wp-content\/uploads\/2024\/09\/2519850742-Photoroom.png\",\"datePublished\":\"2024-09-26T19:03:36+00:00\",\"dateModified\":\"2024-10-13T18:32:12+00:00\",\"description\":\"InLei\u00ae \\\"MOUSSE ROSE\\\" nettoie, tonifie, et apaise les peaux s\u00e8ches ou irrit\u00e9es. Convient \u00e0 tous types de peau pour un usage quotidien.\",\"breadcrumb\":{\"@id\":\"https:\/\/www.art-natur.ch\/fr\/produit\/mousse-nettoyante-in-lei-rose\/#breadcrumb\"},\"inLanguage\":\"fr-FR\",\"potentialAction\":[{\"@type\":\"ReadAction\",\"target\":[\"https:\/\/www.art-natur.ch\/fr\/produit\/mousse-nettoyante-in-lei-rose\/\"]}]},{\"@type\":\"ImageObject\",\"inLanguage\":\"fr-FR\",\"@id\":\"https:\/\/www.art-natur.ch\/fr\/produit\/mousse-nettoyante-in-lei-rose\/#primaryimage\",\"url\":\"https:\/\/www.art-natur.ch\/wp-content\/uploads\/2024\/09\/2519850742-Photoroom.png\",\"contentUrl\":\"https:\/\/www.art-natur.ch\/wp-content\/uploads\/2024\/09\/2519850742-Photoroom.png\",\"width\":669,\"height\":801},{\"@type\":\"BreadcrumbList\",\"@id\":\"https:\/\/www.art-natur.ch\/fr\/produit\/mousse-nettoyante-in-lei-rose\/#breadcrumb\",\"itemListElement\":[{\"@type\":\"ListItem\",\"position\":1,\"name\":\"Home\",\"item\":\"https:\/\/www.art-natur.ch\/fr\/\"},{\"@type\":\"ListItem\",\"position\":2,\"name\":\"Boutique\",\"item\":\"https:\/\/www.art-natur.ch\/shop\/\"},{\"@type\":\"ListItem\",\"position\":3,\"name\":\"Mousse nettoyante In Lei\u00ae &#8220; ROSE&#8220;\"}]},{\"@type\":\"WebSite\",\"@id\":\"https:\/\/www.art-natur.ch\/fr\/#website\",\"url\":\"https:\/\/www.art-natur.ch\/fr\/\",\"name\":\"LASHES&amp;BROWS by Nataliya Reinhard\",\"description\":\"High-quality lash and brow services with attention to every detail\",\"potentialAction\":[{\"@type\":\"SearchAction\",\"target\":{\"@type\":\"EntryPoint\",\"urlTemplate\":\"https:\/\/www.art-natur.ch\/fr\/?s={search_term_string}\"},\"query-input\":{\"@type\":\"PropertyValueSpecification\",\"valueRequired\":true,\"valueName\":\"search_term_string\"}}],\"inLanguage\":\"fr-FR\"}]}<\/script>\n<!-- \/ Yoast SEO plugin. -->","yoast_head_json":{"title":"Mousse nettoyante In Lei\u00ae \" ROSE\" - LASHES&amp;BROWS by Nataliya Reinhard","description":"InLei\u00ae \"MOUSSE ROSE\" nettoie, tonifie, et apaise les peaux s\u00e8ches ou irrit\u00e9es. Convient \u00e0 tous types de peau pour un usage quotidien.","robots":{"index":"index","follow":"follow","max-snippet":"max-snippet:-1","max-image-preview":"max-image-preview:large","max-video-preview":"max-video-preview:-1"},"canonical":"https:\/\/www.art-natur.ch\/fr\/produit\/mousse-nettoyante-in-lei-rose\/","og_locale":"fr_FR","og_type":"article","og_title":"Mousse nettoyante In Lei\u00ae \" ROSE\" - LASHES&amp;BROWS by Nataliya Reinhard","og_description":"InLei\u00ae \"MOUSSE ROSE\" nettoie, tonifie, et apaise les peaux s\u00e8ches ou irrit\u00e9es. Convient \u00e0 tous types de peau pour un usage quotidien.","og_url":"https:\/\/www.art-natur.ch\/fr\/produit\/mousse-nettoyante-in-lei-rose\/","og_site_name":"LASHES&amp;BROWS by Nataliya Reinhard","article_modified_time":"2024-10-13T18:32:12+00:00","og_image":[{"width":669,"height":801,"url":"https:\/\/www.art-natur.ch\/wp-content\/uploads\/2024\/09\/2519850742-Photoroom.png","type":"image\/png"}],"twitter_card":"summary_large_image","twitter_misc":{"Dur\u00e9e de lecture estim\u00e9e":"1 minute"},"schema":{"@context":"https:\/\/schema.org","@graph":[{"@type":"WebPage","@id":"https:\/\/www.art-natur.ch\/fr\/produit\/mousse-nettoyante-in-lei-rose\/","url":"https:\/\/www.art-natur.ch\/fr\/produit\/mousse-nettoyante-in-lei-rose\/","name":"Mousse nettoyante In Lei\u00ae \" ROSE\" - LASHES&amp;BROWS by Nataliya Reinhard","isPartOf":{"@id":"https:\/\/www.art-natur.ch\/fr\/#website"},"primaryImageOfPage":{"@id":"https:\/\/www.art-natur.ch\/fr\/produit\/mousse-nettoyante-in-lei-rose\/#primaryimage"},"image":{"@id":"https:\/\/www.art-natur.ch\/fr\/produit\/mousse-nettoyante-in-lei-rose\/#primaryimage"},"thumbnailUrl":"https:\/\/www.art-natur.ch\/wp-content\/uploads\/2024\/09\/2519850742-Photoroom.png","datePublished":"2024-09-26T19:03:36+00:00","dateModified":"2024-10-13T18:32:12+00:00","description":"InLei\u00ae \"MOUSSE ROSE\" nettoie, tonifie, et apaise les peaux s\u00e8ches ou irrit\u00e9es. Convient \u00e0 tous types de peau pour un usage quotidien.","breadcrumb":{"@id":"https:\/\/www.art-natur.ch\/fr\/produit\/mousse-nettoyante-in-lei-rose\/#breadcrumb"},"inLanguage":"fr-FR","potentialAction":[{"@type":"ReadAction","target":["https:\/\/www.art-natur.ch\/fr\/produit\/mousse-nettoyante-in-lei-rose\/"]}]},{"@type":"ImageObject","inLanguage":"fr-FR","@id":"https:\/\/www.art-natur.ch\/fr\/produit\/mousse-nettoyante-in-lei-rose\/#primaryimage","url":"https:\/\/www.art-natur.ch\/wp-content\/uploads\/2024\/09\/2519850742-Photoroom.png","contentUrl":"https:\/\/www.art-natur.ch\/wp-content\/uploads\/2024\/09\/2519850742-Photoroom.png","width":669,"height":801},{"@type":"BreadcrumbList","@id":"https:\/\/www.art-natur.ch\/fr\/produit\/mousse-nettoyante-in-lei-rose\/#breadcrumb","itemListElement":[{"@type":"ListItem","position":1,"name":"Home","item":"https:\/\/www.art-natur.ch\/fr\/"},{"@type":"ListItem","position":2,"name":"Boutique","item":"https:\/\/www.art-natur.ch\/shop\/"},{"@type":"ListItem","position":3,"name":"Mousse nettoyante In Lei\u00ae &#8220; ROSE&#8220;"}]},{"@type":"WebSite","@id":"https:\/\/www.art-natur.ch\/fr\/#website","url":"https:\/\/www.art-natur.ch\/fr\/","name":"LASHES&amp;BROWS by Nataliya Reinhard","description":"High-quality lash and brow services with attention to every detail","potentialAction":[{"@type":"SearchAction","target":{"@type":"EntryPoint","urlTemplate":"https:\/\/www.art-natur.ch\/fr\/?s={search_term_string}"},"query-input":{"@type":"PropertyValueSpecification","valueRequired":true,"valueName":"search_term_string"}}],"inLanguage":"fr-FR"}]}},"_links":{"self":[{"href":"https:\/\/www.art-natur.ch\/fr\/wp-json\/wp\/v2\/product\/2276","targetHints":{"allow":["GET"]}}],"collection":[{"href":"https:\/\/www.art-natur.ch\/fr\/wp-json\/wp\/v2\/product"}],"about":[{"href":"https:\/\/www.art-natur.ch\/fr\/wp-json\/wp\/v2\/types\/product"}],"wp:featuredmedia":[{"embeddable":true,"href":"https:\/\/www.art-natur.ch\/fr\/wp-json\/wp\/v2\/media\/7437"}],"wp:attachment":[{"href":"https:\/\/www.art-natur.ch\/fr\/wp-json\/wp\/v2\/media?parent=2276"}],"wp:term":[{"taxonomy":"product_cat","embeddable":true,"href":"https:\/\/www.art-natur.ch\/fr\/wp-json\/wp\/v2\/product_cat?post=2276"},{"taxonomy":"product_tag","embeddable":true,"href":"https:\/\/www.art-natur.ch\/fr\/wp-json\/wp\/v2\/product_tag?post=2276"}],"curies":[{"name":"wp","href":"https:\/\/api.w.org\/{rel}","templated":true}]}}