{"id":2293,"date":"2024-09-26T20:09:31","date_gmt":"2024-09-26T18:09:31","guid":{"rendered":"https:\/\/www.art-natur.ch\/product\/nettoyant-pour-le-visage-inlei-mousse-aloe\/"},"modified":"2025-01-20T21:35:42","modified_gmt":"2025-01-20T20:35:42","slug":"nettoyant-pour-le-visage-inlei-mousse-aloe","status":"publish","type":"product","link":"https:\/\/www.art-natur.ch\/fr\/produit\/nettoyant-pour-le-visage-inlei-mousse-aloe\/","title":{"rendered":"Nettoyant pour le visage InLei MOUSSE ALOE"},"content":{"rendered":"<p>Le doux In Lei\u00ae MOUSSE ALOE est parfait pour nettoyer les peaux sensibles. Il \u00e9limine le maquillage, la salet\u00e9 et l&rsquo;exc\u00e8s de s\u00e9bum de la peau entre les cils de mani\u00e8re particuli\u00e8rement douce mais compl\u00e8te. La formule innovante \u00e0 l&rsquo;alo\u00e8s avec effet anti-inflammatoire r\u00e9tablit l&rsquo;\u00e9quilibre des peaux sensibles. Les acides amin\u00e9s, les vitamines, les min\u00e9raux et les enzymes favorisent la r\u00e9g\u00e9n\u00e9ration naturelle &#8211; un v\u00e9ritable cocktail de bien-\u00eatre pour la peau, les cils et les sourcils. Gr\u00e2ce \u00e0 sa formule sans huile, la mousse nettoyante peut \u00e9galement \u00eatre utilis\u00e9e pour les extensions de cils. Convient pour pr\u00e9parer le traitement In Lei\u00ae LASH FILLER et pour le nettoyage quotidien.<\/p>\n<p>100% Made in Italy<br \/>\nAlo\u00e8s \u00e0 l&rsquo;effet tr\u00e8s hydratant, nourrissant et protecteur<br \/>\nSans huile &#8211; id\u00e9al pour les extensions de cils<br \/>\nA offrir directement \u00e0 vos clients<br \/>\nContenu : 100 ml<\/p>\n","protected":false},"excerpt":{"rendered":"<p>Le doux In Lei\u00ae MOUSSE ALOE est parfait pour nettoyer les peaux sensibles. Il \u00e9limine le maquillage, la salet\u00e9 et l&rsquo;exc\u00e8s de s\u00e9bum de la peau entre les cils de mani\u00e8re particuli\u00e8rement douce mais compl\u00e8te. La formule innovante \u00e0 l&rsquo;alo\u00e8s avec effet anti-inflammatoire r\u00e9tablit l&rsquo;\u00e9quilibre des peaux sensibles. Les acides amin\u00e9s, les vitamines, les min\u00e9raux [&hellip;]<\/p>\n","protected":false},"featured_media":7421,"template":"","meta":{"_acf_changed":false,"inline_featured_image":false},"product_cat":[193,203],"product_tag":[],"class_list":{"0":"post-2293","1":"product","2":"type-product","3":"status-publish","4":"has-post-thumbnail","6":"product_brand-in-lei","7":"product_cat-produits-connexes","8":"product_cat-materiel-dhygiene","10":"first","11":"instock","12":"shipping-taxable","13":"purchasable","14":"product-type-simple"},"acf":[],"yoast_head":"<!-- This site is optimized with the Yoast SEO plugin v26.6 - https:\/\/yoast.com\/wordpress\/plugins\/seo\/ -->\n<title>Nettoyant pour le visage InLei MOUSSE ALOE - LASHES&amp;BROWS by Nataliya Reinhard<\/title>\n<meta name=\"description\" content=\"Le doux In Lei\u00ae MOUSSE ALOE nettoie d\u00e9licatement la peau sensible et les cils, \u00e9limine le maquillage et nourrit avec de l&#039;aloe vera anti-inflammatoire.\" \/>\n<meta name=\"robots\" content=\"index, follow, max-snippet:-1, max-image-preview:large, max-video-preview:-1\" \/>\n<link rel=\"canonical\" href=\"https:\/\/www.art-natur.ch\/fr\/produit\/nettoyant-pour-le-visage-inlei-mousse-aloe\/\" \/>\n<meta property=\"og:locale\" content=\"fr_FR\" \/>\n<meta property=\"og:type\" content=\"article\" \/>\n<meta property=\"og:title\" content=\"Nettoyant pour le visage InLei MOUSSE ALOE - LASHES&amp;BROWS by Nataliya Reinhard\" \/>\n<meta property=\"og:description\" content=\"Le doux In Lei\u00ae MOUSSE ALOE nettoie d\u00e9licatement la peau sensible et les cils, \u00e9limine le maquillage et nourrit avec de l&#039;aloe vera anti-inflammatoire.\" \/>\n<meta property=\"og:url\" content=\"https:\/\/www.art-natur.ch\/fr\/produit\/nettoyant-pour-le-visage-inlei-mousse-aloe\/\" \/>\n<meta property=\"og:site_name\" content=\"LASHES&amp;BROWS by Nataliya Reinhard\" \/>\n<meta property=\"article:modified_time\" content=\"2025-01-20T20:35:42+00:00\" \/>\n<meta property=\"og:image\" content=\"https:\/\/www.art-natur.ch\/wp-content\/uploads\/2024\/09\/2513175485-Photoroom.png\" \/>\n\t<meta property=\"og:image:width\" content=\"720\" \/>\n\t<meta property=\"og:image:height\" content=\"720\" \/>\n\t<meta property=\"og:image:type\" content=\"image\/png\" \/>\n<meta name=\"twitter:card\" content=\"summary_large_image\" \/>\n<meta name=\"twitter:label1\" content=\"Dur\u00e9e de lecture estim\u00e9e\" \/>\n\t<meta name=\"twitter:data1\" content=\"1 minute\" \/>\n<script type=\"application\/ld+json\" class=\"yoast-schema-graph\">{\"@context\":\"https:\/\/schema.org\",\"@graph\":[{\"@type\":\"WebPage\",\"@id\":\"https:\/\/www.art-natur.ch\/fr\/produit\/nettoyant-pour-le-visage-inlei-mousse-aloe\/\",\"url\":\"https:\/\/www.art-natur.ch\/fr\/produit\/nettoyant-pour-le-visage-inlei-mousse-aloe\/\",\"name\":\"Nettoyant pour le visage InLei MOUSSE ALOE - LASHES&amp;BROWS by Nataliya Reinhard\",\"isPartOf\":{\"@id\":\"https:\/\/www.art-natur.ch\/fr\/#website\"},\"primaryImageOfPage\":{\"@id\":\"https:\/\/www.art-natur.ch\/fr\/produit\/nettoyant-pour-le-visage-inlei-mousse-aloe\/#primaryimage\"},\"image\":{\"@id\":\"https:\/\/www.art-natur.ch\/fr\/produit\/nettoyant-pour-le-visage-inlei-mousse-aloe\/#primaryimage\"},\"thumbnailUrl\":\"https:\/\/www.art-natur.ch\/wp-content\/uploads\/2024\/09\/2513175485-Photoroom.png\",\"datePublished\":\"2024-09-26T18:09:31+00:00\",\"dateModified\":\"2025-01-20T20:35:42+00:00\",\"description\":\"Le doux In Lei\u00ae MOUSSE ALOE nettoie d\u00e9licatement la peau sensible et les cils, \u00e9limine le maquillage et nourrit avec de l'aloe vera anti-inflammatoire.\",\"breadcrumb\":{\"@id\":\"https:\/\/www.art-natur.ch\/fr\/produit\/nettoyant-pour-le-visage-inlei-mousse-aloe\/#breadcrumb\"},\"inLanguage\":\"fr-FR\",\"potentialAction\":[{\"@type\":\"ReadAction\",\"target\":[\"https:\/\/www.art-natur.ch\/fr\/produit\/nettoyant-pour-le-visage-inlei-mousse-aloe\/\"]}]},{\"@type\":\"ImageObject\",\"inLanguage\":\"fr-FR\",\"@id\":\"https:\/\/www.art-natur.ch\/fr\/produit\/nettoyant-pour-le-visage-inlei-mousse-aloe\/#primaryimage\",\"url\":\"https:\/\/www.art-natur.ch\/wp-content\/uploads\/2024\/09\/2513175485-Photoroom.png\",\"contentUrl\":\"https:\/\/www.art-natur.ch\/wp-content\/uploads\/2024\/09\/2513175485-Photoroom.png\",\"width\":720,\"height\":720},{\"@type\":\"BreadcrumbList\",\"@id\":\"https:\/\/www.art-natur.ch\/fr\/produit\/nettoyant-pour-le-visage-inlei-mousse-aloe\/#breadcrumb\",\"itemListElement\":[{\"@type\":\"ListItem\",\"position\":1,\"name\":\"Home\",\"item\":\"https:\/\/www.art-natur.ch\/fr\/\"},{\"@type\":\"ListItem\",\"position\":2,\"name\":\"Boutique\",\"item\":\"https:\/\/www.art-natur.ch\/shop\/\"},{\"@type\":\"ListItem\",\"position\":3,\"name\":\"Nettoyant pour le visage InLei MOUSSE ALOE\"}]},{\"@type\":\"WebSite\",\"@id\":\"https:\/\/www.art-natur.ch\/fr\/#website\",\"url\":\"https:\/\/www.art-natur.ch\/fr\/\",\"name\":\"LASHES&amp;BROWS by Nataliya Reinhard\",\"description\":\"High-quality lash and brow services with attention to every detail\",\"potentialAction\":[{\"@type\":\"SearchAction\",\"target\":{\"@type\":\"EntryPoint\",\"urlTemplate\":\"https:\/\/www.art-natur.ch\/fr\/?s={search_term_string}\"},\"query-input\":{\"@type\":\"PropertyValueSpecification\",\"valueRequired\":true,\"valueName\":\"search_term_string\"}}],\"inLanguage\":\"fr-FR\"}]}<\/script>\n<!-- \/ Yoast SEO plugin. -->","yoast_head_json":{"title":"Nettoyant pour le visage InLei MOUSSE ALOE - LASHES&amp;BROWS by Nataliya Reinhard","description":"Le doux In Lei\u00ae MOUSSE ALOE nettoie d\u00e9licatement la peau sensible et les cils, \u00e9limine le maquillage et nourrit avec de l'aloe vera anti-inflammatoire.","robots":{"index":"index","follow":"follow","max-snippet":"max-snippet:-1","max-image-preview":"max-image-preview:large","max-video-preview":"max-video-preview:-1"},"canonical":"https:\/\/www.art-natur.ch\/fr\/produit\/nettoyant-pour-le-visage-inlei-mousse-aloe\/","og_locale":"fr_FR","og_type":"article","og_title":"Nettoyant pour le visage InLei MOUSSE ALOE - LASHES&amp;BROWS by Nataliya Reinhard","og_description":"Le doux In Lei\u00ae MOUSSE ALOE nettoie d\u00e9licatement la peau sensible et les cils, \u00e9limine le maquillage et nourrit avec de l'aloe vera anti-inflammatoire.","og_url":"https:\/\/www.art-natur.ch\/fr\/produit\/nettoyant-pour-le-visage-inlei-mousse-aloe\/","og_site_name":"LASHES&amp;BROWS by Nataliya Reinhard","article_modified_time":"2025-01-20T20:35:42+00:00","og_image":[{"width":720,"height":720,"url":"https:\/\/www.art-natur.ch\/wp-content\/uploads\/2024\/09\/2513175485-Photoroom.png","type":"image\/png"}],"twitter_card":"summary_large_image","twitter_misc":{"Dur\u00e9e de lecture estim\u00e9e":"1 minute"},"schema":{"@context":"https:\/\/schema.org","@graph":[{"@type":"WebPage","@id":"https:\/\/www.art-natur.ch\/fr\/produit\/nettoyant-pour-le-visage-inlei-mousse-aloe\/","url":"https:\/\/www.art-natur.ch\/fr\/produit\/nettoyant-pour-le-visage-inlei-mousse-aloe\/","name":"Nettoyant pour le visage InLei MOUSSE ALOE - LASHES&amp;BROWS by Nataliya Reinhard","isPartOf":{"@id":"https:\/\/www.art-natur.ch\/fr\/#website"},"primaryImageOfPage":{"@id":"https:\/\/www.art-natur.ch\/fr\/produit\/nettoyant-pour-le-visage-inlei-mousse-aloe\/#primaryimage"},"image":{"@id":"https:\/\/www.art-natur.ch\/fr\/produit\/nettoyant-pour-le-visage-inlei-mousse-aloe\/#primaryimage"},"thumbnailUrl":"https:\/\/www.art-natur.ch\/wp-content\/uploads\/2024\/09\/2513175485-Photoroom.png","datePublished":"2024-09-26T18:09:31+00:00","dateModified":"2025-01-20T20:35:42+00:00","description":"Le doux In Lei\u00ae MOUSSE ALOE nettoie d\u00e9licatement la peau sensible et les cils, \u00e9limine le maquillage et nourrit avec de l'aloe vera anti-inflammatoire.","breadcrumb":{"@id":"https:\/\/www.art-natur.ch\/fr\/produit\/nettoyant-pour-le-visage-inlei-mousse-aloe\/#breadcrumb"},"inLanguage":"fr-FR","potentialAction":[{"@type":"ReadAction","target":["https:\/\/www.art-natur.ch\/fr\/produit\/nettoyant-pour-le-visage-inlei-mousse-aloe\/"]}]},{"@type":"ImageObject","inLanguage":"fr-FR","@id":"https:\/\/www.art-natur.ch\/fr\/produit\/nettoyant-pour-le-visage-inlei-mousse-aloe\/#primaryimage","url":"https:\/\/www.art-natur.ch\/wp-content\/uploads\/2024\/09\/2513175485-Photoroom.png","contentUrl":"https:\/\/www.art-natur.ch\/wp-content\/uploads\/2024\/09\/2513175485-Photoroom.png","width":720,"height":720},{"@type":"BreadcrumbList","@id":"https:\/\/www.art-natur.ch\/fr\/produit\/nettoyant-pour-le-visage-inlei-mousse-aloe\/#breadcrumb","itemListElement":[{"@type":"ListItem","position":1,"name":"Home","item":"https:\/\/www.art-natur.ch\/fr\/"},{"@type":"ListItem","position":2,"name":"Boutique","item":"https:\/\/www.art-natur.ch\/shop\/"},{"@type":"ListItem","position":3,"name":"Nettoyant pour le visage InLei MOUSSE ALOE"}]},{"@type":"WebSite","@id":"https:\/\/www.art-natur.ch\/fr\/#website","url":"https:\/\/www.art-natur.ch\/fr\/","name":"LASHES&amp;BROWS by Nataliya Reinhard","description":"High-quality lash and brow services with attention to every detail","potentialAction":[{"@type":"SearchAction","target":{"@type":"EntryPoint","urlTemplate":"https:\/\/www.art-natur.ch\/fr\/?s={search_term_string}"},"query-input":{"@type":"PropertyValueSpecification","valueRequired":true,"valueName":"search_term_string"}}],"inLanguage":"fr-FR"}]}},"_links":{"self":[{"href":"https:\/\/www.art-natur.ch\/fr\/wp-json\/wp\/v2\/product\/2293","targetHints":{"allow":["GET"]}}],"collection":[{"href":"https:\/\/www.art-natur.ch\/fr\/wp-json\/wp\/v2\/product"}],"about":[{"href":"https:\/\/www.art-natur.ch\/fr\/wp-json\/wp\/v2\/types\/product"}],"wp:featuredmedia":[{"embeddable":true,"href":"https:\/\/www.art-natur.ch\/fr\/wp-json\/wp\/v2\/media\/7421"}],"wp:attachment":[{"href":"https:\/\/www.art-natur.ch\/fr\/wp-json\/wp\/v2\/media?parent=2293"}],"wp:term":[{"taxonomy":"product_cat","embeddable":true,"href":"https:\/\/www.art-natur.ch\/fr\/wp-json\/wp\/v2\/product_cat?post=2293"},{"taxonomy":"product_tag","embeddable":true,"href":"https:\/\/www.art-natur.ch\/fr\/wp-json\/wp\/v2\/product_tag?post=2293"}],"curies":[{"name":"wp","href":"https:\/\/api.w.org\/{rel}","templated":true}]}}