{"id":2304,"date":"2024-09-26T20:14:44","date_gmt":"2024-09-26T18:14:44","guid":{"rendered":"https:\/\/www.art-natur.ch\/product\/nettoyant-pour-le-visage-inlei-mousse-avena\/"},"modified":"2025-01-20T21:30:13","modified_gmt":"2025-01-20T20:30:13","slug":"nettoyant-pour-le-visage-inlei-mousse-avena","status":"publish","type":"product","link":"https:\/\/www.art-natur.ch\/fr\/produit\/nettoyant-pour-le-visage-inlei-mousse-avena\/","title":{"rendered":"Nettoyant pour le visage InLei MOUSSE AVENA"},"content":{"rendered":"<p>InLei\u00ae MOUSSE AVENA pour tous les types de peau nettoie le visage et \u00e9limine en douceur toutes les impuret\u00e9s du contour des yeux et des sourcils. En m\u00eame temps, le principe actif issu de l&rsquo;avoine naturelle renforce les vaisseaux capillaires, rend les cheveux plus soyeux et plus doux et nourrit la peau sans l&rsquo;irriter. Les signes de vieillissement sont r\u00e9duits, le tissu \u00e9pith\u00e9lial est renforc\u00e9 et chaque poil des cils et des sourcils est fortifi\u00e9. Gr\u00e2ce \u00e0 sa formule sans huile, la mousse nettoyante peut \u00e9galement \u00eatre utilis\u00e9e pour les extensions de cils. Convient pour pr\u00e9parer le traitement In Lei\u00ae LASH FILLER et pour le nettoyage quotidien.<\/p>\n<p>Contenu : 100 ml<\/p>\n","protected":false},"excerpt":{"rendered":"<p>InLei\u00ae MOUSSE AVENA pour tous les types de peau nettoie le visage et \u00e9limine en douceur toutes les impuret\u00e9s du contour des yeux et des sourcils. En m\u00eame temps, le principe actif issu de l&rsquo;avoine naturelle renforce les vaisseaux capillaires, rend les cheveux plus soyeux et plus doux et nourrit la peau sans l&rsquo;irriter. Les [&hellip;]<\/p>\n","protected":false},"featured_media":7413,"template":"","meta":{"_acf_changed":false,"inline_featured_image":false},"product_cat":[116,193,203],"product_tag":[],"class_list":{"0":"post-2304","1":"product","2":"type-product","3":"status-publish","4":"has-post-thumbnail","6":"product_brand-in-lei","7":"product_cat-extension-de-cils","8":"product_cat-produits-connexes","9":"product_cat-materiel-dhygiene","11":"first","12":"instock","13":"shipping-taxable","14":"purchasable","15":"product-type-simple"},"acf":[],"yoast_head":"<!-- This site is optimized with the Yoast SEO plugin v26.6 - https:\/\/yoast.com\/wordpress\/plugins\/seo\/ -->\n<title>Nettoyant pour le visage InLei MOUSSE AVENA - LASHES&amp;BROWS by Nataliya Reinhard<\/title>\n<meta name=\"description\" content=\"InLei\u00ae MOUSSE AVENA nettoie d\u00e9licatement le visage et le contour des yeux, renforce les cils, les sourcils et nourrit la peau sans provoquer d&#039;irritations.\" \/>\n<meta name=\"robots\" content=\"index, follow, max-snippet:-1, max-image-preview:large, max-video-preview:-1\" \/>\n<link rel=\"canonical\" href=\"https:\/\/www.art-natur.ch\/fr\/produit\/nettoyant-pour-le-visage-inlei-mousse-avena\/\" \/>\n<meta property=\"og:locale\" content=\"fr_FR\" \/>\n<meta property=\"og:type\" content=\"article\" \/>\n<meta property=\"og:title\" content=\"Nettoyant pour le visage InLei MOUSSE AVENA - LASHES&amp;BROWS by Nataliya Reinhard\" \/>\n<meta property=\"og:description\" content=\"InLei\u00ae MOUSSE AVENA nettoie d\u00e9licatement le visage et le contour des yeux, renforce les cils, les sourcils et nourrit la peau sans provoquer d&#039;irritations.\" \/>\n<meta property=\"og:url\" content=\"https:\/\/www.art-natur.ch\/fr\/produit\/nettoyant-pour-le-visage-inlei-mousse-avena\/\" \/>\n<meta property=\"og:site_name\" content=\"LASHES&amp;BROWS by Nataliya Reinhard\" \/>\n<meta property=\"article:modified_time\" content=\"2025-01-20T20:30:13+00:00\" \/>\n<meta property=\"og:image\" content=\"https:\/\/www.art-natur.ch\/wp-content\/uploads\/2024\/09\/2513221362-Photoroom.png\" \/>\n\t<meta property=\"og:image:width\" content=\"720\" \/>\n\t<meta property=\"og:image:height\" content=\"720\" \/>\n\t<meta property=\"og:image:type\" content=\"image\/png\" \/>\n<meta name=\"twitter:card\" content=\"summary_large_image\" \/>\n<meta name=\"twitter:label1\" content=\"Dur\u00e9e de lecture estim\u00e9e\" \/>\n\t<meta name=\"twitter:data1\" content=\"1 minute\" \/>\n<script type=\"application\/ld+json\" class=\"yoast-schema-graph\">{\"@context\":\"https:\/\/schema.org\",\"@graph\":[{\"@type\":\"WebPage\",\"@id\":\"https:\/\/www.art-natur.ch\/fr\/produit\/nettoyant-pour-le-visage-inlei-mousse-avena\/\",\"url\":\"https:\/\/www.art-natur.ch\/fr\/produit\/nettoyant-pour-le-visage-inlei-mousse-avena\/\",\"name\":\"Nettoyant pour le visage InLei MOUSSE AVENA - LASHES&amp;BROWS by Nataliya Reinhard\",\"isPartOf\":{\"@id\":\"https:\/\/www.art-natur.ch\/fr\/#website\"},\"primaryImageOfPage\":{\"@id\":\"https:\/\/www.art-natur.ch\/fr\/produit\/nettoyant-pour-le-visage-inlei-mousse-avena\/#primaryimage\"},\"image\":{\"@id\":\"https:\/\/www.art-natur.ch\/fr\/produit\/nettoyant-pour-le-visage-inlei-mousse-avena\/#primaryimage\"},\"thumbnailUrl\":\"https:\/\/www.art-natur.ch\/wp-content\/uploads\/2024\/09\/2513221362-Photoroom.png\",\"datePublished\":\"2024-09-26T18:14:44+00:00\",\"dateModified\":\"2025-01-20T20:30:13+00:00\",\"description\":\"InLei\u00ae MOUSSE AVENA nettoie d\u00e9licatement le visage et le contour des yeux, renforce les cils, les sourcils et nourrit la peau sans provoquer d'irritations.\",\"breadcrumb\":{\"@id\":\"https:\/\/www.art-natur.ch\/fr\/produit\/nettoyant-pour-le-visage-inlei-mousse-avena\/#breadcrumb\"},\"inLanguage\":\"fr-FR\",\"potentialAction\":[{\"@type\":\"ReadAction\",\"target\":[\"https:\/\/www.art-natur.ch\/fr\/produit\/nettoyant-pour-le-visage-inlei-mousse-avena\/\"]}]},{\"@type\":\"ImageObject\",\"inLanguage\":\"fr-FR\",\"@id\":\"https:\/\/www.art-natur.ch\/fr\/produit\/nettoyant-pour-le-visage-inlei-mousse-avena\/#primaryimage\",\"url\":\"https:\/\/www.art-natur.ch\/wp-content\/uploads\/2024\/09\/2513221362-Photoroom.png\",\"contentUrl\":\"https:\/\/www.art-natur.ch\/wp-content\/uploads\/2024\/09\/2513221362-Photoroom.png\",\"width\":720,\"height\":720},{\"@type\":\"BreadcrumbList\",\"@id\":\"https:\/\/www.art-natur.ch\/fr\/produit\/nettoyant-pour-le-visage-inlei-mousse-avena\/#breadcrumb\",\"itemListElement\":[{\"@type\":\"ListItem\",\"position\":1,\"name\":\"Home\",\"item\":\"https:\/\/www.art-natur.ch\/fr\/\"},{\"@type\":\"ListItem\",\"position\":2,\"name\":\"Boutique\",\"item\":\"https:\/\/www.art-natur.ch\/shop\/\"},{\"@type\":\"ListItem\",\"position\":3,\"name\":\"Nettoyant pour le visage InLei MOUSSE AVENA\"}]},{\"@type\":\"WebSite\",\"@id\":\"https:\/\/www.art-natur.ch\/fr\/#website\",\"url\":\"https:\/\/www.art-natur.ch\/fr\/\",\"name\":\"LASHES&amp;BROWS by Nataliya Reinhard\",\"description\":\"High-quality lash and brow services with attention to every detail\",\"potentialAction\":[{\"@type\":\"SearchAction\",\"target\":{\"@type\":\"EntryPoint\",\"urlTemplate\":\"https:\/\/www.art-natur.ch\/fr\/?s={search_term_string}\"},\"query-input\":{\"@type\":\"PropertyValueSpecification\",\"valueRequired\":true,\"valueName\":\"search_term_string\"}}],\"inLanguage\":\"fr-FR\"}]}<\/script>\n<!-- \/ Yoast SEO plugin. -->","yoast_head_json":{"title":"Nettoyant pour le visage InLei MOUSSE AVENA - LASHES&amp;BROWS by Nataliya Reinhard","description":"InLei\u00ae MOUSSE AVENA nettoie d\u00e9licatement le visage et le contour des yeux, renforce les cils, les sourcils et nourrit la peau sans provoquer d'irritations.","robots":{"index":"index","follow":"follow","max-snippet":"max-snippet:-1","max-image-preview":"max-image-preview:large","max-video-preview":"max-video-preview:-1"},"canonical":"https:\/\/www.art-natur.ch\/fr\/produit\/nettoyant-pour-le-visage-inlei-mousse-avena\/","og_locale":"fr_FR","og_type":"article","og_title":"Nettoyant pour le visage InLei MOUSSE AVENA - LASHES&amp;BROWS by Nataliya Reinhard","og_description":"InLei\u00ae MOUSSE AVENA nettoie d\u00e9licatement le visage et le contour des yeux, renforce les cils, les sourcils et nourrit la peau sans provoquer d'irritations.","og_url":"https:\/\/www.art-natur.ch\/fr\/produit\/nettoyant-pour-le-visage-inlei-mousse-avena\/","og_site_name":"LASHES&amp;BROWS by Nataliya Reinhard","article_modified_time":"2025-01-20T20:30:13+00:00","og_image":[{"width":720,"height":720,"url":"https:\/\/www.art-natur.ch\/wp-content\/uploads\/2024\/09\/2513221362-Photoroom.png","type":"image\/png"}],"twitter_card":"summary_large_image","twitter_misc":{"Dur\u00e9e de lecture estim\u00e9e":"1 minute"},"schema":{"@context":"https:\/\/schema.org","@graph":[{"@type":"WebPage","@id":"https:\/\/www.art-natur.ch\/fr\/produit\/nettoyant-pour-le-visage-inlei-mousse-avena\/","url":"https:\/\/www.art-natur.ch\/fr\/produit\/nettoyant-pour-le-visage-inlei-mousse-avena\/","name":"Nettoyant pour le visage InLei MOUSSE AVENA - LASHES&amp;BROWS by Nataliya Reinhard","isPartOf":{"@id":"https:\/\/www.art-natur.ch\/fr\/#website"},"primaryImageOfPage":{"@id":"https:\/\/www.art-natur.ch\/fr\/produit\/nettoyant-pour-le-visage-inlei-mousse-avena\/#primaryimage"},"image":{"@id":"https:\/\/www.art-natur.ch\/fr\/produit\/nettoyant-pour-le-visage-inlei-mousse-avena\/#primaryimage"},"thumbnailUrl":"https:\/\/www.art-natur.ch\/wp-content\/uploads\/2024\/09\/2513221362-Photoroom.png","datePublished":"2024-09-26T18:14:44+00:00","dateModified":"2025-01-20T20:30:13+00:00","description":"InLei\u00ae MOUSSE AVENA nettoie d\u00e9licatement le visage et le contour des yeux, renforce les cils, les sourcils et nourrit la peau sans provoquer d'irritations.","breadcrumb":{"@id":"https:\/\/www.art-natur.ch\/fr\/produit\/nettoyant-pour-le-visage-inlei-mousse-avena\/#breadcrumb"},"inLanguage":"fr-FR","potentialAction":[{"@type":"ReadAction","target":["https:\/\/www.art-natur.ch\/fr\/produit\/nettoyant-pour-le-visage-inlei-mousse-avena\/"]}]},{"@type":"ImageObject","inLanguage":"fr-FR","@id":"https:\/\/www.art-natur.ch\/fr\/produit\/nettoyant-pour-le-visage-inlei-mousse-avena\/#primaryimage","url":"https:\/\/www.art-natur.ch\/wp-content\/uploads\/2024\/09\/2513221362-Photoroom.png","contentUrl":"https:\/\/www.art-natur.ch\/wp-content\/uploads\/2024\/09\/2513221362-Photoroom.png","width":720,"height":720},{"@type":"BreadcrumbList","@id":"https:\/\/www.art-natur.ch\/fr\/produit\/nettoyant-pour-le-visage-inlei-mousse-avena\/#breadcrumb","itemListElement":[{"@type":"ListItem","position":1,"name":"Home","item":"https:\/\/www.art-natur.ch\/fr\/"},{"@type":"ListItem","position":2,"name":"Boutique","item":"https:\/\/www.art-natur.ch\/shop\/"},{"@type":"ListItem","position":3,"name":"Nettoyant pour le visage InLei MOUSSE AVENA"}]},{"@type":"WebSite","@id":"https:\/\/www.art-natur.ch\/fr\/#website","url":"https:\/\/www.art-natur.ch\/fr\/","name":"LASHES&amp;BROWS by Nataliya Reinhard","description":"High-quality lash and brow services with attention to every detail","potentialAction":[{"@type":"SearchAction","target":{"@type":"EntryPoint","urlTemplate":"https:\/\/www.art-natur.ch\/fr\/?s={search_term_string}"},"query-input":{"@type":"PropertyValueSpecification","valueRequired":true,"valueName":"search_term_string"}}],"inLanguage":"fr-FR"}]}},"_links":{"self":[{"href":"https:\/\/www.art-natur.ch\/fr\/wp-json\/wp\/v2\/product\/2304","targetHints":{"allow":["GET"]}}],"collection":[{"href":"https:\/\/www.art-natur.ch\/fr\/wp-json\/wp\/v2\/product"}],"about":[{"href":"https:\/\/www.art-natur.ch\/fr\/wp-json\/wp\/v2\/types\/product"}],"wp:featuredmedia":[{"embeddable":true,"href":"https:\/\/www.art-natur.ch\/fr\/wp-json\/wp\/v2\/media\/7413"}],"wp:attachment":[{"href":"https:\/\/www.art-natur.ch\/fr\/wp-json\/wp\/v2\/media?parent=2304"}],"wp:term":[{"taxonomy":"product_cat","embeddable":true,"href":"https:\/\/www.art-natur.ch\/fr\/wp-json\/wp\/v2\/product_cat?post=2304"},{"taxonomy":"product_tag","embeddable":true,"href":"https:\/\/www.art-natur.ch\/fr\/wp-json\/wp\/v2\/product_tag?post=2304"}],"curies":[{"name":"wp","href":"https:\/\/api.w.org\/{rel}","templated":true}]}}