{"id":2311,"date":"2024-09-26T20:20:31","date_gmt":"2024-09-26T18:20:31","guid":{"rendered":"https:\/\/www.art-natur.ch\/product\/nettoyant-pour-le-visage-inlei-mousse-rose\/"},"modified":"2024-10-13T20:25:15","modified_gmt":"2024-10-13T18:25:15","slug":"nettoyant-pour-le-visage-inlei-mousse-rose","status":"publish","type":"product","link":"https:\/\/www.art-natur.ch\/fr\/produit\/nettoyant-pour-le-visage-inlei-mousse-rose\/","title":{"rendered":"Nettoyant pour le visage InLei MOUSSE ROSE"},"content":{"rendered":"<p>InLei\u00ae MOUSSE ROSE, enrichit la d\u00e9licate collection de mousses InLei.<br \/>Convient pour le nettoyage quotidien et le d\u00e9maquillage du visage et du d\u00e9collet\u00e9.<br \/>&#8211; 100% Made in Italy<br \/>&#8211; un parfum d\u00e9licat qui dure toute la journ\u00e9e<br \/>&#8211; nettoyage en profondeur sans frottement<br \/>&#8211; convient pour le nettoyage des yeux trait\u00e9s par lifting ou extension de cils (sans huile) ;<br \/>&#8211; renforce et nettoie la peau<br \/>&#8211; agent nettoyant suppl\u00e9mentaire ;<br \/>&#8211; donne de l&rsquo;\u00e9lasticit\u00e9 ; &#8211; combat le vieillissement de la peau ;<br \/>&#8211; Convient \u00e0 tous les types de peau<\/p>\n<p>100% Made in Italy<br \/>Alo\u00e8s \u00e0 l&rsquo;effet tr\u00e8s hydratant, nourrissant et protecteur<br \/>Sans huile &#8211; id\u00e9al pour les extensions de cils<br \/>A offrir directement \u00e0 vos clients<br \/>Contenu : 100 ml<\/p>\n","protected":false},"excerpt":{"rendered":"<p><br data-mce-bogus=\"1\"><\/p>\n","protected":false},"featured_media":7409,"template":"","meta":{"_acf_changed":false,"inline_featured_image":false},"product_cat":[116,193,203],"product_tag":[],"class_list":{"0":"post-2311","1":"product","2":"type-product","3":"status-publish","4":"has-post-thumbnail","6":"product_brand-in-lei","7":"product_cat-extension-de-cils","8":"product_cat-produits-connexes","9":"product_cat-materiel-dhygiene","11":"first","12":"instock","13":"shipping-taxable","14":"purchasable","15":"product-type-simple"},"acf":[],"yoast_head":"<!-- This site is optimized with the Yoast SEO plugin v26.6 - https:\/\/yoast.com\/wordpress\/plugins\/seo\/ -->\n<title>Nettoyant pour le visage InLei MOUSSE ROSE - LASHES&amp;BROWS by Nataliya Reinhard<\/title>\n<meta name=\"description\" content=\"InLei\u00ae MOUSSE ROSE enrichit la collection de mousses InLei. Id\u00e9ale pour le d\u00e9maquillage quotidien du visage et du d\u00e9collet\u00e9. 100% Made in Italy.\" \/>\n<meta name=\"robots\" content=\"index, follow, max-snippet:-1, max-image-preview:large, max-video-preview:-1\" \/>\n<link rel=\"canonical\" href=\"https:\/\/www.art-natur.ch\/fr\/produit\/nettoyant-pour-le-visage-inlei-mousse-rose\/\" \/>\n<meta property=\"og:locale\" content=\"fr_FR\" \/>\n<meta property=\"og:type\" content=\"article\" \/>\n<meta property=\"og:title\" content=\"Nettoyant pour le visage InLei MOUSSE ROSE - LASHES&amp;BROWS by Nataliya Reinhard\" \/>\n<meta property=\"og:description\" content=\"InLei\u00ae MOUSSE ROSE enrichit la collection de mousses InLei. Id\u00e9ale pour le d\u00e9maquillage quotidien du visage et du d\u00e9collet\u00e9. 100% Made in Italy.\" \/>\n<meta property=\"og:url\" content=\"https:\/\/www.art-natur.ch\/fr\/produit\/nettoyant-pour-le-visage-inlei-mousse-rose\/\" \/>\n<meta property=\"og:site_name\" content=\"LASHES&amp;BROWS by Nataliya Reinhard\" \/>\n<meta property=\"article:modified_time\" content=\"2024-10-13T18:25:15+00:00\" \/>\n<meta property=\"og:image\" content=\"https:\/\/www.art-natur.ch\/wp-content\/uploads\/2024\/09\/2513178342-Photoroom.png\" \/>\n\t<meta property=\"og:image:width\" content=\"720\" \/>\n\t<meta property=\"og:image:height\" content=\"720\" \/>\n\t<meta property=\"og:image:type\" content=\"image\/png\" \/>\n<meta name=\"twitter:card\" content=\"summary_large_image\" \/>\n<meta name=\"twitter:label1\" content=\"Dur\u00e9e de lecture estim\u00e9e\" \/>\n\t<meta name=\"twitter:data1\" content=\"1 minute\" \/>\n<script type=\"application\/ld+json\" class=\"yoast-schema-graph\">{\"@context\":\"https:\/\/schema.org\",\"@graph\":[{\"@type\":\"WebPage\",\"@id\":\"https:\/\/www.art-natur.ch\/fr\/produit\/nettoyant-pour-le-visage-inlei-mousse-rose\/\",\"url\":\"https:\/\/www.art-natur.ch\/fr\/produit\/nettoyant-pour-le-visage-inlei-mousse-rose\/\",\"name\":\"Nettoyant pour le visage InLei MOUSSE ROSE - LASHES&amp;BROWS by Nataliya Reinhard\",\"isPartOf\":{\"@id\":\"https:\/\/www.art-natur.ch\/fr\/#website\"},\"primaryImageOfPage\":{\"@id\":\"https:\/\/www.art-natur.ch\/fr\/produit\/nettoyant-pour-le-visage-inlei-mousse-rose\/#primaryimage\"},\"image\":{\"@id\":\"https:\/\/www.art-natur.ch\/fr\/produit\/nettoyant-pour-le-visage-inlei-mousse-rose\/#primaryimage\"},\"thumbnailUrl\":\"https:\/\/www.art-natur.ch\/wp-content\/uploads\/2024\/09\/2513178342-Photoroom.png\",\"datePublished\":\"2024-09-26T18:20:31+00:00\",\"dateModified\":\"2024-10-13T18:25:15+00:00\",\"description\":\"InLei\u00ae MOUSSE ROSE enrichit la collection de mousses InLei. Id\u00e9ale pour le d\u00e9maquillage quotidien du visage et du d\u00e9collet\u00e9. 100% Made in Italy.\",\"breadcrumb\":{\"@id\":\"https:\/\/www.art-natur.ch\/fr\/produit\/nettoyant-pour-le-visage-inlei-mousse-rose\/#breadcrumb\"},\"inLanguage\":\"fr-FR\",\"potentialAction\":[{\"@type\":\"ReadAction\",\"target\":[\"https:\/\/www.art-natur.ch\/fr\/produit\/nettoyant-pour-le-visage-inlei-mousse-rose\/\"]}]},{\"@type\":\"ImageObject\",\"inLanguage\":\"fr-FR\",\"@id\":\"https:\/\/www.art-natur.ch\/fr\/produit\/nettoyant-pour-le-visage-inlei-mousse-rose\/#primaryimage\",\"url\":\"https:\/\/www.art-natur.ch\/wp-content\/uploads\/2024\/09\/2513178342-Photoroom.png\",\"contentUrl\":\"https:\/\/www.art-natur.ch\/wp-content\/uploads\/2024\/09\/2513178342-Photoroom.png\",\"width\":720,\"height\":720},{\"@type\":\"BreadcrumbList\",\"@id\":\"https:\/\/www.art-natur.ch\/fr\/produit\/nettoyant-pour-le-visage-inlei-mousse-rose\/#breadcrumb\",\"itemListElement\":[{\"@type\":\"ListItem\",\"position\":1,\"name\":\"Home\",\"item\":\"https:\/\/www.art-natur.ch\/fr\/\"},{\"@type\":\"ListItem\",\"position\":2,\"name\":\"Boutique\",\"item\":\"https:\/\/www.art-natur.ch\/shop\/\"},{\"@type\":\"ListItem\",\"position\":3,\"name\":\"Nettoyant pour le visage InLei MOUSSE ROSE\"}]},{\"@type\":\"WebSite\",\"@id\":\"https:\/\/www.art-natur.ch\/fr\/#website\",\"url\":\"https:\/\/www.art-natur.ch\/fr\/\",\"name\":\"LASHES&amp;BROWS by Nataliya Reinhard\",\"description\":\"High-quality lash and brow services with attention to every detail\",\"potentialAction\":[{\"@type\":\"SearchAction\",\"target\":{\"@type\":\"EntryPoint\",\"urlTemplate\":\"https:\/\/www.art-natur.ch\/fr\/?s={search_term_string}\"},\"query-input\":{\"@type\":\"PropertyValueSpecification\",\"valueRequired\":true,\"valueName\":\"search_term_string\"}}],\"inLanguage\":\"fr-FR\"}]}<\/script>\n<!-- \/ Yoast SEO plugin. -->","yoast_head_json":{"title":"Nettoyant pour le visage InLei MOUSSE ROSE - LASHES&amp;BROWS by Nataliya Reinhard","description":"InLei\u00ae MOUSSE ROSE enrichit la collection de mousses InLei. Id\u00e9ale pour le d\u00e9maquillage quotidien du visage et du d\u00e9collet\u00e9. 100% Made in Italy.","robots":{"index":"index","follow":"follow","max-snippet":"max-snippet:-1","max-image-preview":"max-image-preview:large","max-video-preview":"max-video-preview:-1"},"canonical":"https:\/\/www.art-natur.ch\/fr\/produit\/nettoyant-pour-le-visage-inlei-mousse-rose\/","og_locale":"fr_FR","og_type":"article","og_title":"Nettoyant pour le visage InLei MOUSSE ROSE - LASHES&amp;BROWS by Nataliya Reinhard","og_description":"InLei\u00ae MOUSSE ROSE enrichit la collection de mousses InLei. Id\u00e9ale pour le d\u00e9maquillage quotidien du visage et du d\u00e9collet\u00e9. 100% Made in Italy.","og_url":"https:\/\/www.art-natur.ch\/fr\/produit\/nettoyant-pour-le-visage-inlei-mousse-rose\/","og_site_name":"LASHES&amp;BROWS by Nataliya Reinhard","article_modified_time":"2024-10-13T18:25:15+00:00","og_image":[{"width":720,"height":720,"url":"https:\/\/www.art-natur.ch\/wp-content\/uploads\/2024\/09\/2513178342-Photoroom.png","type":"image\/png"}],"twitter_card":"summary_large_image","twitter_misc":{"Dur\u00e9e de lecture estim\u00e9e":"1 minute"},"schema":{"@context":"https:\/\/schema.org","@graph":[{"@type":"WebPage","@id":"https:\/\/www.art-natur.ch\/fr\/produit\/nettoyant-pour-le-visage-inlei-mousse-rose\/","url":"https:\/\/www.art-natur.ch\/fr\/produit\/nettoyant-pour-le-visage-inlei-mousse-rose\/","name":"Nettoyant pour le visage InLei MOUSSE ROSE - LASHES&amp;BROWS by Nataliya Reinhard","isPartOf":{"@id":"https:\/\/www.art-natur.ch\/fr\/#website"},"primaryImageOfPage":{"@id":"https:\/\/www.art-natur.ch\/fr\/produit\/nettoyant-pour-le-visage-inlei-mousse-rose\/#primaryimage"},"image":{"@id":"https:\/\/www.art-natur.ch\/fr\/produit\/nettoyant-pour-le-visage-inlei-mousse-rose\/#primaryimage"},"thumbnailUrl":"https:\/\/www.art-natur.ch\/wp-content\/uploads\/2024\/09\/2513178342-Photoroom.png","datePublished":"2024-09-26T18:20:31+00:00","dateModified":"2024-10-13T18:25:15+00:00","description":"InLei\u00ae MOUSSE ROSE enrichit la collection de mousses InLei. Id\u00e9ale pour le d\u00e9maquillage quotidien du visage et du d\u00e9collet\u00e9. 100% Made in Italy.","breadcrumb":{"@id":"https:\/\/www.art-natur.ch\/fr\/produit\/nettoyant-pour-le-visage-inlei-mousse-rose\/#breadcrumb"},"inLanguage":"fr-FR","potentialAction":[{"@type":"ReadAction","target":["https:\/\/www.art-natur.ch\/fr\/produit\/nettoyant-pour-le-visage-inlei-mousse-rose\/"]}]},{"@type":"ImageObject","inLanguage":"fr-FR","@id":"https:\/\/www.art-natur.ch\/fr\/produit\/nettoyant-pour-le-visage-inlei-mousse-rose\/#primaryimage","url":"https:\/\/www.art-natur.ch\/wp-content\/uploads\/2024\/09\/2513178342-Photoroom.png","contentUrl":"https:\/\/www.art-natur.ch\/wp-content\/uploads\/2024\/09\/2513178342-Photoroom.png","width":720,"height":720},{"@type":"BreadcrumbList","@id":"https:\/\/www.art-natur.ch\/fr\/produit\/nettoyant-pour-le-visage-inlei-mousse-rose\/#breadcrumb","itemListElement":[{"@type":"ListItem","position":1,"name":"Home","item":"https:\/\/www.art-natur.ch\/fr\/"},{"@type":"ListItem","position":2,"name":"Boutique","item":"https:\/\/www.art-natur.ch\/shop\/"},{"@type":"ListItem","position":3,"name":"Nettoyant pour le visage InLei MOUSSE ROSE"}]},{"@type":"WebSite","@id":"https:\/\/www.art-natur.ch\/fr\/#website","url":"https:\/\/www.art-natur.ch\/fr\/","name":"LASHES&amp;BROWS by Nataliya Reinhard","description":"High-quality lash and brow services with attention to every detail","potentialAction":[{"@type":"SearchAction","target":{"@type":"EntryPoint","urlTemplate":"https:\/\/www.art-natur.ch\/fr\/?s={search_term_string}"},"query-input":{"@type":"PropertyValueSpecification","valueRequired":true,"valueName":"search_term_string"}}],"inLanguage":"fr-FR"}]}},"_links":{"self":[{"href":"https:\/\/www.art-natur.ch\/fr\/wp-json\/wp\/v2\/product\/2311","targetHints":{"allow":["GET"]}}],"collection":[{"href":"https:\/\/www.art-natur.ch\/fr\/wp-json\/wp\/v2\/product"}],"about":[{"href":"https:\/\/www.art-natur.ch\/fr\/wp-json\/wp\/v2\/types\/product"}],"wp:featuredmedia":[{"embeddable":true,"href":"https:\/\/www.art-natur.ch\/fr\/wp-json\/wp\/v2\/media\/7409"}],"wp:attachment":[{"href":"https:\/\/www.art-natur.ch\/fr\/wp-json\/wp\/v2\/media?parent=2311"}],"wp:term":[{"taxonomy":"product_cat","embeddable":true,"href":"https:\/\/www.art-natur.ch\/fr\/wp-json\/wp\/v2\/product_cat?post=2311"},{"taxonomy":"product_tag","embeddable":true,"href":"https:\/\/www.art-natur.ch\/fr\/wp-json\/wp\/v2\/product_tag?post=2311"}],"curies":[{"name":"wp","href":"https:\/\/api.w.org\/{rel}","templated":true}]}}