{"id":2331,"date":"2024-09-26T20:30:56","date_gmt":"2024-09-26T19:30:56","guid":{"rendered":"https:\/\/www.art-natur.ch\/product\/outile-pour-netoyage-corectur-tenture\/"},"modified":"2025-01-18T21:51:29","modified_gmt":"2025-01-18T20:51:29","slug":"outile-pour-netoyage-corectur-tenture","status":"publish","type":"product","link":"https:\/\/www.art-natur.ch\/fr\/produit\/outile-pour-netoyage-corectur-tenture\/","title":{"rendered":"Outile pour netoyage, corectur tenture"},"content":{"rendered":"<p>Coton-tiges en bois avec pointe, 300 pi\u00e8ces, correcteur de d\u00e9tails, b\u00e2tonnets de nettoyage, pointe en bois, coton-tiges.<\/p>\n","protected":false},"excerpt":{"rendered":"<p>Coton-tiges en bois avec pointe, 300 pi\u00e8ces, correcteur de d\u00e9tails, b\u00e2tonnets de nettoyage, pointe en bois, coton-tiges.<\/p>\n","protected":false},"featured_media":7405,"template":"","meta":{"_acf_changed":false,"inline_featured_image":false},"product_cat":[119,125,127,143,146,193,207],"product_tag":[],"class_list":{"0":"post-2331","1":"product","2":"type-product","3":"status-publish","4":"has-post-thumbnail","6":"product_cat-coloration-et-correction-des-sourcils","7":"product_cat-outil-extension-de-cils","8":"product_cat-orrection","9":"product_cat-equipements-et-accessoires","10":"product_cat-autre","11":"product_cat-produits-connexes","12":"product_cat-consommables-fr","14":"first","15":"instock","16":"shipping-taxable","17":"purchasable","18":"product-type-simple"},"acf":[],"yoast_head":"<!-- This site is optimized with the Yoast SEO plugin v26.6 - https:\/\/yoast.com\/wordpress\/plugins\/seo\/ -->\n<title>Outile pour netoyage, corectur tenture - LASHES&amp;BROWS by Nataliya Reinhard<\/title>\n<meta name=\"description\" content=\"Cotons-tiges en bois avec pointe, 300 pi\u00e8ces, correcteur de d\u00e9tail, b\u00e2tonnets de nettoyage, pointe en bois, cotons-tiges.\" \/>\n<meta name=\"robots\" content=\"index, follow, max-snippet:-1, max-image-preview:large, max-video-preview:-1\" \/>\n<link rel=\"canonical\" href=\"https:\/\/www.art-natur.ch\/fr\/produit\/outile-pour-netoyage-corectur-tenture\/\" \/>\n<meta property=\"og:locale\" content=\"fr_FR\" \/>\n<meta property=\"og:type\" content=\"article\" \/>\n<meta property=\"og:title\" content=\"Outile pour netoyage, corectur tenture - LASHES&amp;BROWS by Nataliya Reinhard\" \/>\n<meta property=\"og:description\" content=\"Cotons-tiges en bois avec pointe, 300 pi\u00e8ces, correcteur de d\u00e9tail, b\u00e2tonnets de nettoyage, pointe en bois, cotons-tiges.\" \/>\n<meta property=\"og:url\" content=\"https:\/\/www.art-natur.ch\/fr\/produit\/outile-pour-netoyage-corectur-tenture\/\" \/>\n<meta property=\"og:site_name\" content=\"LASHES&amp;BROWS by Nataliya Reinhard\" \/>\n<meta property=\"article:modified_time\" content=\"2025-01-18T20:51:29+00:00\" \/>\n<meta property=\"og:image\" content=\"https:\/\/www.art-natur.ch\/wp-content\/uploads\/2024\/09\/3092529456-Photoroom.png\" \/>\n\t<meta property=\"og:image:width\" content=\"800\" \/>\n\t<meta property=\"og:image:height\" content=\"800\" \/>\n\t<meta property=\"og:image:type\" content=\"image\/png\" \/>\n<meta name=\"twitter:card\" content=\"summary_large_image\" \/>\n<script type=\"application\/ld+json\" class=\"yoast-schema-graph\">{\"@context\":\"https:\/\/schema.org\",\"@graph\":[{\"@type\":\"WebPage\",\"@id\":\"https:\/\/www.art-natur.ch\/fr\/produit\/outile-pour-netoyage-corectur-tenture\/\",\"url\":\"https:\/\/www.art-natur.ch\/fr\/produit\/outile-pour-netoyage-corectur-tenture\/\",\"name\":\"Outile pour netoyage, corectur tenture - LASHES&amp;BROWS by Nataliya Reinhard\",\"isPartOf\":{\"@id\":\"https:\/\/www.art-natur.ch\/fr\/#website\"},\"primaryImageOfPage\":{\"@id\":\"https:\/\/www.art-natur.ch\/fr\/produit\/outile-pour-netoyage-corectur-tenture\/#primaryimage\"},\"image\":{\"@id\":\"https:\/\/www.art-natur.ch\/fr\/produit\/outile-pour-netoyage-corectur-tenture\/#primaryimage\"},\"thumbnailUrl\":\"https:\/\/www.art-natur.ch\/wp-content\/uploads\/2024\/09\/3092529456-Photoroom.png\",\"datePublished\":\"2024-09-26T19:30:56+00:00\",\"dateModified\":\"2025-01-18T20:51:29+00:00\",\"description\":\"Cotons-tiges en bois avec pointe, 300 pi\u00e8ces, correcteur de d\u00e9tail, b\u00e2tonnets de nettoyage, pointe en bois, cotons-tiges.\",\"breadcrumb\":{\"@id\":\"https:\/\/www.art-natur.ch\/fr\/produit\/outile-pour-netoyage-corectur-tenture\/#breadcrumb\"},\"inLanguage\":\"fr-FR\",\"potentialAction\":[{\"@type\":\"ReadAction\",\"target\":[\"https:\/\/www.art-natur.ch\/fr\/produit\/outile-pour-netoyage-corectur-tenture\/\"]}]},{\"@type\":\"ImageObject\",\"inLanguage\":\"fr-FR\",\"@id\":\"https:\/\/www.art-natur.ch\/fr\/produit\/outile-pour-netoyage-corectur-tenture\/#primaryimage\",\"url\":\"https:\/\/www.art-natur.ch\/wp-content\/uploads\/2024\/09\/3092529456-Photoroom.png\",\"contentUrl\":\"https:\/\/www.art-natur.ch\/wp-content\/uploads\/2024\/09\/3092529456-Photoroom.png\",\"width\":800,\"height\":800},{\"@type\":\"BreadcrumbList\",\"@id\":\"https:\/\/www.art-natur.ch\/fr\/produit\/outile-pour-netoyage-corectur-tenture\/#breadcrumb\",\"itemListElement\":[{\"@type\":\"ListItem\",\"position\":1,\"name\":\"Home\",\"item\":\"https:\/\/www.art-natur.ch\/fr\/\"},{\"@type\":\"ListItem\",\"position\":2,\"name\":\"Boutique\",\"item\":\"https:\/\/www.art-natur.ch\/shop\/\"},{\"@type\":\"ListItem\",\"position\":3,\"name\":\"Outile pour netoyage, corectur tenture\"}]},{\"@type\":\"WebSite\",\"@id\":\"https:\/\/www.art-natur.ch\/fr\/#website\",\"url\":\"https:\/\/www.art-natur.ch\/fr\/\",\"name\":\"LASHES&amp;BROWS by Nataliya Reinhard\",\"description\":\"High-quality lash and brow services with attention to every detail\",\"potentialAction\":[{\"@type\":\"SearchAction\",\"target\":{\"@type\":\"EntryPoint\",\"urlTemplate\":\"https:\/\/www.art-natur.ch\/fr\/?s={search_term_string}\"},\"query-input\":{\"@type\":\"PropertyValueSpecification\",\"valueRequired\":true,\"valueName\":\"search_term_string\"}}],\"inLanguage\":\"fr-FR\"}]}<\/script>\n<!-- \/ Yoast SEO plugin. -->","yoast_head_json":{"title":"Outile pour netoyage, corectur tenture - LASHES&amp;BROWS by Nataliya Reinhard","description":"Cotons-tiges en bois avec pointe, 300 pi\u00e8ces, correcteur de d\u00e9tail, b\u00e2tonnets de nettoyage, pointe en bois, cotons-tiges.","robots":{"index":"index","follow":"follow","max-snippet":"max-snippet:-1","max-image-preview":"max-image-preview:large","max-video-preview":"max-video-preview:-1"},"canonical":"https:\/\/www.art-natur.ch\/fr\/produit\/outile-pour-netoyage-corectur-tenture\/","og_locale":"fr_FR","og_type":"article","og_title":"Outile pour netoyage, corectur tenture - LASHES&amp;BROWS by Nataliya Reinhard","og_description":"Cotons-tiges en bois avec pointe, 300 pi\u00e8ces, correcteur de d\u00e9tail, b\u00e2tonnets de nettoyage, pointe en bois, cotons-tiges.","og_url":"https:\/\/www.art-natur.ch\/fr\/produit\/outile-pour-netoyage-corectur-tenture\/","og_site_name":"LASHES&amp;BROWS by Nataliya Reinhard","article_modified_time":"2025-01-18T20:51:29+00:00","og_image":[{"width":800,"height":800,"url":"https:\/\/www.art-natur.ch\/wp-content\/uploads\/2024\/09\/3092529456-Photoroom.png","type":"image\/png"}],"twitter_card":"summary_large_image","schema":{"@context":"https:\/\/schema.org","@graph":[{"@type":"WebPage","@id":"https:\/\/www.art-natur.ch\/fr\/produit\/outile-pour-netoyage-corectur-tenture\/","url":"https:\/\/www.art-natur.ch\/fr\/produit\/outile-pour-netoyage-corectur-tenture\/","name":"Outile pour netoyage, corectur tenture - LASHES&amp;BROWS by Nataliya Reinhard","isPartOf":{"@id":"https:\/\/www.art-natur.ch\/fr\/#website"},"primaryImageOfPage":{"@id":"https:\/\/www.art-natur.ch\/fr\/produit\/outile-pour-netoyage-corectur-tenture\/#primaryimage"},"image":{"@id":"https:\/\/www.art-natur.ch\/fr\/produit\/outile-pour-netoyage-corectur-tenture\/#primaryimage"},"thumbnailUrl":"https:\/\/www.art-natur.ch\/wp-content\/uploads\/2024\/09\/3092529456-Photoroom.png","datePublished":"2024-09-26T19:30:56+00:00","dateModified":"2025-01-18T20:51:29+00:00","description":"Cotons-tiges en bois avec pointe, 300 pi\u00e8ces, correcteur de d\u00e9tail, b\u00e2tonnets de nettoyage, pointe en bois, cotons-tiges.","breadcrumb":{"@id":"https:\/\/www.art-natur.ch\/fr\/produit\/outile-pour-netoyage-corectur-tenture\/#breadcrumb"},"inLanguage":"fr-FR","potentialAction":[{"@type":"ReadAction","target":["https:\/\/www.art-natur.ch\/fr\/produit\/outile-pour-netoyage-corectur-tenture\/"]}]},{"@type":"ImageObject","inLanguage":"fr-FR","@id":"https:\/\/www.art-natur.ch\/fr\/produit\/outile-pour-netoyage-corectur-tenture\/#primaryimage","url":"https:\/\/www.art-natur.ch\/wp-content\/uploads\/2024\/09\/3092529456-Photoroom.png","contentUrl":"https:\/\/www.art-natur.ch\/wp-content\/uploads\/2024\/09\/3092529456-Photoroom.png","width":800,"height":800},{"@type":"BreadcrumbList","@id":"https:\/\/www.art-natur.ch\/fr\/produit\/outile-pour-netoyage-corectur-tenture\/#breadcrumb","itemListElement":[{"@type":"ListItem","position":1,"name":"Home","item":"https:\/\/www.art-natur.ch\/fr\/"},{"@type":"ListItem","position":2,"name":"Boutique","item":"https:\/\/www.art-natur.ch\/shop\/"},{"@type":"ListItem","position":3,"name":"Outile pour netoyage, corectur tenture"}]},{"@type":"WebSite","@id":"https:\/\/www.art-natur.ch\/fr\/#website","url":"https:\/\/www.art-natur.ch\/fr\/","name":"LASHES&amp;BROWS by Nataliya Reinhard","description":"High-quality lash and brow services with attention to every detail","potentialAction":[{"@type":"SearchAction","target":{"@type":"EntryPoint","urlTemplate":"https:\/\/www.art-natur.ch\/fr\/?s={search_term_string}"},"query-input":{"@type":"PropertyValueSpecification","valueRequired":true,"valueName":"search_term_string"}}],"inLanguage":"fr-FR"}]}},"_links":{"self":[{"href":"https:\/\/www.art-natur.ch\/fr\/wp-json\/wp\/v2\/product\/2331","targetHints":{"allow":["GET"]}}],"collection":[{"href":"https:\/\/www.art-natur.ch\/fr\/wp-json\/wp\/v2\/product"}],"about":[{"href":"https:\/\/www.art-natur.ch\/fr\/wp-json\/wp\/v2\/types\/product"}],"wp:featuredmedia":[{"embeddable":true,"href":"https:\/\/www.art-natur.ch\/fr\/wp-json\/wp\/v2\/media\/7405"}],"wp:attachment":[{"href":"https:\/\/www.art-natur.ch\/fr\/wp-json\/wp\/v2\/media?parent=2331"}],"wp:term":[{"taxonomy":"product_cat","embeddable":true,"href":"https:\/\/www.art-natur.ch\/fr\/wp-json\/wp\/v2\/product_cat?post=2331"},{"taxonomy":"product_tag","embeddable":true,"href":"https:\/\/www.art-natur.ch\/fr\/wp-json\/wp\/v2\/product_tag?post=2331"}],"curies":[{"name":"wp","href":"https:\/\/api.w.org\/{rel}","templated":true}]}}