{"id":2338,"date":"2024-09-26T20:36:25","date_gmt":"2024-09-26T18:36:25","guid":{"rendered":"https:\/\/www.art-natur.ch\/product\/outil-multifonctionnel-lb-dans-un-etui-en-cuir-confortable\/"},"modified":"2024-10-13T20:17:48","modified_gmt":"2024-10-13T18:17:48","slug":"outil-multifonctionnel-lb-dans-un-etui-en-cuir-confortable","status":"publish","type":"product","link":"https:\/\/www.art-natur.ch\/fr\/produit\/outil-multifonctionnel-lb-dans-un-etui-en-cuir-confortable\/","title":{"rendered":"\u200bOutil multifonctionnel LB dans un \u00e9tui en cuir confortable"},"content":{"rendered":"<p>Outil enti\u00e8rement nouveau con\u00e7u sp\u00e9cifiquement pour la stratification des cils. Permet de r\u00e9partir uniform\u00e9ment les cils sur le rouleau en silicone et de les fixer avec de la colle. Fonctionne m\u00eame avec les cils les plus courts. Fabriqu\u00e9 en mat\u00e9riau tr\u00e8s r\u00e9sistant.<\/p>\n","protected":false},"excerpt":{"rendered":"<p>Outil enti\u00e8rement nouveau con\u00e7u sp\u00e9cifiquement pour la stratification des cils. Permet de r\u00e9partir uniform\u00e9ment les cils sur le rouleau en silicone et de les fixer avec de la colle. Fonctionne m\u00eame avec les cils les plus courts. Fabriqu\u00e9 en mat\u00e9riau tr\u00e8s r\u00e9sistant.<\/p>\n","protected":false},"featured_media":7389,"template":"","meta":{"_acf_changed":false,"inline_featured_image":false},"product_cat":[129,141,143,146,150,160,193,207],"product_tag":[],"class_list":{"0":"post-2338","1":"product","2":"type-product","3":"status-publish","4":"has-post-thumbnail","6":"product_brand-lash-botox","7":"product_cat-stylisation-a-long-terme-des-sourcils","8":"product_cat-outils","9":"product_cat-equipements-et-accessoires","10":"product_cat-autre","11":"product_cat-rehaussement-des-cils","12":"product_cat-outil","13":"product_cat-produits-connexes","14":"product_cat-consommables-fr","16":"first","17":"instock","18":"shipping-taxable","19":"purchasable","20":"product-type-simple"},"acf":[],"yoast_head":"<!-- This site is optimized with the Yoast SEO plugin v26.6 - https:\/\/yoast.com\/wordpress\/plugins\/seo\/ -->\n<title>\u200bOutil multifonctionnel LB dans un \u00e9tui en cuir confortable - LASHES&amp;BROWS by Nataliya Reinhard<\/title>\n<meta name=\"description\" content=\"Outil enti\u00e8rement nouveau pour la stratification des cils. Assure une r\u00e9partition uniforme et une fixation sur le rouleau en silicone, m\u00eame pour les cils courts.\" \/>\n<meta name=\"robots\" content=\"index, follow, max-snippet:-1, max-image-preview:large, max-video-preview:-1\" \/>\n<link rel=\"canonical\" href=\"https:\/\/www.art-natur.ch\/fr\/produit\/outil-multifonctionnel-lb-dans-un-etui-en-cuir-confortable\/\" \/>\n<meta property=\"og:locale\" content=\"fr_FR\" \/>\n<meta property=\"og:type\" content=\"article\" \/>\n<meta property=\"og:title\" content=\"\u200bOutil multifonctionnel LB dans un \u00e9tui en cuir confortable - LASHES&amp;BROWS by Nataliya Reinhard\" \/>\n<meta property=\"og:description\" content=\"Outil enti\u00e8rement nouveau pour la stratification des cils. Assure une r\u00e9partition uniforme et une fixation sur le rouleau en silicone, m\u00eame pour les cils courts.\" \/>\n<meta property=\"og:url\" content=\"https:\/\/www.art-natur.ch\/fr\/produit\/outil-multifonctionnel-lb-dans-un-etui-en-cuir-confortable\/\" \/>\n<meta property=\"og:site_name\" content=\"LASHES&amp;BROWS by Nataliya Reinhard\" \/>\n<meta property=\"article:modified_time\" content=\"2024-10-13T18:17:48+00:00\" \/>\n<meta property=\"og:image\" content=\"https:\/\/www.art-natur.ch\/wp-content\/uploads\/2024\/09\/2407918023.png\" \/>\n\t<meta property=\"og:image:width\" content=\"768\" \/>\n\t<meta property=\"og:image:height\" content=\"768\" \/>\n\t<meta property=\"og:image:type\" content=\"image\/png\" \/>\n<meta name=\"twitter:card\" content=\"summary_large_image\" \/>\n<script type=\"application\/ld+json\" class=\"yoast-schema-graph\">{\"@context\":\"https:\/\/schema.org\",\"@graph\":[{\"@type\":\"WebPage\",\"@id\":\"https:\/\/www.art-natur.ch\/fr\/produit\/outil-multifonctionnel-lb-dans-un-etui-en-cuir-confortable\/\",\"url\":\"https:\/\/www.art-natur.ch\/fr\/produit\/outil-multifonctionnel-lb-dans-un-etui-en-cuir-confortable\/\",\"name\":\"\u200bOutil multifonctionnel LB dans un \u00e9tui en cuir confortable - LASHES&amp;BROWS by Nataliya Reinhard\",\"isPartOf\":{\"@id\":\"https:\/\/www.art-natur.ch\/fr\/#website\"},\"primaryImageOfPage\":{\"@id\":\"https:\/\/www.art-natur.ch\/fr\/produit\/outil-multifonctionnel-lb-dans-un-etui-en-cuir-confortable\/#primaryimage\"},\"image\":{\"@id\":\"https:\/\/www.art-natur.ch\/fr\/produit\/outil-multifonctionnel-lb-dans-un-etui-en-cuir-confortable\/#primaryimage\"},\"thumbnailUrl\":\"https:\/\/www.art-natur.ch\/wp-content\/uploads\/2024\/09\/2407918023.png\",\"datePublished\":\"2024-09-26T18:36:25+00:00\",\"dateModified\":\"2024-10-13T18:17:48+00:00\",\"description\":\"Outil enti\u00e8rement nouveau pour la stratification des cils. Assure une r\u00e9partition uniforme et une fixation sur le rouleau en silicone, m\u00eame pour les cils courts.\",\"breadcrumb\":{\"@id\":\"https:\/\/www.art-natur.ch\/fr\/produit\/outil-multifonctionnel-lb-dans-un-etui-en-cuir-confortable\/#breadcrumb\"},\"inLanguage\":\"fr-FR\",\"potentialAction\":[{\"@type\":\"ReadAction\",\"target\":[\"https:\/\/www.art-natur.ch\/fr\/produit\/outil-multifonctionnel-lb-dans-un-etui-en-cuir-confortable\/\"]}]},{\"@type\":\"ImageObject\",\"inLanguage\":\"fr-FR\",\"@id\":\"https:\/\/www.art-natur.ch\/fr\/produit\/outil-multifonctionnel-lb-dans-un-etui-en-cuir-confortable\/#primaryimage\",\"url\":\"https:\/\/www.art-natur.ch\/wp-content\/uploads\/2024\/09\/2407918023.png\",\"contentUrl\":\"https:\/\/www.art-natur.ch\/wp-content\/uploads\/2024\/09\/2407918023.png\",\"width\":768,\"height\":768},{\"@type\":\"BreadcrumbList\",\"@id\":\"https:\/\/www.art-natur.ch\/fr\/produit\/outil-multifonctionnel-lb-dans-un-etui-en-cuir-confortable\/#breadcrumb\",\"itemListElement\":[{\"@type\":\"ListItem\",\"position\":1,\"name\":\"Home\",\"item\":\"https:\/\/www.art-natur.ch\/fr\/\"},{\"@type\":\"ListItem\",\"position\":2,\"name\":\"Boutique\",\"item\":\"https:\/\/www.art-natur.ch\/shop\/\"},{\"@type\":\"ListItem\",\"position\":3,\"name\":\"\u200bOutil multifonctionnel LB dans un \u00e9tui en cuir confortable\"}]},{\"@type\":\"WebSite\",\"@id\":\"https:\/\/www.art-natur.ch\/fr\/#website\",\"url\":\"https:\/\/www.art-natur.ch\/fr\/\",\"name\":\"LASHES&amp;BROWS by Nataliya Reinhard\",\"description\":\"High-quality lash and brow services with attention to every detail\",\"potentialAction\":[{\"@type\":\"SearchAction\",\"target\":{\"@type\":\"EntryPoint\",\"urlTemplate\":\"https:\/\/www.art-natur.ch\/fr\/?s={search_term_string}\"},\"query-input\":{\"@type\":\"PropertyValueSpecification\",\"valueRequired\":true,\"valueName\":\"search_term_string\"}}],\"inLanguage\":\"fr-FR\"}]}<\/script>\n<!-- \/ Yoast SEO plugin. -->","yoast_head_json":{"title":"\u200bOutil multifonctionnel LB dans un \u00e9tui en cuir confortable - LASHES&amp;BROWS by Nataliya Reinhard","description":"Outil enti\u00e8rement nouveau pour la stratification des cils. Assure une r\u00e9partition uniforme et une fixation sur le rouleau en silicone, m\u00eame pour les cils courts.","robots":{"index":"index","follow":"follow","max-snippet":"max-snippet:-1","max-image-preview":"max-image-preview:large","max-video-preview":"max-video-preview:-1"},"canonical":"https:\/\/www.art-natur.ch\/fr\/produit\/outil-multifonctionnel-lb-dans-un-etui-en-cuir-confortable\/","og_locale":"fr_FR","og_type":"article","og_title":"\u200bOutil multifonctionnel LB dans un \u00e9tui en cuir confortable - LASHES&amp;BROWS by Nataliya Reinhard","og_description":"Outil enti\u00e8rement nouveau pour la stratification des cils. Assure une r\u00e9partition uniforme et une fixation sur le rouleau en silicone, m\u00eame pour les cils courts.","og_url":"https:\/\/www.art-natur.ch\/fr\/produit\/outil-multifonctionnel-lb-dans-un-etui-en-cuir-confortable\/","og_site_name":"LASHES&amp;BROWS by Nataliya Reinhard","article_modified_time":"2024-10-13T18:17:48+00:00","og_image":[{"width":768,"height":768,"url":"https:\/\/www.art-natur.ch\/wp-content\/uploads\/2024\/09\/2407918023.png","type":"image\/png"}],"twitter_card":"summary_large_image","schema":{"@context":"https:\/\/schema.org","@graph":[{"@type":"WebPage","@id":"https:\/\/www.art-natur.ch\/fr\/produit\/outil-multifonctionnel-lb-dans-un-etui-en-cuir-confortable\/","url":"https:\/\/www.art-natur.ch\/fr\/produit\/outil-multifonctionnel-lb-dans-un-etui-en-cuir-confortable\/","name":"\u200bOutil multifonctionnel LB dans un \u00e9tui en cuir confortable - LASHES&amp;BROWS by Nataliya Reinhard","isPartOf":{"@id":"https:\/\/www.art-natur.ch\/fr\/#website"},"primaryImageOfPage":{"@id":"https:\/\/www.art-natur.ch\/fr\/produit\/outil-multifonctionnel-lb-dans-un-etui-en-cuir-confortable\/#primaryimage"},"image":{"@id":"https:\/\/www.art-natur.ch\/fr\/produit\/outil-multifonctionnel-lb-dans-un-etui-en-cuir-confortable\/#primaryimage"},"thumbnailUrl":"https:\/\/www.art-natur.ch\/wp-content\/uploads\/2024\/09\/2407918023.png","datePublished":"2024-09-26T18:36:25+00:00","dateModified":"2024-10-13T18:17:48+00:00","description":"Outil enti\u00e8rement nouveau pour la stratification des cils. Assure une r\u00e9partition uniforme et une fixation sur le rouleau en silicone, m\u00eame pour les cils courts.","breadcrumb":{"@id":"https:\/\/www.art-natur.ch\/fr\/produit\/outil-multifonctionnel-lb-dans-un-etui-en-cuir-confortable\/#breadcrumb"},"inLanguage":"fr-FR","potentialAction":[{"@type":"ReadAction","target":["https:\/\/www.art-natur.ch\/fr\/produit\/outil-multifonctionnel-lb-dans-un-etui-en-cuir-confortable\/"]}]},{"@type":"ImageObject","inLanguage":"fr-FR","@id":"https:\/\/www.art-natur.ch\/fr\/produit\/outil-multifonctionnel-lb-dans-un-etui-en-cuir-confortable\/#primaryimage","url":"https:\/\/www.art-natur.ch\/wp-content\/uploads\/2024\/09\/2407918023.png","contentUrl":"https:\/\/www.art-natur.ch\/wp-content\/uploads\/2024\/09\/2407918023.png","width":768,"height":768},{"@type":"BreadcrumbList","@id":"https:\/\/www.art-natur.ch\/fr\/produit\/outil-multifonctionnel-lb-dans-un-etui-en-cuir-confortable\/#breadcrumb","itemListElement":[{"@type":"ListItem","position":1,"name":"Home","item":"https:\/\/www.art-natur.ch\/fr\/"},{"@type":"ListItem","position":2,"name":"Boutique","item":"https:\/\/www.art-natur.ch\/shop\/"},{"@type":"ListItem","position":3,"name":"\u200bOutil multifonctionnel LB dans un \u00e9tui en cuir confortable"}]},{"@type":"WebSite","@id":"https:\/\/www.art-natur.ch\/fr\/#website","url":"https:\/\/www.art-natur.ch\/fr\/","name":"LASHES&amp;BROWS by Nataliya Reinhard","description":"High-quality lash and brow services with attention to every detail","potentialAction":[{"@type":"SearchAction","target":{"@type":"EntryPoint","urlTemplate":"https:\/\/www.art-natur.ch\/fr\/?s={search_term_string}"},"query-input":{"@type":"PropertyValueSpecification","valueRequired":true,"valueName":"search_term_string"}}],"inLanguage":"fr-FR"}]}},"_links":{"self":[{"href":"https:\/\/www.art-natur.ch\/fr\/wp-json\/wp\/v2\/product\/2338","targetHints":{"allow":["GET"]}}],"collection":[{"href":"https:\/\/www.art-natur.ch\/fr\/wp-json\/wp\/v2\/product"}],"about":[{"href":"https:\/\/www.art-natur.ch\/fr\/wp-json\/wp\/v2\/types\/product"}],"wp:featuredmedia":[{"embeddable":true,"href":"https:\/\/www.art-natur.ch\/fr\/wp-json\/wp\/v2\/media\/7389"}],"wp:attachment":[{"href":"https:\/\/www.art-natur.ch\/fr\/wp-json\/wp\/v2\/media?parent=2338"}],"wp:term":[{"taxonomy":"product_cat","embeddable":true,"href":"https:\/\/www.art-natur.ch\/fr\/wp-json\/wp\/v2\/product_cat?post=2338"},{"taxonomy":"product_tag","embeddable":true,"href":"https:\/\/www.art-natur.ch\/fr\/wp-json\/wp\/v2\/product_tag?post=2338"}],"curies":[{"name":"wp","href":"https:\/\/api.w.org\/{rel}","templated":true}]}}