{"id":2357,"date":"2024-09-26T20:43:31","date_gmt":"2024-09-26T19:43:31","guid":{"rendered":"https:\/\/www.art-natur.ch\/product\/pads-en-silicone-in-lei-one-xxl\/"},"modified":"2025-01-20T21:24:56","modified_gmt":"2025-01-20T20:24:56","slug":"pads-en-silicone-in-lei-one-xxl","status":"publish","type":"product","link":"https:\/\/www.art-natur.ch\/fr\/produit\/pads-en-silicone-in-lei-one-xxl\/","title":{"rendered":"Pads en silicone In Lei\u00ae ONE XXL"},"content":{"rendered":"<p>\u00ab\u00a0PADS RONDS\u00a0\u00bb XXL.<\/p>\n<p>PADS RONDES &#8211; avec lesquels vous pouvez obtenir plusieurs effets (tout d\u00e9pend de l&rsquo;application des lotions. Vous pouvez obtenir un effet doux et une boucle lisse en appliquant la lotion pas plus haut que le milieu du pad avec un creux jusqu&rsquo;\u00e0 la racine de 1,2 mm ou une frisure plus prononc\u00e9e en appliquant #1 \u00e0 la base des cils 5 minutes avant d&rsquo;enlever la lotion.<\/p>\n<p>Convient pour : \u2800<\/p>\n<p>&#8211; Paupi\u00e8res tombantes asiatiques<\/p>\n<p>&#8211; yeux cils qui poussent vers le bas<\/p>\n<p>On applique la lotion lifting #1 sur la moiti\u00e9 du milieu du point le plus haut de la courbure.<\/p>\n<p>100% Made in Italy PLATINIC-Silicone (unique)<\/p>\n<p>Taille : XXL.<\/p>\n<p>R\u00e9serv\u00e9 \u00e0 un usage professionnel.<\/p>\n<p>NOUS RECOMMANDONS VIVEMENT DE SUIVRE UN COURS PROFESSIONNEL SUR L&rsquo;UTILISATION DES PRODUITS DE LA LIGNE IN LEI\u00ae AFIN D&rsquo;EN TIRER LE MAXIMUM DE PROFIT.<\/p>\n","protected":false},"excerpt":{"rendered":"<p>\u00ab\u00a0PADS RONDS\u00a0\u00bb XXL. PADS RONDES &#8211; avec lesquels vous pouvez obtenir plusieurs effets (tout d\u00e9pend de l&rsquo;application des lotions. Vous pouvez obtenir un effet doux et une boucle lisse en appliquant la lotion pas plus haut que le milieu du pad avec un creux jusqu&rsquo;\u00e0 la racine de 1,2 mm ou une frisure plus prononc\u00e9e [&hellip;]<\/p>\n","protected":false},"featured_media":7377,"template":"","meta":{"_acf_changed":false,"inline_featured_image":false},"product_cat":[150,154,156,193,207],"product_tag":[],"class_list":{"0":"post-2357","1":"product","2":"type-product","3":"status-publish","4":"has-post-thumbnail","6":"product_brand-in-lei","7":"product_cat-rehaussement-des-cils","8":"product_cat-bigoudis-et-patchs","9":"product_cat-bigoudis","10":"product_cat-produits-connexes","11":"product_cat-consommables-fr","13":"first","14":"instock","15":"shipping-taxable","16":"purchasable","17":"product-type-simple"},"acf":[],"yoast_head":"<!-- This site is optimized with the Yoast SEO plugin v26.6 - https:\/\/yoast.com\/wordpress\/plugins\/seo\/ -->\n<title>Pads en silicone In Lei\u00ae ONE XXL - LASHES&amp;BROWS by Nataliya Reinhard<\/title>\n<meta name=\"description\" content=\"&quot;COUSSINETS RONDS&quot; XXL \u2013 pour des effets vari\u00e9s selon la lotion. Obtenez des ondulations douces ou des boucles plus marqu\u00e9es, selon l&#039;application.\" \/>\n<meta name=\"robots\" content=\"index, follow, max-snippet:-1, max-image-preview:large, max-video-preview:-1\" \/>\n<link rel=\"canonical\" href=\"https:\/\/www.art-natur.ch\/fr\/produit\/pads-en-silicone-in-lei-one-xxl\/\" \/>\n<meta property=\"og:locale\" content=\"fr_FR\" \/>\n<meta property=\"og:type\" content=\"article\" \/>\n<meta property=\"og:title\" content=\"Pads en silicone In Lei\u00ae ONE XXL - LASHES&amp;BROWS by Nataliya Reinhard\" \/>\n<meta property=\"og:description\" content=\"&quot;COUSSINETS RONDS&quot; XXL \u2013 pour des effets vari\u00e9s selon la lotion. Obtenez des ondulations douces ou des boucles plus marqu\u00e9es, selon l&#039;application.\" \/>\n<meta property=\"og:url\" content=\"https:\/\/www.art-natur.ch\/fr\/produit\/pads-en-silicone-in-lei-one-xxl\/\" \/>\n<meta property=\"og:site_name\" content=\"LASHES&amp;BROWS by Nataliya Reinhard\" \/>\n<meta property=\"article:modified_time\" content=\"2025-01-20T20:24:56+00:00\" \/>\n<meta property=\"og:image\" content=\"https:\/\/www.art-natur.ch\/wp-content\/uploads\/2024\/09\/2821082087-Photoroom.png\" \/>\n\t<meta property=\"og:image:width\" content=\"669\" \/>\n\t<meta property=\"og:image:height\" content=\"801\" \/>\n\t<meta property=\"og:image:type\" content=\"image\/png\" \/>\n<meta name=\"twitter:card\" content=\"summary_large_image\" \/>\n<meta name=\"twitter:label1\" content=\"Dur\u00e9e de lecture estim\u00e9e\" \/>\n\t<meta name=\"twitter:data1\" content=\"1 minute\" \/>\n<script type=\"application\/ld+json\" class=\"yoast-schema-graph\">{\"@context\":\"https:\/\/schema.org\",\"@graph\":[{\"@type\":\"WebPage\",\"@id\":\"https:\/\/www.art-natur.ch\/fr\/produit\/pads-en-silicone-in-lei-one-xxl\/\",\"url\":\"https:\/\/www.art-natur.ch\/fr\/produit\/pads-en-silicone-in-lei-one-xxl\/\",\"name\":\"Pads en silicone In Lei\u00ae ONE XXL - LASHES&amp;BROWS by Nataliya Reinhard\",\"isPartOf\":{\"@id\":\"https:\/\/www.art-natur.ch\/fr\/#website\"},\"primaryImageOfPage\":{\"@id\":\"https:\/\/www.art-natur.ch\/fr\/produit\/pads-en-silicone-in-lei-one-xxl\/#primaryimage\"},\"image\":{\"@id\":\"https:\/\/www.art-natur.ch\/fr\/produit\/pads-en-silicone-in-lei-one-xxl\/#primaryimage\"},\"thumbnailUrl\":\"https:\/\/www.art-natur.ch\/wp-content\/uploads\/2024\/09\/2821082087-Photoroom.png\",\"datePublished\":\"2024-09-26T19:43:31+00:00\",\"dateModified\":\"2025-01-20T20:24:56+00:00\",\"description\":\"\\\"COUSSINETS RONDS\\\" XXL \u2013 pour des effets vari\u00e9s selon la lotion. Obtenez des ondulations douces ou des boucles plus marqu\u00e9es, selon l'application.\",\"breadcrumb\":{\"@id\":\"https:\/\/www.art-natur.ch\/fr\/produit\/pads-en-silicone-in-lei-one-xxl\/#breadcrumb\"},\"inLanguage\":\"fr-FR\",\"potentialAction\":[{\"@type\":\"ReadAction\",\"target\":[\"https:\/\/www.art-natur.ch\/fr\/produit\/pads-en-silicone-in-lei-one-xxl\/\"]}]},{\"@type\":\"ImageObject\",\"inLanguage\":\"fr-FR\",\"@id\":\"https:\/\/www.art-natur.ch\/fr\/produit\/pads-en-silicone-in-lei-one-xxl\/#primaryimage\",\"url\":\"https:\/\/www.art-natur.ch\/wp-content\/uploads\/2024\/09\/2821082087-Photoroom.png\",\"contentUrl\":\"https:\/\/www.art-natur.ch\/wp-content\/uploads\/2024\/09\/2821082087-Photoroom.png\",\"width\":669,\"height\":801},{\"@type\":\"BreadcrumbList\",\"@id\":\"https:\/\/www.art-natur.ch\/fr\/produit\/pads-en-silicone-in-lei-one-xxl\/#breadcrumb\",\"itemListElement\":[{\"@type\":\"ListItem\",\"position\":1,\"name\":\"Home\",\"item\":\"https:\/\/www.art-natur.ch\/fr\/\"},{\"@type\":\"ListItem\",\"position\":2,\"name\":\"Boutique\",\"item\":\"https:\/\/www.art-natur.ch\/shop\/\"},{\"@type\":\"ListItem\",\"position\":3,\"name\":\"Pads en silicone In Lei\u00ae ONE XXL\"}]},{\"@type\":\"WebSite\",\"@id\":\"https:\/\/www.art-natur.ch\/fr\/#website\",\"url\":\"https:\/\/www.art-natur.ch\/fr\/\",\"name\":\"LASHES&amp;BROWS by Nataliya Reinhard\",\"description\":\"High-quality lash and brow services with attention to every detail\",\"potentialAction\":[{\"@type\":\"SearchAction\",\"target\":{\"@type\":\"EntryPoint\",\"urlTemplate\":\"https:\/\/www.art-natur.ch\/fr\/?s={search_term_string}\"},\"query-input\":{\"@type\":\"PropertyValueSpecification\",\"valueRequired\":true,\"valueName\":\"search_term_string\"}}],\"inLanguage\":\"fr-FR\"}]}<\/script>\n<!-- \/ Yoast SEO plugin. -->","yoast_head_json":{"title":"Pads en silicone In Lei\u00ae ONE XXL - LASHES&amp;BROWS by Nataliya Reinhard","description":"\"COUSSINETS RONDS\" XXL \u2013 pour des effets vari\u00e9s selon la lotion. Obtenez des ondulations douces ou des boucles plus marqu\u00e9es, selon l'application.","robots":{"index":"index","follow":"follow","max-snippet":"max-snippet:-1","max-image-preview":"max-image-preview:large","max-video-preview":"max-video-preview:-1"},"canonical":"https:\/\/www.art-natur.ch\/fr\/produit\/pads-en-silicone-in-lei-one-xxl\/","og_locale":"fr_FR","og_type":"article","og_title":"Pads en silicone In Lei\u00ae ONE XXL - LASHES&amp;BROWS by Nataliya Reinhard","og_description":"\"COUSSINETS RONDS\" XXL \u2013 pour des effets vari\u00e9s selon la lotion. Obtenez des ondulations douces ou des boucles plus marqu\u00e9es, selon l'application.","og_url":"https:\/\/www.art-natur.ch\/fr\/produit\/pads-en-silicone-in-lei-one-xxl\/","og_site_name":"LASHES&amp;BROWS by Nataliya Reinhard","article_modified_time":"2025-01-20T20:24:56+00:00","og_image":[{"width":669,"height":801,"url":"https:\/\/www.art-natur.ch\/wp-content\/uploads\/2024\/09\/2821082087-Photoroom.png","type":"image\/png"}],"twitter_card":"summary_large_image","twitter_misc":{"Dur\u00e9e de lecture estim\u00e9e":"1 minute"},"schema":{"@context":"https:\/\/schema.org","@graph":[{"@type":"WebPage","@id":"https:\/\/www.art-natur.ch\/fr\/produit\/pads-en-silicone-in-lei-one-xxl\/","url":"https:\/\/www.art-natur.ch\/fr\/produit\/pads-en-silicone-in-lei-one-xxl\/","name":"Pads en silicone In Lei\u00ae ONE XXL - LASHES&amp;BROWS by Nataliya Reinhard","isPartOf":{"@id":"https:\/\/www.art-natur.ch\/fr\/#website"},"primaryImageOfPage":{"@id":"https:\/\/www.art-natur.ch\/fr\/produit\/pads-en-silicone-in-lei-one-xxl\/#primaryimage"},"image":{"@id":"https:\/\/www.art-natur.ch\/fr\/produit\/pads-en-silicone-in-lei-one-xxl\/#primaryimage"},"thumbnailUrl":"https:\/\/www.art-natur.ch\/wp-content\/uploads\/2024\/09\/2821082087-Photoroom.png","datePublished":"2024-09-26T19:43:31+00:00","dateModified":"2025-01-20T20:24:56+00:00","description":"\"COUSSINETS RONDS\" XXL \u2013 pour des effets vari\u00e9s selon la lotion. Obtenez des ondulations douces ou des boucles plus marqu\u00e9es, selon l'application.","breadcrumb":{"@id":"https:\/\/www.art-natur.ch\/fr\/produit\/pads-en-silicone-in-lei-one-xxl\/#breadcrumb"},"inLanguage":"fr-FR","potentialAction":[{"@type":"ReadAction","target":["https:\/\/www.art-natur.ch\/fr\/produit\/pads-en-silicone-in-lei-one-xxl\/"]}]},{"@type":"ImageObject","inLanguage":"fr-FR","@id":"https:\/\/www.art-natur.ch\/fr\/produit\/pads-en-silicone-in-lei-one-xxl\/#primaryimage","url":"https:\/\/www.art-natur.ch\/wp-content\/uploads\/2024\/09\/2821082087-Photoroom.png","contentUrl":"https:\/\/www.art-natur.ch\/wp-content\/uploads\/2024\/09\/2821082087-Photoroom.png","width":669,"height":801},{"@type":"BreadcrumbList","@id":"https:\/\/www.art-natur.ch\/fr\/produit\/pads-en-silicone-in-lei-one-xxl\/#breadcrumb","itemListElement":[{"@type":"ListItem","position":1,"name":"Home","item":"https:\/\/www.art-natur.ch\/fr\/"},{"@type":"ListItem","position":2,"name":"Boutique","item":"https:\/\/www.art-natur.ch\/shop\/"},{"@type":"ListItem","position":3,"name":"Pads en silicone In Lei\u00ae ONE XXL"}]},{"@type":"WebSite","@id":"https:\/\/www.art-natur.ch\/fr\/#website","url":"https:\/\/www.art-natur.ch\/fr\/","name":"LASHES&amp;BROWS by Nataliya Reinhard","description":"High-quality lash and brow services with attention to every detail","potentialAction":[{"@type":"SearchAction","target":{"@type":"EntryPoint","urlTemplate":"https:\/\/www.art-natur.ch\/fr\/?s={search_term_string}"},"query-input":{"@type":"PropertyValueSpecification","valueRequired":true,"valueName":"search_term_string"}}],"inLanguage":"fr-FR"}]}},"_links":{"self":[{"href":"https:\/\/www.art-natur.ch\/fr\/wp-json\/wp\/v2\/product\/2357","targetHints":{"allow":["GET"]}}],"collection":[{"href":"https:\/\/www.art-natur.ch\/fr\/wp-json\/wp\/v2\/product"}],"about":[{"href":"https:\/\/www.art-natur.ch\/fr\/wp-json\/wp\/v2\/types\/product"}],"wp:featuredmedia":[{"embeddable":true,"href":"https:\/\/www.art-natur.ch\/fr\/wp-json\/wp\/v2\/media\/7377"}],"wp:attachment":[{"href":"https:\/\/www.art-natur.ch\/fr\/wp-json\/wp\/v2\/media?parent=2357"}],"wp:term":[{"taxonomy":"product_cat","embeddable":true,"href":"https:\/\/www.art-natur.ch\/fr\/wp-json\/wp\/v2\/product_cat?post=2357"},{"taxonomy":"product_tag","embeddable":true,"href":"https:\/\/www.art-natur.ch\/fr\/wp-json\/wp\/v2\/product_tag?post=2357"}],"curies":[{"name":"wp","href":"https:\/\/api.w.org\/{rel}","templated":true}]}}