{"id":2376,"date":"2024-09-26T20:53:12","date_gmt":"2024-09-26T19:53:12","guid":{"rendered":"https:\/\/www.art-natur.ch\/product\/pads-en-silicone-in-lei-one-xxl1\/"},"modified":"2025-01-20T21:15:47","modified_gmt":"2025-01-20T20:15:47","slug":"pads-en-silicone-in-lei-one-xxl1","status":"publish","type":"product","link":"https:\/\/www.art-natur.ch\/fr\/produit\/pads-en-silicone-in-lei-one-xxl1\/","title":{"rendered":"Pads en silicone In Lei\u00ae ONE XXL1"},"content":{"rendered":"<p>Les pads en silicone pour le rehaussement des cils de taille XL1, de la ligne \u00ab\u00a0Natural Curl\u00a0\u00bb est con\u00e7u pour les cils les plus longs de tous les temps. Donnez aux longs cils la bonne courbure de poup\u00e9e.<\/p>\n<p>Si les cils du client sont encore plus longs que le bigoudi, nous recommandons des pads en silicone XXL1.<\/p>\n<p>PADS RELEVEURS &#8211; Ce sont des pads l\u00e9g\u00e8rement tombants qui produisent un effet lifting et ouvrent la zone des racines (effet \u0153il ouvert et cils plus longs) \u2800.<\/p>\n<p>Convient pour :<\/p>\n<p>&#8211; paupi\u00e8re normale<\/p>\n<p>&#8211; Cils naturels avec leur propre petite boucle<\/p>\n<p>On applique la lotion lifting #1 sur ces pads un peu plus haut que le centre au point le plus haut de la courbure.<\/p>\n<p>100% Made in Italy PLATINIC-Silicone (unique)<\/p>\n<p>Taille : XXL1<\/p>\n<p>R\u00e9serv\u00e9 \u00e0 un usage professionnel.<\/p>\n","protected":false},"excerpt":{"rendered":"<p>Les pads en silicone pour le rehaussement des cils de taille XL1, de la ligne \u00ab\u00a0Natural Curl\u00a0\u00bb est con\u00e7u pour les cils les plus longs de tous les temps. Donnez aux longs cils la bonne courbure de poup\u00e9e. Si les cils du client sont encore plus longs que le bigoudi, nous recommandons des pads en [&hellip;]<\/p>\n","protected":false},"featured_media":7361,"template":"","meta":{"_acf_changed":false,"inline_featured_image":false},"product_cat":[150,154,156,193,207],"product_tag":[],"class_list":{"0":"post-2376","1":"product","2":"type-product","3":"status-publish","4":"has-post-thumbnail","6":"product_brand-in-lei","7":"product_cat-rehaussement-des-cils","8":"product_cat-bigoudis-et-patchs","9":"product_cat-bigoudis","10":"product_cat-produits-connexes","11":"product_cat-consommables-fr","13":"first","14":"instock","15":"shipping-taxable","16":"purchasable","17":"product-type-simple"},"acf":[],"yoast_head":"<!-- This site is optimized with the Yoast SEO plugin v26.6 - https:\/\/yoast.com\/wordpress\/plugins\/seo\/ -->\n<title>Pads en silicone In Lei\u00ae ONE XXL1 - LASHES&amp;BROWS by Nataliya Reinhard<\/title>\n<meta name=\"description\" content=\"Coussinets en silicone XXL1 pour le lifting des cils, donnent aux cils longs la courbure parfaite. Convient pour les paupi\u00e8res normales. R\u00e9serv\u00e9 aux professionnels.\" \/>\n<meta name=\"robots\" content=\"index, follow, max-snippet:-1, max-image-preview:large, max-video-preview:-1\" \/>\n<link rel=\"canonical\" href=\"https:\/\/www.art-natur.ch\/fr\/produit\/pads-en-silicone-in-lei-one-xxl1\/\" \/>\n<meta property=\"og:locale\" content=\"fr_FR\" \/>\n<meta property=\"og:type\" content=\"article\" \/>\n<meta property=\"og:title\" content=\"Pads en silicone In Lei\u00ae ONE XXL1 - LASHES&amp;BROWS by Nataliya Reinhard\" \/>\n<meta property=\"og:description\" content=\"Coussinets en silicone XXL1 pour le lifting des cils, donnent aux cils longs la courbure parfaite. Convient pour les paupi\u00e8res normales. R\u00e9serv\u00e9 aux professionnels.\" \/>\n<meta property=\"og:url\" content=\"https:\/\/www.art-natur.ch\/fr\/produit\/pads-en-silicone-in-lei-one-xxl1\/\" \/>\n<meta property=\"og:site_name\" content=\"LASHES&amp;BROWS by Nataliya Reinhard\" \/>\n<meta property=\"article:modified_time\" content=\"2025-01-20T20:15:47+00:00\" \/>\n<meta property=\"og:image\" content=\"https:\/\/www.art-natur.ch\/wp-content\/uploads\/2024\/09\/2957681498-Photoroom.png\" \/>\n\t<meta property=\"og:image:width\" content=\"669\" \/>\n\t<meta property=\"og:image:height\" content=\"801\" \/>\n\t<meta property=\"og:image:type\" content=\"image\/png\" \/>\n<meta name=\"twitter:card\" content=\"summary_large_image\" \/>\n<meta name=\"twitter:label1\" content=\"Dur\u00e9e de lecture estim\u00e9e\" \/>\n\t<meta name=\"twitter:data1\" content=\"1 minute\" \/>\n<script type=\"application\/ld+json\" class=\"yoast-schema-graph\">{\"@context\":\"https:\/\/schema.org\",\"@graph\":[{\"@type\":\"WebPage\",\"@id\":\"https:\/\/www.art-natur.ch\/fr\/produit\/pads-en-silicone-in-lei-one-xxl1\/\",\"url\":\"https:\/\/www.art-natur.ch\/fr\/produit\/pads-en-silicone-in-lei-one-xxl1\/\",\"name\":\"Pads en silicone In Lei\u00ae ONE XXL1 - LASHES&amp;BROWS by Nataliya Reinhard\",\"isPartOf\":{\"@id\":\"https:\/\/www.art-natur.ch\/fr\/#website\"},\"primaryImageOfPage\":{\"@id\":\"https:\/\/www.art-natur.ch\/fr\/produit\/pads-en-silicone-in-lei-one-xxl1\/#primaryimage\"},\"image\":{\"@id\":\"https:\/\/www.art-natur.ch\/fr\/produit\/pads-en-silicone-in-lei-one-xxl1\/#primaryimage\"},\"thumbnailUrl\":\"https:\/\/www.art-natur.ch\/wp-content\/uploads\/2024\/09\/2957681498-Photoroom.png\",\"datePublished\":\"2024-09-26T19:53:12+00:00\",\"dateModified\":\"2025-01-20T20:15:47+00:00\",\"description\":\"Coussinets en silicone XXL1 pour le lifting des cils, donnent aux cils longs la courbure parfaite. Convient pour les paupi\u00e8res normales. R\u00e9serv\u00e9 aux professionnels.\",\"breadcrumb\":{\"@id\":\"https:\/\/www.art-natur.ch\/fr\/produit\/pads-en-silicone-in-lei-one-xxl1\/#breadcrumb\"},\"inLanguage\":\"fr-FR\",\"potentialAction\":[{\"@type\":\"ReadAction\",\"target\":[\"https:\/\/www.art-natur.ch\/fr\/produit\/pads-en-silicone-in-lei-one-xxl1\/\"]}]},{\"@type\":\"ImageObject\",\"inLanguage\":\"fr-FR\",\"@id\":\"https:\/\/www.art-natur.ch\/fr\/produit\/pads-en-silicone-in-lei-one-xxl1\/#primaryimage\",\"url\":\"https:\/\/www.art-natur.ch\/wp-content\/uploads\/2024\/09\/2957681498-Photoroom.png\",\"contentUrl\":\"https:\/\/www.art-natur.ch\/wp-content\/uploads\/2024\/09\/2957681498-Photoroom.png\",\"width\":669,\"height\":801},{\"@type\":\"BreadcrumbList\",\"@id\":\"https:\/\/www.art-natur.ch\/fr\/produit\/pads-en-silicone-in-lei-one-xxl1\/#breadcrumb\",\"itemListElement\":[{\"@type\":\"ListItem\",\"position\":1,\"name\":\"Home\",\"item\":\"https:\/\/www.art-natur.ch\/fr\/\"},{\"@type\":\"ListItem\",\"position\":2,\"name\":\"Boutique\",\"item\":\"https:\/\/www.art-natur.ch\/shop\/\"},{\"@type\":\"ListItem\",\"position\":3,\"name\":\"Pads en silicone In Lei\u00ae ONE XXL1\"}]},{\"@type\":\"WebSite\",\"@id\":\"https:\/\/www.art-natur.ch\/fr\/#website\",\"url\":\"https:\/\/www.art-natur.ch\/fr\/\",\"name\":\"LASHES&amp;BROWS by Nataliya Reinhard\",\"description\":\"High-quality lash and brow services with attention to every detail\",\"potentialAction\":[{\"@type\":\"SearchAction\",\"target\":{\"@type\":\"EntryPoint\",\"urlTemplate\":\"https:\/\/www.art-natur.ch\/fr\/?s={search_term_string}\"},\"query-input\":{\"@type\":\"PropertyValueSpecification\",\"valueRequired\":true,\"valueName\":\"search_term_string\"}}],\"inLanguage\":\"fr-FR\"}]}<\/script>\n<!-- \/ Yoast SEO plugin. -->","yoast_head_json":{"title":"Pads en silicone In Lei\u00ae ONE XXL1 - LASHES&amp;BROWS by Nataliya Reinhard","description":"Coussinets en silicone XXL1 pour le lifting des cils, donnent aux cils longs la courbure parfaite. Convient pour les paupi\u00e8res normales. R\u00e9serv\u00e9 aux professionnels.","robots":{"index":"index","follow":"follow","max-snippet":"max-snippet:-1","max-image-preview":"max-image-preview:large","max-video-preview":"max-video-preview:-1"},"canonical":"https:\/\/www.art-natur.ch\/fr\/produit\/pads-en-silicone-in-lei-one-xxl1\/","og_locale":"fr_FR","og_type":"article","og_title":"Pads en silicone In Lei\u00ae ONE XXL1 - LASHES&amp;BROWS by Nataliya Reinhard","og_description":"Coussinets en silicone XXL1 pour le lifting des cils, donnent aux cils longs la courbure parfaite. Convient pour les paupi\u00e8res normales. R\u00e9serv\u00e9 aux professionnels.","og_url":"https:\/\/www.art-natur.ch\/fr\/produit\/pads-en-silicone-in-lei-one-xxl1\/","og_site_name":"LASHES&amp;BROWS by Nataliya Reinhard","article_modified_time":"2025-01-20T20:15:47+00:00","og_image":[{"width":669,"height":801,"url":"https:\/\/www.art-natur.ch\/wp-content\/uploads\/2024\/09\/2957681498-Photoroom.png","type":"image\/png"}],"twitter_card":"summary_large_image","twitter_misc":{"Dur\u00e9e de lecture estim\u00e9e":"1 minute"},"schema":{"@context":"https:\/\/schema.org","@graph":[{"@type":"WebPage","@id":"https:\/\/www.art-natur.ch\/fr\/produit\/pads-en-silicone-in-lei-one-xxl1\/","url":"https:\/\/www.art-natur.ch\/fr\/produit\/pads-en-silicone-in-lei-one-xxl1\/","name":"Pads en silicone In Lei\u00ae ONE XXL1 - LASHES&amp;BROWS by Nataliya Reinhard","isPartOf":{"@id":"https:\/\/www.art-natur.ch\/fr\/#website"},"primaryImageOfPage":{"@id":"https:\/\/www.art-natur.ch\/fr\/produit\/pads-en-silicone-in-lei-one-xxl1\/#primaryimage"},"image":{"@id":"https:\/\/www.art-natur.ch\/fr\/produit\/pads-en-silicone-in-lei-one-xxl1\/#primaryimage"},"thumbnailUrl":"https:\/\/www.art-natur.ch\/wp-content\/uploads\/2024\/09\/2957681498-Photoroom.png","datePublished":"2024-09-26T19:53:12+00:00","dateModified":"2025-01-20T20:15:47+00:00","description":"Coussinets en silicone XXL1 pour le lifting des cils, donnent aux cils longs la courbure parfaite. Convient pour les paupi\u00e8res normales. R\u00e9serv\u00e9 aux professionnels.","breadcrumb":{"@id":"https:\/\/www.art-natur.ch\/fr\/produit\/pads-en-silicone-in-lei-one-xxl1\/#breadcrumb"},"inLanguage":"fr-FR","potentialAction":[{"@type":"ReadAction","target":["https:\/\/www.art-natur.ch\/fr\/produit\/pads-en-silicone-in-lei-one-xxl1\/"]}]},{"@type":"ImageObject","inLanguage":"fr-FR","@id":"https:\/\/www.art-natur.ch\/fr\/produit\/pads-en-silicone-in-lei-one-xxl1\/#primaryimage","url":"https:\/\/www.art-natur.ch\/wp-content\/uploads\/2024\/09\/2957681498-Photoroom.png","contentUrl":"https:\/\/www.art-natur.ch\/wp-content\/uploads\/2024\/09\/2957681498-Photoroom.png","width":669,"height":801},{"@type":"BreadcrumbList","@id":"https:\/\/www.art-natur.ch\/fr\/produit\/pads-en-silicone-in-lei-one-xxl1\/#breadcrumb","itemListElement":[{"@type":"ListItem","position":1,"name":"Home","item":"https:\/\/www.art-natur.ch\/fr\/"},{"@type":"ListItem","position":2,"name":"Boutique","item":"https:\/\/www.art-natur.ch\/shop\/"},{"@type":"ListItem","position":3,"name":"Pads en silicone In Lei\u00ae ONE XXL1"}]},{"@type":"WebSite","@id":"https:\/\/www.art-natur.ch\/fr\/#website","url":"https:\/\/www.art-natur.ch\/fr\/","name":"LASHES&amp;BROWS by Nataliya Reinhard","description":"High-quality lash and brow services with attention to every detail","potentialAction":[{"@type":"SearchAction","target":{"@type":"EntryPoint","urlTemplate":"https:\/\/www.art-natur.ch\/fr\/?s={search_term_string}"},"query-input":{"@type":"PropertyValueSpecification","valueRequired":true,"valueName":"search_term_string"}}],"inLanguage":"fr-FR"}]}},"_links":{"self":[{"href":"https:\/\/www.art-natur.ch\/fr\/wp-json\/wp\/v2\/product\/2376","targetHints":{"allow":["GET"]}}],"collection":[{"href":"https:\/\/www.art-natur.ch\/fr\/wp-json\/wp\/v2\/product"}],"about":[{"href":"https:\/\/www.art-natur.ch\/fr\/wp-json\/wp\/v2\/types\/product"}],"wp:featuredmedia":[{"embeddable":true,"href":"https:\/\/www.art-natur.ch\/fr\/wp-json\/wp\/v2\/media\/7361"}],"wp:attachment":[{"href":"https:\/\/www.art-natur.ch\/fr\/wp-json\/wp\/v2\/media?parent=2376"}],"wp:term":[{"taxonomy":"product_cat","embeddable":true,"href":"https:\/\/www.art-natur.ch\/fr\/wp-json\/wp\/v2\/product_cat?post=2376"},{"taxonomy":"product_tag","embeddable":true,"href":"https:\/\/www.art-natur.ch\/fr\/wp-json\/wp\/v2\/product_tag?post=2376"}],"curies":[{"name":"wp","href":"https:\/\/api.w.org\/{rel}","templated":true}]}}