{"id":2411,"date":"2024-09-26T21:01:17","date_gmt":"2024-09-26T20:01:17","guid":{"rendered":"https:\/\/www.art-natur.ch\/product\/patchs-en-silicone\/"},"modified":"2024-10-18T16:36:21","modified_gmt":"2024-10-18T14:36:21","slug":"patchs-en-silicone","status":"publish","type":"product","link":"https:\/\/www.art-natur.ch\/fr\/produit\/patchs-en-silicone\/","title":{"rendered":"Patchs en silicone"},"content":{"rendered":"<p>Formes en silicone innovantes pour le lamination des cils avec la technologie Easy Lift:<\/p>\n<p>THE BENDING POINT permet une s\u00e9lection rapide et sans erreur de la taille de forme souhait\u00e9e en fonction de la longueur des cils et vous permet de d\u00e9terminer la zone d&rsquo;application de la composition \u00e0 cr\u00e9er une forme de boucle diff\u00e9rente. L&rsquo;application plate de la pointe emp\u00eache le froissement des cils.<br \/>\nUN JOINT LISSE AUX COINS INT\u00c9RIEURS DE L&rsquo;\u0152IL vous permet de cr\u00e9er une boucle uniforme et belle sans plis ni recourbement, et fournit \u00e9galement un calcul simplifi\u00e9 des compositions sans mesures sp\u00e9ciales.<br \/>\nLIFTING TYPE de formes (S, M) vous permet de travailler avec des paupi\u00e8res tombantes et soul\u00e8ve les cils de la racine.<br \/>\nLe TYPE ROND de formes (M1, M2, L, L1) vous permet de travailler avec une large ligne de cils et cr\u00e9e une boucle expressive.<br \/>\nLa longueur optimale de la forme convient \u00e0 tout type et \u00e0 toute forme de l&rsquo;\u0153il, et vous permet d&rsquo;obtenir diff\u00e9rents effets lorsqu&rsquo;il est positionn\u00e9 sur la paupi\u00e8re avec un l\u00e9ger d\u00e9calage. Les formes correspondent \u00e0 la structure anatomique de l&rsquo;\u0153il, gr\u00e2ce \u00e0 laquelle elles se placent facilement et en douceur sur la paupi\u00e8re. L&rsquo;asym\u00e9trie autour du centre vous permet de les \u00e9changer, obtenant ainsi une vari\u00e9t\u00e9 d&rsquo;effets et vous permettant de travailler avec des cils \u00abcomplexes\u00bb. La taille compacte du p\u00e9tale offre un confort pour le client et la commodit\u00e9 du ma\u00eetre dans le processus de fixation de la forme et des cils, tout en prot\u00e9geant la paupi\u00e8re pendant la teinture. Une large gamme de tailles vous permet de travailler avec des cils de diff\u00e9rentes longueurs.<br \/>\nLe silicone doux hypoallerg\u00e9nique avec une surface velout\u00e9e cr\u00e9e une sensation de confort pour le client et est facile \u00e0 travailler: la forme est flexible et bien fix\u00e9e, le rev\u00eatement mat antid\u00e9rapant facilite la mise en page des cils. La couleur vous permet de travailler avec des cils clairs et fonc\u00e9s. Les moules sont faciles \u00e0 entretenir: le mat\u00e9riau leur permet d&rsquo;\u00eatre st\u00e9rilis\u00e9s \u00e0 la chaleur s\u00e8che.<\/p>\n","protected":false},"excerpt":{"rendered":"<p>Formes en silicone innovantes pour le lamination des cils avec la technologie Easy Lift: THE BENDING POINT permet une s\u00e9lection rapide et sans erreur de la taille de forme souhait\u00e9e en fonction de la longueur des cils et vous permet de d\u00e9terminer la zone d&rsquo;application de la composition \u00e0 cr\u00e9er une forme de boucle diff\u00e9rente. [&hellip;]<\/p>\n","protected":false},"featured_media":7345,"template":"","meta":{"_acf_changed":false,"inline_featured_image":false},"product_cat":[150,154,156],"product_tag":[],"class_list":{"0":"post-2411","1":"product","2":"type-product","3":"status-publish","4":"has-post-thumbnail","6":"product_brand-lash-botox","7":"product_cat-rehaussement-des-cils","8":"product_cat-bigoudis-et-patchs","9":"product_cat-bigoudis","11":"first","12":"instock","13":"shipping-taxable","14":"purchasable","15":"product-type-simple"},"acf":[],"yoast_head":"<!-- This site is optimized with the Yoast SEO plugin v26.6 - https:\/\/yoast.com\/wordpress\/plugins\/seo\/ -->\n<title>Patchs en silicone - LASHES&amp;BROWS by Nataliya Reinhard<\/title>\n<meta name=\"description\" content=\"Formes en silicone innovantes pour lamination des cils, permettant une s\u00e9lection rapide de la taille et un curl parfait sans plis.\" \/>\n<meta name=\"robots\" content=\"index, follow, max-snippet:-1, max-image-preview:large, max-video-preview:-1\" \/>\n<link rel=\"canonical\" href=\"https:\/\/www.art-natur.ch\/fr\/produit\/patchs-en-silicone\/\" \/>\n<meta property=\"og:locale\" content=\"fr_FR\" \/>\n<meta property=\"og:type\" content=\"article\" \/>\n<meta property=\"og:title\" content=\"Patchs en silicone - LASHES&amp;BROWS by Nataliya Reinhard\" \/>\n<meta property=\"og:description\" content=\"Formes en silicone innovantes pour lamination des cils, permettant une s\u00e9lection rapide de la taille et un curl parfait sans plis.\" \/>\n<meta property=\"og:url\" content=\"https:\/\/www.art-natur.ch\/fr\/produit\/patchs-en-silicone\/\" \/>\n<meta property=\"og:site_name\" content=\"LASHES&amp;BROWS by Nataliya Reinhard\" \/>\n<meta property=\"article:modified_time\" content=\"2024-10-18T14:36:21+00:00\" \/>\n<meta property=\"og:image\" content=\"https:\/\/www.art-natur.ch\/wp-content\/uploads\/2024\/09\/2172374314-Photoroom.png\" \/>\n\t<meta property=\"og:image:width\" content=\"800\" \/>\n\t<meta property=\"og:image:height\" content=\"800\" \/>\n\t<meta property=\"og:image:type\" content=\"image\/png\" \/>\n<meta name=\"twitter:card\" content=\"summary_large_image\" \/>\n<meta name=\"twitter:label1\" content=\"Dur\u00e9e de lecture estim\u00e9e\" \/>\n\t<meta name=\"twitter:data1\" content=\"2 minutes\" \/>\n<script type=\"application\/ld+json\" class=\"yoast-schema-graph\">{\"@context\":\"https:\/\/schema.org\",\"@graph\":[{\"@type\":\"WebPage\",\"@id\":\"https:\/\/www.art-natur.ch\/fr\/produit\/patchs-en-silicone\/\",\"url\":\"https:\/\/www.art-natur.ch\/fr\/produit\/patchs-en-silicone\/\",\"name\":\"Patchs en silicone - LASHES&amp;BROWS by Nataliya Reinhard\",\"isPartOf\":{\"@id\":\"https:\/\/www.art-natur.ch\/fr\/#website\"},\"primaryImageOfPage\":{\"@id\":\"https:\/\/www.art-natur.ch\/fr\/produit\/patchs-en-silicone\/#primaryimage\"},\"image\":{\"@id\":\"https:\/\/www.art-natur.ch\/fr\/produit\/patchs-en-silicone\/#primaryimage\"},\"thumbnailUrl\":\"https:\/\/www.art-natur.ch\/wp-content\/uploads\/2024\/09\/2172374314-Photoroom.png\",\"datePublished\":\"2024-09-26T20:01:17+00:00\",\"dateModified\":\"2024-10-18T14:36:21+00:00\",\"description\":\"Formes en silicone innovantes pour lamination des cils, permettant une s\u00e9lection rapide de la taille et un curl parfait sans plis.\",\"breadcrumb\":{\"@id\":\"https:\/\/www.art-natur.ch\/fr\/produit\/patchs-en-silicone\/#breadcrumb\"},\"inLanguage\":\"fr-FR\",\"potentialAction\":[{\"@type\":\"ReadAction\",\"target\":[\"https:\/\/www.art-natur.ch\/fr\/produit\/patchs-en-silicone\/\"]}]},{\"@type\":\"ImageObject\",\"inLanguage\":\"fr-FR\",\"@id\":\"https:\/\/www.art-natur.ch\/fr\/produit\/patchs-en-silicone\/#primaryimage\",\"url\":\"https:\/\/www.art-natur.ch\/wp-content\/uploads\/2024\/09\/2172374314-Photoroom.png\",\"contentUrl\":\"https:\/\/www.art-natur.ch\/wp-content\/uploads\/2024\/09\/2172374314-Photoroom.png\",\"width\":800,\"height\":800},{\"@type\":\"BreadcrumbList\",\"@id\":\"https:\/\/www.art-natur.ch\/fr\/produit\/patchs-en-silicone\/#breadcrumb\",\"itemListElement\":[{\"@type\":\"ListItem\",\"position\":1,\"name\":\"Home\",\"item\":\"https:\/\/www.art-natur.ch\/fr\/\"},{\"@type\":\"ListItem\",\"position\":2,\"name\":\"Boutique\",\"item\":\"https:\/\/www.art-natur.ch\/shop\/\"},{\"@type\":\"ListItem\",\"position\":3,\"name\":\"Patchs en silicone\"}]},{\"@type\":\"WebSite\",\"@id\":\"https:\/\/www.art-natur.ch\/fr\/#website\",\"url\":\"https:\/\/www.art-natur.ch\/fr\/\",\"name\":\"LASHES&amp;BROWS by Nataliya Reinhard\",\"description\":\"High-quality lash and brow services with attention to every detail\",\"potentialAction\":[{\"@type\":\"SearchAction\",\"target\":{\"@type\":\"EntryPoint\",\"urlTemplate\":\"https:\/\/www.art-natur.ch\/fr\/?s={search_term_string}\"},\"query-input\":{\"@type\":\"PropertyValueSpecification\",\"valueRequired\":true,\"valueName\":\"search_term_string\"}}],\"inLanguage\":\"fr-FR\"}]}<\/script>\n<!-- \/ Yoast SEO plugin. -->","yoast_head_json":{"title":"Patchs en silicone - LASHES&amp;BROWS by Nataliya Reinhard","description":"Formes en silicone innovantes pour lamination des cils, permettant une s\u00e9lection rapide de la taille et un curl parfait sans plis.","robots":{"index":"index","follow":"follow","max-snippet":"max-snippet:-1","max-image-preview":"max-image-preview:large","max-video-preview":"max-video-preview:-1"},"canonical":"https:\/\/www.art-natur.ch\/fr\/produit\/patchs-en-silicone\/","og_locale":"fr_FR","og_type":"article","og_title":"Patchs en silicone - LASHES&amp;BROWS by Nataliya Reinhard","og_description":"Formes en silicone innovantes pour lamination des cils, permettant une s\u00e9lection rapide de la taille et un curl parfait sans plis.","og_url":"https:\/\/www.art-natur.ch\/fr\/produit\/patchs-en-silicone\/","og_site_name":"LASHES&amp;BROWS by Nataliya Reinhard","article_modified_time":"2024-10-18T14:36:21+00:00","og_image":[{"width":800,"height":800,"url":"https:\/\/www.art-natur.ch\/wp-content\/uploads\/2024\/09\/2172374314-Photoroom.png","type":"image\/png"}],"twitter_card":"summary_large_image","twitter_misc":{"Dur\u00e9e de lecture estim\u00e9e":"2 minutes"},"schema":{"@context":"https:\/\/schema.org","@graph":[{"@type":"WebPage","@id":"https:\/\/www.art-natur.ch\/fr\/produit\/patchs-en-silicone\/","url":"https:\/\/www.art-natur.ch\/fr\/produit\/patchs-en-silicone\/","name":"Patchs en silicone - LASHES&amp;BROWS by Nataliya Reinhard","isPartOf":{"@id":"https:\/\/www.art-natur.ch\/fr\/#website"},"primaryImageOfPage":{"@id":"https:\/\/www.art-natur.ch\/fr\/produit\/patchs-en-silicone\/#primaryimage"},"image":{"@id":"https:\/\/www.art-natur.ch\/fr\/produit\/patchs-en-silicone\/#primaryimage"},"thumbnailUrl":"https:\/\/www.art-natur.ch\/wp-content\/uploads\/2024\/09\/2172374314-Photoroom.png","datePublished":"2024-09-26T20:01:17+00:00","dateModified":"2024-10-18T14:36:21+00:00","description":"Formes en silicone innovantes pour lamination des cils, permettant une s\u00e9lection rapide de la taille et un curl parfait sans plis.","breadcrumb":{"@id":"https:\/\/www.art-natur.ch\/fr\/produit\/patchs-en-silicone\/#breadcrumb"},"inLanguage":"fr-FR","potentialAction":[{"@type":"ReadAction","target":["https:\/\/www.art-natur.ch\/fr\/produit\/patchs-en-silicone\/"]}]},{"@type":"ImageObject","inLanguage":"fr-FR","@id":"https:\/\/www.art-natur.ch\/fr\/produit\/patchs-en-silicone\/#primaryimage","url":"https:\/\/www.art-natur.ch\/wp-content\/uploads\/2024\/09\/2172374314-Photoroom.png","contentUrl":"https:\/\/www.art-natur.ch\/wp-content\/uploads\/2024\/09\/2172374314-Photoroom.png","width":800,"height":800},{"@type":"BreadcrumbList","@id":"https:\/\/www.art-natur.ch\/fr\/produit\/patchs-en-silicone\/#breadcrumb","itemListElement":[{"@type":"ListItem","position":1,"name":"Home","item":"https:\/\/www.art-natur.ch\/fr\/"},{"@type":"ListItem","position":2,"name":"Boutique","item":"https:\/\/www.art-natur.ch\/shop\/"},{"@type":"ListItem","position":3,"name":"Patchs en silicone"}]},{"@type":"WebSite","@id":"https:\/\/www.art-natur.ch\/fr\/#website","url":"https:\/\/www.art-natur.ch\/fr\/","name":"LASHES&amp;BROWS by Nataliya Reinhard","description":"High-quality lash and brow services with attention to every detail","potentialAction":[{"@type":"SearchAction","target":{"@type":"EntryPoint","urlTemplate":"https:\/\/www.art-natur.ch\/fr\/?s={search_term_string}"},"query-input":{"@type":"PropertyValueSpecification","valueRequired":true,"valueName":"search_term_string"}}],"inLanguage":"fr-FR"}]}},"_links":{"self":[{"href":"https:\/\/www.art-natur.ch\/fr\/wp-json\/wp\/v2\/product\/2411","targetHints":{"allow":["GET"]}}],"collection":[{"href":"https:\/\/www.art-natur.ch\/fr\/wp-json\/wp\/v2\/product"}],"about":[{"href":"https:\/\/www.art-natur.ch\/fr\/wp-json\/wp\/v2\/types\/product"}],"wp:featuredmedia":[{"embeddable":true,"href":"https:\/\/www.art-natur.ch\/fr\/wp-json\/wp\/v2\/media\/7345"}],"wp:attachment":[{"href":"https:\/\/www.art-natur.ch\/fr\/wp-json\/wp\/v2\/media?parent=2411"}],"wp:term":[{"taxonomy":"product_cat","embeddable":true,"href":"https:\/\/www.art-natur.ch\/fr\/wp-json\/wp\/v2\/product_cat?post=2411"},{"taxonomy":"product_tag","embeddable":true,"href":"https:\/\/www.art-natur.ch\/fr\/wp-json\/wp\/v2\/product_tag?post=2411"}],"curies":[{"name":"wp","href":"https:\/\/api.w.org\/{rel}","templated":true}]}}