{"id":2418,"date":"2024-09-26T21:09:47","date_gmt":"2024-09-26T19:09:47","guid":{"rendered":"https:\/\/www.art-natur.ch\/product\/pate-de-marquage-pour-la-correction-des-sourcils-henna-expert-15gr\/"},"modified":"2024-10-13T20:00:57","modified_gmt":"2024-10-13T18:00:57","slug":"pate-de-marquage-pour-la-correction-des-sourcils-henna-expert-15gr","status":"publish","type":"product","link":"https:\/\/www.art-natur.ch\/fr\/produit\/pate-de-marquage-pour-la-correction-des-sourcils-henna-expert-15gr\/","title":{"rendered":"P\u00e2te de marquage pour la correction des sourcils HENNA EXPERT (15gr)"},"content":{"rendered":"<p>La p\u00e2te blanche contrast\u00e9e est con\u00e7ue pour le modelage rapide de formes individuelles lors de la coloration au henn\u00e9 ou \u00e0 la teinture. Consistance dense : la p\u00e2te ne coule pas, elle est facile \u00e0 appliquer et permet d&rsquo;obtenir des lignes parfaitement lisses ; Elasticit\u00e9 : la p\u00e2te ne se dess\u00e8che pas et ne s&rsquo;effrite pas pendant la proc\u00e9dure ; Formule douce : la p\u00e2te ne s\u00e8che pas et n&rsquo;irrite pas la peau lorsqu&rsquo;on l&rsquo;enl\u00e8ve ; Sans agents de conservation ni parfums ! La p\u00e2te \u00e0 sourcils est fabriqu\u00e9e \u00e0 base de cire d&rsquo;abeille et de lanoline. La p\u00e2te HENNA EXPERT peut \u00eatre utilis\u00e9e aussi bien pour la coloration professionnelle que pour la coloration \u00e0 domicile. Une esquisse de la forme des sourcils est \u00e9labor\u00e9e sur la base des caract\u00e9ristiques naturelles du client : la forme et le sch\u00e9ma de croissance des sourcils, les particularit\u00e9s de la structure du visage, l&#8217;emplacement des yeux, la forme du nez, des l\u00e8vres, et une l\u00e9g\u00e8re asym\u00e9trie naturelle). Et vous pouvez facilement contr\u00f4ler les limites de la forme simul\u00e9e !<\/p>\n","protected":false},"excerpt":{"rendered":"<p>La p\u00e2te blanche contrast\u00e9e est con\u00e7ue pour le modelage rapide de formes individuelles lors de la coloration au henn\u00e9 ou \u00e0 la teinture. Consistance dense : la p\u00e2te ne coule pas, elle est facile \u00e0 appliquer et permet d&rsquo;obtenir des lignes parfaitement lisses ; Elasticit\u00e9 : la p\u00e2te ne se dess\u00e8che pas et ne s&rsquo;effrite [&hellip;]<\/p>\n","protected":false},"featured_media":7333,"template":"","meta":{"_acf_changed":false,"inline_featured_image":false},"product_cat":[119,121,127],"product_tag":[],"class_list":{"0":"post-2418","1":"product","2":"type-product","3":"status-publish","4":"has-post-thumbnail","6":"product_brand-henna-expert","7":"product_cat-coloration-et-correction-des-sourcils","8":"product_cat-henne-pour-les-sourcils","9":"product_cat-orrection","11":"first","12":"instock","13":"shipping-taxable","14":"purchasable","15":"product-type-simple"},"acf":[],"yoast_head":"<!-- This site is optimized with the Yoast SEO plugin v26.6 - https:\/\/yoast.com\/wordpress\/plugins\/seo\/ -->\n<title>P\u00e2te de marquage pour la correction des sourcils HENNA EXPERT (15gr) - LASHES&amp;BROWS by Nataliya Reinhard<\/title>\n<meta name=\"description\" content=\"P\u00e2te blanche contrast\u00e9e pour le modelage rapide des sourcils au henn\u00e9. Application facile, ne coule pas, et ne s\u00e8che pas.\" \/>\n<meta name=\"robots\" content=\"index, follow, max-snippet:-1, max-image-preview:large, max-video-preview:-1\" \/>\n<link rel=\"canonical\" href=\"https:\/\/www.art-natur.ch\/fr\/produit\/pate-de-marquage-pour-la-correction-des-sourcils-henna-expert-15gr\/\" \/>\n<meta property=\"og:locale\" content=\"fr_FR\" \/>\n<meta property=\"og:type\" content=\"article\" \/>\n<meta property=\"og:title\" content=\"P\u00e2te de marquage pour la correction des sourcils HENNA EXPERT (15gr) - LASHES&amp;BROWS by Nataliya Reinhard\" \/>\n<meta property=\"og:description\" content=\"P\u00e2te blanche contrast\u00e9e pour le modelage rapide des sourcils au henn\u00e9. Application facile, ne coule pas, et ne s\u00e8che pas.\" \/>\n<meta property=\"og:url\" content=\"https:\/\/www.art-natur.ch\/fr\/produit\/pate-de-marquage-pour-la-correction-des-sourcils-henna-expert-15gr\/\" \/>\n<meta property=\"og:site_name\" content=\"LASHES&amp;BROWS by Nataliya Reinhard\" \/>\n<meta property=\"article:modified_time\" content=\"2024-10-13T18:00:57+00:00\" \/>\n<meta property=\"og:image\" content=\"https:\/\/www.art-natur.ch\/wp-content\/uploads\/2024\/09\/2555158652-1-Photoroom.png\" \/>\n\t<meta property=\"og:image:width\" content=\"600\" \/>\n\t<meta property=\"og:image:height\" content=\"662\" \/>\n\t<meta property=\"og:image:type\" content=\"image\/png\" \/>\n<meta name=\"twitter:card\" content=\"summary_large_image\" \/>\n<meta name=\"twitter:label1\" content=\"Dur\u00e9e de lecture estim\u00e9e\" \/>\n\t<meta name=\"twitter:data1\" content=\"1 minute\" \/>\n<script type=\"application\/ld+json\" class=\"yoast-schema-graph\">{\"@context\":\"https:\/\/schema.org\",\"@graph\":[{\"@type\":\"WebPage\",\"@id\":\"https:\/\/www.art-natur.ch\/fr\/produit\/pate-de-marquage-pour-la-correction-des-sourcils-henna-expert-15gr\/\",\"url\":\"https:\/\/www.art-natur.ch\/fr\/produit\/pate-de-marquage-pour-la-correction-des-sourcils-henna-expert-15gr\/\",\"name\":\"P\u00e2te de marquage pour la correction des sourcils HENNA EXPERT (15gr) - LASHES&amp;BROWS by Nataliya Reinhard\",\"isPartOf\":{\"@id\":\"https:\/\/www.art-natur.ch\/fr\/#website\"},\"primaryImageOfPage\":{\"@id\":\"https:\/\/www.art-natur.ch\/fr\/produit\/pate-de-marquage-pour-la-correction-des-sourcils-henna-expert-15gr\/#primaryimage\"},\"image\":{\"@id\":\"https:\/\/www.art-natur.ch\/fr\/produit\/pate-de-marquage-pour-la-correction-des-sourcils-henna-expert-15gr\/#primaryimage\"},\"thumbnailUrl\":\"https:\/\/www.art-natur.ch\/wp-content\/uploads\/2024\/09\/2555158652-1-Photoroom.png\",\"datePublished\":\"2024-09-26T19:09:47+00:00\",\"dateModified\":\"2024-10-13T18:00:57+00:00\",\"description\":\"P\u00e2te blanche contrast\u00e9e pour le modelage rapide des sourcils au henn\u00e9. Application facile, ne coule pas, et ne s\u00e8che pas.\",\"breadcrumb\":{\"@id\":\"https:\/\/www.art-natur.ch\/fr\/produit\/pate-de-marquage-pour-la-correction-des-sourcils-henna-expert-15gr\/#breadcrumb\"},\"inLanguage\":\"fr-FR\",\"potentialAction\":[{\"@type\":\"ReadAction\",\"target\":[\"https:\/\/www.art-natur.ch\/fr\/produit\/pate-de-marquage-pour-la-correction-des-sourcils-henna-expert-15gr\/\"]}]},{\"@type\":\"ImageObject\",\"inLanguage\":\"fr-FR\",\"@id\":\"https:\/\/www.art-natur.ch\/fr\/produit\/pate-de-marquage-pour-la-correction-des-sourcils-henna-expert-15gr\/#primaryimage\",\"url\":\"https:\/\/www.art-natur.ch\/wp-content\/uploads\/2024\/09\/2555158652-1-Photoroom.png\",\"contentUrl\":\"https:\/\/www.art-natur.ch\/wp-content\/uploads\/2024\/09\/2555158652-1-Photoroom.png\",\"width\":600,\"height\":662},{\"@type\":\"BreadcrumbList\",\"@id\":\"https:\/\/www.art-natur.ch\/fr\/produit\/pate-de-marquage-pour-la-correction-des-sourcils-henna-expert-15gr\/#breadcrumb\",\"itemListElement\":[{\"@type\":\"ListItem\",\"position\":1,\"name\":\"Home\",\"item\":\"https:\/\/www.art-natur.ch\/fr\/\"},{\"@type\":\"ListItem\",\"position\":2,\"name\":\"Boutique\",\"item\":\"https:\/\/www.art-natur.ch\/shop\/\"},{\"@type\":\"ListItem\",\"position\":3,\"name\":\"P\u00e2te de marquage pour la correction des sourcils HENNA EXPERT (15gr)\"}]},{\"@type\":\"WebSite\",\"@id\":\"https:\/\/www.art-natur.ch\/fr\/#website\",\"url\":\"https:\/\/www.art-natur.ch\/fr\/\",\"name\":\"LASHES&amp;BROWS by Nataliya Reinhard\",\"description\":\"High-quality lash and brow services with attention to every detail\",\"potentialAction\":[{\"@type\":\"SearchAction\",\"target\":{\"@type\":\"EntryPoint\",\"urlTemplate\":\"https:\/\/www.art-natur.ch\/fr\/?s={search_term_string}\"},\"query-input\":{\"@type\":\"PropertyValueSpecification\",\"valueRequired\":true,\"valueName\":\"search_term_string\"}}],\"inLanguage\":\"fr-FR\"}]}<\/script>\n<!-- \/ Yoast SEO plugin. -->","yoast_head_json":{"title":"P\u00e2te de marquage pour la correction des sourcils HENNA EXPERT (15gr) - LASHES&amp;BROWS by Nataliya Reinhard","description":"P\u00e2te blanche contrast\u00e9e pour le modelage rapide des sourcils au henn\u00e9. Application facile, ne coule pas, et ne s\u00e8che pas.","robots":{"index":"index","follow":"follow","max-snippet":"max-snippet:-1","max-image-preview":"max-image-preview:large","max-video-preview":"max-video-preview:-1"},"canonical":"https:\/\/www.art-natur.ch\/fr\/produit\/pate-de-marquage-pour-la-correction-des-sourcils-henna-expert-15gr\/","og_locale":"fr_FR","og_type":"article","og_title":"P\u00e2te de marquage pour la correction des sourcils HENNA EXPERT (15gr) - LASHES&amp;BROWS by Nataliya Reinhard","og_description":"P\u00e2te blanche contrast\u00e9e pour le modelage rapide des sourcils au henn\u00e9. Application facile, ne coule pas, et ne s\u00e8che pas.","og_url":"https:\/\/www.art-natur.ch\/fr\/produit\/pate-de-marquage-pour-la-correction-des-sourcils-henna-expert-15gr\/","og_site_name":"LASHES&amp;BROWS by Nataliya Reinhard","article_modified_time":"2024-10-13T18:00:57+00:00","og_image":[{"width":600,"height":662,"url":"https:\/\/www.art-natur.ch\/wp-content\/uploads\/2024\/09\/2555158652-1-Photoroom.png","type":"image\/png"}],"twitter_card":"summary_large_image","twitter_misc":{"Dur\u00e9e de lecture estim\u00e9e":"1 minute"},"schema":{"@context":"https:\/\/schema.org","@graph":[{"@type":"WebPage","@id":"https:\/\/www.art-natur.ch\/fr\/produit\/pate-de-marquage-pour-la-correction-des-sourcils-henna-expert-15gr\/","url":"https:\/\/www.art-natur.ch\/fr\/produit\/pate-de-marquage-pour-la-correction-des-sourcils-henna-expert-15gr\/","name":"P\u00e2te de marquage pour la correction des sourcils HENNA EXPERT (15gr) - LASHES&amp;BROWS by Nataliya Reinhard","isPartOf":{"@id":"https:\/\/www.art-natur.ch\/fr\/#website"},"primaryImageOfPage":{"@id":"https:\/\/www.art-natur.ch\/fr\/produit\/pate-de-marquage-pour-la-correction-des-sourcils-henna-expert-15gr\/#primaryimage"},"image":{"@id":"https:\/\/www.art-natur.ch\/fr\/produit\/pate-de-marquage-pour-la-correction-des-sourcils-henna-expert-15gr\/#primaryimage"},"thumbnailUrl":"https:\/\/www.art-natur.ch\/wp-content\/uploads\/2024\/09\/2555158652-1-Photoroom.png","datePublished":"2024-09-26T19:09:47+00:00","dateModified":"2024-10-13T18:00:57+00:00","description":"P\u00e2te blanche contrast\u00e9e pour le modelage rapide des sourcils au henn\u00e9. Application facile, ne coule pas, et ne s\u00e8che pas.","breadcrumb":{"@id":"https:\/\/www.art-natur.ch\/fr\/produit\/pate-de-marquage-pour-la-correction-des-sourcils-henna-expert-15gr\/#breadcrumb"},"inLanguage":"fr-FR","potentialAction":[{"@type":"ReadAction","target":["https:\/\/www.art-natur.ch\/fr\/produit\/pate-de-marquage-pour-la-correction-des-sourcils-henna-expert-15gr\/"]}]},{"@type":"ImageObject","inLanguage":"fr-FR","@id":"https:\/\/www.art-natur.ch\/fr\/produit\/pate-de-marquage-pour-la-correction-des-sourcils-henna-expert-15gr\/#primaryimage","url":"https:\/\/www.art-natur.ch\/wp-content\/uploads\/2024\/09\/2555158652-1-Photoroom.png","contentUrl":"https:\/\/www.art-natur.ch\/wp-content\/uploads\/2024\/09\/2555158652-1-Photoroom.png","width":600,"height":662},{"@type":"BreadcrumbList","@id":"https:\/\/www.art-natur.ch\/fr\/produit\/pate-de-marquage-pour-la-correction-des-sourcils-henna-expert-15gr\/#breadcrumb","itemListElement":[{"@type":"ListItem","position":1,"name":"Home","item":"https:\/\/www.art-natur.ch\/fr\/"},{"@type":"ListItem","position":2,"name":"Boutique","item":"https:\/\/www.art-natur.ch\/shop\/"},{"@type":"ListItem","position":3,"name":"P\u00e2te de marquage pour la correction des sourcils HENNA EXPERT (15gr)"}]},{"@type":"WebSite","@id":"https:\/\/www.art-natur.ch\/fr\/#website","url":"https:\/\/www.art-natur.ch\/fr\/","name":"LASHES&amp;BROWS by Nataliya Reinhard","description":"High-quality lash and brow services with attention to every detail","potentialAction":[{"@type":"SearchAction","target":{"@type":"EntryPoint","urlTemplate":"https:\/\/www.art-natur.ch\/fr\/?s={search_term_string}"},"query-input":{"@type":"PropertyValueSpecification","valueRequired":true,"valueName":"search_term_string"}}],"inLanguage":"fr-FR"}]}},"_links":{"self":[{"href":"https:\/\/www.art-natur.ch\/fr\/wp-json\/wp\/v2\/product\/2418","targetHints":{"allow":["GET"]}}],"collection":[{"href":"https:\/\/www.art-natur.ch\/fr\/wp-json\/wp\/v2\/product"}],"about":[{"href":"https:\/\/www.art-natur.ch\/fr\/wp-json\/wp\/v2\/types\/product"}],"wp:featuredmedia":[{"embeddable":true,"href":"https:\/\/www.art-natur.ch\/fr\/wp-json\/wp\/v2\/media\/7333"}],"wp:attachment":[{"href":"https:\/\/www.art-natur.ch\/fr\/wp-json\/wp\/v2\/media?parent=2418"}],"wp:term":[{"taxonomy":"product_cat","embeddable":true,"href":"https:\/\/www.art-natur.ch\/fr\/wp-json\/wp\/v2\/product_cat?post=2418"},{"taxonomy":"product_tag","embeddable":true,"href":"https:\/\/www.art-natur.ch\/fr\/wp-json\/wp\/v2\/product_tag?post=2418"}],"curies":[{"name":"wp","href":"https:\/\/api.w.org\/{rel}","templated":true}]}}