{"id":2439,"date":"2024-09-26T21:27:32","date_gmt":"2024-09-26T20:27:32","guid":{"rendered":"https:\/\/www.art-natur.ch\/product\/pierre-de-jade\/"},"modified":"2025-01-18T21:52:59","modified_gmt":"2025-01-18T20:52:59","slug":"pierre-de-jade","status":"publish","type":"product","link":"https:\/\/www.art-natur.ch\/fr\/produit\/pierre-de-jade\/","title":{"rendered":"Pierre de jade"},"content":{"rendered":"<p>Support appropri\u00e9 pour les techniciens professionnels de l&rsquo;extension des cils.<\/p>\n<p>Gr\u00e2ce \u00e0 sa nature, la pierre garde la colle fra\u00eeche pendant longtemps, ce qui permet de conserver l&rsquo;extension des cils plus longtemps.<\/p>\n<p>Couleur disponible : vert<\/p>\n<p>Dimension : 5cm<\/p>\n","protected":false},"excerpt":{"rendered":"<p>Support appropri\u00e9 pour les techniciens professionnels de l&rsquo;extension des cils. Gr\u00e2ce \u00e0 sa nature, la pierre garde la colle fra\u00eeche pendant longtemps, ce qui permet de conserver l&rsquo;extension des cils plus longtemps. Couleur disponible : vert Dimension : 5cm<\/p>\n","protected":false},"featured_media":7321,"template":"","meta":{"_acf_changed":false,"inline_featured_image":false},"product_cat":[116,189],"product_tag":[],"class_list":{"0":"post-2439","1":"product","2":"type-product","3":"status-publish","4":"has-post-thumbnail","6":"product_cat-extension-de-cils","7":"product_cat-outil-coloration-et-correction-des-sourcils","9":"first","10":"instock","11":"shipping-taxable","12":"purchasable","13":"product-type-simple"},"acf":[],"yoast_head":"<!-- This site is optimized with the Yoast SEO plugin v26.6 - https:\/\/yoast.com\/wordpress\/plugins\/seo\/ -->\n<title>Pierre de jade - LASHES&amp;BROWS by Nataliya Reinhard<\/title>\n<meta name=\"description\" content=\"Support adapt\u00e9 pour les techniciens en extension de cils. La pierre garde la colle fra\u00eeche, ce qui augmente la durabilit\u00e9 des extensions de cils.\" \/>\n<meta name=\"robots\" content=\"index, follow, max-snippet:-1, max-image-preview:large, max-video-preview:-1\" \/>\n<link rel=\"canonical\" href=\"https:\/\/www.art-natur.ch\/fr\/produit\/pierre-de-jade\/\" \/>\n<meta property=\"og:locale\" content=\"fr_FR\" \/>\n<meta property=\"og:type\" content=\"article\" \/>\n<meta property=\"og:title\" content=\"Pierre de jade - LASHES&amp;BROWS by Nataliya Reinhard\" \/>\n<meta property=\"og:description\" content=\"Support adapt\u00e9 pour les techniciens en extension de cils. La pierre garde la colle fra\u00eeche, ce qui augmente la durabilit\u00e9 des extensions de cils.\" \/>\n<meta property=\"og:url\" content=\"https:\/\/www.art-natur.ch\/fr\/produit\/pierre-de-jade\/\" \/>\n<meta property=\"og:site_name\" content=\"LASHES&amp;BROWS by Nataliya Reinhard\" \/>\n<meta property=\"article:modified_time\" content=\"2025-01-18T20:52:59+00:00\" \/>\n<meta property=\"og:image\" content=\"https:\/\/www.art-natur.ch\/wp-content\/uploads\/2024\/09\/2627425363-Photoroom.png\" \/>\n\t<meta property=\"og:image:width\" content=\"1024\" \/>\n\t<meta property=\"og:image:height\" content=\"721\" \/>\n\t<meta property=\"og:image:type\" content=\"image\/png\" \/>\n<meta name=\"twitter:card\" content=\"summary_large_image\" \/>\n<script type=\"application\/ld+json\" class=\"yoast-schema-graph\">{\"@context\":\"https:\/\/schema.org\",\"@graph\":[{\"@type\":\"WebPage\",\"@id\":\"https:\/\/www.art-natur.ch\/fr\/produit\/pierre-de-jade\/\",\"url\":\"https:\/\/www.art-natur.ch\/fr\/produit\/pierre-de-jade\/\",\"name\":\"Pierre de jade - LASHES&amp;BROWS by Nataliya Reinhard\",\"isPartOf\":{\"@id\":\"https:\/\/www.art-natur.ch\/fr\/#website\"},\"primaryImageOfPage\":{\"@id\":\"https:\/\/www.art-natur.ch\/fr\/produit\/pierre-de-jade\/#primaryimage\"},\"image\":{\"@id\":\"https:\/\/www.art-natur.ch\/fr\/produit\/pierre-de-jade\/#primaryimage\"},\"thumbnailUrl\":\"https:\/\/www.art-natur.ch\/wp-content\/uploads\/2024\/09\/2627425363-Photoroom.png\",\"datePublished\":\"2024-09-26T20:27:32+00:00\",\"dateModified\":\"2025-01-18T20:52:59+00:00\",\"description\":\"Support adapt\u00e9 pour les techniciens en extension de cils. La pierre garde la colle fra\u00eeche, ce qui augmente la durabilit\u00e9 des extensions de cils.\",\"breadcrumb\":{\"@id\":\"https:\/\/www.art-natur.ch\/fr\/produit\/pierre-de-jade\/#breadcrumb\"},\"inLanguage\":\"fr-FR\",\"potentialAction\":[{\"@type\":\"ReadAction\",\"target\":[\"https:\/\/www.art-natur.ch\/fr\/produit\/pierre-de-jade\/\"]}]},{\"@type\":\"ImageObject\",\"inLanguage\":\"fr-FR\",\"@id\":\"https:\/\/www.art-natur.ch\/fr\/produit\/pierre-de-jade\/#primaryimage\",\"url\":\"https:\/\/www.art-natur.ch\/wp-content\/uploads\/2024\/09\/2627425363-Photoroom.png\",\"contentUrl\":\"https:\/\/www.art-natur.ch\/wp-content\/uploads\/2024\/09\/2627425363-Photoroom.png\",\"width\":1024,\"height\":721},{\"@type\":\"BreadcrumbList\",\"@id\":\"https:\/\/www.art-natur.ch\/fr\/produit\/pierre-de-jade\/#breadcrumb\",\"itemListElement\":[{\"@type\":\"ListItem\",\"position\":1,\"name\":\"Home\",\"item\":\"https:\/\/www.art-natur.ch\/fr\/\"},{\"@type\":\"ListItem\",\"position\":2,\"name\":\"Boutique\",\"item\":\"https:\/\/www.art-natur.ch\/shop\/\"},{\"@type\":\"ListItem\",\"position\":3,\"name\":\"Pierre de jade\"}]},{\"@type\":\"WebSite\",\"@id\":\"https:\/\/www.art-natur.ch\/fr\/#website\",\"url\":\"https:\/\/www.art-natur.ch\/fr\/\",\"name\":\"LASHES&amp;BROWS by Nataliya Reinhard\",\"description\":\"High-quality lash and brow services with attention to every detail\",\"potentialAction\":[{\"@type\":\"SearchAction\",\"target\":{\"@type\":\"EntryPoint\",\"urlTemplate\":\"https:\/\/www.art-natur.ch\/fr\/?s={search_term_string}\"},\"query-input\":{\"@type\":\"PropertyValueSpecification\",\"valueRequired\":true,\"valueName\":\"search_term_string\"}}],\"inLanguage\":\"fr-FR\"}]}<\/script>\n<!-- \/ Yoast SEO plugin. -->","yoast_head_json":{"title":"Pierre de jade - LASHES&amp;BROWS by Nataliya Reinhard","description":"Support adapt\u00e9 pour les techniciens en extension de cils. La pierre garde la colle fra\u00eeche, ce qui augmente la durabilit\u00e9 des extensions de cils.","robots":{"index":"index","follow":"follow","max-snippet":"max-snippet:-1","max-image-preview":"max-image-preview:large","max-video-preview":"max-video-preview:-1"},"canonical":"https:\/\/www.art-natur.ch\/fr\/produit\/pierre-de-jade\/","og_locale":"fr_FR","og_type":"article","og_title":"Pierre de jade - LASHES&amp;BROWS by Nataliya Reinhard","og_description":"Support adapt\u00e9 pour les techniciens en extension de cils. La pierre garde la colle fra\u00eeche, ce qui augmente la durabilit\u00e9 des extensions de cils.","og_url":"https:\/\/www.art-natur.ch\/fr\/produit\/pierre-de-jade\/","og_site_name":"LASHES&amp;BROWS by Nataliya Reinhard","article_modified_time":"2025-01-18T20:52:59+00:00","og_image":[{"width":1024,"height":721,"url":"https:\/\/www.art-natur.ch\/wp-content\/uploads\/2024\/09\/2627425363-Photoroom.png","type":"image\/png"}],"twitter_card":"summary_large_image","schema":{"@context":"https:\/\/schema.org","@graph":[{"@type":"WebPage","@id":"https:\/\/www.art-natur.ch\/fr\/produit\/pierre-de-jade\/","url":"https:\/\/www.art-natur.ch\/fr\/produit\/pierre-de-jade\/","name":"Pierre de jade - LASHES&amp;BROWS by Nataliya Reinhard","isPartOf":{"@id":"https:\/\/www.art-natur.ch\/fr\/#website"},"primaryImageOfPage":{"@id":"https:\/\/www.art-natur.ch\/fr\/produit\/pierre-de-jade\/#primaryimage"},"image":{"@id":"https:\/\/www.art-natur.ch\/fr\/produit\/pierre-de-jade\/#primaryimage"},"thumbnailUrl":"https:\/\/www.art-natur.ch\/wp-content\/uploads\/2024\/09\/2627425363-Photoroom.png","datePublished":"2024-09-26T20:27:32+00:00","dateModified":"2025-01-18T20:52:59+00:00","description":"Support adapt\u00e9 pour les techniciens en extension de cils. La pierre garde la colle fra\u00eeche, ce qui augmente la durabilit\u00e9 des extensions de cils.","breadcrumb":{"@id":"https:\/\/www.art-natur.ch\/fr\/produit\/pierre-de-jade\/#breadcrumb"},"inLanguage":"fr-FR","potentialAction":[{"@type":"ReadAction","target":["https:\/\/www.art-natur.ch\/fr\/produit\/pierre-de-jade\/"]}]},{"@type":"ImageObject","inLanguage":"fr-FR","@id":"https:\/\/www.art-natur.ch\/fr\/produit\/pierre-de-jade\/#primaryimage","url":"https:\/\/www.art-natur.ch\/wp-content\/uploads\/2024\/09\/2627425363-Photoroom.png","contentUrl":"https:\/\/www.art-natur.ch\/wp-content\/uploads\/2024\/09\/2627425363-Photoroom.png","width":1024,"height":721},{"@type":"BreadcrumbList","@id":"https:\/\/www.art-natur.ch\/fr\/produit\/pierre-de-jade\/#breadcrumb","itemListElement":[{"@type":"ListItem","position":1,"name":"Home","item":"https:\/\/www.art-natur.ch\/fr\/"},{"@type":"ListItem","position":2,"name":"Boutique","item":"https:\/\/www.art-natur.ch\/shop\/"},{"@type":"ListItem","position":3,"name":"Pierre de jade"}]},{"@type":"WebSite","@id":"https:\/\/www.art-natur.ch\/fr\/#website","url":"https:\/\/www.art-natur.ch\/fr\/","name":"LASHES&amp;BROWS by Nataliya Reinhard","description":"High-quality lash and brow services with attention to every detail","potentialAction":[{"@type":"SearchAction","target":{"@type":"EntryPoint","urlTemplate":"https:\/\/www.art-natur.ch\/fr\/?s={search_term_string}"},"query-input":{"@type":"PropertyValueSpecification","valueRequired":true,"valueName":"search_term_string"}}],"inLanguage":"fr-FR"}]}},"_links":{"self":[{"href":"https:\/\/www.art-natur.ch\/fr\/wp-json\/wp\/v2\/product\/2439","targetHints":{"allow":["GET"]}}],"collection":[{"href":"https:\/\/www.art-natur.ch\/fr\/wp-json\/wp\/v2\/product"}],"about":[{"href":"https:\/\/www.art-natur.ch\/fr\/wp-json\/wp\/v2\/types\/product"}],"wp:featuredmedia":[{"embeddable":true,"href":"https:\/\/www.art-natur.ch\/fr\/wp-json\/wp\/v2\/media\/7321"}],"wp:attachment":[{"href":"https:\/\/www.art-natur.ch\/fr\/wp-json\/wp\/v2\/media?parent=2439"}],"wp:term":[{"taxonomy":"product_cat","embeddable":true,"href":"https:\/\/www.art-natur.ch\/fr\/wp-json\/wp\/v2\/product_cat?post=2439"},{"taxonomy":"product_tag","embeddable":true,"href":"https:\/\/www.art-natur.ch\/fr\/wp-json\/wp\/v2\/product_tag?post=2439"}],"curies":[{"name":"wp","href":"https:\/\/api.w.org\/{rel}","templated":true}]}}