{"id":2450,"date":"2024-09-26T21:31:49","date_gmt":"2024-09-26T19:31:49","guid":{"rendered":"https:\/\/www.art-natur.ch\/product\/pince-a-extension-de-cils-delphine-cameleon-by-nataliya-reinhard\/"},"modified":"2024-10-18T16:38:18","modified_gmt":"2024-10-18T14:38:18","slug":"pince-a-extension-de-cils-delphine-cameleon-by-nataliya-reinhard","status":"publish","type":"product","link":"https:\/\/www.art-natur.ch\/fr\/produit\/pince-a-extension-de-cils-delphine-cameleon-by-nataliya-reinhard\/","title":{"rendered":"\u200bPince \u00e0 extension de cils \u201eDelphine Cam\u00e9l\u00e9on\u201c By Nataliya Reinhard"},"content":{"rendered":"<p>OUTIL D&rsquo;EXTENSION DES CILS<\/p>\n<p>Pince \u00e0 cils pointue pour l&rsquo;extension des cils \u00ab\u00a0Delphine Cam\u00e9l\u00e9on\u00a0\u00bb By Nataliya Reinhard<br \/>\nFabriqu\u00e9 en acier fin et rectifi\u00e9 avec pr\u00e9cision. Il est souple et confortable, ce qui vous permet de travailler sans vous fatiguer la main. Les extr\u00e9mit\u00e9s pr\u00e9cises et lisses de la pince \u00e0 \u00e9piler pour extensions de cils permettent de s\u00e9parer facilement les cils les uns des autres. Et m\u00eame la s\u00e9paration des petits cils ne pose aucun probl\u00e8me avec cette pince \u00e0 extension de cils. La courbe polyvalente permet de bien voir l&rsquo;acc\u00e8s de chaque cil. Pince \u00e0 extension de cils Dolphin Chameleon<br \/>\nPar Nataliya Reinhard est excellent pour tout type d&rsquo;extension de cils, il doit donc absolument faire partie de l&rsquo;arsenal de l&rsquo;extenseur de cils moderne.<\/p>\n","protected":false},"excerpt":{"rendered":"<p>OUTIL D&rsquo;EXTENSION DES CILS Pince \u00e0 cils pointue pour l&rsquo;extension des cils \u00ab\u00a0Delphine Cam\u00e9l\u00e9on\u00a0\u00bb By Nataliya Reinhard Fabriqu\u00e9 en acier fin et rectifi\u00e9 avec pr\u00e9cision. Il est souple et confortable, ce qui vous permet de travailler sans vous fatiguer la main. Les extr\u00e9mit\u00e9s pr\u00e9cises et lisses de la pince \u00e0 \u00e9piler pour extensions de cils [&hellip;]<\/p>\n","protected":false},"featured_media":7317,"template":"","meta":{"_acf_changed":false,"inline_featured_image":false},"product_cat":[116,191],"product_tag":[],"class_list":{"0":"post-2450","1":"product","2":"type-product","3":"status-publish","4":"has-post-thumbnail","6":"product_brand-nataliya-reinhard","7":"product_cat-extension-de-cils","8":"product_cat-pinces","10":"first","11":"instock","12":"shipping-taxable","13":"purchasable","14":"product-type-simple"},"acf":[],"yoast_head":"<!-- This site is optimized with the Yoast SEO plugin v26.6 - https:\/\/yoast.com\/wordpress\/plugins\/seo\/ -->\n<title>\u200bPince \u00e0 extension de cils \u201eDelphine Cam\u00e9l\u00e9on\u201c By Nataliya Reinhard - LASHES&amp;BROWS by Nataliya Reinhard<\/title>\n<meta name=\"description\" content=\"Outil d&#039;extension des cils &quot;Delphine Cam\u00e9l\u00e9on&quot; de Nataliya Reinhard, fabriqu\u00e9 en acier fin. Confortable et pr\u00e9cis, il facilite la s\u00e9paration des cils sans fatigue.\" \/>\n<meta name=\"robots\" content=\"index, follow, max-snippet:-1, max-image-preview:large, max-video-preview:-1\" \/>\n<link rel=\"canonical\" href=\"https:\/\/www.art-natur.ch\/fr\/produit\/pince-a-extension-de-cils-delphine-cameleon-by-nataliya-reinhard\/\" \/>\n<meta property=\"og:locale\" content=\"fr_FR\" \/>\n<meta property=\"og:type\" content=\"article\" \/>\n<meta property=\"og:title\" content=\"\u200bPince \u00e0 extension de cils \u201eDelphine Cam\u00e9l\u00e9on\u201c By Nataliya Reinhard - LASHES&amp;BROWS by Nataliya Reinhard\" \/>\n<meta property=\"og:description\" content=\"Outil d&#039;extension des cils &quot;Delphine Cam\u00e9l\u00e9on&quot; de Nataliya Reinhard, fabriqu\u00e9 en acier fin. Confortable et pr\u00e9cis, il facilite la s\u00e9paration des cils sans fatigue.\" \/>\n<meta property=\"og:url\" content=\"https:\/\/www.art-natur.ch\/fr\/produit\/pince-a-extension-de-cils-delphine-cameleon-by-nataliya-reinhard\/\" \/>\n<meta property=\"og:site_name\" content=\"LASHES&amp;BROWS by Nataliya Reinhard\" \/>\n<meta property=\"article:modified_time\" content=\"2024-10-18T14:38:18+00:00\" \/>\n<meta property=\"og:image\" content=\"https:\/\/www.art-natur.ch\/wp-content\/uploads\/2024\/09\/2465560918-Photoroom.png\" \/>\n\t<meta property=\"og:image:width\" content=\"1200\" \/>\n\t<meta property=\"og:image:height\" content=\"800\" \/>\n\t<meta property=\"og:image:type\" content=\"image\/png\" \/>\n<meta name=\"twitter:card\" content=\"summary_large_image\" \/>\n<meta name=\"twitter:label1\" content=\"Dur\u00e9e de lecture estim\u00e9e\" \/>\n\t<meta name=\"twitter:data1\" content=\"1 minute\" \/>\n<script type=\"application\/ld+json\" class=\"yoast-schema-graph\">{\"@context\":\"https:\/\/schema.org\",\"@graph\":[{\"@type\":\"WebPage\",\"@id\":\"https:\/\/www.art-natur.ch\/fr\/produit\/pince-a-extension-de-cils-delphine-cameleon-by-nataliya-reinhard\/\",\"url\":\"https:\/\/www.art-natur.ch\/fr\/produit\/pince-a-extension-de-cils-delphine-cameleon-by-nataliya-reinhard\/\",\"name\":\"\u200bPince \u00e0 extension de cils \u201eDelphine Cam\u00e9l\u00e9on\u201c By Nataliya Reinhard - LASHES&amp;BROWS by Nataliya Reinhard\",\"isPartOf\":{\"@id\":\"https:\/\/www.art-natur.ch\/fr\/#website\"},\"primaryImageOfPage\":{\"@id\":\"https:\/\/www.art-natur.ch\/fr\/produit\/pince-a-extension-de-cils-delphine-cameleon-by-nataliya-reinhard\/#primaryimage\"},\"image\":{\"@id\":\"https:\/\/www.art-natur.ch\/fr\/produit\/pince-a-extension-de-cils-delphine-cameleon-by-nataliya-reinhard\/#primaryimage\"},\"thumbnailUrl\":\"https:\/\/www.art-natur.ch\/wp-content\/uploads\/2024\/09\/2465560918-Photoroom.png\",\"datePublished\":\"2024-09-26T19:31:49+00:00\",\"dateModified\":\"2024-10-18T14:38:18+00:00\",\"description\":\"Outil d'extension des cils \\\"Delphine Cam\u00e9l\u00e9on\\\" de Nataliya Reinhard, fabriqu\u00e9 en acier fin. Confortable et pr\u00e9cis, il facilite la s\u00e9paration des cils sans fatigue.\",\"breadcrumb\":{\"@id\":\"https:\/\/www.art-natur.ch\/fr\/produit\/pince-a-extension-de-cils-delphine-cameleon-by-nataliya-reinhard\/#breadcrumb\"},\"inLanguage\":\"fr-FR\",\"potentialAction\":[{\"@type\":\"ReadAction\",\"target\":[\"https:\/\/www.art-natur.ch\/fr\/produit\/pince-a-extension-de-cils-delphine-cameleon-by-nataliya-reinhard\/\"]}]},{\"@type\":\"ImageObject\",\"inLanguage\":\"fr-FR\",\"@id\":\"https:\/\/www.art-natur.ch\/fr\/produit\/pince-a-extension-de-cils-delphine-cameleon-by-nataliya-reinhard\/#primaryimage\",\"url\":\"https:\/\/www.art-natur.ch\/wp-content\/uploads\/2024\/09\/2465560918-Photoroom.png\",\"contentUrl\":\"https:\/\/www.art-natur.ch\/wp-content\/uploads\/2024\/09\/2465560918-Photoroom.png\",\"width\":1200,\"height\":800},{\"@type\":\"BreadcrumbList\",\"@id\":\"https:\/\/www.art-natur.ch\/fr\/produit\/pince-a-extension-de-cils-delphine-cameleon-by-nataliya-reinhard\/#breadcrumb\",\"itemListElement\":[{\"@type\":\"ListItem\",\"position\":1,\"name\":\"Home\",\"item\":\"https:\/\/www.art-natur.ch\/fr\/\"},{\"@type\":\"ListItem\",\"position\":2,\"name\":\"Boutique\",\"item\":\"https:\/\/www.art-natur.ch\/shop\/\"},{\"@type\":\"ListItem\",\"position\":3,\"name\":\"\u200bPince \u00e0 extension de cils \u201eDelphine Cam\u00e9l\u00e9on\u201c By Nataliya Reinhard\"}]},{\"@type\":\"WebSite\",\"@id\":\"https:\/\/www.art-natur.ch\/fr\/#website\",\"url\":\"https:\/\/www.art-natur.ch\/fr\/\",\"name\":\"LASHES&amp;BROWS by Nataliya Reinhard\",\"description\":\"High-quality lash and brow services with attention to every detail\",\"potentialAction\":[{\"@type\":\"SearchAction\",\"target\":{\"@type\":\"EntryPoint\",\"urlTemplate\":\"https:\/\/www.art-natur.ch\/fr\/?s={search_term_string}\"},\"query-input\":{\"@type\":\"PropertyValueSpecification\",\"valueRequired\":true,\"valueName\":\"search_term_string\"}}],\"inLanguage\":\"fr-FR\"}]}<\/script>\n<!-- \/ Yoast SEO plugin. -->","yoast_head_json":{"title":"\u200bPince \u00e0 extension de cils \u201eDelphine Cam\u00e9l\u00e9on\u201c By Nataliya Reinhard - LASHES&amp;BROWS by Nataliya Reinhard","description":"Outil d'extension des cils \"Delphine Cam\u00e9l\u00e9on\" de Nataliya Reinhard, fabriqu\u00e9 en acier fin. Confortable et pr\u00e9cis, il facilite la s\u00e9paration des cils sans fatigue.","robots":{"index":"index","follow":"follow","max-snippet":"max-snippet:-1","max-image-preview":"max-image-preview:large","max-video-preview":"max-video-preview:-1"},"canonical":"https:\/\/www.art-natur.ch\/fr\/produit\/pince-a-extension-de-cils-delphine-cameleon-by-nataliya-reinhard\/","og_locale":"fr_FR","og_type":"article","og_title":"\u200bPince \u00e0 extension de cils \u201eDelphine Cam\u00e9l\u00e9on\u201c By Nataliya Reinhard - LASHES&amp;BROWS by Nataliya Reinhard","og_description":"Outil d'extension des cils \"Delphine Cam\u00e9l\u00e9on\" de Nataliya Reinhard, fabriqu\u00e9 en acier fin. Confortable et pr\u00e9cis, il facilite la s\u00e9paration des cils sans fatigue.","og_url":"https:\/\/www.art-natur.ch\/fr\/produit\/pince-a-extension-de-cils-delphine-cameleon-by-nataliya-reinhard\/","og_site_name":"LASHES&amp;BROWS by Nataliya Reinhard","article_modified_time":"2024-10-18T14:38:18+00:00","og_image":[{"width":1200,"height":800,"url":"https:\/\/www.art-natur.ch\/wp-content\/uploads\/2024\/09\/2465560918-Photoroom.png","type":"image\/png"}],"twitter_card":"summary_large_image","twitter_misc":{"Dur\u00e9e de lecture estim\u00e9e":"1 minute"},"schema":{"@context":"https:\/\/schema.org","@graph":[{"@type":"WebPage","@id":"https:\/\/www.art-natur.ch\/fr\/produit\/pince-a-extension-de-cils-delphine-cameleon-by-nataliya-reinhard\/","url":"https:\/\/www.art-natur.ch\/fr\/produit\/pince-a-extension-de-cils-delphine-cameleon-by-nataliya-reinhard\/","name":"\u200bPince \u00e0 extension de cils \u201eDelphine Cam\u00e9l\u00e9on\u201c By Nataliya Reinhard - LASHES&amp;BROWS by Nataliya Reinhard","isPartOf":{"@id":"https:\/\/www.art-natur.ch\/fr\/#website"},"primaryImageOfPage":{"@id":"https:\/\/www.art-natur.ch\/fr\/produit\/pince-a-extension-de-cils-delphine-cameleon-by-nataliya-reinhard\/#primaryimage"},"image":{"@id":"https:\/\/www.art-natur.ch\/fr\/produit\/pince-a-extension-de-cils-delphine-cameleon-by-nataliya-reinhard\/#primaryimage"},"thumbnailUrl":"https:\/\/www.art-natur.ch\/wp-content\/uploads\/2024\/09\/2465560918-Photoroom.png","datePublished":"2024-09-26T19:31:49+00:00","dateModified":"2024-10-18T14:38:18+00:00","description":"Outil d'extension des cils \"Delphine Cam\u00e9l\u00e9on\" de Nataliya Reinhard, fabriqu\u00e9 en acier fin. Confortable et pr\u00e9cis, il facilite la s\u00e9paration des cils sans fatigue.","breadcrumb":{"@id":"https:\/\/www.art-natur.ch\/fr\/produit\/pince-a-extension-de-cils-delphine-cameleon-by-nataliya-reinhard\/#breadcrumb"},"inLanguage":"fr-FR","potentialAction":[{"@type":"ReadAction","target":["https:\/\/www.art-natur.ch\/fr\/produit\/pince-a-extension-de-cils-delphine-cameleon-by-nataliya-reinhard\/"]}]},{"@type":"ImageObject","inLanguage":"fr-FR","@id":"https:\/\/www.art-natur.ch\/fr\/produit\/pince-a-extension-de-cils-delphine-cameleon-by-nataliya-reinhard\/#primaryimage","url":"https:\/\/www.art-natur.ch\/wp-content\/uploads\/2024\/09\/2465560918-Photoroom.png","contentUrl":"https:\/\/www.art-natur.ch\/wp-content\/uploads\/2024\/09\/2465560918-Photoroom.png","width":1200,"height":800},{"@type":"BreadcrumbList","@id":"https:\/\/www.art-natur.ch\/fr\/produit\/pince-a-extension-de-cils-delphine-cameleon-by-nataliya-reinhard\/#breadcrumb","itemListElement":[{"@type":"ListItem","position":1,"name":"Home","item":"https:\/\/www.art-natur.ch\/fr\/"},{"@type":"ListItem","position":2,"name":"Boutique","item":"https:\/\/www.art-natur.ch\/shop\/"},{"@type":"ListItem","position":3,"name":"\u200bPince \u00e0 extension de cils \u201eDelphine Cam\u00e9l\u00e9on\u201c By Nataliya Reinhard"}]},{"@type":"WebSite","@id":"https:\/\/www.art-natur.ch\/fr\/#website","url":"https:\/\/www.art-natur.ch\/fr\/","name":"LASHES&amp;BROWS by Nataliya Reinhard","description":"High-quality lash and brow services with attention to every detail","potentialAction":[{"@type":"SearchAction","target":{"@type":"EntryPoint","urlTemplate":"https:\/\/www.art-natur.ch\/fr\/?s={search_term_string}"},"query-input":{"@type":"PropertyValueSpecification","valueRequired":true,"valueName":"search_term_string"}}],"inLanguage":"fr-FR"}]}},"_links":{"self":[{"href":"https:\/\/www.art-natur.ch\/fr\/wp-json\/wp\/v2\/product\/2450","targetHints":{"allow":["GET"]}}],"collection":[{"href":"https:\/\/www.art-natur.ch\/fr\/wp-json\/wp\/v2\/product"}],"about":[{"href":"https:\/\/www.art-natur.ch\/fr\/wp-json\/wp\/v2\/types\/product"}],"wp:featuredmedia":[{"embeddable":true,"href":"https:\/\/www.art-natur.ch\/fr\/wp-json\/wp\/v2\/media\/7317"}],"wp:attachment":[{"href":"https:\/\/www.art-natur.ch\/fr\/wp-json\/wp\/v2\/media?parent=2450"}],"wp:term":[{"taxonomy":"product_cat","embeddable":true,"href":"https:\/\/www.art-natur.ch\/fr\/wp-json\/wp\/v2\/product_cat?post=2450"},{"taxonomy":"product_tag","embeddable":true,"href":"https:\/\/www.art-natur.ch\/fr\/wp-json\/wp\/v2\/product_tag?post=2450"}],"curies":[{"name":"wp","href":"https:\/\/api.w.org\/{rel}","templated":true}]}}