{"id":2483,"date":"2024-09-26T21:43:37","date_gmt":"2024-09-26T19:43:37","guid":{"rendered":"https:\/\/www.art-natur.ch\/product\/pince-a-extension-de-cils-mega-hollywood-by-nataliya-reinhard\/"},"modified":"2025-01-18T21:54:58","modified_gmt":"2025-01-18T20:54:58","slug":"pince-a-extension-de-cils-mega-hollywood-by-nataliya-reinhard","status":"publish","type":"product","link":"https:\/\/www.art-natur.ch\/fr\/produit\/pince-a-extension-de-cils-mega-hollywood-by-nataliya-reinhard\/","title":{"rendered":"Pince \u00e0 extension de cils  \u00ab Mega HollyWood \u00bb By Nataliya Reinhard"},"content":{"rendered":"<p>OUTIL D&rsquo;EXTENSION DES CILS<\/p>\n<p>La pince \u00e0 extension de cils \u00ab Mega HollyWood \u00bb By Nataliya Reinhard &#8211; est pratique et tr\u00e8s \u00e9l\u00e9gante ! Les pinces pour l&rsquo;extension des cils sont fabriqu\u00e9es dans l&rsquo;acier le plus fin et aiguis\u00e9es par des professionnels. Il est doux et confortable, ce qui vous permet de faire tout le travail sans vous fatiguer la main. Les pointes pr\u00e9cises et lisses permettent de s\u00e9parer facilement les cils, m\u00eame les plus petits. La courbure universelle offre une bonne vue d&rsquo;ensemble pour acc\u00e9der \u00e0 chaque cil. La pince \u00e0 extension de cils \u00ab Mega Hollywood \u00bb est excellente pour tous les types d&rsquo;extension de cils, elle devrait donc faire partie de l&rsquo;arsenal de l&rsquo;artiste d&rsquo;extension de cils moderne.<\/p>\n","protected":false},"excerpt":{"rendered":"<p>OUTIL D&rsquo;EXTENSION DES CILS La pince \u00e0 extension de cils \u00ab Mega HollyWood \u00bb By Nataliya Reinhard &#8211; est pratique et tr\u00e8s \u00e9l\u00e9gante ! Les pinces pour l&rsquo;extension des cils sont fabriqu\u00e9es dans l&rsquo;acier le plus fin et aiguis\u00e9es par des professionnels. Il est doux et confortable, ce qui vous permet de faire tout le [&hellip;]<\/p>\n","protected":false},"featured_media":7293,"template":"","meta":{"_acf_changed":false,"inline_featured_image":false},"product_cat":[116,191],"product_tag":[],"class_list":{"0":"post-2483","1":"product","2":"type-product","3":"status-publish","4":"has-post-thumbnail","6":"product_brand-nataliya-reinhard","7":"product_cat-extension-de-cils","8":"product_cat-pinces","10":"first","11":"instock","12":"shipping-taxable","13":"purchasable","14":"product-type-simple"},"acf":[],"yoast_head":"<!-- This site is optimized with the Yoast SEO plugin v26.6 - https:\/\/yoast.com\/wordpress\/plugins\/seo\/ -->\n<title>Pince \u00e0 extension de cils \u00ab Mega HollyWood \u00bb By Nataliya Reinhard - LASHES&amp;BROWS by Nataliya Reinhard<\/title>\n<meta name=\"description\" content=\"La pince \u00e0 extension de cils &quot;Mega HollyWood&quot; de Nataliya Reinhard est en acier de la plus haute qualit\u00e9, confortable et id\u00e9ale pour toutes les extensions de cils.\" \/>\n<meta name=\"robots\" content=\"index, follow, max-snippet:-1, max-image-preview:large, max-video-preview:-1\" \/>\n<link rel=\"canonical\" href=\"https:\/\/www.art-natur.ch\/fr\/produit\/pince-a-extension-de-cils-mega-hollywood-by-nataliya-reinhard\/\" \/>\n<meta property=\"og:locale\" content=\"fr_FR\" \/>\n<meta property=\"og:type\" content=\"article\" \/>\n<meta property=\"og:title\" content=\"Pince \u00e0 extension de cils \u00ab Mega HollyWood \u00bb By Nataliya Reinhard - LASHES&amp;BROWS by Nataliya Reinhard\" \/>\n<meta property=\"og:description\" content=\"La pince \u00e0 extension de cils &quot;Mega HollyWood&quot; de Nataliya Reinhard est en acier de la plus haute qualit\u00e9, confortable et id\u00e9ale pour toutes les extensions de cils.\" \/>\n<meta property=\"og:url\" content=\"https:\/\/www.art-natur.ch\/fr\/produit\/pince-a-extension-de-cils-mega-hollywood-by-nataliya-reinhard\/\" \/>\n<meta property=\"og:site_name\" content=\"LASHES&amp;BROWS by Nataliya Reinhard\" \/>\n<meta property=\"article:modified_time\" content=\"2025-01-18T20:54:58+00:00\" \/>\n<meta property=\"og:image\" content=\"https:\/\/www.art-natur.ch\/wp-content\/uploads\/2024\/09\/2465546965-Photoroom.png\" \/>\n\t<meta property=\"og:image:width\" content=\"1200\" \/>\n\t<meta property=\"og:image:height\" content=\"800\" \/>\n\t<meta property=\"og:image:type\" content=\"image\/png\" \/>\n<meta name=\"twitter:card\" content=\"summary_large_image\" \/>\n<meta name=\"twitter:label1\" content=\"Dur\u00e9e de lecture estim\u00e9e\" \/>\n\t<meta name=\"twitter:data1\" content=\"1 minute\" \/>\n<script type=\"application\/ld+json\" class=\"yoast-schema-graph\">{\"@context\":\"https:\/\/schema.org\",\"@graph\":[{\"@type\":\"WebPage\",\"@id\":\"https:\/\/www.art-natur.ch\/fr\/produit\/pince-a-extension-de-cils-mega-hollywood-by-nataliya-reinhard\/\",\"url\":\"https:\/\/www.art-natur.ch\/fr\/produit\/pince-a-extension-de-cils-mega-hollywood-by-nataliya-reinhard\/\",\"name\":\"Pince \u00e0 extension de cils \u00ab Mega HollyWood \u00bb By Nataliya Reinhard - LASHES&amp;BROWS by Nataliya Reinhard\",\"isPartOf\":{\"@id\":\"https:\/\/www.art-natur.ch\/fr\/#website\"},\"primaryImageOfPage\":{\"@id\":\"https:\/\/www.art-natur.ch\/fr\/produit\/pince-a-extension-de-cils-mega-hollywood-by-nataliya-reinhard\/#primaryimage\"},\"image\":{\"@id\":\"https:\/\/www.art-natur.ch\/fr\/produit\/pince-a-extension-de-cils-mega-hollywood-by-nataliya-reinhard\/#primaryimage\"},\"thumbnailUrl\":\"https:\/\/www.art-natur.ch\/wp-content\/uploads\/2024\/09\/2465546965-Photoroom.png\",\"datePublished\":\"2024-09-26T19:43:37+00:00\",\"dateModified\":\"2025-01-18T20:54:58+00:00\",\"description\":\"La pince \u00e0 extension de cils \\\"Mega HollyWood\\\" de Nataliya Reinhard est en acier de la plus haute qualit\u00e9, confortable et id\u00e9ale pour toutes les extensions de cils.\",\"breadcrumb\":{\"@id\":\"https:\/\/www.art-natur.ch\/fr\/produit\/pince-a-extension-de-cils-mega-hollywood-by-nataliya-reinhard\/#breadcrumb\"},\"inLanguage\":\"fr-FR\",\"potentialAction\":[{\"@type\":\"ReadAction\",\"target\":[\"https:\/\/www.art-natur.ch\/fr\/produit\/pince-a-extension-de-cils-mega-hollywood-by-nataliya-reinhard\/\"]}]},{\"@type\":\"ImageObject\",\"inLanguage\":\"fr-FR\",\"@id\":\"https:\/\/www.art-natur.ch\/fr\/produit\/pince-a-extension-de-cils-mega-hollywood-by-nataliya-reinhard\/#primaryimage\",\"url\":\"https:\/\/www.art-natur.ch\/wp-content\/uploads\/2024\/09\/2465546965-Photoroom.png\",\"contentUrl\":\"https:\/\/www.art-natur.ch\/wp-content\/uploads\/2024\/09\/2465546965-Photoroom.png\",\"width\":1200,\"height\":800},{\"@type\":\"BreadcrumbList\",\"@id\":\"https:\/\/www.art-natur.ch\/fr\/produit\/pince-a-extension-de-cils-mega-hollywood-by-nataliya-reinhard\/#breadcrumb\",\"itemListElement\":[{\"@type\":\"ListItem\",\"position\":1,\"name\":\"Home\",\"item\":\"https:\/\/www.art-natur.ch\/fr\/\"},{\"@type\":\"ListItem\",\"position\":2,\"name\":\"Boutique\",\"item\":\"https:\/\/www.art-natur.ch\/shop\/\"},{\"@type\":\"ListItem\",\"position\":3,\"name\":\"Pince \u00e0 extension de cils \u00ab Mega HollyWood \u00bb By Nataliya Reinhard\"}]},{\"@type\":\"WebSite\",\"@id\":\"https:\/\/www.art-natur.ch\/fr\/#website\",\"url\":\"https:\/\/www.art-natur.ch\/fr\/\",\"name\":\"LASHES&amp;BROWS by Nataliya Reinhard\",\"description\":\"High-quality lash and brow services with attention to every detail\",\"potentialAction\":[{\"@type\":\"SearchAction\",\"target\":{\"@type\":\"EntryPoint\",\"urlTemplate\":\"https:\/\/www.art-natur.ch\/fr\/?s={search_term_string}\"},\"query-input\":{\"@type\":\"PropertyValueSpecification\",\"valueRequired\":true,\"valueName\":\"search_term_string\"}}],\"inLanguage\":\"fr-FR\"}]}<\/script>\n<!-- \/ Yoast SEO plugin. -->","yoast_head_json":{"title":"Pince \u00e0 extension de cils \u00ab Mega HollyWood \u00bb By Nataliya Reinhard - LASHES&amp;BROWS by Nataliya Reinhard","description":"La pince \u00e0 extension de cils \"Mega HollyWood\" de Nataliya Reinhard est en acier de la plus haute qualit\u00e9, confortable et id\u00e9ale pour toutes les extensions de cils.","robots":{"index":"index","follow":"follow","max-snippet":"max-snippet:-1","max-image-preview":"max-image-preview:large","max-video-preview":"max-video-preview:-1"},"canonical":"https:\/\/www.art-natur.ch\/fr\/produit\/pince-a-extension-de-cils-mega-hollywood-by-nataliya-reinhard\/","og_locale":"fr_FR","og_type":"article","og_title":"Pince \u00e0 extension de cils \u00ab Mega HollyWood \u00bb By Nataliya Reinhard - LASHES&amp;BROWS by Nataliya Reinhard","og_description":"La pince \u00e0 extension de cils \"Mega HollyWood\" de Nataliya Reinhard est en acier de la plus haute qualit\u00e9, confortable et id\u00e9ale pour toutes les extensions de cils.","og_url":"https:\/\/www.art-natur.ch\/fr\/produit\/pince-a-extension-de-cils-mega-hollywood-by-nataliya-reinhard\/","og_site_name":"LASHES&amp;BROWS by Nataliya Reinhard","article_modified_time":"2025-01-18T20:54:58+00:00","og_image":[{"width":1200,"height":800,"url":"https:\/\/www.art-natur.ch\/wp-content\/uploads\/2024\/09\/2465546965-Photoroom.png","type":"image\/png"}],"twitter_card":"summary_large_image","twitter_misc":{"Dur\u00e9e de lecture estim\u00e9e":"1 minute"},"schema":{"@context":"https:\/\/schema.org","@graph":[{"@type":"WebPage","@id":"https:\/\/www.art-natur.ch\/fr\/produit\/pince-a-extension-de-cils-mega-hollywood-by-nataliya-reinhard\/","url":"https:\/\/www.art-natur.ch\/fr\/produit\/pince-a-extension-de-cils-mega-hollywood-by-nataliya-reinhard\/","name":"Pince \u00e0 extension de cils \u00ab Mega HollyWood \u00bb By Nataliya Reinhard - LASHES&amp;BROWS by Nataliya Reinhard","isPartOf":{"@id":"https:\/\/www.art-natur.ch\/fr\/#website"},"primaryImageOfPage":{"@id":"https:\/\/www.art-natur.ch\/fr\/produit\/pince-a-extension-de-cils-mega-hollywood-by-nataliya-reinhard\/#primaryimage"},"image":{"@id":"https:\/\/www.art-natur.ch\/fr\/produit\/pince-a-extension-de-cils-mega-hollywood-by-nataliya-reinhard\/#primaryimage"},"thumbnailUrl":"https:\/\/www.art-natur.ch\/wp-content\/uploads\/2024\/09\/2465546965-Photoroom.png","datePublished":"2024-09-26T19:43:37+00:00","dateModified":"2025-01-18T20:54:58+00:00","description":"La pince \u00e0 extension de cils \"Mega HollyWood\" de Nataliya Reinhard est en acier de la plus haute qualit\u00e9, confortable et id\u00e9ale pour toutes les extensions de cils.","breadcrumb":{"@id":"https:\/\/www.art-natur.ch\/fr\/produit\/pince-a-extension-de-cils-mega-hollywood-by-nataliya-reinhard\/#breadcrumb"},"inLanguage":"fr-FR","potentialAction":[{"@type":"ReadAction","target":["https:\/\/www.art-natur.ch\/fr\/produit\/pince-a-extension-de-cils-mega-hollywood-by-nataliya-reinhard\/"]}]},{"@type":"ImageObject","inLanguage":"fr-FR","@id":"https:\/\/www.art-natur.ch\/fr\/produit\/pince-a-extension-de-cils-mega-hollywood-by-nataliya-reinhard\/#primaryimage","url":"https:\/\/www.art-natur.ch\/wp-content\/uploads\/2024\/09\/2465546965-Photoroom.png","contentUrl":"https:\/\/www.art-natur.ch\/wp-content\/uploads\/2024\/09\/2465546965-Photoroom.png","width":1200,"height":800},{"@type":"BreadcrumbList","@id":"https:\/\/www.art-natur.ch\/fr\/produit\/pince-a-extension-de-cils-mega-hollywood-by-nataliya-reinhard\/#breadcrumb","itemListElement":[{"@type":"ListItem","position":1,"name":"Home","item":"https:\/\/www.art-natur.ch\/fr\/"},{"@type":"ListItem","position":2,"name":"Boutique","item":"https:\/\/www.art-natur.ch\/shop\/"},{"@type":"ListItem","position":3,"name":"Pince \u00e0 extension de cils \u00ab Mega HollyWood \u00bb By Nataliya Reinhard"}]},{"@type":"WebSite","@id":"https:\/\/www.art-natur.ch\/fr\/#website","url":"https:\/\/www.art-natur.ch\/fr\/","name":"LASHES&amp;BROWS by Nataliya Reinhard","description":"High-quality lash and brow services with attention to every detail","potentialAction":[{"@type":"SearchAction","target":{"@type":"EntryPoint","urlTemplate":"https:\/\/www.art-natur.ch\/fr\/?s={search_term_string}"},"query-input":{"@type":"PropertyValueSpecification","valueRequired":true,"valueName":"search_term_string"}}],"inLanguage":"fr-FR"}]}},"_links":{"self":[{"href":"https:\/\/www.art-natur.ch\/fr\/wp-json\/wp\/v2\/product\/2483","targetHints":{"allow":["GET"]}}],"collection":[{"href":"https:\/\/www.art-natur.ch\/fr\/wp-json\/wp\/v2\/product"}],"about":[{"href":"https:\/\/www.art-natur.ch\/fr\/wp-json\/wp\/v2\/types\/product"}],"wp:featuredmedia":[{"embeddable":true,"href":"https:\/\/www.art-natur.ch\/fr\/wp-json\/wp\/v2\/media\/7293"}],"wp:attachment":[{"href":"https:\/\/www.art-natur.ch\/fr\/wp-json\/wp\/v2\/media?parent=2483"}],"wp:term":[{"taxonomy":"product_cat","embeddable":true,"href":"https:\/\/www.art-natur.ch\/fr\/wp-json\/wp\/v2\/product_cat?post=2483"},{"taxonomy":"product_tag","embeddable":true,"href":"https:\/\/www.art-natur.ch\/fr\/wp-json\/wp\/v2\/product_tag?post=2483"}],"curies":[{"name":"wp","href":"https:\/\/api.w.org\/{rel}","templated":true}]}}