{"id":2494,"date":"2024-09-26T21:47:08","date_gmt":"2024-09-26T19:47:08","guid":{"rendered":"https:\/\/www.art-natur.ch\/product\/pince-a-extension-de-cils-mega-z-chameleon-by-nataliya-reinhard\/"},"modified":"2024-10-18T16:41:19","modified_gmt":"2024-10-18T14:41:19","slug":"pince-a-extension-de-cils-mega-z-chameleon-by-nataliya-reinhard","status":"publish","type":"product","link":"https:\/\/www.art-natur.ch\/fr\/produit\/pince-a-extension-de-cils-mega-z-chameleon-by-nataliya-reinhard\/","title":{"rendered":"\u200bPince \u00e0 extension de cils \u00abMega Z Chameleon\u00bb By Nataliya Reinhard"},"content":{"rendered":"<p>OUTIL D&rsquo;EXTENSION DES CILS<\/p>\n<p>Pince \u00e0 extension de cils \u00ab\u00a0Mega Z Chameleon\u00a0\u00bb By Nataliya Reinhard<br \/>\nid\u00e9al pour les extensions de cils volumineux. Cette pi\u00e8ce est fabriqu\u00e9e en acier robuste, ce qui indique sa durabilit\u00e9. La pince \u00e0 extension de cils Mega Zet est doucement courb\u00e9e \u00e0 la base du cou pour une tenue id\u00e9ale dans la main. La zone de travail arrondie de la pince \u00e0 extension de cils permet de la saisir facilement et de former des bouquets lors de l&rsquo;application d&rsquo;un large \u00e9ventail de techniques. Ils sont extr\u00eamement souples lorsqu&rsquo;ils sont ferm\u00e9s, de sorte que la pince \u00e0 \u00e9piler ne d\u00e9forme pas les cils lorsqu&rsquo;elle les retire de la bande. Ils sont capables de saisir les cils les plus fins, car leurs extr\u00e9mit\u00e9s sont tr\u00e8s serr\u00e9es. La duret\u00e9 de la pince \u00e0 \u00e9piler pour extensions de cils est moyenne, de sorte qu&rsquo;aucun effort suppl\u00e9mentaire n&rsquo;est n\u00e9cessaire pour rapprocher les pointes.<\/p>\n","protected":false},"excerpt":{"rendered":"<p>OUTIL D&rsquo;EXTENSION DES CILS Pince \u00e0 extension de cils \u00ab\u00a0Mega Z Chameleon\u00a0\u00bb By Nataliya Reinhard id\u00e9al pour les extensions de cils volumineux. Cette pi\u00e8ce est fabriqu\u00e9e en acier robuste, ce qui indique sa durabilit\u00e9. La pince \u00e0 extension de cils Mega Zet est doucement courb\u00e9e \u00e0 la base du cou pour une tenue id\u00e9ale dans [&hellip;]<\/p>\n","protected":false},"featured_media":7285,"template":"","meta":{"_acf_changed":false,"inline_featured_image":false},"product_cat":[116,191],"product_tag":[],"class_list":{"0":"post-2494","1":"product","2":"type-product","3":"status-publish","4":"has-post-thumbnail","6":"product_brand-nataliya-reinhard","7":"product_cat-extension-de-cils","8":"product_cat-pinces","10":"first","11":"instock","12":"shipping-taxable","13":"purchasable","14":"product-type-simple"},"acf":[],"yoast_head":"<!-- This site is optimized with the Yoast SEO plugin v26.6 - https:\/\/yoast.com\/wordpress\/plugins\/seo\/ -->\n<title>\u200bPince \u00e0 extension de cils \u00abMega Z Chameleon\u00bb By Nataliya Reinhard - LASHES&amp;BROWS by Nataliya Reinhard<\/title>\n<meta name=\"description\" content=\"Pince \u00e0 extension de cils &quot;Mega Z Chameleon&quot; id\u00e9ale pour les cils volumineux. Fabriqu\u00e9e en acier robuste, elle est durable et flexible.\" \/>\n<meta name=\"robots\" content=\"index, follow, max-snippet:-1, max-image-preview:large, max-video-preview:-1\" \/>\n<link rel=\"canonical\" href=\"https:\/\/www.art-natur.ch\/fr\/produit\/pince-a-extension-de-cils-mega-z-chameleon-by-nataliya-reinhard\/\" \/>\n<meta property=\"og:locale\" content=\"fr_FR\" \/>\n<meta property=\"og:type\" content=\"article\" \/>\n<meta property=\"og:title\" content=\"\u200bPince \u00e0 extension de cils \u00abMega Z Chameleon\u00bb By Nataliya Reinhard - LASHES&amp;BROWS by Nataliya Reinhard\" \/>\n<meta property=\"og:description\" content=\"Pince \u00e0 extension de cils &quot;Mega Z Chameleon&quot; id\u00e9ale pour les cils volumineux. Fabriqu\u00e9e en acier robuste, elle est durable et flexible.\" \/>\n<meta property=\"og:url\" content=\"https:\/\/www.art-natur.ch\/fr\/produit\/pince-a-extension-de-cils-mega-z-chameleon-by-nataliya-reinhard\/\" \/>\n<meta property=\"og:site_name\" content=\"LASHES&amp;BROWS by Nataliya Reinhard\" \/>\n<meta property=\"article:modified_time\" content=\"2024-10-18T14:41:19+00:00\" \/>\n<meta property=\"og:image\" content=\"https:\/\/www.art-natur.ch\/wp-content\/uploads\/2024\/09\/2465554869-Photoroom.png\" \/>\n\t<meta property=\"og:image:width\" content=\"1200\" \/>\n\t<meta property=\"og:image:height\" content=\"800\" \/>\n\t<meta property=\"og:image:type\" content=\"image\/png\" \/>\n<meta name=\"twitter:card\" content=\"summary_large_image\" \/>\n<meta name=\"twitter:label1\" content=\"Dur\u00e9e de lecture estim\u00e9e\" \/>\n\t<meta name=\"twitter:data1\" content=\"1 minute\" \/>\n<script type=\"application\/ld+json\" class=\"yoast-schema-graph\">{\"@context\":\"https:\/\/schema.org\",\"@graph\":[{\"@type\":\"WebPage\",\"@id\":\"https:\/\/www.art-natur.ch\/fr\/produit\/pince-a-extension-de-cils-mega-z-chameleon-by-nataliya-reinhard\/\",\"url\":\"https:\/\/www.art-natur.ch\/fr\/produit\/pince-a-extension-de-cils-mega-z-chameleon-by-nataliya-reinhard\/\",\"name\":\"\u200bPince \u00e0 extension de cils \u00abMega Z Chameleon\u00bb By Nataliya Reinhard - LASHES&amp;BROWS by Nataliya Reinhard\",\"isPartOf\":{\"@id\":\"https:\/\/www.art-natur.ch\/fr\/#website\"},\"primaryImageOfPage\":{\"@id\":\"https:\/\/www.art-natur.ch\/fr\/produit\/pince-a-extension-de-cils-mega-z-chameleon-by-nataliya-reinhard\/#primaryimage\"},\"image\":{\"@id\":\"https:\/\/www.art-natur.ch\/fr\/produit\/pince-a-extension-de-cils-mega-z-chameleon-by-nataliya-reinhard\/#primaryimage\"},\"thumbnailUrl\":\"https:\/\/www.art-natur.ch\/wp-content\/uploads\/2024\/09\/2465554869-Photoroom.png\",\"datePublished\":\"2024-09-26T19:47:08+00:00\",\"dateModified\":\"2024-10-18T14:41:19+00:00\",\"description\":\"Pince \u00e0 extension de cils \\\"Mega Z Chameleon\\\" id\u00e9ale pour les cils volumineux. Fabriqu\u00e9e en acier robuste, elle est durable et flexible.\",\"breadcrumb\":{\"@id\":\"https:\/\/www.art-natur.ch\/fr\/produit\/pince-a-extension-de-cils-mega-z-chameleon-by-nataliya-reinhard\/#breadcrumb\"},\"inLanguage\":\"fr-FR\",\"potentialAction\":[{\"@type\":\"ReadAction\",\"target\":[\"https:\/\/www.art-natur.ch\/fr\/produit\/pince-a-extension-de-cils-mega-z-chameleon-by-nataliya-reinhard\/\"]}]},{\"@type\":\"ImageObject\",\"inLanguage\":\"fr-FR\",\"@id\":\"https:\/\/www.art-natur.ch\/fr\/produit\/pince-a-extension-de-cils-mega-z-chameleon-by-nataliya-reinhard\/#primaryimage\",\"url\":\"https:\/\/www.art-natur.ch\/wp-content\/uploads\/2024\/09\/2465554869-Photoroom.png\",\"contentUrl\":\"https:\/\/www.art-natur.ch\/wp-content\/uploads\/2024\/09\/2465554869-Photoroom.png\",\"width\":1200,\"height\":800},{\"@type\":\"BreadcrumbList\",\"@id\":\"https:\/\/www.art-natur.ch\/fr\/produit\/pince-a-extension-de-cils-mega-z-chameleon-by-nataliya-reinhard\/#breadcrumb\",\"itemListElement\":[{\"@type\":\"ListItem\",\"position\":1,\"name\":\"Home\",\"item\":\"https:\/\/www.art-natur.ch\/fr\/\"},{\"@type\":\"ListItem\",\"position\":2,\"name\":\"Boutique\",\"item\":\"https:\/\/www.art-natur.ch\/shop\/\"},{\"@type\":\"ListItem\",\"position\":3,\"name\":\"\u200bPince \u00e0 extension de cils \u00abMega Z Chameleon\u00bb By Nataliya Reinhard\"}]},{\"@type\":\"WebSite\",\"@id\":\"https:\/\/www.art-natur.ch\/fr\/#website\",\"url\":\"https:\/\/www.art-natur.ch\/fr\/\",\"name\":\"LASHES&amp;BROWS by Nataliya Reinhard\",\"description\":\"High-quality lash and brow services with attention to every detail\",\"potentialAction\":[{\"@type\":\"SearchAction\",\"target\":{\"@type\":\"EntryPoint\",\"urlTemplate\":\"https:\/\/www.art-natur.ch\/fr\/?s={search_term_string}\"},\"query-input\":{\"@type\":\"PropertyValueSpecification\",\"valueRequired\":true,\"valueName\":\"search_term_string\"}}],\"inLanguage\":\"fr-FR\"}]}<\/script>\n<!-- \/ Yoast SEO plugin. -->","yoast_head_json":{"title":"\u200bPince \u00e0 extension de cils \u00abMega Z Chameleon\u00bb By Nataliya Reinhard - LASHES&amp;BROWS by Nataliya Reinhard","description":"Pince \u00e0 extension de cils \"Mega Z Chameleon\" id\u00e9ale pour les cils volumineux. Fabriqu\u00e9e en acier robuste, elle est durable et flexible.","robots":{"index":"index","follow":"follow","max-snippet":"max-snippet:-1","max-image-preview":"max-image-preview:large","max-video-preview":"max-video-preview:-1"},"canonical":"https:\/\/www.art-natur.ch\/fr\/produit\/pince-a-extension-de-cils-mega-z-chameleon-by-nataliya-reinhard\/","og_locale":"fr_FR","og_type":"article","og_title":"\u200bPince \u00e0 extension de cils \u00abMega Z Chameleon\u00bb By Nataliya Reinhard - LASHES&amp;BROWS by Nataliya Reinhard","og_description":"Pince \u00e0 extension de cils \"Mega Z Chameleon\" id\u00e9ale pour les cils volumineux. Fabriqu\u00e9e en acier robuste, elle est durable et flexible.","og_url":"https:\/\/www.art-natur.ch\/fr\/produit\/pince-a-extension-de-cils-mega-z-chameleon-by-nataliya-reinhard\/","og_site_name":"LASHES&amp;BROWS by Nataliya Reinhard","article_modified_time":"2024-10-18T14:41:19+00:00","og_image":[{"width":1200,"height":800,"url":"https:\/\/www.art-natur.ch\/wp-content\/uploads\/2024\/09\/2465554869-Photoroom.png","type":"image\/png"}],"twitter_card":"summary_large_image","twitter_misc":{"Dur\u00e9e de lecture estim\u00e9e":"1 minute"},"schema":{"@context":"https:\/\/schema.org","@graph":[{"@type":"WebPage","@id":"https:\/\/www.art-natur.ch\/fr\/produit\/pince-a-extension-de-cils-mega-z-chameleon-by-nataliya-reinhard\/","url":"https:\/\/www.art-natur.ch\/fr\/produit\/pince-a-extension-de-cils-mega-z-chameleon-by-nataliya-reinhard\/","name":"\u200bPince \u00e0 extension de cils \u00abMega Z Chameleon\u00bb By Nataliya Reinhard - LASHES&amp;BROWS by Nataliya Reinhard","isPartOf":{"@id":"https:\/\/www.art-natur.ch\/fr\/#website"},"primaryImageOfPage":{"@id":"https:\/\/www.art-natur.ch\/fr\/produit\/pince-a-extension-de-cils-mega-z-chameleon-by-nataliya-reinhard\/#primaryimage"},"image":{"@id":"https:\/\/www.art-natur.ch\/fr\/produit\/pince-a-extension-de-cils-mega-z-chameleon-by-nataliya-reinhard\/#primaryimage"},"thumbnailUrl":"https:\/\/www.art-natur.ch\/wp-content\/uploads\/2024\/09\/2465554869-Photoroom.png","datePublished":"2024-09-26T19:47:08+00:00","dateModified":"2024-10-18T14:41:19+00:00","description":"Pince \u00e0 extension de cils \"Mega Z Chameleon\" id\u00e9ale pour les cils volumineux. Fabriqu\u00e9e en acier robuste, elle est durable et flexible.","breadcrumb":{"@id":"https:\/\/www.art-natur.ch\/fr\/produit\/pince-a-extension-de-cils-mega-z-chameleon-by-nataliya-reinhard\/#breadcrumb"},"inLanguage":"fr-FR","potentialAction":[{"@type":"ReadAction","target":["https:\/\/www.art-natur.ch\/fr\/produit\/pince-a-extension-de-cils-mega-z-chameleon-by-nataliya-reinhard\/"]}]},{"@type":"ImageObject","inLanguage":"fr-FR","@id":"https:\/\/www.art-natur.ch\/fr\/produit\/pince-a-extension-de-cils-mega-z-chameleon-by-nataliya-reinhard\/#primaryimage","url":"https:\/\/www.art-natur.ch\/wp-content\/uploads\/2024\/09\/2465554869-Photoroom.png","contentUrl":"https:\/\/www.art-natur.ch\/wp-content\/uploads\/2024\/09\/2465554869-Photoroom.png","width":1200,"height":800},{"@type":"BreadcrumbList","@id":"https:\/\/www.art-natur.ch\/fr\/produit\/pince-a-extension-de-cils-mega-z-chameleon-by-nataliya-reinhard\/#breadcrumb","itemListElement":[{"@type":"ListItem","position":1,"name":"Home","item":"https:\/\/www.art-natur.ch\/fr\/"},{"@type":"ListItem","position":2,"name":"Boutique","item":"https:\/\/www.art-natur.ch\/shop\/"},{"@type":"ListItem","position":3,"name":"\u200bPince \u00e0 extension de cils \u00abMega Z Chameleon\u00bb By Nataliya Reinhard"}]},{"@type":"WebSite","@id":"https:\/\/www.art-natur.ch\/fr\/#website","url":"https:\/\/www.art-natur.ch\/fr\/","name":"LASHES&amp;BROWS by Nataliya Reinhard","description":"High-quality lash and brow services with attention to every detail","potentialAction":[{"@type":"SearchAction","target":{"@type":"EntryPoint","urlTemplate":"https:\/\/www.art-natur.ch\/fr\/?s={search_term_string}"},"query-input":{"@type":"PropertyValueSpecification","valueRequired":true,"valueName":"search_term_string"}}],"inLanguage":"fr-FR"}]}},"_links":{"self":[{"href":"https:\/\/www.art-natur.ch\/fr\/wp-json\/wp\/v2\/product\/2494","targetHints":{"allow":["GET"]}}],"collection":[{"href":"https:\/\/www.art-natur.ch\/fr\/wp-json\/wp\/v2\/product"}],"about":[{"href":"https:\/\/www.art-natur.ch\/fr\/wp-json\/wp\/v2\/types\/product"}],"wp:featuredmedia":[{"embeddable":true,"href":"https:\/\/www.art-natur.ch\/fr\/wp-json\/wp\/v2\/media\/7285"}],"wp:attachment":[{"href":"https:\/\/www.art-natur.ch\/fr\/wp-json\/wp\/v2\/media?parent=2494"}],"wp:term":[{"taxonomy":"product_cat","embeddable":true,"href":"https:\/\/www.art-natur.ch\/fr\/wp-json\/wp\/v2\/product_cat?post=2494"},{"taxonomy":"product_tag","embeddable":true,"href":"https:\/\/www.art-natur.ch\/fr\/wp-json\/wp\/v2\/product_tag?post=2494"}],"curies":[{"name":"wp","href":"https:\/\/api.w.org\/{rel}","templated":true}]}}