{"id":2519,"date":"2024-09-26T22:05:07","date_gmt":"2024-09-26T20:05:07","guid":{"rendered":"https:\/\/www.art-natur.ch\/product\/pince-a-extension-de-cils-volume-90-degres-5-mm-lovely\/"},"modified":"2024-10-13T19:42:00","modified_gmt":"2024-10-13T17:42:00","slug":"pince-a-extension-de-cils-volume-90-degres-5-mm-lovely","status":"publish","type":"product","link":"https:\/\/www.art-natur.ch\/fr\/produit\/pince-a-extension-de-cils-volume-90-degres-5-mm-lovely\/","title":{"rendered":"Pince \u00e0 extension de cils Volume 90 degr\u00e9s (5 mm) Lovely"},"content":{"rendered":"<p>Objectif : extension des cils<br \/>\nMat\u00e9riau : acier inoxydable<br \/>\nType : 90 Degr\u00e9s (5mm)<br \/>\nUtilisation illimit\u00e9e<br \/>\nTenir hors de port\u00e9e des enfants.<br \/>\nNe pas laisser tomber pour \u00e9viter de casser et d'\u00a0\u00bb\u00e9mousser\u00a0\u00bb les pointes de la pince.<\/p>\n","protected":false},"excerpt":{"rendered":"<p>Objectif : extension des cils Mat\u00e9riau : acier inoxydable Type : 90 Degr\u00e9s (5mm) Utilisation illimit\u00e9e Tenir hors de port\u00e9e des enfants. Ne pas laisser tomber pour \u00e9viter de casser et d&rsquo;\u00a0\u00bb\u00e9mousser\u00a0\u00bb les pointes de la pince.<\/p>\n","protected":false},"featured_media":7265,"template":"","meta":{"_acf_changed":false,"inline_featured_image":false},"product_cat":[116,191],"product_tag":[],"class_list":{"0":"post-2519","1":"product","2":"type-product","3":"status-publish","4":"has-post-thumbnail","6":"product_brand-lovely","7":"product_cat-extension-de-cils","8":"product_cat-pinces","10":"first","11":"instock","12":"shipping-taxable","13":"purchasable","14":"product-type-simple"},"acf":[],"yoast_head":"<!-- This site is optimized with the Yoast SEO plugin v26.6 - https:\/\/yoast.com\/wordpress\/plugins\/seo\/ -->\n<title>Pince \u00e0 extension de cils Volume 90 degr\u00e9s (5 mm) Lovely - LASHES&amp;BROWS by Nataliya Reinhard<\/title>\n<meta name=\"description\" content=\"Objectif : extensions de cils, Mat\u00e9riau : acier inoxydable, Type : 90 Degr\u00e9s (5mm), utilisation illimit\u00e9e. Tenir hors de port\u00e9e des enfants.\" \/>\n<meta name=\"robots\" content=\"index, follow, max-snippet:-1, max-image-preview:large, max-video-preview:-1\" \/>\n<link rel=\"canonical\" href=\"https:\/\/www.art-natur.ch\/fr\/produit\/pince-a-extension-de-cils-volume-90-degres-5-mm-lovely\/\" \/>\n<meta property=\"og:locale\" content=\"fr_FR\" \/>\n<meta property=\"og:type\" content=\"article\" \/>\n<meta property=\"og:title\" content=\"Pince \u00e0 extension de cils Volume 90 degr\u00e9s (5 mm) Lovely - LASHES&amp;BROWS by Nataliya Reinhard\" \/>\n<meta property=\"og:description\" content=\"Objectif : extensions de cils, Mat\u00e9riau : acier inoxydable, Type : 90 Degr\u00e9s (5mm), utilisation illimit\u00e9e. Tenir hors de port\u00e9e des enfants.\" \/>\n<meta property=\"og:url\" content=\"https:\/\/www.art-natur.ch\/fr\/produit\/pince-a-extension-de-cils-volume-90-degres-5-mm-lovely\/\" \/>\n<meta property=\"og:site_name\" content=\"LASHES&amp;BROWS by Nataliya Reinhard\" \/>\n<meta property=\"article:modified_time\" content=\"2024-10-13T17:42:00+00:00\" \/>\n<meta property=\"og:image\" content=\"https:\/\/www.art-natur.ch\/wp-content\/uploads\/2024\/09\/2554081423-Photoroom.png\" \/>\n\t<meta property=\"og:image:width\" content=\"1024\" \/>\n\t<meta property=\"og:image:height\" content=\"721\" \/>\n\t<meta property=\"og:image:type\" content=\"image\/png\" \/>\n<meta name=\"twitter:card\" content=\"summary_large_image\" \/>\n<script type=\"application\/ld+json\" class=\"yoast-schema-graph\">{\"@context\":\"https:\/\/schema.org\",\"@graph\":[{\"@type\":\"WebPage\",\"@id\":\"https:\/\/www.art-natur.ch\/fr\/produit\/pince-a-extension-de-cils-volume-90-degres-5-mm-lovely\/\",\"url\":\"https:\/\/www.art-natur.ch\/fr\/produit\/pince-a-extension-de-cils-volume-90-degres-5-mm-lovely\/\",\"name\":\"Pince \u00e0 extension de cils Volume 90 degr\u00e9s (5 mm) Lovely - LASHES&amp;BROWS by Nataliya Reinhard\",\"isPartOf\":{\"@id\":\"https:\/\/www.art-natur.ch\/fr\/#website\"},\"primaryImageOfPage\":{\"@id\":\"https:\/\/www.art-natur.ch\/fr\/produit\/pince-a-extension-de-cils-volume-90-degres-5-mm-lovely\/#primaryimage\"},\"image\":{\"@id\":\"https:\/\/www.art-natur.ch\/fr\/produit\/pince-a-extension-de-cils-volume-90-degres-5-mm-lovely\/#primaryimage\"},\"thumbnailUrl\":\"https:\/\/www.art-natur.ch\/wp-content\/uploads\/2024\/09\/2554081423-Photoroom.png\",\"datePublished\":\"2024-09-26T20:05:07+00:00\",\"dateModified\":\"2024-10-13T17:42:00+00:00\",\"description\":\"Objectif : extensions de cils, Mat\u00e9riau : acier inoxydable, Type : 90 Degr\u00e9s (5mm), utilisation illimit\u00e9e. Tenir hors de port\u00e9e des enfants.\",\"breadcrumb\":{\"@id\":\"https:\/\/www.art-natur.ch\/fr\/produit\/pince-a-extension-de-cils-volume-90-degres-5-mm-lovely\/#breadcrumb\"},\"inLanguage\":\"fr-FR\",\"potentialAction\":[{\"@type\":\"ReadAction\",\"target\":[\"https:\/\/www.art-natur.ch\/fr\/produit\/pince-a-extension-de-cils-volume-90-degres-5-mm-lovely\/\"]}]},{\"@type\":\"ImageObject\",\"inLanguage\":\"fr-FR\",\"@id\":\"https:\/\/www.art-natur.ch\/fr\/produit\/pince-a-extension-de-cils-volume-90-degres-5-mm-lovely\/#primaryimage\",\"url\":\"https:\/\/www.art-natur.ch\/wp-content\/uploads\/2024\/09\/2554081423-Photoroom.png\",\"contentUrl\":\"https:\/\/www.art-natur.ch\/wp-content\/uploads\/2024\/09\/2554081423-Photoroom.png\",\"width\":1024,\"height\":721},{\"@type\":\"BreadcrumbList\",\"@id\":\"https:\/\/www.art-natur.ch\/fr\/produit\/pince-a-extension-de-cils-volume-90-degres-5-mm-lovely\/#breadcrumb\",\"itemListElement\":[{\"@type\":\"ListItem\",\"position\":1,\"name\":\"Home\",\"item\":\"https:\/\/www.art-natur.ch\/fr\/\"},{\"@type\":\"ListItem\",\"position\":2,\"name\":\"Boutique\",\"item\":\"https:\/\/www.art-natur.ch\/shop\/\"},{\"@type\":\"ListItem\",\"position\":3,\"name\":\"Pince \u00e0 extension de cils Volume 90 degr\u00e9s (5 mm) Lovely\"}]},{\"@type\":\"WebSite\",\"@id\":\"https:\/\/www.art-natur.ch\/fr\/#website\",\"url\":\"https:\/\/www.art-natur.ch\/fr\/\",\"name\":\"LASHES&amp;BROWS by Nataliya Reinhard\",\"description\":\"High-quality lash and brow services with attention to every detail\",\"potentialAction\":[{\"@type\":\"SearchAction\",\"target\":{\"@type\":\"EntryPoint\",\"urlTemplate\":\"https:\/\/www.art-natur.ch\/fr\/?s={search_term_string}\"},\"query-input\":{\"@type\":\"PropertyValueSpecification\",\"valueRequired\":true,\"valueName\":\"search_term_string\"}}],\"inLanguage\":\"fr-FR\"}]}<\/script>\n<!-- \/ Yoast SEO plugin. -->","yoast_head_json":{"title":"Pince \u00e0 extension de cils Volume 90 degr\u00e9s (5 mm) Lovely - LASHES&amp;BROWS by Nataliya Reinhard","description":"Objectif : extensions de cils, Mat\u00e9riau : acier inoxydable, Type : 90 Degr\u00e9s (5mm), utilisation illimit\u00e9e. Tenir hors de port\u00e9e des enfants.","robots":{"index":"index","follow":"follow","max-snippet":"max-snippet:-1","max-image-preview":"max-image-preview:large","max-video-preview":"max-video-preview:-1"},"canonical":"https:\/\/www.art-natur.ch\/fr\/produit\/pince-a-extension-de-cils-volume-90-degres-5-mm-lovely\/","og_locale":"fr_FR","og_type":"article","og_title":"Pince \u00e0 extension de cils Volume 90 degr\u00e9s (5 mm) Lovely - LASHES&amp;BROWS by Nataliya Reinhard","og_description":"Objectif : extensions de cils, Mat\u00e9riau : acier inoxydable, Type : 90 Degr\u00e9s (5mm), utilisation illimit\u00e9e. Tenir hors de port\u00e9e des enfants.","og_url":"https:\/\/www.art-natur.ch\/fr\/produit\/pince-a-extension-de-cils-volume-90-degres-5-mm-lovely\/","og_site_name":"LASHES&amp;BROWS by Nataliya Reinhard","article_modified_time":"2024-10-13T17:42:00+00:00","og_image":[{"width":1024,"height":721,"url":"https:\/\/www.art-natur.ch\/wp-content\/uploads\/2024\/09\/2554081423-Photoroom.png","type":"image\/png"}],"twitter_card":"summary_large_image","schema":{"@context":"https:\/\/schema.org","@graph":[{"@type":"WebPage","@id":"https:\/\/www.art-natur.ch\/fr\/produit\/pince-a-extension-de-cils-volume-90-degres-5-mm-lovely\/","url":"https:\/\/www.art-natur.ch\/fr\/produit\/pince-a-extension-de-cils-volume-90-degres-5-mm-lovely\/","name":"Pince \u00e0 extension de cils Volume 90 degr\u00e9s (5 mm) Lovely - LASHES&amp;BROWS by Nataliya Reinhard","isPartOf":{"@id":"https:\/\/www.art-natur.ch\/fr\/#website"},"primaryImageOfPage":{"@id":"https:\/\/www.art-natur.ch\/fr\/produit\/pince-a-extension-de-cils-volume-90-degres-5-mm-lovely\/#primaryimage"},"image":{"@id":"https:\/\/www.art-natur.ch\/fr\/produit\/pince-a-extension-de-cils-volume-90-degres-5-mm-lovely\/#primaryimage"},"thumbnailUrl":"https:\/\/www.art-natur.ch\/wp-content\/uploads\/2024\/09\/2554081423-Photoroom.png","datePublished":"2024-09-26T20:05:07+00:00","dateModified":"2024-10-13T17:42:00+00:00","description":"Objectif : extensions de cils, Mat\u00e9riau : acier inoxydable, Type : 90 Degr\u00e9s (5mm), utilisation illimit\u00e9e. Tenir hors de port\u00e9e des enfants.","breadcrumb":{"@id":"https:\/\/www.art-natur.ch\/fr\/produit\/pince-a-extension-de-cils-volume-90-degres-5-mm-lovely\/#breadcrumb"},"inLanguage":"fr-FR","potentialAction":[{"@type":"ReadAction","target":["https:\/\/www.art-natur.ch\/fr\/produit\/pince-a-extension-de-cils-volume-90-degres-5-mm-lovely\/"]}]},{"@type":"ImageObject","inLanguage":"fr-FR","@id":"https:\/\/www.art-natur.ch\/fr\/produit\/pince-a-extension-de-cils-volume-90-degres-5-mm-lovely\/#primaryimage","url":"https:\/\/www.art-natur.ch\/wp-content\/uploads\/2024\/09\/2554081423-Photoroom.png","contentUrl":"https:\/\/www.art-natur.ch\/wp-content\/uploads\/2024\/09\/2554081423-Photoroom.png","width":1024,"height":721},{"@type":"BreadcrumbList","@id":"https:\/\/www.art-natur.ch\/fr\/produit\/pince-a-extension-de-cils-volume-90-degres-5-mm-lovely\/#breadcrumb","itemListElement":[{"@type":"ListItem","position":1,"name":"Home","item":"https:\/\/www.art-natur.ch\/fr\/"},{"@type":"ListItem","position":2,"name":"Boutique","item":"https:\/\/www.art-natur.ch\/shop\/"},{"@type":"ListItem","position":3,"name":"Pince \u00e0 extension de cils Volume 90 degr\u00e9s (5 mm) Lovely"}]},{"@type":"WebSite","@id":"https:\/\/www.art-natur.ch\/fr\/#website","url":"https:\/\/www.art-natur.ch\/fr\/","name":"LASHES&amp;BROWS by Nataliya Reinhard","description":"High-quality lash and brow services with attention to every detail","potentialAction":[{"@type":"SearchAction","target":{"@type":"EntryPoint","urlTemplate":"https:\/\/www.art-natur.ch\/fr\/?s={search_term_string}"},"query-input":{"@type":"PropertyValueSpecification","valueRequired":true,"valueName":"search_term_string"}}],"inLanguage":"fr-FR"}]}},"_links":{"self":[{"href":"https:\/\/www.art-natur.ch\/fr\/wp-json\/wp\/v2\/product\/2519","targetHints":{"allow":["GET"]}}],"collection":[{"href":"https:\/\/www.art-natur.ch\/fr\/wp-json\/wp\/v2\/product"}],"about":[{"href":"https:\/\/www.art-natur.ch\/fr\/wp-json\/wp\/v2\/types\/product"}],"wp:featuredmedia":[{"embeddable":true,"href":"https:\/\/www.art-natur.ch\/fr\/wp-json\/wp\/v2\/media\/7265"}],"wp:attachment":[{"href":"https:\/\/www.art-natur.ch\/fr\/wp-json\/wp\/v2\/media?parent=2519"}],"wp:term":[{"taxonomy":"product_cat","embeddable":true,"href":"https:\/\/www.art-natur.ch\/fr\/wp-json\/wp\/v2\/product_cat?post=2519"},{"taxonomy":"product_tag","embeddable":true,"href":"https:\/\/www.art-natur.ch\/fr\/wp-json\/wp\/v2\/product_tag?post=2519"}],"curies":[{"name":"wp","href":"https:\/\/api.w.org\/{rel}","templated":true}]}}