{"id":2533,"date":"2024-09-26T22:15:02","date_gmt":"2024-09-26T20:15:02","guid":{"rendered":"https:\/\/www.art-natur.ch\/product\/pince-a-modeler-les-sourcils-henna-expert-biseautee-metallique-strass-bleu\/"},"modified":"2024-10-13T19:40:22","modified_gmt":"2024-10-13T17:40:22","slug":"pince-a-modeler-les-sourcils-henna-expert-biseautee-metallique-strass-bleu","status":"publish","type":"product","link":"https:\/\/www.art-natur.ch\/fr\/produit\/pince-a-modeler-les-sourcils-henna-expert-biseautee-metallique-strass-bleu\/","title":{"rendered":"Pince \u00e0 modeler les sourcils \u00ab\u00a0Henna Expert\u00a0\u00bb biseaut\u00e9e (m\u00e9tallique, strass bleu)"},"content":{"rendered":"<p>La pince \u00e0 \u00e9piler \u00e0 sourcils biseaut\u00e9e HENNA EXPERT, pratique et \u00e9l\u00e9gante, vous permet de saisir et de retirer les poils les plus fins et les plus courts. Fabriqu\u00e9 en acier de haute qualit\u00e9, il durera un temps ph\u00e9nom\u00e9nal sans avoir besoin d&rsquo;\u00eatre aiguis\u00e9. La pince \u00e0 \u00e9piler Henna Expert se caract\u00e9rise par un tranchant optimal pour un travail parfaitement propre et par des micro-dentelures qui assurent une proc\u00e9dure s\u00fbre. La douceur de fonctionnement de la pince et son excellente prise en main permettent de travailler rapidement et en toute confiance sans surcharger la main de l&rsquo;artisan.<br \/>\nUne marque de fabrique de Henna Expert : chaque pince est d\u00e9cor\u00e9e d&rsquo;un petit strass rouge ou bleu vif, ajoutant du style \u00e0 un outil de tous les jours.<\/p>\n","protected":false},"excerpt":{"rendered":"<p>La pince \u00e0 \u00e9piler \u00e0 sourcils biseaut\u00e9e HENNA EXPERT, pratique et \u00e9l\u00e9gante, vous permet de saisir et de retirer les poils les plus fins et les plus courts. Fabriqu\u00e9 en acier de haute qualit\u00e9, il durera un temps ph\u00e9nom\u00e9nal sans avoir besoin d&rsquo;\u00eatre aiguis\u00e9. La pince \u00e0 \u00e9piler Henna Expert se caract\u00e9rise par un tranchant [&hellip;]<\/p>\n","protected":false},"featured_media":7257,"template":"","meta":{"_acf_changed":false,"inline_featured_image":false},"product_cat":[119,125,127,129,141,193,207],"product_tag":[],"class_list":{"0":"post-2533","1":"product","2":"type-product","3":"status-publish","4":"has-post-thumbnail","6":"product_brand-henna-expert","7":"product_cat-coloration-et-correction-des-sourcils","8":"product_cat-outil-extension-de-cils","9":"product_cat-orrection","10":"product_cat-stylisation-a-long-terme-des-sourcils","11":"product_cat-outils","12":"product_cat-produits-connexes","13":"product_cat-consommables-fr","15":"first","16":"instock","17":"shipping-taxable","18":"purchasable","19":"product-type-variable"},"acf":[],"yoast_head":"<!-- This site is optimized with the Yoast SEO plugin v26.6 - https:\/\/yoast.com\/wordpress\/plugins\/seo\/ -->\n<title>Pince \u00e0 modeler les sourcils &quot;Henna Expert&quot; biseaut\u00e9e (m\u00e9tallique, strass bleu) - LASHES&amp;BROWS by Nataliya Reinhard<\/title>\n<meta name=\"description\" content=\"La pince HENNA EXPERT, pratique et biseaut\u00e9e, capture les poils fins. Acier de haute qualit\u00e9, durable et styl\u00e9e avec un strass.\" \/>\n<meta name=\"robots\" content=\"index, follow, max-snippet:-1, max-image-preview:large, max-video-preview:-1\" \/>\n<link rel=\"canonical\" href=\"https:\/\/www.art-natur.ch\/fr\/produit\/pince-a-modeler-les-sourcils-henna-expert-biseautee-metallique-strass-bleu\/\" \/>\n<meta property=\"og:locale\" content=\"fr_FR\" \/>\n<meta property=\"og:type\" content=\"article\" \/>\n<meta property=\"og:title\" content=\"Pince \u00e0 modeler les sourcils &quot;Henna Expert&quot; biseaut\u00e9e (m\u00e9tallique, strass bleu) - LASHES&amp;BROWS by Nataliya Reinhard\" \/>\n<meta property=\"og:description\" content=\"La pince HENNA EXPERT, pratique et biseaut\u00e9e, capture les poils fins. Acier de haute qualit\u00e9, durable et styl\u00e9e avec un strass.\" \/>\n<meta property=\"og:url\" content=\"https:\/\/www.art-natur.ch\/fr\/produit\/pince-a-modeler-les-sourcils-henna-expert-biseautee-metallique-strass-bleu\/\" \/>\n<meta property=\"og:site_name\" content=\"LASHES&amp;BROWS by Nataliya Reinhard\" \/>\n<meta property=\"article:modified_time\" content=\"2024-10-13T17:40:22+00:00\" \/>\n<meta property=\"og:image\" content=\"https:\/\/www.art-natur.ch\/wp-content\/uploads\/2024\/09\/2555128301-Photoroom.png\" \/>\n\t<meta property=\"og:image:width\" content=\"1280\" \/>\n\t<meta property=\"og:image:height\" content=\"1280\" \/>\n\t<meta property=\"og:image:type\" content=\"image\/png\" \/>\n<meta name=\"twitter:card\" content=\"summary_large_image\" \/>\n<meta name=\"twitter:label1\" content=\"Dur\u00e9e de lecture estim\u00e9e\" \/>\n\t<meta name=\"twitter:data1\" content=\"1 minute\" \/>\n<script type=\"application\/ld+json\" class=\"yoast-schema-graph\">{\"@context\":\"https:\/\/schema.org\",\"@graph\":[{\"@type\":\"WebPage\",\"@id\":\"https:\/\/www.art-natur.ch\/fr\/produit\/pince-a-modeler-les-sourcils-henna-expert-biseautee-metallique-strass-bleu\/\",\"url\":\"https:\/\/www.art-natur.ch\/fr\/produit\/pince-a-modeler-les-sourcils-henna-expert-biseautee-metallique-strass-bleu\/\",\"name\":\"Pince \u00e0 modeler les sourcils \\\"Henna Expert\\\" biseaut\u00e9e (m\u00e9tallique, strass bleu) - LASHES&amp;BROWS by Nataliya Reinhard\",\"isPartOf\":{\"@id\":\"https:\/\/www.art-natur.ch\/fr\/#website\"},\"primaryImageOfPage\":{\"@id\":\"https:\/\/www.art-natur.ch\/fr\/produit\/pince-a-modeler-les-sourcils-henna-expert-biseautee-metallique-strass-bleu\/#primaryimage\"},\"image\":{\"@id\":\"https:\/\/www.art-natur.ch\/fr\/produit\/pince-a-modeler-les-sourcils-henna-expert-biseautee-metallique-strass-bleu\/#primaryimage\"},\"thumbnailUrl\":\"https:\/\/www.art-natur.ch\/wp-content\/uploads\/2024\/09\/2555128301-Photoroom.png\",\"datePublished\":\"2024-09-26T20:15:02+00:00\",\"dateModified\":\"2024-10-13T17:40:22+00:00\",\"description\":\"La pince HENNA EXPERT, pratique et biseaut\u00e9e, capture les poils fins. Acier de haute qualit\u00e9, durable et styl\u00e9e avec un strass.\",\"breadcrumb\":{\"@id\":\"https:\/\/www.art-natur.ch\/fr\/produit\/pince-a-modeler-les-sourcils-henna-expert-biseautee-metallique-strass-bleu\/#breadcrumb\"},\"inLanguage\":\"fr-FR\",\"potentialAction\":[{\"@type\":\"ReadAction\",\"target\":[\"https:\/\/www.art-natur.ch\/fr\/produit\/pince-a-modeler-les-sourcils-henna-expert-biseautee-metallique-strass-bleu\/\"]}]},{\"@type\":\"ImageObject\",\"inLanguage\":\"fr-FR\",\"@id\":\"https:\/\/www.art-natur.ch\/fr\/produit\/pince-a-modeler-les-sourcils-henna-expert-biseautee-metallique-strass-bleu\/#primaryimage\",\"url\":\"https:\/\/www.art-natur.ch\/wp-content\/uploads\/2024\/09\/2555128301-Photoroom.png\",\"contentUrl\":\"https:\/\/www.art-natur.ch\/wp-content\/uploads\/2024\/09\/2555128301-Photoroom.png\",\"width\":1280,\"height\":1280},{\"@type\":\"BreadcrumbList\",\"@id\":\"https:\/\/www.art-natur.ch\/fr\/produit\/pince-a-modeler-les-sourcils-henna-expert-biseautee-metallique-strass-bleu\/#breadcrumb\",\"itemListElement\":[{\"@type\":\"ListItem\",\"position\":1,\"name\":\"Home\",\"item\":\"https:\/\/www.art-natur.ch\/fr\/\"},{\"@type\":\"ListItem\",\"position\":2,\"name\":\"Boutique\",\"item\":\"https:\/\/www.art-natur.ch\/shop\/\"},{\"@type\":\"ListItem\",\"position\":3,\"name\":\"Pince \u00e0 modeler les sourcils &#8222;Henna Expert&#8220; biseaut\u00e9e (m\u00e9tallique, strass bleu)\"}]},{\"@type\":\"WebSite\",\"@id\":\"https:\/\/www.art-natur.ch\/fr\/#website\",\"url\":\"https:\/\/www.art-natur.ch\/fr\/\",\"name\":\"LASHES&amp;BROWS by Nataliya Reinhard\",\"description\":\"High-quality lash and brow services with attention to every detail\",\"potentialAction\":[{\"@type\":\"SearchAction\",\"target\":{\"@type\":\"EntryPoint\",\"urlTemplate\":\"https:\/\/www.art-natur.ch\/fr\/?s={search_term_string}\"},\"query-input\":{\"@type\":\"PropertyValueSpecification\",\"valueRequired\":true,\"valueName\":\"search_term_string\"}}],\"inLanguage\":\"fr-FR\"}]}<\/script>\n<!-- \/ Yoast SEO plugin. -->","yoast_head_json":{"title":"Pince \u00e0 modeler les sourcils \"Henna Expert\" biseaut\u00e9e (m\u00e9tallique, strass bleu) - LASHES&amp;BROWS by Nataliya Reinhard","description":"La pince HENNA EXPERT, pratique et biseaut\u00e9e, capture les poils fins. Acier de haute qualit\u00e9, durable et styl\u00e9e avec un strass.","robots":{"index":"index","follow":"follow","max-snippet":"max-snippet:-1","max-image-preview":"max-image-preview:large","max-video-preview":"max-video-preview:-1"},"canonical":"https:\/\/www.art-natur.ch\/fr\/produit\/pince-a-modeler-les-sourcils-henna-expert-biseautee-metallique-strass-bleu\/","og_locale":"fr_FR","og_type":"article","og_title":"Pince \u00e0 modeler les sourcils \"Henna Expert\" biseaut\u00e9e (m\u00e9tallique, strass bleu) - LASHES&amp;BROWS by Nataliya Reinhard","og_description":"La pince HENNA EXPERT, pratique et biseaut\u00e9e, capture les poils fins. Acier de haute qualit\u00e9, durable et styl\u00e9e avec un strass.","og_url":"https:\/\/www.art-natur.ch\/fr\/produit\/pince-a-modeler-les-sourcils-henna-expert-biseautee-metallique-strass-bleu\/","og_site_name":"LASHES&amp;BROWS by Nataliya Reinhard","article_modified_time":"2024-10-13T17:40:22+00:00","og_image":[{"width":1280,"height":1280,"url":"https:\/\/www.art-natur.ch\/wp-content\/uploads\/2024\/09\/2555128301-Photoroom.png","type":"image\/png"}],"twitter_card":"summary_large_image","twitter_misc":{"Dur\u00e9e de lecture estim\u00e9e":"1 minute"},"schema":{"@context":"https:\/\/schema.org","@graph":[{"@type":"WebPage","@id":"https:\/\/www.art-natur.ch\/fr\/produit\/pince-a-modeler-les-sourcils-henna-expert-biseautee-metallique-strass-bleu\/","url":"https:\/\/www.art-natur.ch\/fr\/produit\/pince-a-modeler-les-sourcils-henna-expert-biseautee-metallique-strass-bleu\/","name":"Pince \u00e0 modeler les sourcils \"Henna Expert\" biseaut\u00e9e (m\u00e9tallique, strass bleu) - LASHES&amp;BROWS by Nataliya Reinhard","isPartOf":{"@id":"https:\/\/www.art-natur.ch\/fr\/#website"},"primaryImageOfPage":{"@id":"https:\/\/www.art-natur.ch\/fr\/produit\/pince-a-modeler-les-sourcils-henna-expert-biseautee-metallique-strass-bleu\/#primaryimage"},"image":{"@id":"https:\/\/www.art-natur.ch\/fr\/produit\/pince-a-modeler-les-sourcils-henna-expert-biseautee-metallique-strass-bleu\/#primaryimage"},"thumbnailUrl":"https:\/\/www.art-natur.ch\/wp-content\/uploads\/2024\/09\/2555128301-Photoroom.png","datePublished":"2024-09-26T20:15:02+00:00","dateModified":"2024-10-13T17:40:22+00:00","description":"La pince HENNA EXPERT, pratique et biseaut\u00e9e, capture les poils fins. Acier de haute qualit\u00e9, durable et styl\u00e9e avec un strass.","breadcrumb":{"@id":"https:\/\/www.art-natur.ch\/fr\/produit\/pince-a-modeler-les-sourcils-henna-expert-biseautee-metallique-strass-bleu\/#breadcrumb"},"inLanguage":"fr-FR","potentialAction":[{"@type":"ReadAction","target":["https:\/\/www.art-natur.ch\/fr\/produit\/pince-a-modeler-les-sourcils-henna-expert-biseautee-metallique-strass-bleu\/"]}]},{"@type":"ImageObject","inLanguage":"fr-FR","@id":"https:\/\/www.art-natur.ch\/fr\/produit\/pince-a-modeler-les-sourcils-henna-expert-biseautee-metallique-strass-bleu\/#primaryimage","url":"https:\/\/www.art-natur.ch\/wp-content\/uploads\/2024\/09\/2555128301-Photoroom.png","contentUrl":"https:\/\/www.art-natur.ch\/wp-content\/uploads\/2024\/09\/2555128301-Photoroom.png","width":1280,"height":1280},{"@type":"BreadcrumbList","@id":"https:\/\/www.art-natur.ch\/fr\/produit\/pince-a-modeler-les-sourcils-henna-expert-biseautee-metallique-strass-bleu\/#breadcrumb","itemListElement":[{"@type":"ListItem","position":1,"name":"Home","item":"https:\/\/www.art-natur.ch\/fr\/"},{"@type":"ListItem","position":2,"name":"Boutique","item":"https:\/\/www.art-natur.ch\/shop\/"},{"@type":"ListItem","position":3,"name":"Pince \u00e0 modeler les sourcils &#8222;Henna Expert&#8220; biseaut\u00e9e (m\u00e9tallique, strass bleu)"}]},{"@type":"WebSite","@id":"https:\/\/www.art-natur.ch\/fr\/#website","url":"https:\/\/www.art-natur.ch\/fr\/","name":"LASHES&amp;BROWS by Nataliya Reinhard","description":"High-quality lash and brow services with attention to every detail","potentialAction":[{"@type":"SearchAction","target":{"@type":"EntryPoint","urlTemplate":"https:\/\/www.art-natur.ch\/fr\/?s={search_term_string}"},"query-input":{"@type":"PropertyValueSpecification","valueRequired":true,"valueName":"search_term_string"}}],"inLanguage":"fr-FR"}]}},"_links":{"self":[{"href":"https:\/\/www.art-natur.ch\/fr\/wp-json\/wp\/v2\/product\/2533","targetHints":{"allow":["GET"]}}],"collection":[{"href":"https:\/\/www.art-natur.ch\/fr\/wp-json\/wp\/v2\/product"}],"about":[{"href":"https:\/\/www.art-natur.ch\/fr\/wp-json\/wp\/v2\/types\/product"}],"wp:featuredmedia":[{"embeddable":true,"href":"https:\/\/www.art-natur.ch\/fr\/wp-json\/wp\/v2\/media\/7257"}],"wp:attachment":[{"href":"https:\/\/www.art-natur.ch\/fr\/wp-json\/wp\/v2\/media?parent=2533"}],"wp:term":[{"taxonomy":"product_cat","embeddable":true,"href":"https:\/\/www.art-natur.ch\/fr\/wp-json\/wp\/v2\/product_cat?post=2533"},{"taxonomy":"product_tag","embeddable":true,"href":"https:\/\/www.art-natur.ch\/fr\/wp-json\/wp\/v2\/product_tag?post=2533"}],"curies":[{"name":"wp","href":"https:\/\/api.w.org\/{rel}","templated":true}]}}