{"id":2547,"date":"2024-09-26T22:27:16","date_gmt":"2024-09-26T20:27:16","guid":{"rendered":"https:\/\/www.art-natur.ch\/product\/pinceau-pour-appliquer-la-composition-lb-large-lb-2\/"},"modified":"2024-10-13T19:34:50","modified_gmt":"2024-10-13T17:34:50","slug":"pinceau-pour-appliquer-la-composition-lb-large-lb-2","status":"publish","type":"product","link":"https:\/\/www.art-natur.ch\/fr\/produit\/pinceau-pour-appliquer-la-composition-lb-large-lb-2\/","title":{"rendered":"Pinceau pour appliquer la composition LB ( large LB-2)"},"content":{"rendered":"<p>Les poils larges vous permettent de r\u00e9partir pr\u00e9cis\u00e9ment et rapidement la formulation de lamination et l&rsquo;\u00e9lixir botox sur les cils. Consommation \u00e9conomique de mat\u00e9riaux. La zone de travail reste propre. Avantages : Les brosses LB ont un long manche confortable. D&rsquo;autres fabricants de teintures pour cils et sourcils proposent une brosse en plastique courte. Vous devez tenir votre main trop pr\u00e8s du visage de la cliente, ce qui la met mal \u00e0 l&rsquo;aise et la fait souffrir pendant la distribution des formulations. Le pinceau LB est en bois naturel. Elle ne glisse pas, m\u00eame lorsqu&rsquo;on travaille avec des gants. Les brosses en plastique sont difficiles \u00e0 tenir, le travail devient d\u00e9sordonn\u00e9, les ressources sont d\u00e9pens\u00e9es de mani\u00e8re inefficace. La longueur du manche des pinceaux LB leur permet de se glisser dans n&rsquo;importe quel sac \u00e0 cosm\u00e9tiques standard. Le pinceau est facile \u00e0 ranger et \u00e0 transporter. Seuls les poils synth\u00e9tiques garantissent l&rsquo;hypoallerg\u00e9nicit\u00e9. Rigidit\u00e9 optimale pour la brosse large. Permet de r\u00e9partir et d&rsquo;enlever parfaitement les formulations pour le laminage et le botoxage des cils. Pas de perte de temps ni d&rsquo;effort. Essayez \u00e9galement la brosse \u00e9troite LASH BOTOX (LB-1) de la gamme lash.ru. Con\u00e7ue pour appliquer et retirer le colorant lors de la coloration des cils. La brosse LB fonctionne parfaitement.<\/p>\n","protected":false},"excerpt":{"rendered":"<p>Les poils larges vous permettent de r\u00e9partir pr\u00e9cis\u00e9ment et rapidement la formulation de lamination et l&rsquo;\u00e9lixir botox sur les cils. Consommation \u00e9conomique de mat\u00e9riaux. La zone de travail reste propre. Avantages : Les brosses LB ont un long manche confortable. D&rsquo;autres fabricants de teintures pour cils et sourcils proposent une brosse en plastique courte. Vous [&hellip;]<\/p>\n","protected":false},"featured_media":7249,"template":"","meta":{"_acf_changed":false,"inline_featured_image":false},"product_cat":[119,125,129,141,143,146,150,160,193,207],"product_tag":[],"class_list":{"0":"post-2547","1":"product","2":"type-product","3":"status-publish","4":"has-post-thumbnail","6":"product_brand-lash-botox","7":"product_cat-coloration-et-correction-des-sourcils","8":"product_cat-outil-extension-de-cils","9":"product_cat-stylisation-a-long-terme-des-sourcils","10":"product_cat-outils","11":"product_cat-equipements-et-accessoires","12":"product_cat-autre","13":"product_cat-rehaussement-des-cils","14":"product_cat-outil","15":"product_cat-produits-connexes","16":"product_cat-consommables-fr","18":"first","19":"instock","20":"shipping-taxable","21":"purchasable","22":"product-type-simple"},"acf":[],"yoast_head":"<!-- This site is optimized with the Yoast SEO plugin v26.6 - https:\/\/yoast.com\/wordpress\/plugins\/seo\/ -->\n<title>Pinceau pour appliquer la composition LB ( large LB-2) - LASHES&amp;BROWS by Nataliya Reinhard<\/title>\n<meta name=\"description\" content=\"Poils larges pour une application pr\u00e9cise des formulations de lamination et d&#039;\u00e9lixir botox sur les cils. Manche long et confortable.\" \/>\n<meta name=\"robots\" content=\"index, follow, max-snippet:-1, max-image-preview:large, max-video-preview:-1\" \/>\n<link rel=\"canonical\" href=\"https:\/\/www.art-natur.ch\/fr\/produit\/pinceau-pour-appliquer-la-composition-lb-large-lb-2\/\" \/>\n<meta property=\"og:locale\" content=\"fr_FR\" \/>\n<meta property=\"og:type\" content=\"article\" \/>\n<meta property=\"og:title\" content=\"Pinceau pour appliquer la composition LB ( large LB-2) - LASHES&amp;BROWS by Nataliya Reinhard\" \/>\n<meta property=\"og:description\" content=\"Poils larges pour une application pr\u00e9cise des formulations de lamination et d&#039;\u00e9lixir botox sur les cils. Manche long et confortable.\" \/>\n<meta property=\"og:url\" content=\"https:\/\/www.art-natur.ch\/fr\/produit\/pinceau-pour-appliquer-la-composition-lb-large-lb-2\/\" \/>\n<meta property=\"og:site_name\" content=\"LASHES&amp;BROWS by Nataliya Reinhard\" \/>\n<meta property=\"article:modified_time\" content=\"2024-10-13T17:34:50+00:00\" \/>\n<meta property=\"og:image\" content=\"https:\/\/www.art-natur.ch\/wp-content\/uploads\/2024\/09\/2407908289-Photoroom.png\" \/>\n\t<meta property=\"og:image:width\" content=\"800\" \/>\n\t<meta property=\"og:image:height\" content=\"800\" \/>\n\t<meta property=\"og:image:type\" content=\"image\/png\" \/>\n<meta name=\"twitter:card\" content=\"summary_large_image\" \/>\n<meta name=\"twitter:label1\" content=\"Dur\u00e9e de lecture estim\u00e9e\" \/>\n\t<meta name=\"twitter:data1\" content=\"1 minute\" \/>\n<script type=\"application\/ld+json\" class=\"yoast-schema-graph\">{\"@context\":\"https:\/\/schema.org\",\"@graph\":[{\"@type\":\"WebPage\",\"@id\":\"https:\/\/www.art-natur.ch\/fr\/produit\/pinceau-pour-appliquer-la-composition-lb-large-lb-2\/\",\"url\":\"https:\/\/www.art-natur.ch\/fr\/produit\/pinceau-pour-appliquer-la-composition-lb-large-lb-2\/\",\"name\":\"Pinceau pour appliquer la composition LB ( large LB-2) - LASHES&amp;BROWS by Nataliya Reinhard\",\"isPartOf\":{\"@id\":\"https:\/\/www.art-natur.ch\/fr\/#website\"},\"primaryImageOfPage\":{\"@id\":\"https:\/\/www.art-natur.ch\/fr\/produit\/pinceau-pour-appliquer-la-composition-lb-large-lb-2\/#primaryimage\"},\"image\":{\"@id\":\"https:\/\/www.art-natur.ch\/fr\/produit\/pinceau-pour-appliquer-la-composition-lb-large-lb-2\/#primaryimage\"},\"thumbnailUrl\":\"https:\/\/www.art-natur.ch\/wp-content\/uploads\/2024\/09\/2407908289-Photoroom.png\",\"datePublished\":\"2024-09-26T20:27:16+00:00\",\"dateModified\":\"2024-10-13T17:34:50+00:00\",\"description\":\"Poils larges pour une application pr\u00e9cise des formulations de lamination et d'\u00e9lixir botox sur les cils. Manche long et confortable.\",\"breadcrumb\":{\"@id\":\"https:\/\/www.art-natur.ch\/fr\/produit\/pinceau-pour-appliquer-la-composition-lb-large-lb-2\/#breadcrumb\"},\"inLanguage\":\"fr-FR\",\"potentialAction\":[{\"@type\":\"ReadAction\",\"target\":[\"https:\/\/www.art-natur.ch\/fr\/produit\/pinceau-pour-appliquer-la-composition-lb-large-lb-2\/\"]}]},{\"@type\":\"ImageObject\",\"inLanguage\":\"fr-FR\",\"@id\":\"https:\/\/www.art-natur.ch\/fr\/produit\/pinceau-pour-appliquer-la-composition-lb-large-lb-2\/#primaryimage\",\"url\":\"https:\/\/www.art-natur.ch\/wp-content\/uploads\/2024\/09\/2407908289-Photoroom.png\",\"contentUrl\":\"https:\/\/www.art-natur.ch\/wp-content\/uploads\/2024\/09\/2407908289-Photoroom.png\",\"width\":800,\"height\":800},{\"@type\":\"BreadcrumbList\",\"@id\":\"https:\/\/www.art-natur.ch\/fr\/produit\/pinceau-pour-appliquer-la-composition-lb-large-lb-2\/#breadcrumb\",\"itemListElement\":[{\"@type\":\"ListItem\",\"position\":1,\"name\":\"Home\",\"item\":\"https:\/\/www.art-natur.ch\/fr\/\"},{\"@type\":\"ListItem\",\"position\":2,\"name\":\"Boutique\",\"item\":\"https:\/\/www.art-natur.ch\/shop\/\"},{\"@type\":\"ListItem\",\"position\":3,\"name\":\"Pinceau pour appliquer la composition LB ( large LB-2)\"}]},{\"@type\":\"WebSite\",\"@id\":\"https:\/\/www.art-natur.ch\/fr\/#website\",\"url\":\"https:\/\/www.art-natur.ch\/fr\/\",\"name\":\"LASHES&amp;BROWS by Nataliya Reinhard\",\"description\":\"High-quality lash and brow services with attention to every detail\",\"potentialAction\":[{\"@type\":\"SearchAction\",\"target\":{\"@type\":\"EntryPoint\",\"urlTemplate\":\"https:\/\/www.art-natur.ch\/fr\/?s={search_term_string}\"},\"query-input\":{\"@type\":\"PropertyValueSpecification\",\"valueRequired\":true,\"valueName\":\"search_term_string\"}}],\"inLanguage\":\"fr-FR\"}]}<\/script>\n<!-- \/ Yoast SEO plugin. -->","yoast_head_json":{"title":"Pinceau pour appliquer la composition LB ( large LB-2) - LASHES&amp;BROWS by Nataliya Reinhard","description":"Poils larges pour une application pr\u00e9cise des formulations de lamination et d'\u00e9lixir botox sur les cils. Manche long et confortable.","robots":{"index":"index","follow":"follow","max-snippet":"max-snippet:-1","max-image-preview":"max-image-preview:large","max-video-preview":"max-video-preview:-1"},"canonical":"https:\/\/www.art-natur.ch\/fr\/produit\/pinceau-pour-appliquer-la-composition-lb-large-lb-2\/","og_locale":"fr_FR","og_type":"article","og_title":"Pinceau pour appliquer la composition LB ( large LB-2) - LASHES&amp;BROWS by Nataliya Reinhard","og_description":"Poils larges pour une application pr\u00e9cise des formulations de lamination et d'\u00e9lixir botox sur les cils. Manche long et confortable.","og_url":"https:\/\/www.art-natur.ch\/fr\/produit\/pinceau-pour-appliquer-la-composition-lb-large-lb-2\/","og_site_name":"LASHES&amp;BROWS by Nataliya Reinhard","article_modified_time":"2024-10-13T17:34:50+00:00","og_image":[{"width":800,"height":800,"url":"https:\/\/www.art-natur.ch\/wp-content\/uploads\/2024\/09\/2407908289-Photoroom.png","type":"image\/png"}],"twitter_card":"summary_large_image","twitter_misc":{"Dur\u00e9e de lecture estim\u00e9e":"1 minute"},"schema":{"@context":"https:\/\/schema.org","@graph":[{"@type":"WebPage","@id":"https:\/\/www.art-natur.ch\/fr\/produit\/pinceau-pour-appliquer-la-composition-lb-large-lb-2\/","url":"https:\/\/www.art-natur.ch\/fr\/produit\/pinceau-pour-appliquer-la-composition-lb-large-lb-2\/","name":"Pinceau pour appliquer la composition LB ( large LB-2) - LASHES&amp;BROWS by Nataliya Reinhard","isPartOf":{"@id":"https:\/\/www.art-natur.ch\/fr\/#website"},"primaryImageOfPage":{"@id":"https:\/\/www.art-natur.ch\/fr\/produit\/pinceau-pour-appliquer-la-composition-lb-large-lb-2\/#primaryimage"},"image":{"@id":"https:\/\/www.art-natur.ch\/fr\/produit\/pinceau-pour-appliquer-la-composition-lb-large-lb-2\/#primaryimage"},"thumbnailUrl":"https:\/\/www.art-natur.ch\/wp-content\/uploads\/2024\/09\/2407908289-Photoroom.png","datePublished":"2024-09-26T20:27:16+00:00","dateModified":"2024-10-13T17:34:50+00:00","description":"Poils larges pour une application pr\u00e9cise des formulations de lamination et d'\u00e9lixir botox sur les cils. Manche long et confortable.","breadcrumb":{"@id":"https:\/\/www.art-natur.ch\/fr\/produit\/pinceau-pour-appliquer-la-composition-lb-large-lb-2\/#breadcrumb"},"inLanguage":"fr-FR","potentialAction":[{"@type":"ReadAction","target":["https:\/\/www.art-natur.ch\/fr\/produit\/pinceau-pour-appliquer-la-composition-lb-large-lb-2\/"]}]},{"@type":"ImageObject","inLanguage":"fr-FR","@id":"https:\/\/www.art-natur.ch\/fr\/produit\/pinceau-pour-appliquer-la-composition-lb-large-lb-2\/#primaryimage","url":"https:\/\/www.art-natur.ch\/wp-content\/uploads\/2024\/09\/2407908289-Photoroom.png","contentUrl":"https:\/\/www.art-natur.ch\/wp-content\/uploads\/2024\/09\/2407908289-Photoroom.png","width":800,"height":800},{"@type":"BreadcrumbList","@id":"https:\/\/www.art-natur.ch\/fr\/produit\/pinceau-pour-appliquer-la-composition-lb-large-lb-2\/#breadcrumb","itemListElement":[{"@type":"ListItem","position":1,"name":"Home","item":"https:\/\/www.art-natur.ch\/fr\/"},{"@type":"ListItem","position":2,"name":"Boutique","item":"https:\/\/www.art-natur.ch\/shop\/"},{"@type":"ListItem","position":3,"name":"Pinceau pour appliquer la composition LB ( large LB-2)"}]},{"@type":"WebSite","@id":"https:\/\/www.art-natur.ch\/fr\/#website","url":"https:\/\/www.art-natur.ch\/fr\/","name":"LASHES&amp;BROWS by Nataliya Reinhard","description":"High-quality lash and brow services with attention to every detail","potentialAction":[{"@type":"SearchAction","target":{"@type":"EntryPoint","urlTemplate":"https:\/\/www.art-natur.ch\/fr\/?s={search_term_string}"},"query-input":{"@type":"PropertyValueSpecification","valueRequired":true,"valueName":"search_term_string"}}],"inLanguage":"fr-FR"}]}},"_links":{"self":[{"href":"https:\/\/www.art-natur.ch\/fr\/wp-json\/wp\/v2\/product\/2547","targetHints":{"allow":["GET"]}}],"collection":[{"href":"https:\/\/www.art-natur.ch\/fr\/wp-json\/wp\/v2\/product"}],"about":[{"href":"https:\/\/www.art-natur.ch\/fr\/wp-json\/wp\/v2\/types\/product"}],"wp:featuredmedia":[{"embeddable":true,"href":"https:\/\/www.art-natur.ch\/fr\/wp-json\/wp\/v2\/media\/7249"}],"wp:attachment":[{"href":"https:\/\/www.art-natur.ch\/fr\/wp-json\/wp\/v2\/media?parent=2547"}],"wp:term":[{"taxonomy":"product_cat","embeddable":true,"href":"https:\/\/www.art-natur.ch\/fr\/wp-json\/wp\/v2\/product_cat?post=2547"},{"taxonomy":"product_tag","embeddable":true,"href":"https:\/\/www.art-natur.ch\/fr\/wp-json\/wp\/v2\/product_tag?post=2547"}],"curies":[{"name":"wp","href":"https:\/\/api.w.org\/{rel}","templated":true}]}}