{"id":2554,"date":"2024-09-26T22:35:07","date_gmt":"2024-09-26T20:35:07","guid":{"rendered":"https:\/\/www.art-natur.ch\/product\/pinceau-pour-lapplication-des-compositions-lb-etroit-lb-1\/"},"modified":"2024-10-13T19:33:41","modified_gmt":"2024-10-13T17:33:41","slug":"pinceau-pour-lapplication-des-compositions-lb-etroit-lb-1","status":"publish","type":"product","link":"https:\/\/www.art-natur.ch\/fr\/produit\/pinceau-pour-lapplication-des-compositions-lb-etroit-lb-1\/","title":{"rendered":"Pinceau pour l&rsquo;application des compositions LB ( \u00e9troit LB-1)"},"content":{"rendered":"<p>La brosse \u00e0 poils \u00e9troits est id\u00e9ale pour appliquer et distribuer avec pr\u00e9cision le colorant sur les cils pendant la phase de coloration (dans les proc\u00e9dures de laminage, botoxing des cils). Les avantages de la brosse \u00e9troite LB pour les colorants sont consid\u00e9rables : Le long manche en bois est beaucoup plus confortable que les brosses fournies avec d&rsquo;autres marques de colorants. Fabriqu\u00e9es en plastique, les autres brosses glissent dans la main. Le manche en bois de la brosse LASH BOTOX ne glisse pas, m\u00eame en travaillant avec des gants. Tenir la brosse par le long manche est confortable. La main est \u00e0 la distance optimale du visage de la cliente. Vous ne lui causez pas de g\u00eane. La longueur de la brosse lui permet n\u00e9anmoins de se glisser dans n&rsquo;importe quel sac \u00e0 cosm\u00e9tiques standard. Aucun probl\u00e8me pour ranger et transporter la brosse lorsque cela est n\u00e9cessaire. Les poils synth\u00e9tiques sont hypoallerg\u00e9niques et r\u00e9sistants. Pratique pour appliquer et retirer le colorant des cils pendant une proc\u00e9dure. Essayez \u00e9galement la brosse large LB (LB-2). Con\u00e7ue pour appliquer les formulations pour la lamination et le botoxing des cils (dans l&rsquo;assortiment chez lash.ru).<\/p>\n","protected":false},"excerpt":{"rendered":"<p>La brosse \u00e0 poils \u00e9troits est id\u00e9ale pour appliquer et distribuer avec pr\u00e9cision le colorant sur les cils pendant la phase de coloration (dans les proc\u00e9dures de laminage, botoxing des cils). Les avantages de la brosse \u00e9troite LB pour les colorants sont consid\u00e9rables : Le long manche en bois est beaucoup plus confortable que les [&hellip;]<\/p>\n","protected":false},"featured_media":7245,"template":"","meta":{"_acf_changed":false,"inline_featured_image":false},"product_cat":[119,125,129,141,143,146,150,160,193,207],"product_tag":[],"class_list":{"0":"post-2554","1":"product","2":"type-product","3":"status-publish","4":"has-post-thumbnail","6":"product_brand-lash-botox","7":"product_cat-coloration-et-correction-des-sourcils","8":"product_cat-outil-extension-de-cils","9":"product_cat-stylisation-a-long-terme-des-sourcils","10":"product_cat-outils","11":"product_cat-equipements-et-accessoires","12":"product_cat-autre","13":"product_cat-rehaussement-des-cils","14":"product_cat-outil","15":"product_cat-produits-connexes","16":"product_cat-consommables-fr","18":"first","19":"instock","20":"shipping-taxable","21":"purchasable","22":"product-type-simple"},"acf":[],"yoast_head":"<!-- This site is optimized with the Yoast SEO plugin v26.6 - https:\/\/yoast.com\/wordpress\/plugins\/seo\/ -->\n<title>Pinceau pour l&#039;application des compositions LB ( \u00e9troit LB-1) - LASHES&amp;BROWS by Nataliya Reinhard<\/title>\n<meta name=\"description\" content=\"La brosse \u00e0 poils \u00e9troits est parfaite pour appliquer le colorant sur les cils lors de la coloration. Son long manche en bois offre confort et pr\u00e9cision.\" \/>\n<meta name=\"robots\" content=\"index, follow, max-snippet:-1, max-image-preview:large, max-video-preview:-1\" \/>\n<link rel=\"canonical\" href=\"https:\/\/www.art-natur.ch\/fr\/produit\/pinceau-pour-lapplication-des-compositions-lb-etroit-lb-1\/\" \/>\n<meta property=\"og:locale\" content=\"fr_FR\" \/>\n<meta property=\"og:type\" content=\"article\" \/>\n<meta property=\"og:title\" content=\"Pinceau pour l&#039;application des compositions LB ( \u00e9troit LB-1) - LASHES&amp;BROWS by Nataliya Reinhard\" \/>\n<meta property=\"og:description\" content=\"La brosse \u00e0 poils \u00e9troits est parfaite pour appliquer le colorant sur les cils lors de la coloration. Son long manche en bois offre confort et pr\u00e9cision.\" \/>\n<meta property=\"og:url\" content=\"https:\/\/www.art-natur.ch\/fr\/produit\/pinceau-pour-lapplication-des-compositions-lb-etroit-lb-1\/\" \/>\n<meta property=\"og:site_name\" content=\"LASHES&amp;BROWS by Nataliya Reinhard\" \/>\n<meta property=\"article:modified_time\" content=\"2024-10-13T17:33:41+00:00\" \/>\n<meta property=\"og:image\" content=\"https:\/\/www.art-natur.ch\/wp-content\/uploads\/2024\/09\/2407900629-Photoroom.png\" \/>\n\t<meta property=\"og:image:width\" content=\"800\" \/>\n\t<meta property=\"og:image:height\" content=\"800\" \/>\n\t<meta property=\"og:image:type\" content=\"image\/png\" \/>\n<meta name=\"twitter:card\" content=\"summary_large_image\" \/>\n<meta name=\"twitter:label1\" content=\"Dur\u00e9e de lecture estim\u00e9e\" \/>\n\t<meta name=\"twitter:data1\" content=\"1 minute\" \/>\n<script type=\"application\/ld+json\" class=\"yoast-schema-graph\">{\"@context\":\"https:\/\/schema.org\",\"@graph\":[{\"@type\":\"WebPage\",\"@id\":\"https:\/\/www.art-natur.ch\/fr\/produit\/pinceau-pour-lapplication-des-compositions-lb-etroit-lb-1\/\",\"url\":\"https:\/\/www.art-natur.ch\/fr\/produit\/pinceau-pour-lapplication-des-compositions-lb-etroit-lb-1\/\",\"name\":\"Pinceau pour l'application des compositions LB ( \u00e9troit LB-1) - LASHES&amp;BROWS by Nataliya Reinhard\",\"isPartOf\":{\"@id\":\"https:\/\/www.art-natur.ch\/fr\/#website\"},\"primaryImageOfPage\":{\"@id\":\"https:\/\/www.art-natur.ch\/fr\/produit\/pinceau-pour-lapplication-des-compositions-lb-etroit-lb-1\/#primaryimage\"},\"image\":{\"@id\":\"https:\/\/www.art-natur.ch\/fr\/produit\/pinceau-pour-lapplication-des-compositions-lb-etroit-lb-1\/#primaryimage\"},\"thumbnailUrl\":\"https:\/\/www.art-natur.ch\/wp-content\/uploads\/2024\/09\/2407900629-Photoroom.png\",\"datePublished\":\"2024-09-26T20:35:07+00:00\",\"dateModified\":\"2024-10-13T17:33:41+00:00\",\"description\":\"La brosse \u00e0 poils \u00e9troits est parfaite pour appliquer le colorant sur les cils lors de la coloration. Son long manche en bois offre confort et pr\u00e9cision.\",\"breadcrumb\":{\"@id\":\"https:\/\/www.art-natur.ch\/fr\/produit\/pinceau-pour-lapplication-des-compositions-lb-etroit-lb-1\/#breadcrumb\"},\"inLanguage\":\"fr-FR\",\"potentialAction\":[{\"@type\":\"ReadAction\",\"target\":[\"https:\/\/www.art-natur.ch\/fr\/produit\/pinceau-pour-lapplication-des-compositions-lb-etroit-lb-1\/\"]}]},{\"@type\":\"ImageObject\",\"inLanguage\":\"fr-FR\",\"@id\":\"https:\/\/www.art-natur.ch\/fr\/produit\/pinceau-pour-lapplication-des-compositions-lb-etroit-lb-1\/#primaryimage\",\"url\":\"https:\/\/www.art-natur.ch\/wp-content\/uploads\/2024\/09\/2407900629-Photoroom.png\",\"contentUrl\":\"https:\/\/www.art-natur.ch\/wp-content\/uploads\/2024\/09\/2407900629-Photoroom.png\",\"width\":800,\"height\":800},{\"@type\":\"BreadcrumbList\",\"@id\":\"https:\/\/www.art-natur.ch\/fr\/produit\/pinceau-pour-lapplication-des-compositions-lb-etroit-lb-1\/#breadcrumb\",\"itemListElement\":[{\"@type\":\"ListItem\",\"position\":1,\"name\":\"Home\",\"item\":\"https:\/\/www.art-natur.ch\/fr\/\"},{\"@type\":\"ListItem\",\"position\":2,\"name\":\"Boutique\",\"item\":\"https:\/\/www.art-natur.ch\/shop\/\"},{\"@type\":\"ListItem\",\"position\":3,\"name\":\"Pinceau pour l&#8217;application des compositions LB ( \u00e9troit LB-1)\"}]},{\"@type\":\"WebSite\",\"@id\":\"https:\/\/www.art-natur.ch\/fr\/#website\",\"url\":\"https:\/\/www.art-natur.ch\/fr\/\",\"name\":\"LASHES&amp;BROWS by Nataliya Reinhard\",\"description\":\"High-quality lash and brow services with attention to every detail\",\"potentialAction\":[{\"@type\":\"SearchAction\",\"target\":{\"@type\":\"EntryPoint\",\"urlTemplate\":\"https:\/\/www.art-natur.ch\/fr\/?s={search_term_string}\"},\"query-input\":{\"@type\":\"PropertyValueSpecification\",\"valueRequired\":true,\"valueName\":\"search_term_string\"}}],\"inLanguage\":\"fr-FR\"}]}<\/script>\n<!-- \/ Yoast SEO plugin. -->","yoast_head_json":{"title":"Pinceau pour l'application des compositions LB ( \u00e9troit LB-1) - LASHES&amp;BROWS by Nataliya Reinhard","description":"La brosse \u00e0 poils \u00e9troits est parfaite pour appliquer le colorant sur les cils lors de la coloration. Son long manche en bois offre confort et pr\u00e9cision.","robots":{"index":"index","follow":"follow","max-snippet":"max-snippet:-1","max-image-preview":"max-image-preview:large","max-video-preview":"max-video-preview:-1"},"canonical":"https:\/\/www.art-natur.ch\/fr\/produit\/pinceau-pour-lapplication-des-compositions-lb-etroit-lb-1\/","og_locale":"fr_FR","og_type":"article","og_title":"Pinceau pour l'application des compositions LB ( \u00e9troit LB-1) - LASHES&amp;BROWS by Nataliya Reinhard","og_description":"La brosse \u00e0 poils \u00e9troits est parfaite pour appliquer le colorant sur les cils lors de la coloration. Son long manche en bois offre confort et pr\u00e9cision.","og_url":"https:\/\/www.art-natur.ch\/fr\/produit\/pinceau-pour-lapplication-des-compositions-lb-etroit-lb-1\/","og_site_name":"LASHES&amp;BROWS by Nataliya Reinhard","article_modified_time":"2024-10-13T17:33:41+00:00","og_image":[{"width":800,"height":800,"url":"https:\/\/www.art-natur.ch\/wp-content\/uploads\/2024\/09\/2407900629-Photoroom.png","type":"image\/png"}],"twitter_card":"summary_large_image","twitter_misc":{"Dur\u00e9e de lecture estim\u00e9e":"1 minute"},"schema":{"@context":"https:\/\/schema.org","@graph":[{"@type":"WebPage","@id":"https:\/\/www.art-natur.ch\/fr\/produit\/pinceau-pour-lapplication-des-compositions-lb-etroit-lb-1\/","url":"https:\/\/www.art-natur.ch\/fr\/produit\/pinceau-pour-lapplication-des-compositions-lb-etroit-lb-1\/","name":"Pinceau pour l'application des compositions LB ( \u00e9troit LB-1) - LASHES&amp;BROWS by Nataliya Reinhard","isPartOf":{"@id":"https:\/\/www.art-natur.ch\/fr\/#website"},"primaryImageOfPage":{"@id":"https:\/\/www.art-natur.ch\/fr\/produit\/pinceau-pour-lapplication-des-compositions-lb-etroit-lb-1\/#primaryimage"},"image":{"@id":"https:\/\/www.art-natur.ch\/fr\/produit\/pinceau-pour-lapplication-des-compositions-lb-etroit-lb-1\/#primaryimage"},"thumbnailUrl":"https:\/\/www.art-natur.ch\/wp-content\/uploads\/2024\/09\/2407900629-Photoroom.png","datePublished":"2024-09-26T20:35:07+00:00","dateModified":"2024-10-13T17:33:41+00:00","description":"La brosse \u00e0 poils \u00e9troits est parfaite pour appliquer le colorant sur les cils lors de la coloration. Son long manche en bois offre confort et pr\u00e9cision.","breadcrumb":{"@id":"https:\/\/www.art-natur.ch\/fr\/produit\/pinceau-pour-lapplication-des-compositions-lb-etroit-lb-1\/#breadcrumb"},"inLanguage":"fr-FR","potentialAction":[{"@type":"ReadAction","target":["https:\/\/www.art-natur.ch\/fr\/produit\/pinceau-pour-lapplication-des-compositions-lb-etroit-lb-1\/"]}]},{"@type":"ImageObject","inLanguage":"fr-FR","@id":"https:\/\/www.art-natur.ch\/fr\/produit\/pinceau-pour-lapplication-des-compositions-lb-etroit-lb-1\/#primaryimage","url":"https:\/\/www.art-natur.ch\/wp-content\/uploads\/2024\/09\/2407900629-Photoroom.png","contentUrl":"https:\/\/www.art-natur.ch\/wp-content\/uploads\/2024\/09\/2407900629-Photoroom.png","width":800,"height":800},{"@type":"BreadcrumbList","@id":"https:\/\/www.art-natur.ch\/fr\/produit\/pinceau-pour-lapplication-des-compositions-lb-etroit-lb-1\/#breadcrumb","itemListElement":[{"@type":"ListItem","position":1,"name":"Home","item":"https:\/\/www.art-natur.ch\/fr\/"},{"@type":"ListItem","position":2,"name":"Boutique","item":"https:\/\/www.art-natur.ch\/shop\/"},{"@type":"ListItem","position":3,"name":"Pinceau pour l&#8217;application des compositions LB ( \u00e9troit LB-1)"}]},{"@type":"WebSite","@id":"https:\/\/www.art-natur.ch\/fr\/#website","url":"https:\/\/www.art-natur.ch\/fr\/","name":"LASHES&amp;BROWS by Nataliya Reinhard","description":"High-quality lash and brow services with attention to every detail","potentialAction":[{"@type":"SearchAction","target":{"@type":"EntryPoint","urlTemplate":"https:\/\/www.art-natur.ch\/fr\/?s={search_term_string}"},"query-input":{"@type":"PropertyValueSpecification","valueRequired":true,"valueName":"search_term_string"}}],"inLanguage":"fr-FR"}]}},"_links":{"self":[{"href":"https:\/\/www.art-natur.ch\/fr\/wp-json\/wp\/v2\/product\/2554","targetHints":{"allow":["GET"]}}],"collection":[{"href":"https:\/\/www.art-natur.ch\/fr\/wp-json\/wp\/v2\/product"}],"about":[{"href":"https:\/\/www.art-natur.ch\/fr\/wp-json\/wp\/v2\/types\/product"}],"wp:featuredmedia":[{"embeddable":true,"href":"https:\/\/www.art-natur.ch\/fr\/wp-json\/wp\/v2\/media\/7245"}],"wp:attachment":[{"href":"https:\/\/www.art-natur.ch\/fr\/wp-json\/wp\/v2\/media?parent=2554"}],"wp:term":[{"taxonomy":"product_cat","embeddable":true,"href":"https:\/\/www.art-natur.ch\/fr\/wp-json\/wp\/v2\/product_cat?post=2554"},{"taxonomy":"product_tag","embeddable":true,"href":"https:\/\/www.art-natur.ch\/fr\/wp-json\/wp\/v2\/product_tag?post=2554"}],"curies":[{"name":"wp","href":"https:\/\/api.w.org\/{rel}","templated":true}]}}