{"id":2576,"date":"2024-09-26T22:44:10","date_gmt":"2024-09-26T20:44:10","guid":{"rendered":"https:\/\/www.art-natur.ch\/product\/pince-droite-enigma-noire-affutage-a-main-levee-extra-tranchante\/"},"modified":"2024-10-13T19:28:28","modified_gmt":"2024-10-13T17:28:28","slug":"pince-droite-enigma-noire-affutage-a-main-levee-extra-tranchante","status":"publish","type":"product","link":"https:\/\/www.art-natur.ch\/fr\/produit\/pince-droite-enigma-noire-affutage-a-main-levee-extra-tranchante\/","title":{"rendered":"Pince droite Enigma (noire) aff\u00fbtage \u00e0 main lev\u00e9e extra-tranchante"},"content":{"rendered":"<p>Pince droite classique avec aff\u00fbtage manuel d&rsquo;Enigma pour mettre en valeur le cil naturel.<\/p>\n<p>Les pinces droites sans rayons sont polyvalentes et faciles \u00e0 utiliser pour la plupart des artisans,<br \/>\nGr\u00e2ce \u00e0 ses pointes aff\u00fbt\u00e9es \u00e0 la main, l&rsquo;outil dispose de pointes ac\u00e9r\u00e9es, vous permettant de mettre rapidement en valeur le cil souhait\u00e9. Le mouvement souple des rabats rend le travail confortable et \u00e9vite la fatigue des mains.<\/p>\n<p>Les pinces extra-tranchantes ENIGMA sont fabriqu\u00e9es en acier allemand de haute qualit\u00e9 et sont aiguis\u00e9es manuellement. Une caract\u00e9ristique unique de la commande de pinces \u00e0 \u00e9piler aff\u00fbt\u00e9es \u00e0 la main sur lash.ru : des artisans exp\u00e9riment\u00e9s v\u00e9rifient la nettet\u00e9 et le serrage de chaque pince \u00e0 \u00e9piler apr\u00e8s l&rsquo;aff\u00fbtage, de sorte que vous obtenez des pinces d&rsquo;excellente qualit\u00e9 sans avoir \u00e0 les tester personnellement &#8211; les experts d&rsquo;ENIGMA s&rsquo;en chargent pour vous.<\/p>\n","protected":false},"excerpt":{"rendered":"<p>Pince droite classique avec aff\u00fbtage manuel d&rsquo;Enigma pour mettre en valeur le cil naturel. Les pinces droites sans rayons sont polyvalentes et faciles \u00e0 utiliser pour la plupart des artisans, Gr\u00e2ce \u00e0 ses pointes aff\u00fbt\u00e9es \u00e0 la main, l&rsquo;outil dispose de pointes ac\u00e9r\u00e9es, vous permettant de mettre rapidement en valeur le cil souhait\u00e9. Le mouvement [&hellip;]<\/p>\n","protected":false},"featured_media":7233,"template":"","meta":{"_acf_changed":false,"inline_featured_image":false},"product_cat":[116,191],"product_tag":[],"class_list":{"0":"post-2576","1":"product","2":"type-product","3":"status-publish","4":"has-post-thumbnail","6":"product_brand-enigma","7":"product_cat-extension-de-cils","8":"product_cat-pinces","10":"first","11":"instock","12":"shipping-taxable","13":"purchasable","14":"product-type-simple"},"acf":[],"yoast_head":"<!-- This site is optimized with the Yoast SEO plugin v26.6 - https:\/\/yoast.com\/wordpress\/plugins\/seo\/ -->\n<title>Pince droite Enigma (noire) aff\u00fbtage \u00e0 main lev\u00e9e extra-tranchante - LASHES&amp;BROWS by Nataliya Reinhard<\/title>\n<meta name=\"description\" content=\"Pince \u00e0 \u00e9piler droite classique d&#039;Enigma pour rehausser les cils naturels. Les pointes coup\u00e9es \u00e0 la main permettent une mise en valeur rapide des cils.\" \/>\n<meta name=\"robots\" content=\"index, follow, max-snippet:-1, max-image-preview:large, max-video-preview:-1\" \/>\n<link rel=\"canonical\" href=\"https:\/\/www.art-natur.ch\/fr\/produit\/pince-droite-enigma-noire-affutage-a-main-levee-extra-tranchante\/\" \/>\n<meta property=\"og:locale\" content=\"fr_FR\" \/>\n<meta property=\"og:type\" content=\"article\" \/>\n<meta property=\"og:title\" content=\"Pince droite Enigma (noire) aff\u00fbtage \u00e0 main lev\u00e9e extra-tranchante - LASHES&amp;BROWS by Nataliya Reinhard\" \/>\n<meta property=\"og:description\" content=\"Pince \u00e0 \u00e9piler droite classique d&#039;Enigma pour rehausser les cils naturels. Les pointes coup\u00e9es \u00e0 la main permettent une mise en valeur rapide des cils.\" \/>\n<meta property=\"og:url\" content=\"https:\/\/www.art-natur.ch\/fr\/produit\/pince-droite-enigma-noire-affutage-a-main-levee-extra-tranchante\/\" \/>\n<meta property=\"og:site_name\" content=\"LASHES&amp;BROWS by Nataliya Reinhard\" \/>\n<meta property=\"article:modified_time\" content=\"2024-10-13T17:28:28+00:00\" \/>\n<meta property=\"og:image\" content=\"https:\/\/www.art-natur.ch\/wp-content\/uploads\/2024\/09\/2553875415-Photoroom.png\" \/>\n\t<meta property=\"og:image:width\" content=\"1280\" \/>\n\t<meta property=\"og:image:height\" content=\"1280\" \/>\n\t<meta property=\"og:image:type\" content=\"image\/png\" \/>\n<meta name=\"twitter:card\" content=\"summary_large_image\" \/>\n<meta name=\"twitter:label1\" content=\"Dur\u00e9e de lecture estim\u00e9e\" \/>\n\t<meta name=\"twitter:data1\" content=\"1 minute\" \/>\n<script type=\"application\/ld+json\" class=\"yoast-schema-graph\">{\"@context\":\"https:\/\/schema.org\",\"@graph\":[{\"@type\":\"WebPage\",\"@id\":\"https:\/\/www.art-natur.ch\/fr\/produit\/pince-droite-enigma-noire-affutage-a-main-levee-extra-tranchante\/\",\"url\":\"https:\/\/www.art-natur.ch\/fr\/produit\/pince-droite-enigma-noire-affutage-a-main-levee-extra-tranchante\/\",\"name\":\"Pince droite Enigma (noire) aff\u00fbtage \u00e0 main lev\u00e9e extra-tranchante - LASHES&amp;BROWS by Nataliya Reinhard\",\"isPartOf\":{\"@id\":\"https:\/\/www.art-natur.ch\/fr\/#website\"},\"primaryImageOfPage\":{\"@id\":\"https:\/\/www.art-natur.ch\/fr\/produit\/pince-droite-enigma-noire-affutage-a-main-levee-extra-tranchante\/#primaryimage\"},\"image\":{\"@id\":\"https:\/\/www.art-natur.ch\/fr\/produit\/pince-droite-enigma-noire-affutage-a-main-levee-extra-tranchante\/#primaryimage\"},\"thumbnailUrl\":\"https:\/\/www.art-natur.ch\/wp-content\/uploads\/2024\/09\/2553875415-Photoroom.png\",\"datePublished\":\"2024-09-26T20:44:10+00:00\",\"dateModified\":\"2024-10-13T17:28:28+00:00\",\"description\":\"Pince \u00e0 \u00e9piler droite classique d'Enigma pour rehausser les cils naturels. Les pointes coup\u00e9es \u00e0 la main permettent une mise en valeur rapide des cils.\",\"breadcrumb\":{\"@id\":\"https:\/\/www.art-natur.ch\/fr\/produit\/pince-droite-enigma-noire-affutage-a-main-levee-extra-tranchante\/#breadcrumb\"},\"inLanguage\":\"fr-FR\",\"potentialAction\":[{\"@type\":\"ReadAction\",\"target\":[\"https:\/\/www.art-natur.ch\/fr\/produit\/pince-droite-enigma-noire-affutage-a-main-levee-extra-tranchante\/\"]}]},{\"@type\":\"ImageObject\",\"inLanguage\":\"fr-FR\",\"@id\":\"https:\/\/www.art-natur.ch\/fr\/produit\/pince-droite-enigma-noire-affutage-a-main-levee-extra-tranchante\/#primaryimage\",\"url\":\"https:\/\/www.art-natur.ch\/wp-content\/uploads\/2024\/09\/2553875415-Photoroom.png\",\"contentUrl\":\"https:\/\/www.art-natur.ch\/wp-content\/uploads\/2024\/09\/2553875415-Photoroom.png\",\"width\":1280,\"height\":1280},{\"@type\":\"BreadcrumbList\",\"@id\":\"https:\/\/www.art-natur.ch\/fr\/produit\/pince-droite-enigma-noire-affutage-a-main-levee-extra-tranchante\/#breadcrumb\",\"itemListElement\":[{\"@type\":\"ListItem\",\"position\":1,\"name\":\"Home\",\"item\":\"https:\/\/www.art-natur.ch\/fr\/\"},{\"@type\":\"ListItem\",\"position\":2,\"name\":\"Boutique\",\"item\":\"https:\/\/www.art-natur.ch\/shop\/\"},{\"@type\":\"ListItem\",\"position\":3,\"name\":\"Pince droite Enigma (noire) aff\u00fbtage \u00e0 main lev\u00e9e extra-tranchante\"}]},{\"@type\":\"WebSite\",\"@id\":\"https:\/\/www.art-natur.ch\/fr\/#website\",\"url\":\"https:\/\/www.art-natur.ch\/fr\/\",\"name\":\"LASHES&amp;BROWS by Nataliya Reinhard\",\"description\":\"High-quality lash and brow services with attention to every detail\",\"potentialAction\":[{\"@type\":\"SearchAction\",\"target\":{\"@type\":\"EntryPoint\",\"urlTemplate\":\"https:\/\/www.art-natur.ch\/fr\/?s={search_term_string}\"},\"query-input\":{\"@type\":\"PropertyValueSpecification\",\"valueRequired\":true,\"valueName\":\"search_term_string\"}}],\"inLanguage\":\"fr-FR\"}]}<\/script>\n<!-- \/ Yoast SEO plugin. -->","yoast_head_json":{"title":"Pince droite Enigma (noire) aff\u00fbtage \u00e0 main lev\u00e9e extra-tranchante - LASHES&amp;BROWS by Nataliya Reinhard","description":"Pince \u00e0 \u00e9piler droite classique d'Enigma pour rehausser les cils naturels. Les pointes coup\u00e9es \u00e0 la main permettent une mise en valeur rapide des cils.","robots":{"index":"index","follow":"follow","max-snippet":"max-snippet:-1","max-image-preview":"max-image-preview:large","max-video-preview":"max-video-preview:-1"},"canonical":"https:\/\/www.art-natur.ch\/fr\/produit\/pince-droite-enigma-noire-affutage-a-main-levee-extra-tranchante\/","og_locale":"fr_FR","og_type":"article","og_title":"Pince droite Enigma (noire) aff\u00fbtage \u00e0 main lev\u00e9e extra-tranchante - LASHES&amp;BROWS by Nataliya Reinhard","og_description":"Pince \u00e0 \u00e9piler droite classique d'Enigma pour rehausser les cils naturels. Les pointes coup\u00e9es \u00e0 la main permettent une mise en valeur rapide des cils.","og_url":"https:\/\/www.art-natur.ch\/fr\/produit\/pince-droite-enigma-noire-affutage-a-main-levee-extra-tranchante\/","og_site_name":"LASHES&amp;BROWS by Nataliya Reinhard","article_modified_time":"2024-10-13T17:28:28+00:00","og_image":[{"width":1280,"height":1280,"url":"https:\/\/www.art-natur.ch\/wp-content\/uploads\/2024\/09\/2553875415-Photoroom.png","type":"image\/png"}],"twitter_card":"summary_large_image","twitter_misc":{"Dur\u00e9e de lecture estim\u00e9e":"1 minute"},"schema":{"@context":"https:\/\/schema.org","@graph":[{"@type":"WebPage","@id":"https:\/\/www.art-natur.ch\/fr\/produit\/pince-droite-enigma-noire-affutage-a-main-levee-extra-tranchante\/","url":"https:\/\/www.art-natur.ch\/fr\/produit\/pince-droite-enigma-noire-affutage-a-main-levee-extra-tranchante\/","name":"Pince droite Enigma (noire) aff\u00fbtage \u00e0 main lev\u00e9e extra-tranchante - LASHES&amp;BROWS by Nataliya Reinhard","isPartOf":{"@id":"https:\/\/www.art-natur.ch\/fr\/#website"},"primaryImageOfPage":{"@id":"https:\/\/www.art-natur.ch\/fr\/produit\/pince-droite-enigma-noire-affutage-a-main-levee-extra-tranchante\/#primaryimage"},"image":{"@id":"https:\/\/www.art-natur.ch\/fr\/produit\/pince-droite-enigma-noire-affutage-a-main-levee-extra-tranchante\/#primaryimage"},"thumbnailUrl":"https:\/\/www.art-natur.ch\/wp-content\/uploads\/2024\/09\/2553875415-Photoroom.png","datePublished":"2024-09-26T20:44:10+00:00","dateModified":"2024-10-13T17:28:28+00:00","description":"Pince \u00e0 \u00e9piler droite classique d'Enigma pour rehausser les cils naturels. Les pointes coup\u00e9es \u00e0 la main permettent une mise en valeur rapide des cils.","breadcrumb":{"@id":"https:\/\/www.art-natur.ch\/fr\/produit\/pince-droite-enigma-noire-affutage-a-main-levee-extra-tranchante\/#breadcrumb"},"inLanguage":"fr-FR","potentialAction":[{"@type":"ReadAction","target":["https:\/\/www.art-natur.ch\/fr\/produit\/pince-droite-enigma-noire-affutage-a-main-levee-extra-tranchante\/"]}]},{"@type":"ImageObject","inLanguage":"fr-FR","@id":"https:\/\/www.art-natur.ch\/fr\/produit\/pince-droite-enigma-noire-affutage-a-main-levee-extra-tranchante\/#primaryimage","url":"https:\/\/www.art-natur.ch\/wp-content\/uploads\/2024\/09\/2553875415-Photoroom.png","contentUrl":"https:\/\/www.art-natur.ch\/wp-content\/uploads\/2024\/09\/2553875415-Photoroom.png","width":1280,"height":1280},{"@type":"BreadcrumbList","@id":"https:\/\/www.art-natur.ch\/fr\/produit\/pince-droite-enigma-noire-affutage-a-main-levee-extra-tranchante\/#breadcrumb","itemListElement":[{"@type":"ListItem","position":1,"name":"Home","item":"https:\/\/www.art-natur.ch\/fr\/"},{"@type":"ListItem","position":2,"name":"Boutique","item":"https:\/\/www.art-natur.ch\/shop\/"},{"@type":"ListItem","position":3,"name":"Pince droite Enigma (noire) aff\u00fbtage \u00e0 main lev\u00e9e extra-tranchante"}]},{"@type":"WebSite","@id":"https:\/\/www.art-natur.ch\/fr\/#website","url":"https:\/\/www.art-natur.ch\/fr\/","name":"LASHES&amp;BROWS by Nataliya Reinhard","description":"High-quality lash and brow services with attention to every detail","potentialAction":[{"@type":"SearchAction","target":{"@type":"EntryPoint","urlTemplate":"https:\/\/www.art-natur.ch\/fr\/?s={search_term_string}"},"query-input":{"@type":"PropertyValueSpecification","valueRequired":true,"valueName":"search_term_string"}}],"inLanguage":"fr-FR"}]}},"_links":{"self":[{"href":"https:\/\/www.art-natur.ch\/fr\/wp-json\/wp\/v2\/product\/2576","targetHints":{"allow":["GET"]}}],"collection":[{"href":"https:\/\/www.art-natur.ch\/fr\/wp-json\/wp\/v2\/product"}],"about":[{"href":"https:\/\/www.art-natur.ch\/fr\/wp-json\/wp\/v2\/types\/product"}],"wp:featuredmedia":[{"embeddable":true,"href":"https:\/\/www.art-natur.ch\/fr\/wp-json\/wp\/v2\/media\/7233"}],"wp:attachment":[{"href":"https:\/\/www.art-natur.ch\/fr\/wp-json\/wp\/v2\/media?parent=2576"}],"wp:term":[{"taxonomy":"product_cat","embeddable":true,"href":"https:\/\/www.art-natur.ch\/fr\/wp-json\/wp\/v2\/product_cat?post=2576"},{"taxonomy":"product_tag","embeddable":true,"href":"https:\/\/www.art-natur.ch\/fr\/wp-json\/wp\/v2\/product_tag?post=2576"}],"curies":[{"name":"wp","href":"https:\/\/api.w.org\/{rel}","templated":true}]}}